{"id":120,"date":"2021-01-20T21:31:32","date_gmt":"2021-01-20T21:31:32","guid":{"rendered":"https:\/\/www.purhotmelt.com\/?page_id=120"},"modified":"2021-01-20T21:31:34","modified_gmt":"2021-01-20T21:31:34","slug":"antislip-and-adhesive-coating-2","status":"publish","type":"page","link":"https:\/\/www.purhotmelt.com\/de\/antislip-and-adhesive-coating-2\/","title":{"rendered":"ANTISLIP UND KLEBBESCHICHTUNG"},"content":{"rendered":"<h1 class=\"wp-block-heading\"><\/h1>\n\n\n\n<p>Textilbeschichtungsklebstoffe wie Dispersionen auf Wasserbasis und Schmelzklebstoffe k\u00f6nnen viele Herausforderungen l\u00f6sen, bei denen Materialien flexibel, leicht und langlebig mit bestimmten Funktionen sein m\u00fcssen.<\/p>\n\n\n\n<p>Dispersions- und Schmelztextilbeschichtungsprodukte k\u00f6nnen so formuliert werden, dass sie UV-Strahlung, Hitze, Feuer, Alterung und mechanischer Beanspruchung standhalten. Klebstoffe k\u00f6nnen sowohl als Beschichtung als auch als Klebstoff f\u00fcr Schutz- und Isoliereigenschaften verwendet werden. Viele technische Textilien sind auf eine starke Bindung angewiesen, um Schutzausr\u00fcstung, Schwei\u00dfdecken und D\u00e4mmplatten herzustellen.<\/p>\n\n\n\n<h2 class=\"wp-block-heading\">TECHNISCHE TEXTILIEN<\/h2>\n\n\n\n<p>Aufgrund der steigenden Nachfrage nach technischen Fasern und Textilien werden mit der Verwendung von Spezialklebstoffen mehr L\u00f6sungen gefunden. Von Konsumg\u00fctern bis hin zu technischen und industriellen Anwendungen. F &amp; E-Entwickler, Produktdesigner und Hersteller sind st\u00e4ndig auf der Suche nach neuen und innovativen Hochleistungstextilien.<\/p>\n\n\n\n<p>PUR-Schmelzklebstoffe werden h\u00e4ufig speziell formuliert, um die erforderlichen Eigenschaften sowohl der Substrate als auch der Prozesse zu erf\u00fcllen und optimierte L\u00f6sungen f\u00fcr die Haftung von Textilien mit anderen Substraten zu erm\u00f6glichen. Wir helfen Ihnen dabei, die bestm\u00f6glichen Funktionen f\u00fcr jede spezifische Anwendung bereitzustellen, z.<\/p>\n\n\n\n<ul class=\"wp-block-list\"><li>Verbesserung der Zug- und Rei\u00dffestigkeit<\/li><li>Anforderungen an die W\u00e4rme-, Feuer- und UV-Best\u00e4ndigkeit<\/li><li>Verbessern Sie die Abriebfestigkeit<\/li><li>Hohe Alterungsleistung und Haltbarkeit<\/li><li>Wasserdichte Bindungen<\/li><li>Anti-Rutsch-Anwendungen<\/li><\/ul>","protected":false},"excerpt":{"rendered":"<p>Textile coating adhesives, such as waterbased dispersions and hot melt adhesives, can solve many challenges where [&hellip;]<\/p>","protected":false},"author":1,"featured_media":0,"parent":0,"menu_order":0,"comment_status":"closed","ping_status":"closed","template":"","meta":{"footnotes":""},"class_list":["post-120","page","type-page","status-publish","hentry"],"yoast_head":"<!-- This site is optimized with the Yoast SEO plugin v17.0 - https:\/\/yoast.com\/wordpress\/plugins\/seo\/ -->\n<title>ANTISLIP AND ADHESIVE COATING - PUR hot melt adhesives<\/title>\n<meta name=\"robots\" content=\"index, follow, max-snippet:-1, max-image-preview:large, max-video-preview:-1\" \/>\n<link rel=\"canonical\" href=\"https:\/\/www.purhotmelt.com\/de\/antislip-and-adhesive-coating-2\/\" \/>\n<meta property=\"og:locale\" content=\"de_DE\" \/>\n<meta property=\"og:type\" content=\"article\" \/>\n<meta property=\"og:title\" content=\"ANTISLIP AND ADHESIVE COATING - PUR hot melt adhesives\" \/>\n<meta property=\"og:description\" content=\"Textile coating adhesives, such as waterbased dispersions and hot melt adhesives, can solve many challenges where [&hellip;]\" \/>\n<meta property=\"og:url\" content=\"https:\/\/www.purhotmelt.com\/de\/antislip-and-adhesive-coating-2\/\" \/>\n<meta property=\"og:site_name\" content=\"PUR hot melt adhesives\" \/>\n<meta property=\"article:modified_time\" content=\"2021-01-20T21:31:34+00:00\" \/>\n<meta name=\"twitter:card\" content=\"summary_large_image\" \/>\n<meta name=\"twitter:label1\" content=\"Gesch\u00e4tzte Lesezeit\" \/>\n\t<meta name=\"twitter:data1\" content=\"1\u00a0Minute\" \/>\n<script type=\"application\/ld+json\" class=\"yoast-schema-graph\">{\"@context\":\"https:\/\/schema.org\",\"@graph\":[{\"@type\":\"WebSite\",\"@id\":\"https:\/\/www.purhotmelt.com\/#website\",\"url\":\"https:\/\/www.purhotmelt.com\/\",\"name\":\"PUR hot melt adhesives\",\"description\":\"Intercol: Specialist manufacturer\",\"potentialAction\":[{\"@type\":\"SearchAction\",\"target\":{\"@type\":\"EntryPoint\",\"urlTemplate\":\"https:\/\/www.purhotmelt.com\/?s={search_term_string}\"},\"query-input\":\"required name=search_term_string\"}],\"inLanguage\":\"de\"},{\"@type\":\"WebPage\",\"@id\":\"https:\/\/www.purhotmelt.com\/nb\/antislip-and-adhesive-coating-2\/#webpage\",\"url\":\"https:\/\/www.purhotmelt.com\/nb\/antislip-and-adhesive-coating-2\/\",\"name\":\"ANTISLIP AND ADHESIVE COATING - PUR hot melt adhesives\",\"isPartOf\":{\"@id\":\"https:\/\/www.purhotmelt.com\/#website\"},\"datePublished\":\"2021-01-20T21:31:32+00:00\",\"dateModified\":\"2021-01-20T21:31:34+00:00\",\"breadcrumb\":{\"@id\":\"https:\/\/www.purhotmelt.com\/nb\/antislip-and-adhesive-coating-2\/#breadcrumb\"},\"inLanguage\":\"de\",\"potentialAction\":[{\"@type\":\"ReadAction\",\"target\":[\"https:\/\/www.purhotmelt.com\/nb\/antislip-and-adhesive-coating-2\/\"]}]},{\"@type\":\"BreadcrumbList\",\"@id\":\"https:\/\/www.purhotmelt.com\/nb\/antislip-and-adhesive-coating-2\/#breadcrumb\",\"itemListElement\":[{\"@type\":\"ListItem\",\"position\":1,\"name\":\"Home\",\"item\":\"https:\/\/www.purhotmelt.com\/\"},{\"@type\":\"ListItem\",\"position\":2,\"name\":\"ANTISLIP AND ADHESIVE COATING\"}]}]}<\/script>\n<!-- \/ Yoast SEO plugin. -->","yoast_head_json":{"title":"RUTSCH- UND KLEBEBESCHICHTUNG - PUR-Schmelzklebstoffe","robots":{"index":"index","follow":"follow","max-snippet":"max-snippet:-1","max-image-preview":"max-image-preview:large","max-video-preview":"max-video-preview:-1"},"canonical":"https:\/\/www.purhotmelt.com\/de\/antislip-and-adhesive-coating-2\/","og_locale":"de_DE","og_type":"article","og_title":"ANTISLIP AND ADHESIVE COATING - PUR hot melt adhesives","og_description":"Textile coating adhesives, such as waterbased dispersions and hot melt adhesives, can solve many challenges where [&hellip;]","og_url":"https:\/\/www.purhotmelt.com\/de\/antislip-and-adhesive-coating-2\/","og_site_name":"PUR hot melt adhesives","article_modified_time":"2021-01-20T21:31:34+00:00","twitter_card":"summary_large_image","twitter_misc":{"Gesch\u00e4tzte Lesezeit":"1\u00a0Minute"},"schema":{"@context":"https:\/\/schema.org","@graph":[{"@type":"WebSite","@id":"https:\/\/www.purhotmelt.com\/#website","url":"https:\/\/www.purhotmelt.com\/","name":"PUR-Schmelzklebstoffe","description":"Intercol: Fachhersteller","potentialAction":[{"@type":"SearchAction","target":{"@type":"EntryPoint","urlTemplate":"https:\/\/www.purhotmelt.com\/?s={search_term_string}"},"query-input":"required name=search_term_string"}],"inLanguage":"de"},{"@type":"WebPage","@id":"https:\/\/www.purhotmelt.com\/nb\/antislip-and-adhesive-coating-2\/#webpage","url":"https:\/\/www.purhotmelt.com\/nb\/antislip-and-adhesive-coating-2\/","name":"RUTSCH- UND KLEBEBESCHICHTUNG - PUR-Schmelzklebstoffe","isPartOf":{"@id":"https:\/\/www.purhotmelt.com\/#website"},"datePublished":"2021-01-20T21:31:32+00:00","dateModified":"2021-01-20T21:31:34+00:00","breadcrumb":{"@id":"https:\/\/www.purhotmelt.com\/nb\/antislip-and-adhesive-coating-2\/#breadcrumb"},"inLanguage":"de","potentialAction":[{"@type":"ReadAction","target":["https:\/\/www.purhotmelt.com\/nb\/antislip-and-adhesive-coating-2\/"]}]},{"@type":"BreadcrumbList","@id":"https:\/\/www.purhotmelt.com\/nb\/antislip-and-adhesive-coating-2\/#breadcrumb","itemListElement":[{"@type":"ListItem","position":1,"name":"Home","item":"https:\/\/www.purhotmelt.com\/"},{"@type":"ListItem","position":2,"name":"ANTISLIP AND ADHESIVE COATING"}]}]}},"_links":{"self":[{"href":"https:\/\/www.purhotmelt.com\/de\/wp-json\/wp\/v2\/pages\/120","targetHints":{"allow":["GET"]}}],"collection":[{"href":"https:\/\/www.purhotmelt.com\/de\/wp-json\/wp\/v2\/pages"}],"about":[{"href":"https:\/\/www.purhotmelt.com\/de\/wp-json\/wp\/v2\/types\/page"}],"author":[{"embeddable":true,"href":"https:\/\/www.purhotmelt.com\/de\/wp-json\/wp\/v2\/users\/1"}],"replies":[{"embeddable":true,"href":"https:\/\/www.purhotmelt.com\/de\/wp-json\/wp\/v2\/comments?post=120"}],"version-history":[{"count":1,"href":"https:\/\/www.purhotmelt.com\/de\/wp-json\/wp\/v2\/pages\/120\/revisions"}],"predecessor-version":[{"id":122,"href":"https:\/\/www.purhotmelt.com\/de\/wp-json\/wp\/v2\/pages\/120\/revisions\/122"}],"wp:attachment":[{"href":"https:\/\/www.purhotmelt.com\/de\/wp-json\/wp\/v2\/media?parent=120"}],"curies":[{"name":"wp","href":"https:\/\/api.w.org\/{rel}","templated":true}]}}