{"id":144,"date":"2021-01-20T21:39:25","date_gmt":"2021-01-20T21:39:25","guid":{"rendered":"https:\/\/www.purhotmelt.com\/?page_id=144"},"modified":"2021-01-20T21:39:26","modified_gmt":"2021-01-20T21:39:26","slug":"product-assembly-psa-hot-melts-pressure-sensitive-adhesives-2","status":"publish","type":"page","link":"https:\/\/www.purhotmelt.com\/de\/product-assembly-psa-hot-melts-pressure-sensitive-adhesives-2\/","title":{"rendered":"PRODUKT MONTAGE PSA HEISSE SCHMELZMITTEL (DRUCKSENSITIVE KLEBSTOFFE)"},"content":{"rendered":"<h1 class=\"wp-block-heading\"><\/h1>\n\n\n\n<figure class=\"wp-block-table\"><table><tbody><tr><td>Haftklebstoffe werden oft f\u00fcr Produktmontagezwecke verwendet, um Produkte zu montieren, die w\u00e4hrend der Produktion in ihrer Position bleiben m\u00fcssen, und um das Produktdesign und die Produktstruktur w\u00e4hrend ihrer Lebensdauer zu unterst\u00fctzen. Die Verwendung von Schmelzklebstoffen stellt im Vergleich zum Schwei\u00dfen, Schrauben oder Binden die effizienteste Produktionsmethode dar. Einige allgemeine Eigenschaften von Hotmelt:<br>AnwendungenEHM 9014 ist ein Hochleistungs-Schmelzhaftklebstoff, der f\u00fcr permanente selbstklebende, maschinell aufgebrachte Etiketten entwickelt wurdeBesondere EigenschaftenEHM 9014 PSA-Schmelzklebstoff haftet gut auf Papier- und Kunststoffetiketten und hinterl\u00e4sst keine R\u00fcckst\u00e4nde auf Papieretiketten. Es ist so formuliert, dass es sauberes Stanzen bei hohen Liniengeschwindigkeiten erm\u00f6glicht. EHM 9014 sorgt f\u00fcr dauerhafte Etikettenhaftung auf einer Vielzahl von Beh\u00e4ltermaterialien. Seine hohe Klebrigkeit erm\u00f6glicht eine gute Etikettenregistrierung auf dem Beh\u00e4lterViele Produkte sind bei Intercol ab Lager verf\u00fcgbar, und unsere Vorlaufzeit ist kurz. Aufgrund unserer effizienten Produktionsplanung und gro\u00dfen Produktionsanlagen. Aufgrund von Upskaling in gro\u00dfen Mischern, bis zu 20MT, wo wir bei 100Liter beginnen.<\/td><\/tr><\/tbody><\/table><\/figure>\n\n\n\n<p>TECHNISCHES DATENBLATT Schmelzklebstoff Pressen EHM 9014<strong>TDS\/ EHM 9014TestmethodenTypischer WertRolling Ball TackPSTC-64mmLoop TackFTM 918 N \u2013 18gsm180\u00b0 T-Peel.QA413P9 N\/25mm \u2013 18 gsmW\u00e4rmebest\u00e4ndigkeitSAFT75\u00b0C \u2013 18 gsmFarbeVisualPale AmberViscosityBAQA1018500 cP<\/strong><\/p>\n\n\n\n<h3 class=\"wp-block-heading\"><\/h3>","protected":false},"excerpt":{"rendered":"<p>Pressure sensitive adhesives are often used for product assembly purposes,&nbsp;to assemble products which has to remain [&hellip;]<\/p>","protected":false},"author":1,"featured_media":0,"parent":0,"menu_order":0,"comment_status":"closed","ping_status":"closed","template":"","meta":{"footnotes":""},"class_list":["post-144","page","type-page","status-publish","hentry"],"yoast_head":"<!-- This site is optimized with the Yoast SEO plugin v17.0 - https:\/\/yoast.com\/wordpress\/plugins\/seo\/ -->\n<title>PRODUCT ASSEMBLY PSA HOT MELTS (PRESSURE SENSITIVE ADHESIVES) - PUR hot melt adhesives<\/title>\n<meta name=\"robots\" content=\"index, follow, max-snippet:-1, max-image-preview:large, max-video-preview:-1\" \/>\n<link rel=\"canonical\" href=\"https:\/\/www.purhotmelt.com\/de\/product-assembly-psa-hot-melts-pressure-sensitive-adhesives-2\/\" \/>\n<meta property=\"og:locale\" content=\"de_DE\" \/>\n<meta property=\"og:type\" content=\"article\" \/>\n<meta property=\"og:title\" content=\"PRODUCT ASSEMBLY PSA HOT MELTS (PRESSURE SENSITIVE ADHESIVES) - PUR hot melt adhesives\" \/>\n<meta property=\"og:description\" content=\"Pressure sensitive adhesives are often used for product assembly purposes,&nbsp;to assemble products which has to remain [&hellip;]\" \/>\n<meta property=\"og:url\" content=\"https:\/\/www.purhotmelt.com\/de\/product-assembly-psa-hot-melts-pressure-sensitive-adhesives-2\/\" \/>\n<meta property=\"og:site_name\" content=\"PUR hot melt adhesives\" \/>\n<meta property=\"article:modified_time\" content=\"2021-01-20T21:39:26+00:00\" \/>\n<meta name=\"twitter:card\" content=\"summary_large_image\" \/>\n<meta name=\"twitter:label1\" content=\"Gesch\u00e4tzte Lesezeit\" \/>\n\t<meta name=\"twitter:data1\" content=\"1\u00a0Minute\" \/>\n<script type=\"application\/ld+json\" class=\"yoast-schema-graph\">{\"@context\":\"https:\/\/schema.org\",\"@graph\":[{\"@type\":\"WebSite\",\"@id\":\"https:\/\/www.purhotmelt.com\/#website\",\"url\":\"https:\/\/www.purhotmelt.com\/\",\"name\":\"PUR hot melt adhesives\",\"description\":\"Intercol: Specialist manufacturer\",\"potentialAction\":[{\"@type\":\"SearchAction\",\"target\":{\"@type\":\"EntryPoint\",\"urlTemplate\":\"https:\/\/www.purhotmelt.com\/?s={search_term_string}\"},\"query-input\":\"required name=search_term_string\"}],\"inLanguage\":\"de\"},{\"@type\":\"WebPage\",\"@id\":\"https:\/\/www.purhotmelt.com\/product-assembly-psa-hot-melts-pressure-sensitive-adhesives-2\/#webpage\",\"url\":\"https:\/\/www.purhotmelt.com\/product-assembly-psa-hot-melts-pressure-sensitive-adhesives-2\/\",\"name\":\"PRODUCT ASSEMBLY PSA HOT MELTS (PRESSURE SENSITIVE ADHESIVES) - PUR hot melt adhesives\",\"isPartOf\":{\"@id\":\"https:\/\/www.purhotmelt.com\/#website\"},\"datePublished\":\"2021-01-20T21:39:25+00:00\",\"dateModified\":\"2021-01-20T21:39:26+00:00\",\"breadcrumb\":{\"@id\":\"https:\/\/www.purhotmelt.com\/product-assembly-psa-hot-melts-pressure-sensitive-adhesives-2\/#breadcrumb\"},\"inLanguage\":\"de\",\"potentialAction\":[{\"@type\":\"ReadAction\",\"target\":[\"https:\/\/www.purhotmelt.com\/product-assembly-psa-hot-melts-pressure-sensitive-adhesives-2\/\"]}]},{\"@type\":\"BreadcrumbList\",\"@id\":\"https:\/\/www.purhotmelt.com\/product-assembly-psa-hot-melts-pressure-sensitive-adhesives-2\/#breadcrumb\",\"itemListElement\":[{\"@type\":\"ListItem\",\"position\":1,\"name\":\"Home\",\"item\":\"https:\/\/www.purhotmelt.com\/\"},{\"@type\":\"ListItem\",\"position\":2,\"name\":\"PRODUCT ASSEMBLY PSA HOT MELTS (PRESSURE SENSITIVE ADHESIVES)\"}]}]}<\/script>\n<!-- \/ Yoast SEO plugin. -->","yoast_head_json":{"title":"PRODUKTMONTAGE PSA HOT MELTS (DRUCKEMPFINDLICHE KLEBSTOFFE) - PUR-Schmelzklebstoffe","robots":{"index":"index","follow":"follow","max-snippet":"max-snippet:-1","max-image-preview":"max-image-preview:large","max-video-preview":"max-video-preview:-1"},"canonical":"https:\/\/www.purhotmelt.com\/de\/product-assembly-psa-hot-melts-pressure-sensitive-adhesives-2\/","og_locale":"de_DE","og_type":"article","og_title":"PRODUCT ASSEMBLY PSA HOT MELTS (PRESSURE SENSITIVE ADHESIVES) - PUR hot melt adhesives","og_description":"Pressure sensitive adhesives are often used for product assembly purposes,&nbsp;to assemble products which has to remain [&hellip;]","og_url":"https:\/\/www.purhotmelt.com\/de\/product-assembly-psa-hot-melts-pressure-sensitive-adhesives-2\/","og_site_name":"PUR hot melt adhesives","article_modified_time":"2021-01-20T21:39:26+00:00","twitter_card":"summary_large_image","twitter_misc":{"Gesch\u00e4tzte Lesezeit":"1\u00a0Minute"},"schema":{"@context":"https:\/\/schema.org","@graph":[{"@type":"WebSite","@id":"https:\/\/www.purhotmelt.com\/#website","url":"https:\/\/www.purhotmelt.com\/","name":"PUR-Schmelzklebstoffe","description":"Intercol: Fachhersteller","potentialAction":[{"@type":"SearchAction","target":{"@type":"EntryPoint","urlTemplate":"https:\/\/www.purhotmelt.com\/?s={search_term_string}"},"query-input":"required name=search_term_string"}],"inLanguage":"de"},{"@type":"WebPage","@id":"https:\/\/www.purhotmelt.com\/product-assembly-psa-hot-melts-pressure-sensitive-adhesives-2\/#webpage","url":"https:\/\/www.purhotmelt.com\/product-assembly-psa-hot-melts-pressure-sensitive-adhesives-2\/","name":"PRODUKTMONTAGE PSA HOT MELTS (DRUCKEMPFINDLICHE KLEBSTOFFE) - PUR-Schmelzklebstoffe","isPartOf":{"@id":"https:\/\/www.purhotmelt.com\/#website"},"datePublished":"2021-01-20T21:39:25+00:00","dateModified":"2021-01-20T21:39:26+00:00","breadcrumb":{"@id":"https:\/\/www.purhotmelt.com\/product-assembly-psa-hot-melts-pressure-sensitive-adhesives-2\/#breadcrumb"},"inLanguage":"de","potentialAction":[{"@type":"ReadAction","target":["https:\/\/www.purhotmelt.com\/product-assembly-psa-hot-melts-pressure-sensitive-adhesives-2\/"]}]},{"@type":"BreadcrumbList","@id":"https:\/\/www.purhotmelt.com\/product-assembly-psa-hot-melts-pressure-sensitive-adhesives-2\/#breadcrumb","itemListElement":[{"@type":"ListItem","position":1,"name":"Home","item":"https:\/\/www.purhotmelt.com\/"},{"@type":"ListItem","position":2,"name":"PRODUCT ASSEMBLY PSA HOT MELTS (PRESSURE SENSITIVE ADHESIVES)"}]}]}},"_links":{"self":[{"href":"https:\/\/www.purhotmelt.com\/de\/wp-json\/wp\/v2\/pages\/144","targetHints":{"allow":["GET"]}}],"collection":[{"href":"https:\/\/www.purhotmelt.com\/de\/wp-json\/wp\/v2\/pages"}],"about":[{"href":"https:\/\/www.purhotmelt.com\/de\/wp-json\/wp\/v2\/types\/page"}],"author":[{"embeddable":true,"href":"https:\/\/www.purhotmelt.com\/de\/wp-json\/wp\/v2\/users\/1"}],"replies":[{"embeddable":true,"href":"https:\/\/www.purhotmelt.com\/de\/wp-json\/wp\/v2\/comments?post=144"}],"version-history":[{"count":1,"href":"https:\/\/www.purhotmelt.com\/de\/wp-json\/wp\/v2\/pages\/144\/revisions"}],"predecessor-version":[{"id":146,"href":"https:\/\/www.purhotmelt.com\/de\/wp-json\/wp\/v2\/pages\/144\/revisions\/146"}],"wp:attachment":[{"href":"https:\/\/www.purhotmelt.com\/de\/wp-json\/wp\/v2\/media?parent=144"}],"curies":[{"name":"wp","href":"https:\/\/api.w.org\/{rel}","templated":true}]}}