{"id":16,"date":"2020-10-02T14:57:57","date_gmt":"2020-10-02T14:57:57","guid":{"rendered":"https:\/\/www.purhotmelt.com\/?page_id=16"},"modified":"2020-10-02T14:57:57","modified_gmt":"2020-10-02T14:57:57","slug":"pur-hot-melt-for-textiles","status":"publish","type":"page","link":"https:\/\/www.purhotmelt.com\/de\/pur-hot-melt-for-textiles\/","title":{"rendered":"Pur Hot Melt f\u00fcr Textilien"},"content":{"rendered":"<p>Intercol verf\u00fcgt \u00fcber ein innovatives Sortiment verschiedener PUR-Schmelzklebstoffe f\u00fcr Textilien. Nicht restlicher Kleber, hochviskos, stark haftend und \/ oder UV-best\u00e4ndig. Wir k\u00f6nnen den besten Klebstoff f\u00fcr Ihre Anwendung entwickeln und liefern. Unsere PUR-Schmelzklebstoffe verbinden Substrate wie Sch\u00e4ume, Baumwolle und synthetische Textilien, Folien, Membranen, gewebte Vliesstoffe<\/p>\r\n\r\n\r\n\r\n<p><strong>Wir bedienen verschiedene industrielle Anwendungen wie:<\/strong><\/p>\r\n\r\n\r\n\r\n<ul class=\"wp-block-list\"><li>Technische, Arbeits-, Sportschuhe<\/li><li>Intime Kleidung und Bekleidung<\/li><li>Arbeitskleidung<\/li><li>Automobil<\/li><li>Sport &amp; Freizeit, Milit\u00e4r<\/li><li>Polster<\/li><li>Medizinisch<\/li><li>Isolierung<\/li><\/ul>\r\n\r\n\r\n\r\n<p><\/p>\r\n\r\n\r\n\r\n<p>Besondere Anforderungen, die wir in Produkte einbauen k\u00f6nnen ::<\/p>\r\n\r\n\r\n\r\n<ul class=\"wp-block-list\"><li>Sterilisation<\/li><li>Sehr hohe Hydrolysestabilit\u00e4t mit hervorragenden Haftungseigenschaften<\/li><li>Hohe Atmungsaktivit\u00e4t<\/li><li>Flammhemmung<\/li><li>Hohe Best\u00e4ndigkeit gegen Temperaturzyklen<\/li><li>Sanfte Ber\u00fchrung<\/li><li>Freundliche Bearbeitung<\/li><li>Genehmigung des Oeko-Tex Eco Passport<\/li><\/ul>","protected":false},"excerpt":{"rendered":"<p>Intercol has an innovative range of various PUR hot melt adhesives for textiles. Non-residual stick, high [&hellip;]<\/p>","protected":false},"author":1,"featured_media":0,"parent":0,"menu_order":0,"comment_status":"closed","ping_status":"closed","template":"","meta":{"footnotes":""},"class_list":["post-16","page","type-page","status-publish","hentry"],"yoast_head":"<!-- This site is optimized with the Yoast SEO plugin v17.0 - https:\/\/yoast.com\/wordpress\/plugins\/seo\/ -->\n<title>Pur hot melt for textiles - PUR hot melt adhesives<\/title>\n<meta name=\"robots\" content=\"index, follow, max-snippet:-1, max-image-preview:large, max-video-preview:-1\" \/>\n<link rel=\"canonical\" href=\"https:\/\/www.purhotmelt.com\/de\/pur-hot-melt-for-textiles\/\" \/>\n<meta property=\"og:locale\" content=\"de_DE\" \/>\n<meta property=\"og:type\" content=\"article\" \/>\n<meta property=\"og:title\" content=\"Pur hot melt for textiles - PUR hot melt adhesives\" \/>\n<meta property=\"og:description\" content=\"Intercol has an innovative range of various PUR hot melt adhesives for textiles. Non-residual stick, high [&hellip;]\" \/>\n<meta property=\"og:url\" content=\"https:\/\/www.purhotmelt.com\/de\/pur-hot-melt-for-textiles\/\" \/>\n<meta property=\"og:site_name\" content=\"PUR hot melt adhesives\" \/>\n<meta name=\"twitter:card\" content=\"summary_large_image\" \/>\n<script type=\"application\/ld+json\" class=\"yoast-schema-graph\">{\"@context\":\"https:\/\/schema.org\",\"@graph\":[{\"@type\":\"WebSite\",\"@id\":\"https:\/\/www.purhotmelt.com\/#website\",\"url\":\"https:\/\/www.purhotmelt.com\/\",\"name\":\"PUR hot melt adhesives\",\"description\":\"Intercol: Specialist manufacturer\",\"potentialAction\":[{\"@type\":\"SearchAction\",\"target\":{\"@type\":\"EntryPoint\",\"urlTemplate\":\"https:\/\/www.purhotmelt.com\/?s={search_term_string}\"},\"query-input\":\"required name=search_term_string\"}],\"inLanguage\":\"de\"},{\"@type\":\"WebPage\",\"@id\":\"https:\/\/www.purhotmelt.com\/fr\/pur-hot-melt-for-textiles\/#webpage\",\"url\":\"https:\/\/www.purhotmelt.com\/fr\/pur-hot-melt-for-textiles\/\",\"name\":\"Pur hot melt for textiles - PUR hot melt adhesives\",\"isPartOf\":{\"@id\":\"https:\/\/www.purhotmelt.com\/#website\"},\"datePublished\":\"2020-10-02T14:57:57+00:00\",\"dateModified\":\"2020-10-02T14:57:57+00:00\",\"breadcrumb\":{\"@id\":\"https:\/\/www.purhotmelt.com\/fr\/pur-hot-melt-for-textiles\/#breadcrumb\"},\"inLanguage\":\"de\",\"potentialAction\":[{\"@type\":\"ReadAction\",\"target\":[\"https:\/\/www.purhotmelt.com\/fr\/pur-hot-melt-for-textiles\/\"]}]},{\"@type\":\"BreadcrumbList\",\"@id\":\"https:\/\/www.purhotmelt.com\/fr\/pur-hot-melt-for-textiles\/#breadcrumb\",\"itemListElement\":[{\"@type\":\"ListItem\",\"position\":1,\"name\":\"Home\",\"item\":\"https:\/\/www.purhotmelt.com\/\"},{\"@type\":\"ListItem\",\"position\":2,\"name\":\"Pur hot melt for textiles\"}]}]}<\/script>\n<!-- \/ Yoast SEO plugin. -->","yoast_head_json":{"title":"Pur Hotmelt f\u00fcr Textilien - PUR Schmelzklebstoffe","robots":{"index":"index","follow":"follow","max-snippet":"max-snippet:-1","max-image-preview":"max-image-preview:large","max-video-preview":"max-video-preview:-1"},"canonical":"https:\/\/www.purhotmelt.com\/de\/pur-hot-melt-for-textiles\/","og_locale":"de_DE","og_type":"article","og_title":"Pur hot melt for textiles - PUR hot melt adhesives","og_description":"Intercol has an innovative range of various PUR hot melt adhesives for textiles. Non-residual stick, high [&hellip;]","og_url":"https:\/\/www.purhotmelt.com\/de\/pur-hot-melt-for-textiles\/","og_site_name":"PUR hot melt adhesives","twitter_card":"summary_large_image","schema":{"@context":"https:\/\/schema.org","@graph":[{"@type":"WebSite","@id":"https:\/\/www.purhotmelt.com\/#website","url":"https:\/\/www.purhotmelt.com\/","name":"PUR-Schmelzklebstoffe","description":"Intercol: Fachhersteller","potentialAction":[{"@type":"SearchAction","target":{"@type":"EntryPoint","urlTemplate":"https:\/\/www.purhotmelt.com\/?s={search_term_string}"},"query-input":"required name=search_term_string"}],"inLanguage":"de"},{"@type":"WebPage","@id":"https:\/\/www.purhotmelt.com\/fr\/pur-hot-melt-for-textiles\/#webpage","url":"https:\/\/www.purhotmelt.com\/fr\/pur-hot-melt-for-textiles\/","name":"Pur Hotmelt f\u00fcr Textilien - PUR Schmelzklebstoffe","isPartOf":{"@id":"https:\/\/www.purhotmelt.com\/#website"},"datePublished":"2020-10-02T14:57:57+00:00","dateModified":"2020-10-02T14:57:57+00:00","breadcrumb":{"@id":"https:\/\/www.purhotmelt.com\/fr\/pur-hot-melt-for-textiles\/#breadcrumb"},"inLanguage":"de","potentialAction":[{"@type":"ReadAction","target":["https:\/\/www.purhotmelt.com\/fr\/pur-hot-melt-for-textiles\/"]}]},{"@type":"BreadcrumbList","@id":"https:\/\/www.purhotmelt.com\/fr\/pur-hot-melt-for-textiles\/#breadcrumb","itemListElement":[{"@type":"ListItem","position":1,"name":"Home","item":"https:\/\/www.purhotmelt.com\/"},{"@type":"ListItem","position":2,"name":"Pur hot melt for textiles"}]}]}},"_links":{"self":[{"href":"https:\/\/www.purhotmelt.com\/de\/wp-json\/wp\/v2\/pages\/16","targetHints":{"allow":["GET"]}}],"collection":[{"href":"https:\/\/www.purhotmelt.com\/de\/wp-json\/wp\/v2\/pages"}],"about":[{"href":"https:\/\/www.purhotmelt.com\/de\/wp-json\/wp\/v2\/types\/page"}],"author":[{"embeddable":true,"href":"https:\/\/www.purhotmelt.com\/de\/wp-json\/wp\/v2\/users\/1"}],"replies":[{"embeddable":true,"href":"https:\/\/www.purhotmelt.com\/de\/wp-json\/wp\/v2\/comments?post=16"}],"version-history":[{"count":1,"href":"https:\/\/www.purhotmelt.com\/de\/wp-json\/wp\/v2\/pages\/16\/revisions"}],"predecessor-version":[{"id":17,"href":"https:\/\/www.purhotmelt.com\/de\/wp-json\/wp\/v2\/pages\/16\/revisions\/17"}],"wp:attachment":[{"href":"https:\/\/www.purhotmelt.com\/de\/wp-json\/wp\/v2\/media?parent=16"}],"curies":[{"name":"wp","href":"https:\/\/api.w.org\/{rel}","templated":true}]}}