{"id":163,"date":"2021-01-20T21:46:26","date_gmt":"2021-01-20T21:46:26","guid":{"rendered":"https:\/\/www.purhotmelt.com\/?page_id=163"},"modified":"2021-01-20T21:46:27","modified_gmt":"2021-01-20T21:46:27","slug":"hot-melt-psa-ehm-8936","status":"publish","type":"page","link":"https:\/\/www.purhotmelt.com\/de\/hot-melt-psa-ehm-8936\/","title":{"rendered":"HOT MELT PSA EHM 8936"},"content":{"rendered":"<h1 class=\"wp-block-heading\"><\/h1>\n\n\n\n<p><\/p>\n\n\n\n<hr class=\"wp-block-separator\"\/>\n\n\n\n<p>Lernen Sie den Schmelzklebstoff kennen: EHM PSA 8936: Wir haben mit einem unserer Gebietsverkaufsleiter gesprochen und ihn gefragt, was sein Lieblingsklebstoff ist und warum.<br>EHM PSA 8936 ist ein Haftklebstoffklebstoff, der eine hervorragende Haftung auf schwer zu verklebenden Oberfl\u00e4chen mit geringer Oberfl\u00e4chenenergie bietet. Haftet an polaren und unpolaren Oberfl\u00e4chen. EHM PSA 8936 ist sein Favorit, da \u201eder Vorteil der Verwendung von EHM PSA 8936 darin besteht, dass es \u00e4u\u00dferst effizient ist, wenn eine dauerhafte Verbindung hergestellt wird. EHM PSA 8936 wird f\u00fcr Haftklebstoffanwendungen dringend empfohlen. \u201c<\/p>\n\n\n\n<p><strong>Druckempfindliche Schmelzklebstoffe<\/strong>\u00a0sind<strong>\u00a0meist thermoplastischer Kautschuk<\/strong>Klebstoffe auf Basis. UV-h\u00e4rtbare Schmelzklebstoffe sind eine spezielle L\u00f6sung, die praktisch nicht verwendet wird. PSA-Schmelzklebstoffe behalten nach dem Abk\u00fchlen ihre Klebrigkeit, Permanent Sticky Adhesive. Die Klebeverbindung verbessert sich mit der Zeit auch nach dem Abk\u00fchlen auf Raumtemperatur. Druckempfindlich bedeutet, dass der Kontaktdruck der Schl\u00fcssel zur Herstellung einer Verbindung zwischen dem Klebstoff und dem verbundenen Substrat ist. Druckempfindliche Schmelzklebstoffe werden bei der Herstellung von Montageprozessen als Beschichtung von selbstklebenden B\u00e4ndern und selbstklebenden Etiketten verwendet.<\/p>\n\n\n\n<p>Es gibt eine gro\u00dfe Auswahl an PSA-Schmelzklebstoffen, von dauerhaft klebrigen und entfernbaren Typen bis zu tiefgefrierfesten und Hochtemperatur-Schmelzklebstoffen (High Shear Adhesion Fail Temperature; SAFT).<\/p>","protected":false},"excerpt":{"rendered":"<p>Meet The hot melt Adhesive: EHM PSA 8936: We spoke to one of our Area Sales [&hellip;]<\/p>","protected":false},"author":1,"featured_media":0,"parent":0,"menu_order":0,"comment_status":"closed","ping_status":"closed","template":"","meta":{"footnotes":""},"class_list":["post-163","page","type-page","status-publish","hentry"],"yoast_head":"<!-- This site is optimized with the Yoast SEO plugin v17.0 - https:\/\/yoast.com\/wordpress\/plugins\/seo\/ -->\n<title>HOT MELT PSA EHM 8936 - PUR hot melt adhesives<\/title>\n<meta name=\"robots\" content=\"index, follow, max-snippet:-1, max-image-preview:large, max-video-preview:-1\" \/>\n<link rel=\"canonical\" href=\"https:\/\/www.purhotmelt.com\/de\/hot-melt-psa-ehm-8936\/\" \/>\n<meta property=\"og:locale\" content=\"de_DE\" \/>\n<meta property=\"og:type\" content=\"article\" \/>\n<meta property=\"og:title\" content=\"HOT MELT PSA EHM 8936 - PUR hot melt adhesives\" \/>\n<meta property=\"og:description\" content=\"Meet The hot melt Adhesive: EHM PSA 8936: We spoke to one of our Area Sales [&hellip;]\" \/>\n<meta property=\"og:url\" content=\"https:\/\/www.purhotmelt.com\/de\/hot-melt-psa-ehm-8936\/\" \/>\n<meta property=\"og:site_name\" content=\"PUR hot melt adhesives\" \/>\n<meta property=\"article:modified_time\" content=\"2021-01-20T21:46:27+00:00\" \/>\n<meta name=\"twitter:card\" content=\"summary_large_image\" \/>\n<meta name=\"twitter:label1\" content=\"Gesch\u00e4tzte Lesezeit\" \/>\n\t<meta name=\"twitter:data1\" content=\"1\u00a0Minute\" \/>\n<script type=\"application\/ld+json\" class=\"yoast-schema-graph\">{\"@context\":\"https:\/\/schema.org\",\"@graph\":[{\"@type\":\"WebSite\",\"@id\":\"https:\/\/www.purhotmelt.com\/#website\",\"url\":\"https:\/\/www.purhotmelt.com\/\",\"name\":\"PUR hot melt adhesives\",\"description\":\"Intercol: Specialist manufacturer\",\"potentialAction\":[{\"@type\":\"SearchAction\",\"target\":{\"@type\":\"EntryPoint\",\"urlTemplate\":\"https:\/\/www.purhotmelt.com\/?s={search_term_string}\"},\"query-input\":\"required name=search_term_string\"}],\"inLanguage\":\"de\"},{\"@type\":\"WebPage\",\"@id\":\"https:\/\/www.purhotmelt.com\/de\/hot-melt-psa-ehm-8936\/#webpage\",\"url\":\"https:\/\/www.purhotmelt.com\/de\/hot-melt-psa-ehm-8936\/\",\"name\":\"HOT MELT PSA EHM 8936 - PUR hot melt adhesives\",\"isPartOf\":{\"@id\":\"https:\/\/www.purhotmelt.com\/#website\"},\"datePublished\":\"2021-01-20T21:46:26+00:00\",\"dateModified\":\"2021-01-20T21:46:27+00:00\",\"breadcrumb\":{\"@id\":\"https:\/\/www.purhotmelt.com\/de\/hot-melt-psa-ehm-8936\/#breadcrumb\"},\"inLanguage\":\"de\",\"potentialAction\":[{\"@type\":\"ReadAction\",\"target\":[\"https:\/\/www.purhotmelt.com\/de\/hot-melt-psa-ehm-8936\/\"]}]},{\"@type\":\"BreadcrumbList\",\"@id\":\"https:\/\/www.purhotmelt.com\/de\/hot-melt-psa-ehm-8936\/#breadcrumb\",\"itemListElement\":[{\"@type\":\"ListItem\",\"position\":1,\"name\":\"Home\",\"item\":\"https:\/\/www.purhotmelt.com\/\"},{\"@type\":\"ListItem\",\"position\":2,\"name\":\"HOT MELT PSA EHM 8936\"}]}]}<\/script>\n<!-- \/ Yoast SEO plugin. -->","yoast_head_json":{"title":"HOT MELT PSA EHM 8936 - PUR-Schmelzklebstoffe","robots":{"index":"index","follow":"follow","max-snippet":"max-snippet:-1","max-image-preview":"max-image-preview:large","max-video-preview":"max-video-preview:-1"},"canonical":"https:\/\/www.purhotmelt.com\/de\/hot-melt-psa-ehm-8936\/","og_locale":"de_DE","og_type":"article","og_title":"HOT MELT PSA EHM 8936 - PUR hot melt adhesives","og_description":"Meet The hot melt Adhesive: EHM PSA 8936: We spoke to one of our Area Sales [&hellip;]","og_url":"https:\/\/www.purhotmelt.com\/de\/hot-melt-psa-ehm-8936\/","og_site_name":"PUR hot melt adhesives","article_modified_time":"2021-01-20T21:46:27+00:00","twitter_card":"summary_large_image","twitter_misc":{"Gesch\u00e4tzte Lesezeit":"1\u00a0Minute"},"schema":{"@context":"https:\/\/schema.org","@graph":[{"@type":"WebSite","@id":"https:\/\/www.purhotmelt.com\/#website","url":"https:\/\/www.purhotmelt.com\/","name":"PUR-Schmelzklebstoffe","description":"Intercol: Fachhersteller","potentialAction":[{"@type":"SearchAction","target":{"@type":"EntryPoint","urlTemplate":"https:\/\/www.purhotmelt.com\/?s={search_term_string}"},"query-input":"required name=search_term_string"}],"inLanguage":"de"},{"@type":"WebPage","@id":"https:\/\/www.purhotmelt.com\/de\/hot-melt-psa-ehm-8936\/#webpage","url":"https:\/\/www.purhotmelt.com\/de\/hot-melt-psa-ehm-8936\/","name":"HOT MELT PSA EHM 8936 - PUR-Schmelzklebstoffe","isPartOf":{"@id":"https:\/\/www.purhotmelt.com\/#website"},"datePublished":"2021-01-20T21:46:26+00:00","dateModified":"2021-01-20T21:46:27+00:00","breadcrumb":{"@id":"https:\/\/www.purhotmelt.com\/de\/hot-melt-psa-ehm-8936\/#breadcrumb"},"inLanguage":"de","potentialAction":[{"@type":"ReadAction","target":["https:\/\/www.purhotmelt.com\/de\/hot-melt-psa-ehm-8936\/"]}]},{"@type":"BreadcrumbList","@id":"https:\/\/www.purhotmelt.com\/de\/hot-melt-psa-ehm-8936\/#breadcrumb","itemListElement":[{"@type":"ListItem","position":1,"name":"Home","item":"https:\/\/www.purhotmelt.com\/"},{"@type":"ListItem","position":2,"name":"HOT MELT PSA EHM 8936"}]}]}},"_links":{"self":[{"href":"https:\/\/www.purhotmelt.com\/de\/wp-json\/wp\/v2\/pages\/163","targetHints":{"allow":["GET"]}}],"collection":[{"href":"https:\/\/www.purhotmelt.com\/de\/wp-json\/wp\/v2\/pages"}],"about":[{"href":"https:\/\/www.purhotmelt.com\/de\/wp-json\/wp\/v2\/types\/page"}],"author":[{"embeddable":true,"href":"https:\/\/www.purhotmelt.com\/de\/wp-json\/wp\/v2\/users\/1"}],"replies":[{"embeddable":true,"href":"https:\/\/www.purhotmelt.com\/de\/wp-json\/wp\/v2\/comments?post=163"}],"version-history":[{"count":1,"href":"https:\/\/www.purhotmelt.com\/de\/wp-json\/wp\/v2\/pages\/163\/revisions"}],"predecessor-version":[{"id":165,"href":"https:\/\/www.purhotmelt.com\/de\/wp-json\/wp\/v2\/pages\/163\/revisions\/165"}],"wp:attachment":[{"href":"https:\/\/www.purhotmelt.com\/de\/wp-json\/wp\/v2\/media?parent=163"}],"curies":[{"name":"wp","href":"https:\/\/api.w.org\/{rel}","templated":true}]}}