{"id":166,"date":"2021-01-20T21:47:38","date_gmt":"2021-01-20T21:47:38","guid":{"rendered":"https:\/\/www.purhotmelt.com\/?page_id=166"},"modified":"2021-01-20T21:47:39","modified_gmt":"2021-01-20T21:47:39","slug":"polyolefin-hot-melt-adhesive-for-flat-lamination-2","status":"publish","type":"page","link":"https:\/\/www.purhotmelt.com\/de\/polyolefin-hot-melt-adhesive-for-flat-lamination-2\/","title":{"rendered":"POLYOLEFIN HEISSES SCHMELZKLEBSTOFF F\u00dcR DIE FLACHLAMINIERUNG"},"content":{"rendered":"<h1 class=\"wp-block-heading\"><\/h1>\n\n\n\n<p>Intercol verwendet hochwertige Rohstoffe, spezielle anwendungsspezifische Klebstoffe und fortschrittliche Herstellungsverfahren, um Hochleistungsprodukte zu produzieren&nbsp;<strong>Schmelzklebstoffl\u00f6sungen f\u00fcr die Holzbearbeitung<\/strong>&nbsp;die unseren Kunden effizientere Produktionsprozesse erm\u00f6glichen.<\/p>\n\n\n\n<h2 class=\"wp-block-heading\">SAUBER UND KEINE D\u00c4MPFE<\/h2>\n\n\n\n<p>Unsere anwenderfreundlichen Schmelzklebstoffe werden eingesetzt in Anwendungen wie<\/p>\n\n\n\n<ul class=\"wp-block-list\"><li>Vorbeschichtung<\/li><li>Flachlaminierung<\/li><li>Profilummantelung<\/li><li>Kantenanleimen,<\/li><li>Softforming<\/li><li>Schaumbindung,<\/li><li>V-Nuten&nbsp;<\/li><\/ul>\n\n\n\n<p>und werden in die ganze Welt verschickt. Das revolution\u00e4re wei\u00dfe Polyolefin-Sortiment an Schmelzklebstoffen kann mit praktisch allen Holzbearbeitungsmaschinen verwendet werden und bietet eine hervorragende Haftung auf Substraten wie PVC, HPL, Melamin, Holzfurnier, Melamin und anderen Materialien wie MDF und Spanplatten.<\/p>\n\n\n\n<h2 class=\"wp-block-heading\">VORBESCHICHTUNG HOT MELTS<\/h2>\n\n\n\n<p>F\u00fcr Vorbeschichtungsanwendungen mit melaminimpr\u00e4gnierten Papieren, Furnieren, HPL- und PVC-Kanten wurde ein spezielles Sortiment an Schmelzklebstoffen f\u00fcr die Holzbearbeitung entwickelt. Durch W\u00e4rmeeinwirkung wird der Klebefilm reaktiviert.<\/p>\n\n\n\n<h2 class=\"wp-block-heading\">PROFILVERPACKUNG<\/h2>\n\n\n\n<p>Die Profilummantelungsklebstoffe von Intercol wurden entwickelt, um eine starke Verbindung zu Holzfurnieren, Papierfolien, PVC und Hochdrucklaminaten zu erzielen. Diese Klebstoffe erm\u00f6glichen es Herstellern von T\u00fcren und Zargen, schneller und effizienter zu lackieren und Profile zu h\u00e4rten.<\/p>\n\n\n\n<h2 class=\"wp-block-heading\">KANTENANSCHLUSS<\/h2>\n\n\n\n<p>Unser SortimentPolyolefin-Hotmelt&nbsp;<strong>Kantenkleber<\/strong>&nbsp;haben nachweislich bis zu drei Tage Temperaturen von 100 \u00b0C standgehalten, ohne zu delaminieren,<\/p>\n\n\n\n<p>Sie haben Interesse an einem Produkt? Fordern Sie ein Muster an f\u00fcr:<\/p>\n\n\n\n<ul class=\"wp-block-list\"><li>Vorbeschichtung<\/li><li>V-Nuten, Decklaminierung und General Assembly<\/li><li>Profilummantelung<\/li><li>Softforming<\/li><li>Kantenanleimen<\/li><li>Schaumbindung<\/li><\/ul>","protected":false},"excerpt":{"rendered":"<p>Intercol uses high quality raw materials, dedicated application engineered adhesives and advanced manufacturing processes to produce [&hellip;]<\/p>","protected":false},"author":1,"featured_media":0,"parent":0,"menu_order":0,"comment_status":"closed","ping_status":"closed","template":"","meta":{"footnotes":""},"class_list":["post-166","page","type-page","status-publish","hentry"],"yoast_head":"<!-- This site is optimized with the Yoast SEO plugin v17.0 - https:\/\/yoast.com\/wordpress\/plugins\/seo\/ -->\n<title>POLYOLEFIN HOT MELT ADHESIVE FOR FLAT LAMINATION - PUR hot melt adhesives<\/title>\n<meta name=\"robots\" content=\"index, follow, max-snippet:-1, max-image-preview:large, max-video-preview:-1\" \/>\n<link rel=\"canonical\" href=\"https:\/\/www.purhotmelt.com\/de\/polyolefin-hot-melt-adhesive-for-flat-lamination-2\/\" \/>\n<meta property=\"og:locale\" content=\"de_DE\" \/>\n<meta property=\"og:type\" content=\"article\" \/>\n<meta property=\"og:title\" content=\"POLYOLEFIN HOT MELT ADHESIVE FOR FLAT LAMINATION - PUR hot melt adhesives\" \/>\n<meta property=\"og:description\" content=\"Intercol uses high quality raw materials, dedicated application engineered adhesives and advanced manufacturing processes to produce [&hellip;]\" \/>\n<meta property=\"og:url\" content=\"https:\/\/www.purhotmelt.com\/de\/polyolefin-hot-melt-adhesive-for-flat-lamination-2\/\" \/>\n<meta property=\"og:site_name\" content=\"PUR hot melt adhesives\" \/>\n<meta property=\"article:modified_time\" content=\"2021-01-20T21:47:39+00:00\" \/>\n<meta name=\"twitter:card\" content=\"summary_large_image\" \/>\n<meta name=\"twitter:label1\" content=\"Gesch\u00e4tzte Lesezeit\" \/>\n\t<meta name=\"twitter:data1\" content=\"1\u00a0Minute\" \/>\n<script type=\"application\/ld+json\" class=\"yoast-schema-graph\">{\"@context\":\"https:\/\/schema.org\",\"@graph\":[{\"@type\":\"WebSite\",\"@id\":\"https:\/\/www.purhotmelt.com\/#website\",\"url\":\"https:\/\/www.purhotmelt.com\/\",\"name\":\"PUR hot melt adhesives\",\"description\":\"Intercol: Specialist manufacturer\",\"potentialAction\":[{\"@type\":\"SearchAction\",\"target\":{\"@type\":\"EntryPoint\",\"urlTemplate\":\"https:\/\/www.purhotmelt.com\/?s={search_term_string}\"},\"query-input\":\"required name=search_term_string\"}],\"inLanguage\":\"de\"},{\"@type\":\"WebPage\",\"@id\":\"https:\/\/www.purhotmelt.com\/polyolefin-hot-melt-adhesive-for-flat-lamination-2\/#webpage\",\"url\":\"https:\/\/www.purhotmelt.com\/polyolefin-hot-melt-adhesive-for-flat-lamination-2\/\",\"name\":\"POLYOLEFIN HOT MELT ADHESIVE FOR FLAT LAMINATION - PUR hot melt adhesives\",\"isPartOf\":{\"@id\":\"https:\/\/www.purhotmelt.com\/#website\"},\"datePublished\":\"2021-01-20T21:47:38+00:00\",\"dateModified\":\"2021-01-20T21:47:39+00:00\",\"breadcrumb\":{\"@id\":\"https:\/\/www.purhotmelt.com\/polyolefin-hot-melt-adhesive-for-flat-lamination-2\/#breadcrumb\"},\"inLanguage\":\"de\",\"potentialAction\":[{\"@type\":\"ReadAction\",\"target\":[\"https:\/\/www.purhotmelt.com\/polyolefin-hot-melt-adhesive-for-flat-lamination-2\/\"]}]},{\"@type\":\"BreadcrumbList\",\"@id\":\"https:\/\/www.purhotmelt.com\/polyolefin-hot-melt-adhesive-for-flat-lamination-2\/#breadcrumb\",\"itemListElement\":[{\"@type\":\"ListItem\",\"position\":1,\"name\":\"Home\",\"item\":\"https:\/\/www.purhotmelt.com\/\"},{\"@type\":\"ListItem\",\"position\":2,\"name\":\"POLYOLEFIN HOT MELT ADHESIVE FOR FLAT LAMINATION\"}]}]}<\/script>\n<!-- \/ Yoast SEO plugin. -->","yoast_head_json":{"title":"POLYOLEFIN HEIZKLEBER F\u00dcR FLACHLAMINIERUNG - PUR-Schmelzklebstoffe","robots":{"index":"index","follow":"follow","max-snippet":"max-snippet:-1","max-image-preview":"max-image-preview:large","max-video-preview":"max-video-preview:-1"},"canonical":"https:\/\/www.purhotmelt.com\/de\/polyolefin-hot-melt-adhesive-for-flat-lamination-2\/","og_locale":"de_DE","og_type":"article","og_title":"POLYOLEFIN HOT MELT ADHESIVE FOR FLAT LAMINATION - PUR hot melt adhesives","og_description":"Intercol uses high quality raw materials, dedicated application engineered adhesives and advanced manufacturing processes to produce [&hellip;]","og_url":"https:\/\/www.purhotmelt.com\/de\/polyolefin-hot-melt-adhesive-for-flat-lamination-2\/","og_site_name":"PUR hot melt adhesives","article_modified_time":"2021-01-20T21:47:39+00:00","twitter_card":"summary_large_image","twitter_misc":{"Gesch\u00e4tzte Lesezeit":"1\u00a0Minute"},"schema":{"@context":"https:\/\/schema.org","@graph":[{"@type":"WebSite","@id":"https:\/\/www.purhotmelt.com\/#website","url":"https:\/\/www.purhotmelt.com\/","name":"PUR-Schmelzklebstoffe","description":"Intercol: Fachhersteller","potentialAction":[{"@type":"SearchAction","target":{"@type":"EntryPoint","urlTemplate":"https:\/\/www.purhotmelt.com\/?s={search_term_string}"},"query-input":"required name=search_term_string"}],"inLanguage":"de"},{"@type":"WebPage","@id":"https:\/\/www.purhotmelt.com\/polyolefin-hot-melt-adhesive-for-flat-lamination-2\/#webpage","url":"https:\/\/www.purhotmelt.com\/polyolefin-hot-melt-adhesive-for-flat-lamination-2\/","name":"POLYOLEFIN HEIZKLEBER F\u00dcR FLACHLAMINIERUNG - PUR-Schmelzklebstoffe","isPartOf":{"@id":"https:\/\/www.purhotmelt.com\/#website"},"datePublished":"2021-01-20T21:47:38+00:00","dateModified":"2021-01-20T21:47:39+00:00","breadcrumb":{"@id":"https:\/\/www.purhotmelt.com\/polyolefin-hot-melt-adhesive-for-flat-lamination-2\/#breadcrumb"},"inLanguage":"de","potentialAction":[{"@type":"ReadAction","target":["https:\/\/www.purhotmelt.com\/polyolefin-hot-melt-adhesive-for-flat-lamination-2\/"]}]},{"@type":"BreadcrumbList","@id":"https:\/\/www.purhotmelt.com\/polyolefin-hot-melt-adhesive-for-flat-lamination-2\/#breadcrumb","itemListElement":[{"@type":"ListItem","position":1,"name":"Home","item":"https:\/\/www.purhotmelt.com\/"},{"@type":"ListItem","position":2,"name":"POLYOLEFIN HOT MELT ADHESIVE FOR FLAT LAMINATION"}]}]}},"_links":{"self":[{"href":"https:\/\/www.purhotmelt.com\/de\/wp-json\/wp\/v2\/pages\/166","targetHints":{"allow":["GET"]}}],"collection":[{"href":"https:\/\/www.purhotmelt.com\/de\/wp-json\/wp\/v2\/pages"}],"about":[{"href":"https:\/\/www.purhotmelt.com\/de\/wp-json\/wp\/v2\/types\/page"}],"author":[{"embeddable":true,"href":"https:\/\/www.purhotmelt.com\/de\/wp-json\/wp\/v2\/users\/1"}],"replies":[{"embeddable":true,"href":"https:\/\/www.purhotmelt.com\/de\/wp-json\/wp\/v2\/comments?post=166"}],"version-history":[{"count":1,"href":"https:\/\/www.purhotmelt.com\/de\/wp-json\/wp\/v2\/pages\/166\/revisions"}],"predecessor-version":[{"id":168,"href":"https:\/\/www.purhotmelt.com\/de\/wp-json\/wp\/v2\/pages\/166\/revisions\/168"}],"wp:attachment":[{"href":"https:\/\/www.purhotmelt.com\/de\/wp-json\/wp\/v2\/media?parent=166"}],"curies":[{"name":"wp","href":"https:\/\/api.w.org\/{rel}","templated":true}]}}