{"id":218,"date":"2021-01-20T22:09:01","date_gmt":"2021-01-20T22:09:01","guid":{"rendered":"https:\/\/www.purhotmelt.com\/?page_id=218"},"modified":"2021-01-20T22:09:02","modified_gmt":"2021-01-20T22:09:02","slug":"adhesives-in-printing-and-cardboard-industries","status":"publish","type":"page","link":"https:\/\/www.purhotmelt.com\/de\/adhesives-in-printing-and-cardboard-industries\/","title":{"rendered":"Klebstoffe in der Druck- und Kartonindustrie"},"content":{"rendered":"<p>Intercol bietet eine Reihe von Klebstoffen an, die von Offsetdruck- und Kartonverpackungsunternehmen verwendet werden.<\/p>\n\n\n\n<p>Angesichts der wachsenden M\u00e4rkte f\u00fcr Geschenk- und Premiumverpackungen sind neue Klebel\u00f6sungen erforderlich, um beschichtete, lackierte, gl\u00e4nzende und laminierte Verpackungen zu verkleben. Dar\u00fcber hinaus erfordern Offsetdrucker, Stanzer, Ordnerkleber und Veredelungsger\u00e4te m\u00f6glicherweise spezielle wassergeborene Chemikalien wie Bahnkleber und Ordnerkleber. Unsere speziellen Klebstoffserien der Serie 600 bieten sogar starke Verbindungen zu Acryl- oder UV-Beschichtungen, speziellen Lacken, Vergoldungen mit hei\u00dfer und kalter Folie, Pr\u00e4gungen und laminierten Substraten.<\/p>\n\n\n\n<p>Das Klebstoffsortiment von Intercol wird f\u00fcr Spezialverpackungen in den M\u00e4rkten Luxusg\u00fcter, Weine &amp; Spirituosen, FMCG und Bag-in-Box erweitert.<\/p>\n\n\n\n<p>Intercol verf\u00fcgt \u00fcber ein Labor, in dem kundenspezifische Leimversuche, eine moderne Produktion, Lagerung und weltweiter technischer Support vor Ort durchgef\u00fchrt werden k\u00f6nnen.<\/p>\n\n\n\n<p>Dar\u00fcber hinaus bietet Intercol ein komplettes Sortiment an Klebstoffen f\u00fcr das Verkleben von Ordnern, das Laminieren von Pappe und nahezu jede andere Anwendung mit Klebstoffen in der Druck- und Verpackungsindustrie. Dar\u00fcber hinaus sind die meisten unserer Klebstoffe nachweislich sicher f\u00fcr Lebensmittelverpackungen geeignet. Intercol ist ein Technologief\u00fchrer in den Bereichen Lebensmittelverpackung, Ordnerverklebung und optische lebensmittelechte Klebererkennung.<\/p>\n\n\n\n<p>Immer mehr Unternehmen suchen nach nachhaltigeren Verpackungsalternativen. Abgesehen davon, dass unser derzeitiges Klebstoffsortiment eines der umweltfreundlichsten ist, bieten wir auch vollst\u00e4ndig biobasierte und biologisch abbaubare Klebstoffe an. Die gegenw\u00e4rtigen Standardl\u00f6sungen basieren haupts\u00e4chlich auf St\u00e4rke, Weizen oder Protein, aber auch PLA und andere gute Klebstoffadditive sind verf\u00fcgbar, um den besten biologisch abbaubaren Klebstoff herzustellen. Wir k\u00f6nnen die beste L\u00f6sung f\u00fcr Ihre Produktion besprechen und Ratschl\u00e4ge f\u00fcr Maschinenanpassungen geben, um mit diesen biologisch abbaubaren und biobasierten Klebstoffen zu arbeiten.<\/p>","protected":false},"excerpt":{"rendered":"<p>Intercol has a range of adhesives that are use by offset printing and cardboard packaging firms. [&hellip;]<\/p>","protected":false},"author":1,"featured_media":0,"parent":0,"menu_order":0,"comment_status":"closed","ping_status":"closed","template":"","meta":{"footnotes":""},"class_list":["post-218","page","type-page","status-publish","hentry"],"yoast_head":"<!-- This site is optimized with the Yoast SEO plugin v17.0 - https:\/\/yoast.com\/wordpress\/plugins\/seo\/ -->\n<title>ADHESIVES IN PRINTING AND CARDBOARD INDUSTRIES - PUR hot melt adhesives<\/title>\n<meta name=\"robots\" content=\"index, follow, max-snippet:-1, max-image-preview:large, max-video-preview:-1\" \/>\n<link rel=\"canonical\" href=\"https:\/\/www.purhotmelt.com\/de\/adhesives-in-printing-and-cardboard-industries\/\" \/>\n<meta property=\"og:locale\" content=\"de_DE\" \/>\n<meta property=\"og:type\" content=\"article\" \/>\n<meta property=\"og:title\" content=\"ADHESIVES IN PRINTING AND CARDBOARD INDUSTRIES - PUR hot melt adhesives\" \/>\n<meta property=\"og:description\" content=\"Intercol has a range of adhesives that are use by offset printing and cardboard packaging firms. [&hellip;]\" \/>\n<meta property=\"og:url\" content=\"https:\/\/www.purhotmelt.com\/de\/adhesives-in-printing-and-cardboard-industries\/\" \/>\n<meta property=\"og:site_name\" content=\"PUR hot melt adhesives\" \/>\n<meta property=\"article:modified_time\" content=\"2021-01-20T22:09:02+00:00\" \/>\n<meta name=\"twitter:card\" content=\"summary_large_image\" \/>\n<meta name=\"twitter:label1\" content=\"Gesch\u00e4tzte Lesezeit\" \/>\n\t<meta name=\"twitter:data1\" content=\"1\u00a0Minute\" \/>\n<script type=\"application\/ld+json\" class=\"yoast-schema-graph\">{\"@context\":\"https:\/\/schema.org\",\"@graph\":[{\"@type\":\"WebSite\",\"@id\":\"https:\/\/www.purhotmelt.com\/#website\",\"url\":\"https:\/\/www.purhotmelt.com\/\",\"name\":\"PUR hot melt adhesives\",\"description\":\"Intercol: Specialist manufacturer\",\"potentialAction\":[{\"@type\":\"SearchAction\",\"target\":{\"@type\":\"EntryPoint\",\"urlTemplate\":\"https:\/\/www.purhotmelt.com\/?s={search_term_string}\"},\"query-input\":\"required name=search_term_string\"}],\"inLanguage\":\"de\"},{\"@type\":\"WebPage\",\"@id\":\"https:\/\/www.purhotmelt.com\/adhesives-in-printing-and-cardboard-industries\/#webpage\",\"url\":\"https:\/\/www.purhotmelt.com\/adhesives-in-printing-and-cardboard-industries\/\",\"name\":\"ADHESIVES IN PRINTING AND CARDBOARD INDUSTRIES - PUR hot melt adhesives\",\"isPartOf\":{\"@id\":\"https:\/\/www.purhotmelt.com\/#website\"},\"datePublished\":\"2021-01-20T22:09:01+00:00\",\"dateModified\":\"2021-01-20T22:09:02+00:00\",\"breadcrumb\":{\"@id\":\"https:\/\/www.purhotmelt.com\/adhesives-in-printing-and-cardboard-industries\/#breadcrumb\"},\"inLanguage\":\"de\",\"potentialAction\":[{\"@type\":\"ReadAction\",\"target\":[\"https:\/\/www.purhotmelt.com\/adhesives-in-printing-and-cardboard-industries\/\"]}]},{\"@type\":\"BreadcrumbList\",\"@id\":\"https:\/\/www.purhotmelt.com\/adhesives-in-printing-and-cardboard-industries\/#breadcrumb\",\"itemListElement\":[{\"@type\":\"ListItem\",\"position\":1,\"name\":\"Home\",\"item\":\"https:\/\/www.purhotmelt.com\/\"},{\"@type\":\"ListItem\",\"position\":2,\"name\":\"ADHESIVES IN PRINTING AND CARDBOARD INDUSTRIES\"}]}]}<\/script>\n<!-- \/ Yoast SEO plugin. -->","yoast_head_json":{"title":"KLEBSTOFFE IN DER DRUCK- UND KARTONINDUSTRIE - PUR-Schmelzklebstoffe","robots":{"index":"index","follow":"follow","max-snippet":"max-snippet:-1","max-image-preview":"max-image-preview:large","max-video-preview":"max-video-preview:-1"},"canonical":"https:\/\/www.purhotmelt.com\/de\/adhesives-in-printing-and-cardboard-industries\/","og_locale":"de_DE","og_type":"article","og_title":"ADHESIVES IN PRINTING AND CARDBOARD INDUSTRIES - PUR hot melt adhesives","og_description":"Intercol has a range of adhesives that are use by offset printing and cardboard packaging firms. [&hellip;]","og_url":"https:\/\/www.purhotmelt.com\/de\/adhesives-in-printing-and-cardboard-industries\/","og_site_name":"PUR hot melt adhesives","article_modified_time":"2021-01-20T22:09:02+00:00","twitter_card":"summary_large_image","twitter_misc":{"Gesch\u00e4tzte Lesezeit":"1\u00a0Minute"},"schema":{"@context":"https:\/\/schema.org","@graph":[{"@type":"WebSite","@id":"https:\/\/www.purhotmelt.com\/#website","url":"https:\/\/www.purhotmelt.com\/","name":"PUR-Schmelzklebstoffe","description":"Intercol: Fachhersteller","potentialAction":[{"@type":"SearchAction","target":{"@type":"EntryPoint","urlTemplate":"https:\/\/www.purhotmelt.com\/?s={search_term_string}"},"query-input":"required name=search_term_string"}],"inLanguage":"de"},{"@type":"WebPage","@id":"https:\/\/www.purhotmelt.com\/adhesives-in-printing-and-cardboard-industries\/#webpage","url":"https:\/\/www.purhotmelt.com\/adhesives-in-printing-and-cardboard-industries\/","name":"KLEBSTOFFE IN DER DRUCK- UND KARTONINDUSTRIE - PUR-Schmelzklebstoffe","isPartOf":{"@id":"https:\/\/www.purhotmelt.com\/#website"},"datePublished":"2021-01-20T22:09:01+00:00","dateModified":"2021-01-20T22:09:02+00:00","breadcrumb":{"@id":"https:\/\/www.purhotmelt.com\/adhesives-in-printing-and-cardboard-industries\/#breadcrumb"},"inLanguage":"de","potentialAction":[{"@type":"ReadAction","target":["https:\/\/www.purhotmelt.com\/adhesives-in-printing-and-cardboard-industries\/"]}]},{"@type":"BreadcrumbList","@id":"https:\/\/www.purhotmelt.com\/adhesives-in-printing-and-cardboard-industries\/#breadcrumb","itemListElement":[{"@type":"ListItem","position":1,"name":"Home","item":"https:\/\/www.purhotmelt.com\/"},{"@type":"ListItem","position":2,"name":"ADHESIVES IN PRINTING AND CARDBOARD INDUSTRIES"}]}]}},"_links":{"self":[{"href":"https:\/\/www.purhotmelt.com\/de\/wp-json\/wp\/v2\/pages\/218","targetHints":{"allow":["GET"]}}],"collection":[{"href":"https:\/\/www.purhotmelt.com\/de\/wp-json\/wp\/v2\/pages"}],"about":[{"href":"https:\/\/www.purhotmelt.com\/de\/wp-json\/wp\/v2\/types\/page"}],"author":[{"embeddable":true,"href":"https:\/\/www.purhotmelt.com\/de\/wp-json\/wp\/v2\/users\/1"}],"replies":[{"embeddable":true,"href":"https:\/\/www.purhotmelt.com\/de\/wp-json\/wp\/v2\/comments?post=218"}],"version-history":[{"count":1,"href":"https:\/\/www.purhotmelt.com\/de\/wp-json\/wp\/v2\/pages\/218\/revisions"}],"predecessor-version":[{"id":220,"href":"https:\/\/www.purhotmelt.com\/de\/wp-json\/wp\/v2\/pages\/218\/revisions\/220"}],"wp:attachment":[{"href":"https:\/\/www.purhotmelt.com\/de\/wp-json\/wp\/v2\/media?parent=218"}],"curies":[{"name":"wp","href":"https:\/\/api.w.org\/{rel}","templated":true}]}}