{"id":221,"date":"2021-01-20T22:10:46","date_gmt":"2021-01-20T22:10:46","guid":{"rendered":"https:\/\/www.purhotmelt.com\/?page_id=221"},"modified":"2021-01-20T22:10:47","modified_gmt":"2021-01-20T22:10:47","slug":"insect-trap-adhesives-manufacturer","status":"publish","type":"page","link":"https:\/\/www.purhotmelt.com\/de\/insect-trap-adhesives-manufacturer\/","title":{"rendered":"INSECT TRAP ADHESIVES HERSTELLER"},"content":{"rendered":"<h1 class=\"wp-block-heading\"><\/h1>\n\n\n\n<p><\/p>\n\n\n\n<h3 class=\"wp-block-heading\">KLEBSTOFFFALLE F\u00dcR PILTZM\u00dcCKEN<\/h3>\n\n\n\n<p>Pilzm\u00fccken sind am h\u00e4ufigsten in Innenr\u00e4umen zu sehen, zB in Gew\u00e4chsh\u00e4usern, unser Klebstoff kommt mit Bedingungen zurecht, in denen Feuchtigkeit, Temperatur und Feuchtigkeit hoch sind. Ausgewachsene M\u00fccken k\u00f6nnen mit T\u00fcchern gefangen werden, die mit Haftkleber beschichtet sind. Der Kleber kann auch m\u00fcckenartige Fliegen fangen.<\/p>\n\n\n\n<figure class=\"wp-block-image\"><img decoding=\"async\" src=\"https:\/\/www.purhotmelt.com\/wp-content\/uploads\/2019\/01\/insect-trap-adhesive-manufacturer.html\" alt=\"\" class=\"wp-image-415\"\/><\/figure>\n\n\n\n<h3 class=\"wp-block-heading\">Blattl\u00e4use<\/h3>\n\n\n\n<p>Diese L\u00e4useinsekten werden von unserem Stick, psa-Kleber, gefangen.<\/p>\n\n\n\n<h3 class=\"wp-block-heading\">THRIPS<\/h3>\n\n\n\n<p>Auch diese winzigen Fluginsekten, nur ca. 1 mm lang, lang und d\u00fcnn, werden in einem Gew\u00e4chshaus von unserem Kleber gesehen und gefangen.<\/p>\n\n\n\n<h2 class=\"wp-block-heading\">UNSERE KLEBSTOFFE WERDEN VERWENDET, UM BL\u00c4TTER AUF KLEBENDE INSEKTENF\u00c4NGER-KLEBEFALLEN ZU BESCHICHTEN<\/h2>\n\n\n\n<p>Unsere Insektenfallen-Klebstoffe werden verwendet, um Sch\u00e4dlinge zu produzieren, indem Insekten gefangen werden, bevor sie in die Fr\u00fcchte und Pflanzen fressen. Unsere Klebstoffe sind ungef\u00e4hrlich, Reach-konform und sicher in der Anwendung. Unsere Klebstoffe sind daher als chemiefreie Sch\u00e4dlingsbek\u00e4mpfungsl\u00f6sungen bekannt.<\/p>\n\n\n\n<p>Die Falle funktioniert, indem sie fliegende Insekten zu den leuchtend gelben Karten und Bl\u00e4ttern anlockt. Der Kleber selbst ist ein nicht trocknender Kleber. Es wird gegen viele fliegende Insekten verwendet, einschlie\u00dflich; Blattl\u00e4use, Pilze, Kriebelm\u00fccken, Thripse, Wei\u00dfe Fliege, Blattl\u00e4use und M\u00fccken.<\/p>\n\n\n\n<p>-Der Kleber kann mit biologisch abbaubaren Rohstoffen f\u00fcr den biologischen Gartenbau hergestellt werden<\/p>\n\n\n\n<p>- UV-Lichtbest\u00e4ndiger Klebstoff; h\u00e4lt \u00fcber 6 Monate in Gew\u00e4chsh\u00e4usern<\/p>\n\n\n\n<p>-Einfaches Abziehen und Splei\u00dfen der Klebeschicht.<\/p>\n\n\n\n<ul class=\"wp-block-list\"><li>Einfach Schmelzklebstoffe vergleichen und kaufen<\/li><li>Schmelzklebstoff auf Polyisobuten-PIB-Basis \u2192<\/li><\/ul>","protected":false},"excerpt":{"rendered":"<p>FUNGUS GNATS ADHESIVE TRAP Fungus gnats are a most seen indoors in e.g. glasshouses, our adhesive [&hellip;]<\/p>","protected":false},"author":1,"featured_media":0,"parent":0,"menu_order":0,"comment_status":"closed","ping_status":"closed","template":"","meta":{"footnotes":""},"class_list":["post-221","page","type-page","status-publish","hentry"],"yoast_head":"<!-- This site is optimized with the Yoast SEO plugin v17.0 - https:\/\/yoast.com\/wordpress\/plugins\/seo\/ -->\n<title>INSECT TRAP ADHESIVES MANUFACTURER - PUR hot melt adhesives<\/title>\n<meta name=\"robots\" content=\"index, follow, max-snippet:-1, max-image-preview:large, max-video-preview:-1\" \/>\n<link rel=\"canonical\" href=\"https:\/\/www.purhotmelt.com\/de\/insect-trap-adhesives-manufacturer\/\" \/>\n<meta property=\"og:locale\" content=\"de_DE\" \/>\n<meta property=\"og:type\" content=\"article\" \/>\n<meta property=\"og:title\" content=\"INSECT TRAP ADHESIVES MANUFACTURER - PUR hot melt adhesives\" \/>\n<meta property=\"og:description\" content=\"FUNGUS GNATS ADHESIVE TRAP Fungus gnats are a most seen indoors in e.g. glasshouses, our adhesive [&hellip;]\" \/>\n<meta property=\"og:url\" content=\"https:\/\/www.purhotmelt.com\/de\/insect-trap-adhesives-manufacturer\/\" \/>\n<meta property=\"og:site_name\" content=\"PUR hot melt adhesives\" \/>\n<meta property=\"article:modified_time\" content=\"2021-01-20T22:10:47+00:00\" \/>\n<meta property=\"og:image\" content=\"https:\/\/www.purhotmelt.com\/wp-content\/uploads\/2019\/01\/insect-trap-adhesive-manufacturer.html\" \/>\n<meta name=\"twitter:card\" content=\"summary_large_image\" \/>\n<meta name=\"twitter:label1\" content=\"Gesch\u00e4tzte Lesezeit\" \/>\n\t<meta name=\"twitter:data1\" content=\"1\u00a0Minute\" \/>\n<script type=\"application\/ld+json\" class=\"yoast-schema-graph\">{\"@context\":\"https:\/\/schema.org\",\"@graph\":[{\"@type\":\"WebSite\",\"@id\":\"https:\/\/www.purhotmelt.com\/#website\",\"url\":\"https:\/\/www.purhotmelt.com\/\",\"name\":\"PUR hot melt adhesives\",\"description\":\"Intercol: Specialist manufacturer\",\"potentialAction\":[{\"@type\":\"SearchAction\",\"target\":{\"@type\":\"EntryPoint\",\"urlTemplate\":\"https:\/\/www.purhotmelt.com\/?s={search_term_string}\"},\"query-input\":\"required name=search_term_string\"}],\"inLanguage\":\"de\"},{\"@type\":\"ImageObject\",\"@id\":\"https:\/\/www.purhotmelt.com\/es\/insect-trap-adhesives-manufacturer\/#primaryimage\",\"inLanguage\":\"de\",\"url\":\"https:\/\/www.purhotmelt.com\/wp-content\/uploads\/2019\/01\/insect-trap-adhesive-manufacturer.html\",\"contentUrl\":\"https:\/\/www.purhotmelt.com\/wp-content\/uploads\/2019\/01\/insect-trap-adhesive-manufacturer.html\"},{\"@type\":\"WebPage\",\"@id\":\"https:\/\/www.purhotmelt.com\/es\/insect-trap-adhesives-manufacturer\/#webpage\",\"url\":\"https:\/\/www.purhotmelt.com\/es\/insect-trap-adhesives-manufacturer\/\",\"name\":\"INSECT TRAP ADHESIVES MANUFACTURER - PUR hot melt adhesives\",\"isPartOf\":{\"@id\":\"https:\/\/www.purhotmelt.com\/#website\"},\"primaryImageOfPage\":{\"@id\":\"https:\/\/www.purhotmelt.com\/es\/insect-trap-adhesives-manufacturer\/#primaryimage\"},\"datePublished\":\"2021-01-20T22:10:46+00:00\",\"dateModified\":\"2021-01-20T22:10:47+00:00\",\"breadcrumb\":{\"@id\":\"https:\/\/www.purhotmelt.com\/es\/insect-trap-adhesives-manufacturer\/#breadcrumb\"},\"inLanguage\":\"de\",\"potentialAction\":[{\"@type\":\"ReadAction\",\"target\":[\"https:\/\/www.purhotmelt.com\/es\/insect-trap-adhesives-manufacturer\/\"]}]},{\"@type\":\"BreadcrumbList\",\"@id\":\"https:\/\/www.purhotmelt.com\/es\/insect-trap-adhesives-manufacturer\/#breadcrumb\",\"itemListElement\":[{\"@type\":\"ListItem\",\"position\":1,\"name\":\"Home\",\"item\":\"https:\/\/www.purhotmelt.com\/\"},{\"@type\":\"ListItem\",\"position\":2,\"name\":\"INSECT TRAP ADHESIVES MANUFACTURER\"}]}]}<\/script>\n<!-- \/ Yoast SEO plugin. -->","yoast_head_json":{"title":"HERSTELLER VON INSEKTENFALLENKLEBER - PUR-Schmelzklebstoffe","robots":{"index":"index","follow":"follow","max-snippet":"max-snippet:-1","max-image-preview":"max-image-preview:large","max-video-preview":"max-video-preview:-1"},"canonical":"https:\/\/www.purhotmelt.com\/de\/insect-trap-adhesives-manufacturer\/","og_locale":"de_DE","og_type":"article","og_title":"INSECT TRAP ADHESIVES MANUFACTURER - PUR hot melt adhesives","og_description":"FUNGUS GNATS ADHESIVE TRAP Fungus gnats are a most seen indoors in e.g. glasshouses, our adhesive [&hellip;]","og_url":"https:\/\/www.purhotmelt.com\/de\/insect-trap-adhesives-manufacturer\/","og_site_name":"PUR hot melt adhesives","article_modified_time":"2021-01-20T22:10:47+00:00","og_image":[{"url":"https:\/\/www.purhotmelt.com\/wp-content\/uploads\/2019\/01\/insect-trap-adhesive-manufacturer.html"}],"twitter_card":"summary_large_image","twitter_misc":{"Gesch\u00e4tzte Lesezeit":"1\u00a0Minute"},"schema":{"@context":"https:\/\/schema.org","@graph":[{"@type":"WebSite","@id":"https:\/\/www.purhotmelt.com\/#website","url":"https:\/\/www.purhotmelt.com\/","name":"PUR-Schmelzklebstoffe","description":"Intercol: Fachhersteller","potentialAction":[{"@type":"SearchAction","target":{"@type":"EntryPoint","urlTemplate":"https:\/\/www.purhotmelt.com\/?s={search_term_string}"},"query-input":"required name=search_term_string"}],"inLanguage":"de"},{"@type":"ImageObject","@id":"https:\/\/www.purhotmelt.com\/es\/insect-trap-adhesives-manufacturer\/#primaryimage","inLanguage":"de","url":"https:\/\/www.purhotmelt.com\/wp-content\/uploads\/2019\/01\/insect-trap-adhesive-manufacturer.html","contentUrl":"https:\/\/www.purhotmelt.com\/wp-content\/uploads\/2019\/01\/insect-trap-adhesive-manufacturer.html"},{"@type":"WebPage","@id":"https:\/\/www.purhotmelt.com\/es\/insect-trap-adhesives-manufacturer\/#webpage","url":"https:\/\/www.purhotmelt.com\/es\/insect-trap-adhesives-manufacturer\/","name":"HERSTELLER VON INSEKTENFALLENKLEBER - PUR-Schmelzklebstoffe","isPartOf":{"@id":"https:\/\/www.purhotmelt.com\/#website"},"primaryImageOfPage":{"@id":"https:\/\/www.purhotmelt.com\/es\/insect-trap-adhesives-manufacturer\/#primaryimage"},"datePublished":"2021-01-20T22:10:46+00:00","dateModified":"2021-01-20T22:10:47+00:00","breadcrumb":{"@id":"https:\/\/www.purhotmelt.com\/es\/insect-trap-adhesives-manufacturer\/#breadcrumb"},"inLanguage":"de","potentialAction":[{"@type":"ReadAction","target":["https:\/\/www.purhotmelt.com\/es\/insect-trap-adhesives-manufacturer\/"]}]},{"@type":"BreadcrumbList","@id":"https:\/\/www.purhotmelt.com\/es\/insect-trap-adhesives-manufacturer\/#breadcrumb","itemListElement":[{"@type":"ListItem","position":1,"name":"Home","item":"https:\/\/www.purhotmelt.com\/"},{"@type":"ListItem","position":2,"name":"INSECT TRAP ADHESIVES MANUFACTURER"}]}]}},"_links":{"self":[{"href":"https:\/\/www.purhotmelt.com\/de\/wp-json\/wp\/v2\/pages\/221","targetHints":{"allow":["GET"]}}],"collection":[{"href":"https:\/\/www.purhotmelt.com\/de\/wp-json\/wp\/v2\/pages"}],"about":[{"href":"https:\/\/www.purhotmelt.com\/de\/wp-json\/wp\/v2\/types\/page"}],"author":[{"embeddable":true,"href":"https:\/\/www.purhotmelt.com\/de\/wp-json\/wp\/v2\/users\/1"}],"replies":[{"embeddable":true,"href":"https:\/\/www.purhotmelt.com\/de\/wp-json\/wp\/v2\/comments?post=221"}],"version-history":[{"count":1,"href":"https:\/\/www.purhotmelt.com\/de\/wp-json\/wp\/v2\/pages\/221\/revisions"}],"predecessor-version":[{"id":223,"href":"https:\/\/www.purhotmelt.com\/de\/wp-json\/wp\/v2\/pages\/221\/revisions\/223"}],"wp:attachment":[{"href":"https:\/\/www.purhotmelt.com\/de\/wp-json\/wp\/v2\/media?parent=221"}],"curies":[{"name":"wp","href":"https:\/\/api.w.org\/{rel}","templated":true}]}}