{"id":23,"date":"2020-10-02T16:27:23","date_gmt":"2020-10-02T16:27:23","guid":{"rendered":"https:\/\/www.purhotmelt.com\/?page_id=23"},"modified":"2020-10-02T16:27:24","modified_gmt":"2020-10-02T16:27:24","slug":"reactive-hot-melt-adhesives","status":"publish","type":"page","link":"https:\/\/www.purhotmelt.com\/de\/reactive-hot-melt-adhesives\/","title":{"rendered":"Reaktive Schmelzklebstoffe"},"content":{"rendered":"<p>Reaktive Schmelzklebstoffe werden erhitzt, um zu schmelzen und fl\u00fcssig zu werden. Wenn diese Klebstoffe fl\u00fcssig sind, werden sie in geschmolzenem Zustand durch D\u00fcsen oder Walzen aufgetragen. Wenn der Schmelzklebstoff abk\u00fchlt, baut er durch Erstarren eine anf\u00e4ngliche Festigkeit auf. Nach dem schnellen Abk\u00fchlen l\u00f6sen Wassermolek\u00fcle aus der Umgebung eine chemische Reaktion aus, die auch als Vernetzung bezeichnet wird. Reaktive PUR-Schmelzklebstoffe bieten nach vollst\u00e4ndiger Vernetzung eine st\u00e4rkere Bindung als thermoplastische Schmelzklebstoffe. Diese PUR-Klebstoffe bieten eine hervorragende Best\u00e4ndigkeit gegen Feuchtigkeit, Hitze und Chemikalien. PUR Hotmelt stellt auch chemische Bindungen mit geeigneten reaktiven Partnern auf dem Substrat her, wodurch die Haftung auf vielen Oberfl\u00e4chen verbessert wird.<\/p>","protected":false},"excerpt":{"rendered":"<p>Reactive hot melt adhesives are heated to melt and become fluid. When fluid these adhesives are [&hellip;]<\/p>","protected":false},"author":1,"featured_media":0,"parent":0,"menu_order":0,"comment_status":"closed","ping_status":"closed","template":"","meta":{"footnotes":""},"class_list":["post-23","page","type-page","status-publish","hentry"],"yoast_head":"<!-- This site is optimized with the Yoast SEO plugin v17.0 - https:\/\/yoast.com\/wordpress\/plugins\/seo\/ -->\n<title>Reactive hot melt adhesives - PUR hot melt adhesives<\/title>\n<meta name=\"robots\" content=\"index, follow, max-snippet:-1, max-image-preview:large, max-video-preview:-1\" \/>\n<link rel=\"canonical\" href=\"https:\/\/www.purhotmelt.com\/de\/reactive-hot-melt-adhesives\/\" \/>\n<meta property=\"og:locale\" content=\"de_DE\" \/>\n<meta property=\"og:type\" content=\"article\" \/>\n<meta property=\"og:title\" content=\"Reactive hot melt adhesives - PUR hot melt adhesives\" \/>\n<meta property=\"og:description\" content=\"Reactive hot melt adhesives are heated to melt and become fluid. When fluid these adhesives are [&hellip;]\" \/>\n<meta property=\"og:url\" content=\"https:\/\/www.purhotmelt.com\/de\/reactive-hot-melt-adhesives\/\" \/>\n<meta property=\"og:site_name\" content=\"PUR hot melt adhesives\" \/>\n<meta property=\"article:modified_time\" content=\"2020-10-02T16:27:24+00:00\" \/>\n<meta name=\"twitter:card\" content=\"summary_large_image\" \/>\n<meta name=\"twitter:label1\" content=\"Gesch\u00e4tzte Lesezeit\" \/>\n\t<meta name=\"twitter:data1\" content=\"1\u00a0Minute\" \/>\n<script type=\"application\/ld+json\" class=\"yoast-schema-graph\">{\"@context\":\"https:\/\/schema.org\",\"@graph\":[{\"@type\":\"WebSite\",\"@id\":\"https:\/\/www.purhotmelt.com\/#website\",\"url\":\"https:\/\/www.purhotmelt.com\/\",\"name\":\"PUR hot melt adhesives\",\"description\":\"Intercol: Specialist manufacturer\",\"potentialAction\":[{\"@type\":\"SearchAction\",\"target\":{\"@type\":\"EntryPoint\",\"urlTemplate\":\"https:\/\/www.purhotmelt.com\/?s={search_term_string}\"},\"query-input\":\"required name=search_term_string\"}],\"inLanguage\":\"de\"},{\"@type\":\"WebPage\",\"@id\":\"https:\/\/www.purhotmelt.com\/nb\/reactive-hot-melt-adhesives\/#webpage\",\"url\":\"https:\/\/www.purhotmelt.com\/nb\/reactive-hot-melt-adhesives\/\",\"name\":\"Reactive hot melt adhesives - PUR hot melt adhesives\",\"isPartOf\":{\"@id\":\"https:\/\/www.purhotmelt.com\/#website\"},\"datePublished\":\"2020-10-02T16:27:23+00:00\",\"dateModified\":\"2020-10-02T16:27:24+00:00\",\"breadcrumb\":{\"@id\":\"https:\/\/www.purhotmelt.com\/nb\/reactive-hot-melt-adhesives\/#breadcrumb\"},\"inLanguage\":\"de\",\"potentialAction\":[{\"@type\":\"ReadAction\",\"target\":[\"https:\/\/www.purhotmelt.com\/nb\/reactive-hot-melt-adhesives\/\"]}]},{\"@type\":\"BreadcrumbList\",\"@id\":\"https:\/\/www.purhotmelt.com\/nb\/reactive-hot-melt-adhesives\/#breadcrumb\",\"itemListElement\":[{\"@type\":\"ListItem\",\"position\":1,\"name\":\"Home\",\"item\":\"https:\/\/www.purhotmelt.com\/\"},{\"@type\":\"ListItem\",\"position\":2,\"name\":\"Reactive hot melt adhesives\"}]}]}<\/script>\n<!-- \/ Yoast SEO plugin. -->","yoast_head_json":{"title":"Reaktive Schmelzklebstoffe - PUR Schmelzklebstoffe","robots":{"index":"index","follow":"follow","max-snippet":"max-snippet:-1","max-image-preview":"max-image-preview:large","max-video-preview":"max-video-preview:-1"},"canonical":"https:\/\/www.purhotmelt.com\/de\/reactive-hot-melt-adhesives\/","og_locale":"de_DE","og_type":"article","og_title":"Reactive hot melt adhesives - PUR hot melt adhesives","og_description":"Reactive hot melt adhesives are heated to melt and become fluid. When fluid these adhesives are [&hellip;]","og_url":"https:\/\/www.purhotmelt.com\/de\/reactive-hot-melt-adhesives\/","og_site_name":"PUR hot melt adhesives","article_modified_time":"2020-10-02T16:27:24+00:00","twitter_card":"summary_large_image","twitter_misc":{"Gesch\u00e4tzte Lesezeit":"1\u00a0Minute"},"schema":{"@context":"https:\/\/schema.org","@graph":[{"@type":"WebSite","@id":"https:\/\/www.purhotmelt.com\/#website","url":"https:\/\/www.purhotmelt.com\/","name":"PUR-Schmelzklebstoffe","description":"Intercol: Fachhersteller","potentialAction":[{"@type":"SearchAction","target":{"@type":"EntryPoint","urlTemplate":"https:\/\/www.purhotmelt.com\/?s={search_term_string}"},"query-input":"required name=search_term_string"}],"inLanguage":"de"},{"@type":"WebPage","@id":"https:\/\/www.purhotmelt.com\/nb\/reactive-hot-melt-adhesives\/#webpage","url":"https:\/\/www.purhotmelt.com\/nb\/reactive-hot-melt-adhesives\/","name":"Reaktive Schmelzklebstoffe - PUR Schmelzklebstoffe","isPartOf":{"@id":"https:\/\/www.purhotmelt.com\/#website"},"datePublished":"2020-10-02T16:27:23+00:00","dateModified":"2020-10-02T16:27:24+00:00","breadcrumb":{"@id":"https:\/\/www.purhotmelt.com\/nb\/reactive-hot-melt-adhesives\/#breadcrumb"},"inLanguage":"de","potentialAction":[{"@type":"ReadAction","target":["https:\/\/www.purhotmelt.com\/nb\/reactive-hot-melt-adhesives\/"]}]},{"@type":"BreadcrumbList","@id":"https:\/\/www.purhotmelt.com\/nb\/reactive-hot-melt-adhesives\/#breadcrumb","itemListElement":[{"@type":"ListItem","position":1,"name":"Home","item":"https:\/\/www.purhotmelt.com\/"},{"@type":"ListItem","position":2,"name":"Reactive hot melt adhesives"}]}]}},"_links":{"self":[{"href":"https:\/\/www.purhotmelt.com\/de\/wp-json\/wp\/v2\/pages\/23","targetHints":{"allow":["GET"]}}],"collection":[{"href":"https:\/\/www.purhotmelt.com\/de\/wp-json\/wp\/v2\/pages"}],"about":[{"href":"https:\/\/www.purhotmelt.com\/de\/wp-json\/wp\/v2\/types\/page"}],"author":[{"embeddable":true,"href":"https:\/\/www.purhotmelt.com\/de\/wp-json\/wp\/v2\/users\/1"}],"replies":[{"embeddable":true,"href":"https:\/\/www.purhotmelt.com\/de\/wp-json\/wp\/v2\/comments?post=23"}],"version-history":[{"count":1,"href":"https:\/\/www.purhotmelt.com\/de\/wp-json\/wp\/v2\/pages\/23\/revisions"}],"predecessor-version":[{"id":25,"href":"https:\/\/www.purhotmelt.com\/de\/wp-json\/wp\/v2\/pages\/23\/revisions\/25"}],"wp:attachment":[{"href":"https:\/\/www.purhotmelt.com\/de\/wp-json\/wp\/v2\/media?parent=23"}],"curies":[{"name":"wp","href":"https:\/\/api.w.org\/{rel}","templated":true}]}}