{"id":230,"date":"2021-01-20T22:14:15","date_gmt":"2021-01-20T22:14:15","guid":{"rendered":"https:\/\/www.purhotmelt.com\/?page_id=230"},"modified":"2021-01-20T22:14:16","modified_gmt":"2021-01-20T22:14:16","slug":"paper-and-packaging-hot-melt-adhesives","status":"publish","type":"page","link":"https:\/\/www.purhotmelt.com\/de\/paper-and-packaging-hot-melt-adhesives\/","title":{"rendered":"PAPIER UND VERPACKUNG VON HEISSEN SCHMELZKLEBSTOFFEN"},"content":{"rendered":"<p>Das Angebot an Schmelzklebstoffen von Intercol ist auf spezielle Anwendungen wie Kartonversiegelung, Flaschenetikettierung, Strohhalmbefestigung, Papiert\u00fctenherstellung, T\u00fctenmontage usw. ausgerichtet. Durch kontinuierliche Innovation entwickelt Intercol neue Qualit\u00e4ten, die die Produktionsprozesse unserer Kunden immer effizienter machen. Unsere wei\u00dfen Schmelzklebstoffe auf Basis von EVA und Metallocen-Polyolefin (mPO) bieten Vorteile wie weniger Ausfallzeiten, weniger und einfachere Wartung, keine D\u00e4mpfe, lebensmittelechte Zertifizierung und problemlosen Betrieb. Wir bieten auch eine Reihe von Schmelzklebestiften f\u00fcr Inbetriebnahmezwecke, Forschung und Entwicklung oder manuelle Reparaturen an. Durch das Angebot von Schmelzklebstoffen mit geringem Geruch, kein Verkohlen, kein Gelieren, kein Fadenziehen, geringe Dichte und hohe Haftfestigkeit, eine breite Umgebungstemperatur, sind unsere Schmelzklebstoffe eine der vielseitigsten Qualit\u00e4ten, die Kosten sparen und eine bessere Effizienz erzielen k\u00f6nnen f\u00fcr die Kunden.<\/p>\n\n\n\n<p>Unser White EVA und Pololefine Hotmelt-Sortiment hat die Leistung von Schmelzklebstoffen f\u00fcr Endverpackungen auf ein hohes Niveau gehoben. Technisch ausgereift und extrem vielseitig, k\u00f6nnen Polyolefine-Schmelzklebstoffe mit fast jeder Verpackungsmaschine, Kartonqualit\u00e4t und Verpackungsformat verwendet werden.<\/p>\n\n\n\n<p>Auch unser Sortiment an Schmelzklebstoffen, die speziell f\u00fcr den Einsatz im nicht standardm\u00e4\u00dfigen anspruchsvollen Geh\u00e4usebau entwickelt wurden, ist sehr gro\u00df. Wir bieten mehr als 500 Verpackungs-Hotmelt-Typen an, 150 Typen sind ab Lager verf\u00fcgbar. F\u00fcr hohe Anforderungen im Tiefk\u00fchlbereich (EHM 5114), hohe Temperaturbest\u00e4ndigkeit (EHM 9244), niedrige Anwendungstemperatur (EHM 5116), kein Fadenziehen (EHM 5108) oder extrem schnelle Abbindezeit (0,1 Sekunden, EHM 5084) l\u00f6sen wir die anspruchsvollsten Anwendungen perfekt laufen. Egal, ob Sie Kartonversiegelungs- oder Schalenformungsanwendungen bedienen. F\u00fcr Healthcare- und Pharmaverpackungen bieten wir wesentliche Qualit\u00e4tszertifikate an, um die Verklebung und Manipulationssicherheit zu gew\u00e4hrleisten. Dar\u00fcber hinaus bieten diese Schmelzklebstoffe eine zus\u00e4tzliche Packungskonstruktion und Siegelfestigkeit.<\/p>","protected":false},"excerpt":{"rendered":"<p>Intercol\u2019s range of\u00a0hot melt adhesives\u00a0is targeted on special applications such as\u00a0carto sealing, bottle labeling, straw attachment, [&hellip;]<\/p>","protected":false},"author":1,"featured_media":0,"parent":0,"menu_order":0,"comment_status":"closed","ping_status":"closed","template":"","meta":{"footnotes":""},"class_list":["post-230","page","type-page","status-publish","hentry"],"yoast_head":"<!-- This site is optimized with the Yoast SEO plugin v17.0 - https:\/\/yoast.com\/wordpress\/plugins\/seo\/ -->\n<title>PAPER AND PACKAGING HOT MELT ADHESIVES - PUR hot melt adhesives<\/title>\n<meta name=\"robots\" content=\"index, follow, max-snippet:-1, max-image-preview:large, max-video-preview:-1\" \/>\n<link rel=\"canonical\" href=\"https:\/\/www.purhotmelt.com\/de\/paper-and-packaging-hot-melt-adhesives\/\" \/>\n<meta property=\"og:locale\" content=\"de_DE\" \/>\n<meta property=\"og:type\" content=\"article\" \/>\n<meta property=\"og:title\" content=\"PAPER AND PACKAGING HOT MELT ADHESIVES - PUR hot melt adhesives\" \/>\n<meta property=\"og:description\" content=\"Intercol\u2019s range of\u00a0hot melt adhesives\u00a0is targeted on special applications such as\u00a0carto sealing, bottle labeling, straw attachment, [&hellip;]\" \/>\n<meta property=\"og:url\" content=\"https:\/\/www.purhotmelt.com\/de\/paper-and-packaging-hot-melt-adhesives\/\" \/>\n<meta property=\"og:site_name\" content=\"PUR hot melt adhesives\" \/>\n<meta property=\"article:modified_time\" content=\"2021-01-20T22:14:16+00:00\" \/>\n<meta name=\"twitter:card\" content=\"summary_large_image\" \/>\n<meta name=\"twitter:label1\" content=\"Gesch\u00e4tzte Lesezeit\" \/>\n\t<meta name=\"twitter:data1\" content=\"1\u00a0Minute\" \/>\n<script type=\"application\/ld+json\" class=\"yoast-schema-graph\">{\"@context\":\"https:\/\/schema.org\",\"@graph\":[{\"@type\":\"WebSite\",\"@id\":\"https:\/\/www.purhotmelt.com\/#website\",\"url\":\"https:\/\/www.purhotmelt.com\/\",\"name\":\"PUR hot melt adhesives\",\"description\":\"Intercol: Specialist manufacturer\",\"potentialAction\":[{\"@type\":\"SearchAction\",\"target\":{\"@type\":\"EntryPoint\",\"urlTemplate\":\"https:\/\/www.purhotmelt.com\/?s={search_term_string}\"},\"query-input\":\"required name=search_term_string\"}],\"inLanguage\":\"de\"},{\"@type\":\"WebPage\",\"@id\":\"https:\/\/www.purhotmelt.com\/nl\/paper-and-packaging-hot-melt-adhesives\/#webpage\",\"url\":\"https:\/\/www.purhotmelt.com\/nl\/paper-and-packaging-hot-melt-adhesives\/\",\"name\":\"PAPER AND PACKAGING HOT MELT ADHESIVES - PUR hot melt adhesives\",\"isPartOf\":{\"@id\":\"https:\/\/www.purhotmelt.com\/#website\"},\"datePublished\":\"2021-01-20T22:14:15+00:00\",\"dateModified\":\"2021-01-20T22:14:16+00:00\",\"breadcrumb\":{\"@id\":\"https:\/\/www.purhotmelt.com\/nl\/paper-and-packaging-hot-melt-adhesives\/#breadcrumb\"},\"inLanguage\":\"de\",\"potentialAction\":[{\"@type\":\"ReadAction\",\"target\":[\"https:\/\/www.purhotmelt.com\/nl\/paper-and-packaging-hot-melt-adhesives\/\"]}]},{\"@type\":\"BreadcrumbList\",\"@id\":\"https:\/\/www.purhotmelt.com\/nl\/paper-and-packaging-hot-melt-adhesives\/#breadcrumb\",\"itemListElement\":[{\"@type\":\"ListItem\",\"position\":1,\"name\":\"Home\",\"item\":\"https:\/\/www.purhotmelt.com\/\"},{\"@type\":\"ListItem\",\"position\":2,\"name\":\"PAPER AND PACKAGING HOT MELT ADHESIVES\"}]}]}<\/script>\n<!-- \/ Yoast SEO plugin. -->","yoast_head_json":{"title":"PAPIER UND VERPACKUNGEN HEISSLEMKLEBSTOFFE - PUR-Schmelzklebstoffe","robots":{"index":"index","follow":"follow","max-snippet":"max-snippet:-1","max-image-preview":"max-image-preview:large","max-video-preview":"max-video-preview:-1"},"canonical":"https:\/\/www.purhotmelt.com\/de\/paper-and-packaging-hot-melt-adhesives\/","og_locale":"de_DE","og_type":"article","og_title":"PAPER AND PACKAGING HOT MELT ADHESIVES - PUR hot melt adhesives","og_description":"Intercol\u2019s range of\u00a0hot melt adhesives\u00a0is targeted on special applications such as\u00a0carto sealing, bottle labeling, straw attachment, [&hellip;]","og_url":"https:\/\/www.purhotmelt.com\/de\/paper-and-packaging-hot-melt-adhesives\/","og_site_name":"PUR hot melt adhesives","article_modified_time":"2021-01-20T22:14:16+00:00","twitter_card":"summary_large_image","twitter_misc":{"Gesch\u00e4tzte Lesezeit":"1\u00a0Minute"},"schema":{"@context":"https:\/\/schema.org","@graph":[{"@type":"WebSite","@id":"https:\/\/www.purhotmelt.com\/#website","url":"https:\/\/www.purhotmelt.com\/","name":"PUR-Schmelzklebstoffe","description":"Intercol: Fachhersteller","potentialAction":[{"@type":"SearchAction","target":{"@type":"EntryPoint","urlTemplate":"https:\/\/www.purhotmelt.com\/?s={search_term_string}"},"query-input":"required name=search_term_string"}],"inLanguage":"de"},{"@type":"WebPage","@id":"https:\/\/www.purhotmelt.com\/nl\/paper-and-packaging-hot-melt-adhesives\/#webpage","url":"https:\/\/www.purhotmelt.com\/nl\/paper-and-packaging-hot-melt-adhesives\/","name":"PAPIER UND VERPACKUNGEN HEISSLEMKLEBSTOFFE - PUR-Schmelzklebstoffe","isPartOf":{"@id":"https:\/\/www.purhotmelt.com\/#website"},"datePublished":"2021-01-20T22:14:15+00:00","dateModified":"2021-01-20T22:14:16+00:00","breadcrumb":{"@id":"https:\/\/www.purhotmelt.com\/nl\/paper-and-packaging-hot-melt-adhesives\/#breadcrumb"},"inLanguage":"de","potentialAction":[{"@type":"ReadAction","target":["https:\/\/www.purhotmelt.com\/nl\/paper-and-packaging-hot-melt-adhesives\/"]}]},{"@type":"BreadcrumbList","@id":"https:\/\/www.purhotmelt.com\/nl\/paper-and-packaging-hot-melt-adhesives\/#breadcrumb","itemListElement":[{"@type":"ListItem","position":1,"name":"Home","item":"https:\/\/www.purhotmelt.com\/"},{"@type":"ListItem","position":2,"name":"PAPER AND PACKAGING HOT MELT ADHESIVES"}]}]}},"_links":{"self":[{"href":"https:\/\/www.purhotmelt.com\/de\/wp-json\/wp\/v2\/pages\/230","targetHints":{"allow":["GET"]}}],"collection":[{"href":"https:\/\/www.purhotmelt.com\/de\/wp-json\/wp\/v2\/pages"}],"about":[{"href":"https:\/\/www.purhotmelt.com\/de\/wp-json\/wp\/v2\/types\/page"}],"author":[{"embeddable":true,"href":"https:\/\/www.purhotmelt.com\/de\/wp-json\/wp\/v2\/users\/1"}],"replies":[{"embeddable":true,"href":"https:\/\/www.purhotmelt.com\/de\/wp-json\/wp\/v2\/comments?post=230"}],"version-history":[{"count":1,"href":"https:\/\/www.purhotmelt.com\/de\/wp-json\/wp\/v2\/pages\/230\/revisions"}],"predecessor-version":[{"id":232,"href":"https:\/\/www.purhotmelt.com\/de\/wp-json\/wp\/v2\/pages\/230\/revisions\/232"}],"wp:attachment":[{"href":"https:\/\/www.purhotmelt.com\/de\/wp-json\/wp\/v2\/media?parent=230"}],"curies":[{"name":"wp","href":"https:\/\/api.w.org\/{rel}","templated":true}]}}