{"id":233,"date":"2021-01-20T22:15:35","date_gmt":"2021-01-20T22:15:35","guid":{"rendered":"https:\/\/www.purhotmelt.com\/?page_id=233"},"modified":"2021-01-20T22:15:36","modified_gmt":"2021-01-20T22:15:36","slug":"hot-melt-definition","status":"publish","type":"page","link":"https:\/\/www.purhotmelt.com\/de\/hot-melt-definition\/","title":{"rendered":"HOT MELT DEFINITION"},"content":{"rendered":"<h1 class=\"wp-block-heading\"><\/h1>\n\n\n\n<p>Hot Melt ist ein Klebstoff mit 100% Feststoffen. Es wird in geschmolzenem Zustand angewendet und wird beim Abk\u00fchlen auf Raumtemperatur st\u00e4rker. Aufgrund des gro\u00dfen Unterschieds zwischen der bei 160 \u00b0 C \u00fcblichen Anwendungstemperatur und der Raumtemperatur von 20 \u00b0 C lassen sich Schmelzklebstoffe schnell abbinden<strong>.<\/strong><\/p>\n\n\n\n<p>Bei Verwendung dieser Funktion ist es wichtig, die kritischen Eigenschaften und Parameter von Schmelzklebstoffen zu kennen.<\/p>\n\n\n\n<h2 class=\"wp-block-heading\">STANDARD HEISSE SCHMELZKLEBSTOFFE SIND THERMOPLASTISCH<\/h2>\n\n\n\n<p>Die meisten Schmelzklebstoffe basieren auf EVA oder PO (Polyolefin, Metallocen). In den meisten Formulierungen enthalten diese Klebstoffe eine betr\u00e4chtliche Menge an Klebrigmacherharzen und Wachsen. Klebrigmacherharze verbessern die Haftung und die Gr\u00fcnfestigkeit eines Klebstoffs. Wachse werden meistens hinzugef\u00fcgt, um die Viskosit\u00e4t f\u00fcr Anwendungszwecke zu verringern und die endg\u00fcltige Hei\u00dfschmelze schneller einzustellen.<\/p>\n\n\n\n<p>Einige andere thermpoplastische Typen k\u00f6nnen PolyAmide- oder PolyEsther-Schmelzklebstoffe sein. Diese typischen Qualit\u00e4ten sind normalerweise keine Mischung aus Polymeren.<\/p>\n\n\n\n<h2 class=\"wp-block-heading\">REAKTIVES HEISSES SCHMELZKLEBSTOFF (PUR)<\/h2>\n\n\n\n<p>PUR-Schmelzklebstoff kombiniert das schnell abbindende Schmelzklebstoff mit der dauerhaften Haftung eines aush\u00e4rtenden Klebstoffs. Die meisten reaktiven Schmelzklebstoffe basieren auf PUR (Polyurethan). Polyurethanklebstoffe sind keine typische Mischung, sondern eher ein Polymer mit einigen geringf\u00fcgigen Zus\u00e4tzen als Haftvermittler, Antioxidationsmittel, UV-Stabilisatoren und Flammschutzmittel. Diese Additive k\u00f6nnen der Bindung einen Mehrwert verleihen, wenn anscheinend bereits eine PUR-Schmelzschmelze erforderlich war, um eine dauerhaftere Bindung herzustellen. Eine spezielle Gruppe von reaktiven Schmelzklebstoffen sind die POR-Schmelzklebstoffe.<\/p>\n\n\n\n<h2 class=\"wp-block-heading\">TEMPERATUR EINFL\u00dcSSE UND EINSTELLUNGEN<\/h2>\n\n\n\n<p>Die Temperatur ist ein sehr wichtiger Parameter f\u00fcr Schmelzklebstoffe. Die Temperatur des Schmelzklebstoffs selbst ist wichtig, um eine gute Anwendung und Maschinenlauff\u00e4higkeit zu gew\u00e4hrleisten. Die Temperatur des Substrats kann zu hoch sein, was zu einer langsamen Abbindegeschwindigkeit f\u00fchrt, oder zu niedrig, was zu einer schlechten Bindung f\u00fchren kann. Dar\u00fcber hinaus k\u00f6nnen durch Schmelzklebstoffe realisierte Bindungen durch hohe oder niedrige Temperaturen beeinflusst werden. Bei hohen Temperaturen k\u00f6nnen Bindungen flexibler werden und schlie\u00dflich sogar versagen. Bei thermoplastischen Schmelzklebstoffen k\u00f6nnen die kritischen Temperaturen typischerweise von + 40 \u00b0 C bis + 90 \u00b0 C variieren, nat\u00fcrlich abh\u00e4ngig von der verwendeten Schmelzsorte. Kritische Temperaturen k\u00f6nnen auch ab -40 \u00b0 C auftreten<strong>C.<\/strong>&nbsp;bis zu + 5 \u00b0 C, da Schmelzklebstoffe an Flexibilit\u00e4t verlieren und daher leicht Risse und eine lockere Haftung auf Substraten aufweisen k\u00f6nnen<strong>.<\/strong><\/p>\n\n\n\n<h2 class=\"wp-block-heading\">TYPISCHE PARAMATER VON HEISSEN SCHMELZKLEBSTOFFEN<\/h2>\n\n\n\n<p>Die typischsten Parameter von Schmelzklebstoffen sind der Schmelzpunkt und die Viskosit\u00e4t. Dies sind Standardparameter, die in Datenbl\u00e4ttern aufgef\u00fchrt sind. Andere spezifische Eigenschaften sind \u00d6ffnungszeit, Abbindegeschwindigkeit und Haftfestigkeit. Diese Werte h\u00e4ngen jedoch von den Substraten und der Anwendungsumgebung ab.<\/p>","protected":false},"excerpt":{"rendered":"<p>Hot melt is an adhesive, with 100% solids. It\u2019s applied in molten state and becomes stronger [&hellip;]<\/p>","protected":false},"author":1,"featured_media":0,"parent":0,"menu_order":0,"comment_status":"closed","ping_status":"closed","template":"","meta":{"footnotes":""},"class_list":["post-233","page","type-page","status-publish","hentry"],"yoast_head":"<!-- This site is optimized with the Yoast SEO plugin v17.0 - https:\/\/yoast.com\/wordpress\/plugins\/seo\/ -->\n<title>HOT MELT DEFINITION - PUR hot melt adhesives<\/title>\n<meta name=\"robots\" content=\"index, follow, max-snippet:-1, max-image-preview:large, max-video-preview:-1\" \/>\n<link rel=\"canonical\" href=\"https:\/\/www.purhotmelt.com\/de\/hot-melt-definition\/\" \/>\n<meta property=\"og:locale\" content=\"de_DE\" \/>\n<meta property=\"og:type\" content=\"article\" \/>\n<meta property=\"og:title\" content=\"HOT MELT DEFINITION - PUR hot melt adhesives\" \/>\n<meta property=\"og:description\" content=\"Hot melt is an adhesive, with 100% solids. It\u2019s applied in molten state and becomes stronger [&hellip;]\" \/>\n<meta property=\"og:url\" content=\"https:\/\/www.purhotmelt.com\/de\/hot-melt-definition\/\" \/>\n<meta property=\"og:site_name\" content=\"PUR hot melt adhesives\" \/>\n<meta property=\"article:modified_time\" content=\"2021-01-20T22:15:36+00:00\" \/>\n<meta name=\"twitter:card\" content=\"summary_large_image\" \/>\n<meta name=\"twitter:label1\" content=\"Gesch\u00e4tzte Lesezeit\" \/>\n\t<meta name=\"twitter:data1\" content=\"2\u00a0Minuten\" \/>\n<script type=\"application\/ld+json\" class=\"yoast-schema-graph\">{\"@context\":\"https:\/\/schema.org\",\"@graph\":[{\"@type\":\"WebSite\",\"@id\":\"https:\/\/www.purhotmelt.com\/#website\",\"url\":\"https:\/\/www.purhotmelt.com\/\",\"name\":\"PUR hot melt adhesives\",\"description\":\"Intercol: Specialist manufacturer\",\"potentialAction\":[{\"@type\":\"SearchAction\",\"target\":{\"@type\":\"EntryPoint\",\"urlTemplate\":\"https:\/\/www.purhotmelt.com\/?s={search_term_string}\"},\"query-input\":\"required name=search_term_string\"}],\"inLanguage\":\"de\"},{\"@type\":\"WebPage\",\"@id\":\"https:\/\/www.purhotmelt.com\/nb\/hot-melt-definition\/#webpage\",\"url\":\"https:\/\/www.purhotmelt.com\/nb\/hot-melt-definition\/\",\"name\":\"HOT MELT DEFINITION - PUR hot melt adhesives\",\"isPartOf\":{\"@id\":\"https:\/\/www.purhotmelt.com\/#website\"},\"datePublished\":\"2021-01-20T22:15:35+00:00\",\"dateModified\":\"2021-01-20T22:15:36+00:00\",\"breadcrumb\":{\"@id\":\"https:\/\/www.purhotmelt.com\/nb\/hot-melt-definition\/#breadcrumb\"},\"inLanguage\":\"de\",\"potentialAction\":[{\"@type\":\"ReadAction\",\"target\":[\"https:\/\/www.purhotmelt.com\/nb\/hot-melt-definition\/\"]}]},{\"@type\":\"BreadcrumbList\",\"@id\":\"https:\/\/www.purhotmelt.com\/nb\/hot-melt-definition\/#breadcrumb\",\"itemListElement\":[{\"@type\":\"ListItem\",\"position\":1,\"name\":\"Home\",\"item\":\"https:\/\/www.purhotmelt.com\/\"},{\"@type\":\"ListItem\",\"position\":2,\"name\":\"HOT MELT DEFINITION\"}]}]}<\/script>\n<!-- \/ Yoast SEO plugin. -->","yoast_head_json":{"title":"HOT MELT DEFINITION - PUR-Schmelzklebstoffe","robots":{"index":"index","follow":"follow","max-snippet":"max-snippet:-1","max-image-preview":"max-image-preview:large","max-video-preview":"max-video-preview:-1"},"canonical":"https:\/\/www.purhotmelt.com\/de\/hot-melt-definition\/","og_locale":"de_DE","og_type":"article","og_title":"HOT MELT DEFINITION - PUR hot melt adhesives","og_description":"Hot melt is an adhesive, with 100% solids. It\u2019s applied in molten state and becomes stronger [&hellip;]","og_url":"https:\/\/www.purhotmelt.com\/de\/hot-melt-definition\/","og_site_name":"PUR hot melt adhesives","article_modified_time":"2021-01-20T22:15:36+00:00","twitter_card":"summary_large_image","twitter_misc":{"Gesch\u00e4tzte Lesezeit":"2\u00a0Minuten"},"schema":{"@context":"https:\/\/schema.org","@graph":[{"@type":"WebSite","@id":"https:\/\/www.purhotmelt.com\/#website","url":"https:\/\/www.purhotmelt.com\/","name":"PUR-Schmelzklebstoffe","description":"Intercol: Fachhersteller","potentialAction":[{"@type":"SearchAction","target":{"@type":"EntryPoint","urlTemplate":"https:\/\/www.purhotmelt.com\/?s={search_term_string}"},"query-input":"required name=search_term_string"}],"inLanguage":"de"},{"@type":"WebPage","@id":"https:\/\/www.purhotmelt.com\/nb\/hot-melt-definition\/#webpage","url":"https:\/\/www.purhotmelt.com\/nb\/hot-melt-definition\/","name":"HOT MELT DEFINITION - PUR-Schmelzklebstoffe","isPartOf":{"@id":"https:\/\/www.purhotmelt.com\/#website"},"datePublished":"2021-01-20T22:15:35+00:00","dateModified":"2021-01-20T22:15:36+00:00","breadcrumb":{"@id":"https:\/\/www.purhotmelt.com\/nb\/hot-melt-definition\/#breadcrumb"},"inLanguage":"de","potentialAction":[{"@type":"ReadAction","target":["https:\/\/www.purhotmelt.com\/nb\/hot-melt-definition\/"]}]},{"@type":"BreadcrumbList","@id":"https:\/\/www.purhotmelt.com\/nb\/hot-melt-definition\/#breadcrumb","itemListElement":[{"@type":"ListItem","position":1,"name":"Home","item":"https:\/\/www.purhotmelt.com\/"},{"@type":"ListItem","position":2,"name":"HOT MELT DEFINITION"}]}]}},"_links":{"self":[{"href":"https:\/\/www.purhotmelt.com\/de\/wp-json\/wp\/v2\/pages\/233","targetHints":{"allow":["GET"]}}],"collection":[{"href":"https:\/\/www.purhotmelt.com\/de\/wp-json\/wp\/v2\/pages"}],"about":[{"href":"https:\/\/www.purhotmelt.com\/de\/wp-json\/wp\/v2\/types\/page"}],"author":[{"embeddable":true,"href":"https:\/\/www.purhotmelt.com\/de\/wp-json\/wp\/v2\/users\/1"}],"replies":[{"embeddable":true,"href":"https:\/\/www.purhotmelt.com\/de\/wp-json\/wp\/v2\/comments?post=233"}],"version-history":[{"count":1,"href":"https:\/\/www.purhotmelt.com\/de\/wp-json\/wp\/v2\/pages\/233\/revisions"}],"predecessor-version":[{"id":235,"href":"https:\/\/www.purhotmelt.com\/de\/wp-json\/wp\/v2\/pages\/233\/revisions\/235"}],"wp:attachment":[{"href":"https:\/\/www.purhotmelt.com\/de\/wp-json\/wp\/v2\/media?parent=233"}],"curies":[{"name":"wp","href":"https:\/\/api.w.org\/{rel}","templated":true}]}}