{"id":245,"date":"2021-01-20T22:21:35","date_gmt":"2021-01-20T22:21:35","guid":{"rendered":"https:\/\/www.purhotmelt.com\/?page_id=245"},"modified":"2021-01-20T22:21:36","modified_gmt":"2021-01-20T22:21:36","slug":"adhesive-range-for-holweg-weber-r26","status":"publish","type":"page","link":"https:\/\/www.purhotmelt.com\/de\/adhesive-range-for-holweg-weber-r26\/","title":{"rendered":"KLEBERBEREICH F\u00dcR HOLWEG WEBER R26"},"content":{"rendered":"<h1 class=\"wp-block-heading\"><\/h1>\n\n\n\n<p>Intercol ist ein Klebstoffhersteller f\u00fcr die Verarbeitung und Verklebung verschiedener Papiere und Kartons.<\/p>\n\n\n\n<p>Unser Klebstoffsortiment umfasst eine Reihe von wasserbasierten Hybrid-, synthetischen und st\u00e4rkebasierten Etikettierungs- und Papiert\u00fcten, Flach- und Schulranzen, geklebten Fenstern und Produktionsklebstoffen.<br>Dieser Spezialleim wird als Langnahtleim f\u00fcr Paraffins\u00e4cke auf einer Holweg Papiert\u00fcten-Produktionsmaschine verwendet.<br>Es handelt sich um Lebensmittelverpackungen (BRC)<br>Klebstoffauftragsger\u00e4t: Spr\u00fchsystem<br>Substrate: Paraffinpapier; keine Substrate vorhanden.<\/p>\n\n\n\n<p>FORSCHUNGS-Anforderungen.<\/p>\n\n\n\n<p>Getestet wird auf Paraffinpapier, das relativ leicht zu kleben und zu kleben ist. Auch Tests auf stark paraffiniertem Papier werden durchgef\u00fchrt.<\/p>\n\n\n\n<p>KOMMENTARE UND SCHLUSSFOLGERUNG<\/p>\n\n\n\n<p>Vorschlag: 1) K3508<br>2) K1146 wenn die beste Haftung erreicht werden soll,<\/p>\n\n\n\n<p>Hinweis: AA 612 ist ein stark klebriger Klebstoff; es ist schwieriger zu reinigen und zu verarbeiten als K 3508<\/p>\n\n\n\n<p>Beide sind nach europ\u00e4ischen und US-amerikanischen Vorschriften zum Kleben von Lebensmittelverpackungen geeignet und zul\u00e4ssig.<\/p>\n\n\n\n<p>Tabelle 1: \u00dcbersicht der physikalischen Werte von Mitbewerber und neuem Vorschlag<\/p>\n\n\n\n<p>Konkurrenzkleber<br>VA 557\/3<br>AA 612<\/p>","protected":false},"excerpt":{"rendered":"<p>Intercol is an adhesives manufacturer for the processing and gluing of various&nbsp; paper and Boards. Our [&hellip;]<\/p>","protected":false},"author":1,"featured_media":0,"parent":0,"menu_order":0,"comment_status":"closed","ping_status":"closed","template":"","meta":{"footnotes":""},"class_list":["post-245","page","type-page","status-publish","hentry"],"yoast_head":"<!-- This site is optimized with the Yoast SEO plugin v17.0 - https:\/\/yoast.com\/wordpress\/plugins\/seo\/ -->\n<title>ADHESIVE RANGE FOR HOLWEG WEBER R26 - PUR hot melt adhesives<\/title>\n<meta name=\"robots\" content=\"index, follow, max-snippet:-1, max-image-preview:large, max-video-preview:-1\" \/>\n<link rel=\"canonical\" href=\"https:\/\/www.purhotmelt.com\/de\/adhesive-range-for-holweg-weber-r26\/\" \/>\n<meta property=\"og:locale\" content=\"de_DE\" \/>\n<meta property=\"og:type\" content=\"article\" \/>\n<meta property=\"og:title\" content=\"ADHESIVE RANGE FOR HOLWEG WEBER R26 - PUR hot melt adhesives\" \/>\n<meta property=\"og:description\" content=\"Intercol is an adhesives manufacturer for the processing and gluing of various&nbsp; paper and Boards. Our [&hellip;]\" \/>\n<meta property=\"og:url\" content=\"https:\/\/www.purhotmelt.com\/de\/adhesive-range-for-holweg-weber-r26\/\" \/>\n<meta property=\"og:site_name\" content=\"PUR hot melt adhesives\" \/>\n<meta property=\"article:modified_time\" content=\"2021-01-20T22:21:36+00:00\" \/>\n<meta name=\"twitter:card\" content=\"summary_large_image\" \/>\n<meta name=\"twitter:label1\" content=\"Gesch\u00e4tzte Lesezeit\" \/>\n\t<meta name=\"twitter:data1\" content=\"1\u00a0Minute\" \/>\n<script type=\"application\/ld+json\" class=\"yoast-schema-graph\">{\"@context\":\"https:\/\/schema.org\",\"@graph\":[{\"@type\":\"WebSite\",\"@id\":\"https:\/\/www.purhotmelt.com\/#website\",\"url\":\"https:\/\/www.purhotmelt.com\/\",\"name\":\"PUR hot melt adhesives\",\"description\":\"Intercol: Specialist manufacturer\",\"potentialAction\":[{\"@type\":\"SearchAction\",\"target\":{\"@type\":\"EntryPoint\",\"urlTemplate\":\"https:\/\/www.purhotmelt.com\/?s={search_term_string}\"},\"query-input\":\"required name=search_term_string\"}],\"inLanguage\":\"de\"},{\"@type\":\"WebPage\",\"@id\":\"https:\/\/www.purhotmelt.com\/fr\/adhesive-range-for-holweg-weber-r26\/#webpage\",\"url\":\"https:\/\/www.purhotmelt.com\/fr\/adhesive-range-for-holweg-weber-r26\/\",\"name\":\"ADHESIVE RANGE FOR HOLWEG WEBER R26 - PUR hot melt adhesives\",\"isPartOf\":{\"@id\":\"https:\/\/www.purhotmelt.com\/#website\"},\"datePublished\":\"2021-01-20T22:21:35+00:00\",\"dateModified\":\"2021-01-20T22:21:36+00:00\",\"breadcrumb\":{\"@id\":\"https:\/\/www.purhotmelt.com\/fr\/adhesive-range-for-holweg-weber-r26\/#breadcrumb\"},\"inLanguage\":\"de\",\"potentialAction\":[{\"@type\":\"ReadAction\",\"target\":[\"https:\/\/www.purhotmelt.com\/fr\/adhesive-range-for-holweg-weber-r26\/\"]}]},{\"@type\":\"BreadcrumbList\",\"@id\":\"https:\/\/www.purhotmelt.com\/fr\/adhesive-range-for-holweg-weber-r26\/#breadcrumb\",\"itemListElement\":[{\"@type\":\"ListItem\",\"position\":1,\"name\":\"Home\",\"item\":\"https:\/\/www.purhotmelt.com\/\"},{\"@type\":\"ListItem\",\"position\":2,\"name\":\"ADHESIVE RANGE FOR HOLWEG WEBER R26\"}]}]}<\/script>\n<!-- \/ Yoast SEO plugin. -->","yoast_head_json":{"title":"KLEBSTOFFPROGRAMM F\u00dcR HOLWEG WEBER R26 - PUR-Schmelzklebstoffe","robots":{"index":"index","follow":"follow","max-snippet":"max-snippet:-1","max-image-preview":"max-image-preview:large","max-video-preview":"max-video-preview:-1"},"canonical":"https:\/\/www.purhotmelt.com\/de\/adhesive-range-for-holweg-weber-r26\/","og_locale":"de_DE","og_type":"article","og_title":"ADHESIVE RANGE FOR HOLWEG WEBER R26 - PUR hot melt adhesives","og_description":"Intercol is an adhesives manufacturer for the processing and gluing of various&nbsp; paper and Boards. Our [&hellip;]","og_url":"https:\/\/www.purhotmelt.com\/de\/adhesive-range-for-holweg-weber-r26\/","og_site_name":"PUR hot melt adhesives","article_modified_time":"2021-01-20T22:21:36+00:00","twitter_card":"summary_large_image","twitter_misc":{"Gesch\u00e4tzte Lesezeit":"1\u00a0Minute"},"schema":{"@context":"https:\/\/schema.org","@graph":[{"@type":"WebSite","@id":"https:\/\/www.purhotmelt.com\/#website","url":"https:\/\/www.purhotmelt.com\/","name":"PUR-Schmelzklebstoffe","description":"Intercol: Fachhersteller","potentialAction":[{"@type":"SearchAction","target":{"@type":"EntryPoint","urlTemplate":"https:\/\/www.purhotmelt.com\/?s={search_term_string}"},"query-input":"required name=search_term_string"}],"inLanguage":"de"},{"@type":"WebPage","@id":"https:\/\/www.purhotmelt.com\/fr\/adhesive-range-for-holweg-weber-r26\/#webpage","url":"https:\/\/www.purhotmelt.com\/fr\/adhesive-range-for-holweg-weber-r26\/","name":"KLEBSTOFFPROGRAMM F\u00dcR HOLWEG WEBER R26 - PUR-Schmelzklebstoffe","isPartOf":{"@id":"https:\/\/www.purhotmelt.com\/#website"},"datePublished":"2021-01-20T22:21:35+00:00","dateModified":"2021-01-20T22:21:36+00:00","breadcrumb":{"@id":"https:\/\/www.purhotmelt.com\/fr\/adhesive-range-for-holweg-weber-r26\/#breadcrumb"},"inLanguage":"de","potentialAction":[{"@type":"ReadAction","target":["https:\/\/www.purhotmelt.com\/fr\/adhesive-range-for-holweg-weber-r26\/"]}]},{"@type":"BreadcrumbList","@id":"https:\/\/www.purhotmelt.com\/fr\/adhesive-range-for-holweg-weber-r26\/#breadcrumb","itemListElement":[{"@type":"ListItem","position":1,"name":"Home","item":"https:\/\/www.purhotmelt.com\/"},{"@type":"ListItem","position":2,"name":"ADHESIVE RANGE FOR HOLWEG WEBER R26"}]}]}},"_links":{"self":[{"href":"https:\/\/www.purhotmelt.com\/de\/wp-json\/wp\/v2\/pages\/245","targetHints":{"allow":["GET"]}}],"collection":[{"href":"https:\/\/www.purhotmelt.com\/de\/wp-json\/wp\/v2\/pages"}],"about":[{"href":"https:\/\/www.purhotmelt.com\/de\/wp-json\/wp\/v2\/types\/page"}],"author":[{"embeddable":true,"href":"https:\/\/www.purhotmelt.com\/de\/wp-json\/wp\/v2\/users\/1"}],"replies":[{"embeddable":true,"href":"https:\/\/www.purhotmelt.com\/de\/wp-json\/wp\/v2\/comments?post=245"}],"version-history":[{"count":1,"href":"https:\/\/www.purhotmelt.com\/de\/wp-json\/wp\/v2\/pages\/245\/revisions"}],"predecessor-version":[{"id":247,"href":"https:\/\/www.purhotmelt.com\/de\/wp-json\/wp\/v2\/pages\/245\/revisions\/247"}],"wp:attachment":[{"href":"https:\/\/www.purhotmelt.com\/de\/wp-json\/wp\/v2\/media?parent=245"}],"curies":[{"name":"wp","href":"https:\/\/api.w.org\/{rel}","templated":true}]}}