{"id":254,"date":"2021-01-20T22:24:59","date_gmt":"2021-01-20T22:24:59","guid":{"rendered":"https:\/\/www.purhotmelt.com\/?page_id=254"},"modified":"2021-01-20T22:25:00","modified_gmt":"2021-01-20T22:25:00","slug":"low-application-temperature-hot-melt-adhesives","status":"publish","type":"page","link":"https:\/\/www.purhotmelt.com\/de\/low-application-temperature-hot-melt-adhesives\/","title":{"rendered":"NIEDRIGE ANWENDUNGSTEMPERATUR HEISSES SCHMELZKLEBSTOFF"},"content":{"rendered":"<h1 class=\"wp-block-heading\"><\/h1>\n\n\n\n<p>Die Verarbeitungstemperatur von Schmelzklebstoffen sollte auf dem technischen Datenblatt des Produkts angegeben werden, einige andere Details wie eine kurze Zusammenfassung der Verarbeitung und Viskosit\u00e4t sind ebenso hilfreich wie der Schmelzpunkt. Optionale Daten k\u00f6nnen die Zusammensetzung des Schmelzklebstoffs, seine Farbe und Form sein.<\/p>\n\n\n\n<h2 class=\"wp-block-heading\">NIEDRIGE ANWENDUNGSTEMPERATUR HEISSES SCHMELZKLEBSTOFF<\/h2>\n\n\n\n<p>Es gibt einen Trend zu Schmelzklebstoffen mit niedriger Anwendungstemperatur, aber diese k\u00f6nnen einige Nachteile haben. Die typische Temperatur von Standard-Schmelzklebstoffen in der Verpackungsindustrie betr\u00e4gt 160 \u00b0C, w\u00e4hrend der typische Schmelzklebstoff mit niedriger Anwendungstemperatur 120 \u00b0C betr\u00e4gt. Die zwei Hauptgr\u00fcnde f\u00fcr die F\u00f6rderung von Schmelzklebstoffen mit niedriger Anwendungstemperatur sind:<\/p>\n\n\n\n<ul class=\"wp-block-list\"><li>Hohe Leistung bei einer Vielzahl von Anwendungen<ul><li>Schmelzklebstoffe mit niedriger Anwendungstemperatur erfordern Polymere mit niedrigem Schmelzpunkt. Diese Polymere decken ungef\u00e4hr nur 25% der Polymerverf\u00fcgbarkeit ab. Mit dem Fokus auf Schmelzklebstoffe mit Standardanwendungstemperatur erh\u00f6ht sich die Auswahl an Basispolymeren um 75% bis 100%. Also mehr Optionen, wenn Standard UND niedrige Anwendungstemperatur ber\u00fccksichtigt werden.<\/li><\/ul><\/li><li>Keine D\u00e4mpfe<ul><li>Hochwertige Schmelzklebstoffe rauchen nicht bei 160\u00b0C, auch nicht bei 180\u00b0C<\/li><\/ul><\/li><li>Geringerer Energieverbrauch<ul><li>Dies ist m\u00f6glich, und es k\u00f6nnte ein netter Nebeneffekt sein, solange Schmelzklebstoffe bei niedriger Temperatur den Verbrauch (die Menge) und die Linieneffizienz sparen (keine Maschinenstopps oder langsamere Verarbeitungszeit der Verpackungsmaschine). Es kann als \u201eein Tropfen auf den hei\u00dfen Stein\u201c betrachtet werden.<\/li><\/ul><\/li><li>Verbesserte Sicherheit<ul><li>Es ist auch ein Tropfen auf den hei\u00dfen Stein, Verbrennungen bei 120\u00b0C sind immer noch sehr gef\u00e4hrlich und die Sicherheitsmessungen entsprechen Verbrennungen bei 160\u00b0C. Investieren Sie lieber in geringen Klebstoffverbrauch, Wartung und Schulung. Weniger Maschinenunterbrechungen w\u00fcrden eher f\u00fcr ein steigendes Sicherheitsniveau sorgen.<\/li><\/ul><\/li><li>Durchschnittliche Verbrauchsreduzierung um 20 % gegen\u00fcber herk\u00f6mmlichen Schmelzklebstoffen<ul><li>Wahr; gegen Standard-gelbliches EVA. da die meisten Niedertemperatur-Schmelzklebstoffe auf Polyolefin basieren. Neue Polyolefin-Schmelzklebstoffe bei 160\u00b0C erm\u00f6glichen sogar einen geringeren Klebstoffverbrauch bis 60%. (So sind Niedertemperatur-Schmelzklebstoffe 50% weniger wirksam!)<\/li><\/ul><\/li><li>Problemlose Wartung<ul><li>Wahr; Eine niedrigere Anwendungstemperatur f\u00fchrt zu weniger Verkohlung und Alterung der Schmelzklebstoffe durch Oxidation. Aber auch hochwertiges wei\u00dfes EVA und hochwertiges Polyolefin sind bei 160 \u00b0C stabil.<\/li><\/ul><\/li><\/ul>\n\n\n\n<h2 class=\"wp-block-heading\">TEMPERATURBEST\u00c4NDIGKEIT<\/h2>\n\n\n\n<p>Viele Leute gehen davon aus, dass der Schmelzpunkt eines Schmelzklebstoffs der Hitzebest\u00e4ndigkeit eines Schmelzklebstoffs auf einer Verpackung entspricht. Da die meisten Schmelzklebstoffe thermoplastisch sind, werden sie auch weit unter dem Schmelzpunkt weicher. Der Schmelzpunkt ist nur der physikalische Punkt, an dem der feste Zustand fl\u00fcssig wird. Ein weiterer wichtiger Temperaturparameter eines Schmelzklebstoffs ist die&nbsp;<strong>EIN<\/strong>Dh\u00e4sion&nbsp;<strong>F<\/strong>alles<strong>&nbsp;T<\/strong>Emperatur, dies k\u00f6nnte ein Shear-SAFT und ein Peal-PAFT sein. Dies bedeutet die Temperatur, bei der ein Klebstoff unter Last nicht haftet.<\/p>\n\n\n\n<h2 class=\"wp-block-heading\">EINIGE TYPISCHE TEMPERATUREN VON VERPACKUNGSHEI\u00dfSCHMELZKLEbern.<\/h2>\n\n\n\n<figure class=\"wp-block-table\"><table><tbody><tr><td>Klebstoff<\/td><td>Anwendung<br>Temperatur<\/td><td>Schmelzen<br>Punkt<\/td><td>Adh\u00e4sion<br>Scheitern<br>Temperatur<\/td><\/tr><tr><td>Schmelzklebstoff mit niedriger Anwendungstemperatur<\/td><td>120\u00b0C<\/td><td>85\u00b0C<\/td><td>38\u00b0C<\/td><\/tr><tr><td>Hei\u00dfleim f\u00fcr Standardverpackungen<\/td><td>160\u00b0C<\/td><td>110\u00b0C<\/td><td>50\u00b0C<\/td><\/tr><tr><td>Hei\u00dfschmelzklebstoff mit hoher Hitzebest\u00e4ndigkeit<\/td><td>170\u00b0C<\/td><td>110\u00b0C<\/td><td>65\u00b0C<\/td><\/tr><\/tbody><\/table><\/figure>\n\n\n\n<h2 class=\"wp-block-heading\">FAZIT<\/h2>\n\n\n\n<p>Schmelzklebstoffe mit niedriger Anwendungstemperatur k\u00f6nnten eine Option sein, aber wir empfehlen, sich eher auf den gesamten Verpackungsprozess zu konzentrieren, um effizienter zu laufen. Dar\u00fcber hinaus besteht bei regul\u00e4ren Transporten insbesondere in, in und \u00fcber L\u00e4nder rund um den \u00c4quator die Gefahr einer Adh\u00e4sion. Bedenken Sie auch, dass in hei\u00dfen Sommern die Transporttemperaturen auch in L\u00e4ndern au\u00dferhalb des \u00c4quators immer h\u00e4ufiger \u00fcber 40\u00b0C steigen k\u00f6nnen.<\/p>","protected":false},"excerpt":{"rendered":"<p>The\u00a0application temperature of hot melt adhesives\u00a0should be presented on the Product Technical datasheet, som other details [&hellip;]<\/p>","protected":false},"author":1,"featured_media":0,"parent":0,"menu_order":0,"comment_status":"closed","ping_status":"closed","template":"","meta":{"footnotes":""},"class_list":["post-254","page","type-page","status-publish","hentry"],"yoast_head":"<!-- This site is optimized with the Yoast SEO plugin v17.0 - https:\/\/yoast.com\/wordpress\/plugins\/seo\/ -->\n<title>LOW APPLICATION TEMPERATURE HOT MELT ADHESIVES - PUR hot melt adhesives<\/title>\n<meta name=\"robots\" content=\"index, follow, max-snippet:-1, max-image-preview:large, max-video-preview:-1\" \/>\n<link rel=\"canonical\" href=\"https:\/\/www.purhotmelt.com\/de\/low-application-temperature-hot-melt-adhesives\/\" \/>\n<meta property=\"og:locale\" content=\"de_DE\" \/>\n<meta property=\"og:type\" content=\"article\" \/>\n<meta property=\"og:title\" content=\"LOW APPLICATION TEMPERATURE HOT MELT ADHESIVES - PUR hot melt adhesives\" \/>\n<meta property=\"og:description\" content=\"The\u00a0application temperature of hot melt adhesives\u00a0should be presented on the Product Technical datasheet, som other details [&hellip;]\" \/>\n<meta property=\"og:url\" content=\"https:\/\/www.purhotmelt.com\/de\/low-application-temperature-hot-melt-adhesives\/\" \/>\n<meta property=\"og:site_name\" content=\"PUR hot melt adhesives\" \/>\n<meta property=\"article:modified_time\" content=\"2021-01-20T22:25:00+00:00\" \/>\n<meta name=\"twitter:card\" content=\"summary_large_image\" \/>\n<meta name=\"twitter:label1\" content=\"Gesch\u00e4tzte Lesezeit\" \/>\n\t<meta name=\"twitter:data1\" content=\"3\u00a0Minuten\" \/>\n<script type=\"application\/ld+json\" class=\"yoast-schema-graph\">{\"@context\":\"https:\/\/schema.org\",\"@graph\":[{\"@type\":\"WebSite\",\"@id\":\"https:\/\/www.purhotmelt.com\/#website\",\"url\":\"https:\/\/www.purhotmelt.com\/\",\"name\":\"PUR hot melt adhesives\",\"description\":\"Intercol: Specialist manufacturer\",\"potentialAction\":[{\"@type\":\"SearchAction\",\"target\":{\"@type\":\"EntryPoint\",\"urlTemplate\":\"https:\/\/www.purhotmelt.com\/?s={search_term_string}\"},\"query-input\":\"required name=search_term_string\"}],\"inLanguage\":\"de\"},{\"@type\":\"WebPage\",\"@id\":\"https:\/\/www.purhotmelt.com\/low-application-temperature-hot-melt-adhesives\/#webpage\",\"url\":\"https:\/\/www.purhotmelt.com\/low-application-temperature-hot-melt-adhesives\/\",\"name\":\"LOW APPLICATION TEMPERATURE HOT MELT ADHESIVES - PUR hot melt adhesives\",\"isPartOf\":{\"@id\":\"https:\/\/www.purhotmelt.com\/#website\"},\"datePublished\":\"2021-01-20T22:24:59+00:00\",\"dateModified\":\"2021-01-20T22:25:00+00:00\",\"breadcrumb\":{\"@id\":\"https:\/\/www.purhotmelt.com\/low-application-temperature-hot-melt-adhesives\/#breadcrumb\"},\"inLanguage\":\"de\",\"potentialAction\":[{\"@type\":\"ReadAction\",\"target\":[\"https:\/\/www.purhotmelt.com\/low-application-temperature-hot-melt-adhesives\/\"]}]},{\"@type\":\"BreadcrumbList\",\"@id\":\"https:\/\/www.purhotmelt.com\/low-application-temperature-hot-melt-adhesives\/#breadcrumb\",\"itemListElement\":[{\"@type\":\"ListItem\",\"position\":1,\"name\":\"Home\",\"item\":\"https:\/\/www.purhotmelt.com\/\"},{\"@type\":\"ListItem\",\"position\":2,\"name\":\"LOW APPLICATION TEMPERATURE HOT MELT ADHESIVES\"}]}]}<\/script>\n<!-- \/ Yoast SEO plugin. -->","yoast_head_json":{"title":"NIEDRIGE AUFTRAGSTEMPERATUR HEISSLEMKLEBSTOFFE - PUR-Schmelzklebstoffe","robots":{"index":"index","follow":"follow","max-snippet":"max-snippet:-1","max-image-preview":"max-image-preview:large","max-video-preview":"max-video-preview:-1"},"canonical":"https:\/\/www.purhotmelt.com\/de\/low-application-temperature-hot-melt-adhesives\/","og_locale":"de_DE","og_type":"article","og_title":"LOW APPLICATION TEMPERATURE HOT MELT ADHESIVES - PUR hot melt adhesives","og_description":"The\u00a0application temperature of hot melt adhesives\u00a0should be presented on the Product Technical datasheet, som other details [&hellip;]","og_url":"https:\/\/www.purhotmelt.com\/de\/low-application-temperature-hot-melt-adhesives\/","og_site_name":"PUR hot melt adhesives","article_modified_time":"2021-01-20T22:25:00+00:00","twitter_card":"summary_large_image","twitter_misc":{"Gesch\u00e4tzte Lesezeit":"3\u00a0Minuten"},"schema":{"@context":"https:\/\/schema.org","@graph":[{"@type":"WebSite","@id":"https:\/\/www.purhotmelt.com\/#website","url":"https:\/\/www.purhotmelt.com\/","name":"PUR-Schmelzklebstoffe","description":"Intercol: Fachhersteller","potentialAction":[{"@type":"SearchAction","target":{"@type":"EntryPoint","urlTemplate":"https:\/\/www.purhotmelt.com\/?s={search_term_string}"},"query-input":"required name=search_term_string"}],"inLanguage":"de"},{"@type":"WebPage","@id":"https:\/\/www.purhotmelt.com\/low-application-temperature-hot-melt-adhesives\/#webpage","url":"https:\/\/www.purhotmelt.com\/low-application-temperature-hot-melt-adhesives\/","name":"NIEDRIGE AUFTRAGSTEMPERATUR HEISSLEMKLEBSTOFFE - PUR-Schmelzklebstoffe","isPartOf":{"@id":"https:\/\/www.purhotmelt.com\/#website"},"datePublished":"2021-01-20T22:24:59+00:00","dateModified":"2021-01-20T22:25:00+00:00","breadcrumb":{"@id":"https:\/\/www.purhotmelt.com\/low-application-temperature-hot-melt-adhesives\/#breadcrumb"},"inLanguage":"de","potentialAction":[{"@type":"ReadAction","target":["https:\/\/www.purhotmelt.com\/low-application-temperature-hot-melt-adhesives\/"]}]},{"@type":"BreadcrumbList","@id":"https:\/\/www.purhotmelt.com\/low-application-temperature-hot-melt-adhesives\/#breadcrumb","itemListElement":[{"@type":"ListItem","position":1,"name":"Home","item":"https:\/\/www.purhotmelt.com\/"},{"@type":"ListItem","position":2,"name":"LOW APPLICATION TEMPERATURE HOT MELT ADHESIVES"}]}]}},"_links":{"self":[{"href":"https:\/\/www.purhotmelt.com\/de\/wp-json\/wp\/v2\/pages\/254","targetHints":{"allow":["GET"]}}],"collection":[{"href":"https:\/\/www.purhotmelt.com\/de\/wp-json\/wp\/v2\/pages"}],"about":[{"href":"https:\/\/www.purhotmelt.com\/de\/wp-json\/wp\/v2\/types\/page"}],"author":[{"embeddable":true,"href":"https:\/\/www.purhotmelt.com\/de\/wp-json\/wp\/v2\/users\/1"}],"replies":[{"embeddable":true,"href":"https:\/\/www.purhotmelt.com\/de\/wp-json\/wp\/v2\/comments?post=254"}],"version-history":[{"count":1,"href":"https:\/\/www.purhotmelt.com\/de\/wp-json\/wp\/v2\/pages\/254\/revisions"}],"predecessor-version":[{"id":256,"href":"https:\/\/www.purhotmelt.com\/de\/wp-json\/wp\/v2\/pages\/254\/revisions\/256"}],"wp:attachment":[{"href":"https:\/\/www.purhotmelt.com\/de\/wp-json\/wp\/v2\/media?parent=254"}],"curies":[{"name":"wp","href":"https:\/\/api.w.org\/{rel}","templated":true}]}}