{"id":263,"date":"2021-01-20T22:29:24","date_gmt":"2021-01-20T22:29:24","guid":{"rendered":"https:\/\/www.purhotmelt.com\/?page_id=263"},"modified":"2021-01-20T22:29:25","modified_gmt":"2021-01-20T22:29:25","slug":"profile-wrapping-pu-hot-melt-adhesive","status":"publish","type":"page","link":"https:\/\/www.purhotmelt.com\/de\/profile-wrapping-pu-hot-melt-adhesive\/","title":{"rendered":"PROFIL WICKELN PU HOT MELT ADHESIVE"},"content":{"rendered":"<h1 class=\"wp-block-heading\"><\/h1>\n\n\n\n<p>Thermoplastische Klebstoffe erf\u00fcllen die anspruchsvollen Anforderungen der M\u00f6bel- und Innenausbauindustrie.<\/p>\n\n\n\n<ul class=\"wp-block-list\"><li>Schnelle Anwendung,<\/li><li>schwierig geformte Profile<\/li><li>niedrige und hohe Temperaturbest\u00e4ndigkeit<\/li><li>Feuchtigkeitsruhe<\/li><li>Walzenbeschichtung, Schlitzbeschichtung, ber\u00fchrungslose Extrusion oder Spr\u00fchanwendungen<\/li><\/ul>\n\n\n\n<p>PU-Schmelzklebstoffe (Polyurethan) erm\u00f6glichen unseren Kunden die Verwendung f\u00fcr ein breiteres Anwendungsspektrum: \u2022 Nicht nur physikalische Einstellung, sondern auch chemische Vernetzung \u2022 H\u00f6here Temperatur-, Chemikalien- und Feuchtigkeitsbest\u00e4ndigkeit bis 140 \u00b0 Celsius \u2022 Bindet eine breite Palette von Metallen und Kunststoffe wie PO, PE, PP, PET, PS und EVA (Ethylen-Vinylacetat-Schmelzklebstoffe und Polyolefin): \u2022 Hotmelt-PU-Klebstoffe basieren auf Thermoplasten und Kunststoffen oder Harzen mit einem zus\u00e4tzlichen Vernetzer. \u2022 Hohe Gr\u00fcnfestigkeit direkt nach dem Abk\u00fchlen \u2022 Temperaturbest\u00e4ndigkeit bis zu 90 \u00b0 C (EVA) \/ 120 \u00b0 C (PO) \/ 140 \u00b0 C (PU) Hei\u00dfschmelz-PU-Klebstoffe bieten viele Vorteile gegen\u00fcber l\u00f6sungsmittelbasierten Polyurethan-Klebstoffen. Hochgeschwindigkeitsverpackung CPL, Papiere, Spezialfurniere und Thermoplast ( PE-, PP-, EVA-, PO) -Folien zu Profilen aus Metall, Kunststoff, Holz, Holzwerkstoffen, PVC und Aluminium \u2022 Hohe Gr\u00fcnfestigkeit \u2022 Liniengeschwindigkeit bis 70 m \/ min \u2022 Sehr schnell abbindende Schmelz-PU-EigenschaftenPuHM501-Umh\u00fcllung HPL, CPL, thermoplastisch und schwer zu kleben Folien, dicke Furniere und Papiere \/ Kartons auf Holzsubstraten, Aluminium-, Metall- und PVC-Profilen \u2022 PUhotmelt f\u00fcr den universellen Gebrauch \u2022 Standard-Klebstoffserie, die f\u00fcr die Fensterprofilverpackung gem\u00e4\u00df RAL GZ 716 zertifiziert ist - f\u00fcr hochbest\u00e4ndiges Verkleben von Holzwerkstoffen dicke dekorative Papiere, InnenfurniereHohe KlebrigkeitW\u00e4rmespeicherbest\u00e4ndigkeit bis \u00fcber 160 \u00b0 C \u2022 Tiefk\u00fchlbest\u00e4ndigkeit bis -45 \u00b0 C.<\/p>","protected":false},"excerpt":{"rendered":"<p>Thermoplastic&nbsp; adhesives meet the&nbsp; challenging requirements of the furniture and interior work industry. Fast application, difficult [&hellip;]<\/p>","protected":false},"author":1,"featured_media":0,"parent":0,"menu_order":0,"comment_status":"closed","ping_status":"closed","template":"","meta":{"footnotes":""},"class_list":["post-263","page","type-page","status-publish","hentry"],"yoast_head":"<!-- This site is optimized with the Yoast SEO plugin v17.0 - https:\/\/yoast.com\/wordpress\/plugins\/seo\/ -->\n<title>PROFILE WRAPPING PU HOT MELT ADHESIVE - PUR hot melt adhesives<\/title>\n<meta name=\"robots\" content=\"index, follow, max-snippet:-1, max-image-preview:large, max-video-preview:-1\" \/>\n<link rel=\"canonical\" href=\"https:\/\/www.purhotmelt.com\/de\/profile-wrapping-pu-hot-melt-adhesive\/\" \/>\n<meta property=\"og:locale\" content=\"de_DE\" \/>\n<meta property=\"og:type\" content=\"article\" \/>\n<meta property=\"og:title\" content=\"PROFILE WRAPPING PU HOT MELT ADHESIVE - PUR hot melt adhesives\" \/>\n<meta property=\"og:description\" content=\"Thermoplastic&nbsp; adhesives meet the&nbsp; challenging requirements of the furniture and interior work industry. Fast application, difficult [&hellip;]\" \/>\n<meta property=\"og:url\" content=\"https:\/\/www.purhotmelt.com\/de\/profile-wrapping-pu-hot-melt-adhesive\/\" \/>\n<meta property=\"og:site_name\" content=\"PUR hot melt adhesives\" \/>\n<meta property=\"article:modified_time\" content=\"2021-01-20T22:29:25+00:00\" \/>\n<meta name=\"twitter:card\" content=\"summary_large_image\" \/>\n<meta name=\"twitter:label1\" content=\"Gesch\u00e4tzte Lesezeit\" \/>\n\t<meta name=\"twitter:data1\" content=\"1\u00a0Minute\" \/>\n<script type=\"application\/ld+json\" class=\"yoast-schema-graph\">{\"@context\":\"https:\/\/schema.org\",\"@graph\":[{\"@type\":\"WebSite\",\"@id\":\"https:\/\/www.purhotmelt.com\/#website\",\"url\":\"https:\/\/www.purhotmelt.com\/\",\"name\":\"PUR hot melt adhesives\",\"description\":\"Intercol: Specialist manufacturer\",\"potentialAction\":[{\"@type\":\"SearchAction\",\"target\":{\"@type\":\"EntryPoint\",\"urlTemplate\":\"https:\/\/www.purhotmelt.com\/?s={search_term_string}\"},\"query-input\":\"required name=search_term_string\"}],\"inLanguage\":\"de\"},{\"@type\":\"WebPage\",\"@id\":\"https:\/\/www.purhotmelt.com\/nb\/profile-wrapping-pu-hot-melt-adhesive\/#webpage\",\"url\":\"https:\/\/www.purhotmelt.com\/nb\/profile-wrapping-pu-hot-melt-adhesive\/\",\"name\":\"PROFILE WRAPPING PU HOT MELT ADHESIVE - PUR hot melt adhesives\",\"isPartOf\":{\"@id\":\"https:\/\/www.purhotmelt.com\/#website\"},\"datePublished\":\"2021-01-20T22:29:24+00:00\",\"dateModified\":\"2021-01-20T22:29:25+00:00\",\"breadcrumb\":{\"@id\":\"https:\/\/www.purhotmelt.com\/nb\/profile-wrapping-pu-hot-melt-adhesive\/#breadcrumb\"},\"inLanguage\":\"de\",\"potentialAction\":[{\"@type\":\"ReadAction\",\"target\":[\"https:\/\/www.purhotmelt.com\/nb\/profile-wrapping-pu-hot-melt-adhesive\/\"]}]},{\"@type\":\"BreadcrumbList\",\"@id\":\"https:\/\/www.purhotmelt.com\/nb\/profile-wrapping-pu-hot-melt-adhesive\/#breadcrumb\",\"itemListElement\":[{\"@type\":\"ListItem\",\"position\":1,\"name\":\"Home\",\"item\":\"https:\/\/www.purhotmelt.com\/\"},{\"@type\":\"ListItem\",\"position\":2,\"name\":\"PROFILE WRAPPING PU HOT MELT ADHESIVE\"}]}]}<\/script>\n<!-- \/ Yoast SEO plugin. -->","yoast_head_json":{"title":"PROFILVERPACKUNG PU-HEISSMELZKLEBER - PUR-Schmelzklebstoffe","robots":{"index":"index","follow":"follow","max-snippet":"max-snippet:-1","max-image-preview":"max-image-preview:large","max-video-preview":"max-video-preview:-1"},"canonical":"https:\/\/www.purhotmelt.com\/de\/profile-wrapping-pu-hot-melt-adhesive\/","og_locale":"de_DE","og_type":"article","og_title":"PROFILE WRAPPING PU HOT MELT ADHESIVE - PUR hot melt adhesives","og_description":"Thermoplastic&nbsp; adhesives meet the&nbsp; challenging requirements of the furniture and interior work industry. Fast application, difficult [&hellip;]","og_url":"https:\/\/www.purhotmelt.com\/de\/profile-wrapping-pu-hot-melt-adhesive\/","og_site_name":"PUR hot melt adhesives","article_modified_time":"2021-01-20T22:29:25+00:00","twitter_card":"summary_large_image","twitter_misc":{"Gesch\u00e4tzte Lesezeit":"1\u00a0Minute"},"schema":{"@context":"https:\/\/schema.org","@graph":[{"@type":"WebSite","@id":"https:\/\/www.purhotmelt.com\/#website","url":"https:\/\/www.purhotmelt.com\/","name":"PUR-Schmelzklebstoffe","description":"Intercol: Fachhersteller","potentialAction":[{"@type":"SearchAction","target":{"@type":"EntryPoint","urlTemplate":"https:\/\/www.purhotmelt.com\/?s={search_term_string}"},"query-input":"required name=search_term_string"}],"inLanguage":"de"},{"@type":"WebPage","@id":"https:\/\/www.purhotmelt.com\/nb\/profile-wrapping-pu-hot-melt-adhesive\/#webpage","url":"https:\/\/www.purhotmelt.com\/nb\/profile-wrapping-pu-hot-melt-adhesive\/","name":"PROFILVERPACKUNG PU-HEISSMELZKLEBER - PUR-Schmelzklebstoffe","isPartOf":{"@id":"https:\/\/www.purhotmelt.com\/#website"},"datePublished":"2021-01-20T22:29:24+00:00","dateModified":"2021-01-20T22:29:25+00:00","breadcrumb":{"@id":"https:\/\/www.purhotmelt.com\/nb\/profile-wrapping-pu-hot-melt-adhesive\/#breadcrumb"},"inLanguage":"de","potentialAction":[{"@type":"ReadAction","target":["https:\/\/www.purhotmelt.com\/nb\/profile-wrapping-pu-hot-melt-adhesive\/"]}]},{"@type":"BreadcrumbList","@id":"https:\/\/www.purhotmelt.com\/nb\/profile-wrapping-pu-hot-melt-adhesive\/#breadcrumb","itemListElement":[{"@type":"ListItem","position":1,"name":"Home","item":"https:\/\/www.purhotmelt.com\/"},{"@type":"ListItem","position":2,"name":"PROFILE WRAPPING PU HOT MELT ADHESIVE"}]}]}},"_links":{"self":[{"href":"https:\/\/www.purhotmelt.com\/de\/wp-json\/wp\/v2\/pages\/263","targetHints":{"allow":["GET"]}}],"collection":[{"href":"https:\/\/www.purhotmelt.com\/de\/wp-json\/wp\/v2\/pages"}],"about":[{"href":"https:\/\/www.purhotmelt.com\/de\/wp-json\/wp\/v2\/types\/page"}],"author":[{"embeddable":true,"href":"https:\/\/www.purhotmelt.com\/de\/wp-json\/wp\/v2\/users\/1"}],"replies":[{"embeddable":true,"href":"https:\/\/www.purhotmelt.com\/de\/wp-json\/wp\/v2\/comments?post=263"}],"version-history":[{"count":1,"href":"https:\/\/www.purhotmelt.com\/de\/wp-json\/wp\/v2\/pages\/263\/revisions"}],"predecessor-version":[{"id":265,"href":"https:\/\/www.purhotmelt.com\/de\/wp-json\/wp\/v2\/pages\/263\/revisions\/265"}],"wp:attachment":[{"href":"https:\/\/www.purhotmelt.com\/de\/wp-json\/wp\/v2\/media?parent=263"}],"curies":[{"name":"wp","href":"https:\/\/api.w.org\/{rel}","templated":true}]}}