{"id":266,"date":"2021-01-20T22:30:27","date_gmt":"2021-01-20T22:30:27","guid":{"rendered":"https:\/\/www.purhotmelt.com\/?page_id=266"},"modified":"2021-01-20T22:30:29","modified_gmt":"2021-01-20T22:30:29","slug":"how-to-make-polyurethane-pur-hot-melt","status":"publish","type":"page","link":"https:\/\/www.purhotmelt.com\/de\/how-to-make-polyurethane-pur-hot-melt\/","title":{"rendered":"Wie macht man POLYURETHAN PUR HOT MELT?"},"content":{"rendered":"<h1 class=\"wp-block-heading\"><\/h1>\n\n\n\n<p>Polyurethan Reactive (PUR) Schmelzklebstoff ist eine Kombination aus einem PU-Klebstoff und einem Schmelzklebstoff. Die Kombination aus sehr schnellem Abbinden aufgrund der schnellen Abk\u00fchlung und der anschlie\u00dfenden Aush\u00e4rtung der PU-Polymere sorgt f\u00fcr eine starke dauerhafte, konstruktive Verbindung. Als typischer Hotmelt ist dieser Klebstoff vor dem Auftragen fest und wird auf ein spezielles PUR-Hotmelt-System verzichtet. PUR-Hotmelt h\u00e4rtet durch Kontakt mit Luftfeuchtigkeit aus und bildet eine konstruktive Verbindung, die nicht wieder aufschmelzen kann. Normalerweise schmelzen thermoplastische Schmelzklebstoffe wie EVA und PO bei jedem Erhitzen wieder auf. PUR-Schmelzklebstoffe sind je nach Anwendungsanforderung in hohen und niedrigen Verarbeitungstemperaturen mit sehr schneller Abbindezeit oder langer offener Zeit erh\u00e4ltlich.<\/p>\n\n\n\n<p>Polyurethan-Klebstoffe sind stark und langlebig und daher ideal f\u00fcr eine Vielzahl von Anwendungen. Hotmelt PUR wird in der Holzbearbeitung, M\u00f6belherstellung, Baustoffmontage und vielen anderen Anwendungen verwendet, die eine konstruktive Verbindung mit einer schnellen Abbindezeit erfordern, wodurch die Produktionszeit in Fabriken reduziert wird. Die meisten PUR-Schmelzklebstoffe h\u00e4rten innerhalb von f\u00fcnf Sekunden aus und m\u00fcssen danach 24 bis 72 Stunden aush\u00e4rten.<\/p>\n\n\n\n<p>Finish Zimmerei, Zierleisten\/Kronenformen, Baumaterialien, Holzrahmen, Stein, Ton, Schubladenmontage, Schuhreparatur, Profilumh\u00fcllung, Teppichklebestreifen, Laminatarbeitsplatten, Fensterrahmen, keramische Rasenornamente, abbl\u00e4tternde Tapeten, Verkleidungen.<\/p>\n\n\n\n<h3 class=\"wp-block-heading\">H\u00c4UFIG GESTELLTE FRAGEN ZU POLYURETHAN-REAKTIVEN HOT MELTS<\/h3>\n\n\n\n<p><strong>Frage: Sind PUR-Schmelzklebstoffe haltbarer als herk\u00f6mmliche thermoplastische Schmelzklebstoffe?<\/strong><\/p>\n\n\n\n<p>Polyurethan-Schmelzklebstoffe bieten eine st\u00e4rkere Bindung als herk\u00f6mmliche Schmelzklebstoffe. PUR-Hotmelt h\u00e4rtet nach einer starken Anfangsbindung aus. Dieser H\u00e4rtungsprozess wird auch als Vernetzung bezeichnet. Durch den Vernetzungsprozess werden interne Bindungen (Koh\u00e4sion) und starke Bindungen zum Substrat (Adh\u00e4sion) hergestellt.<\/p>\n\n\n\n<p><strong>Frage: Woher nimmt der PUR-Hotmelt die Feuchtigkeit zum Aush\u00e4rten?<\/strong><\/p>\n\n\n\n<p>Feuchtigkeit liegt in der Luft und dem zu verklebenden Objekt. Normalerweise ist viel Feuchtigkeit in der Luft, um PUR-Hotmelt weiter zu h\u00e4rten, jedoch k\u00f6nnen jahreszeitliche Einfl\u00fcsse die Aush\u00e4rtung beschleunigen oder verlangsamen.<\/p>\n\n\n\n<p><strong>Frage: Ist es m\u00f6glich, die Haltbarkeit des PUR-Schmelzklebstoffs zu verl\u00e4ngern?<\/strong><\/p>\n\n\n\n<p>PUR-Schmelzklebstoffe sind in einem Folienbeutel verpackt, diese Verpackung sollte k\u00fchl und trocken gelagert werden. PUR-Hotmelt keinem Regen aussetzen, nicht im Freien lagern und Kontakt mit Feuchtigkeit vermeiden. Bei einer t\u00e4glichen Stilllegung kann es erforderlich sein, das System zu sp\u00fclen oder die Au\u00dfenseite der D\u00fcse oder des Extruders abzudichten. ACHTUNG: D\u00fcse, Extruder, Beschichter oder Applikator bei maximaler Temperatur nicht ber\u00fchren. Tragen Sie immer Hitzeschutzhandschuhe.<\/p>","protected":false},"excerpt":{"rendered":"<p>Polyurethane Reactive (PUR) hot melt is a combination between a PU adhesive and a hot melt [&hellip;]<\/p>","protected":false},"author":1,"featured_media":0,"parent":0,"menu_order":0,"comment_status":"closed","ping_status":"closed","template":"","meta":{"footnotes":""},"class_list":["post-266","page","type-page","status-publish","hentry"],"yoast_head":"<!-- This site is optimized with the Yoast SEO plugin v17.0 - https:\/\/yoast.com\/wordpress\/plugins\/seo\/ -->\n<title>How to make POLYURETHANE PUR HOT MELT? - PUR hot melt adhesives<\/title>\n<meta name=\"robots\" content=\"index, follow, max-snippet:-1, max-image-preview:large, max-video-preview:-1\" \/>\n<link rel=\"canonical\" href=\"https:\/\/www.purhotmelt.com\/de\/how-to-make-polyurethane-pur-hot-melt\/\" \/>\n<meta property=\"og:locale\" content=\"de_DE\" \/>\n<meta property=\"og:type\" content=\"article\" \/>\n<meta property=\"og:title\" content=\"How to make POLYURETHANE PUR HOT MELT? - PUR hot melt adhesives\" \/>\n<meta property=\"og:description\" content=\"Polyurethane Reactive (PUR) hot melt is a combination between a PU adhesive and a hot melt [&hellip;]\" \/>\n<meta property=\"og:url\" content=\"https:\/\/www.purhotmelt.com\/de\/how-to-make-polyurethane-pur-hot-melt\/\" \/>\n<meta property=\"og:site_name\" content=\"PUR hot melt adhesives\" \/>\n<meta property=\"article:modified_time\" content=\"2021-01-20T22:30:29+00:00\" \/>\n<meta name=\"twitter:card\" content=\"summary_large_image\" \/>\n<meta name=\"twitter:label1\" content=\"Gesch\u00e4tzte Lesezeit\" \/>\n\t<meta name=\"twitter:data1\" content=\"2\u00a0Minuten\" \/>\n<script type=\"application\/ld+json\" class=\"yoast-schema-graph\">{\"@context\":\"https:\/\/schema.org\",\"@graph\":[{\"@type\":\"WebSite\",\"@id\":\"https:\/\/www.purhotmelt.com\/#website\",\"url\":\"https:\/\/www.purhotmelt.com\/\",\"name\":\"PUR hot melt adhesives\",\"description\":\"Intercol: Specialist manufacturer\",\"potentialAction\":[{\"@type\":\"SearchAction\",\"target\":{\"@type\":\"EntryPoint\",\"urlTemplate\":\"https:\/\/www.purhotmelt.com\/?s={search_term_string}\"},\"query-input\":\"required name=search_term_string\"}],\"inLanguage\":\"de\"},{\"@type\":\"WebPage\",\"@id\":\"https:\/\/www.purhotmelt.com\/how-to-make-polyurethane-pur-hot-melt\/#webpage\",\"url\":\"https:\/\/www.purhotmelt.com\/how-to-make-polyurethane-pur-hot-melt\/\",\"name\":\"How to make POLYURETHANE PUR HOT MELT? - PUR hot melt adhesives\",\"isPartOf\":{\"@id\":\"https:\/\/www.purhotmelt.com\/#website\"},\"datePublished\":\"2021-01-20T22:30:27+00:00\",\"dateModified\":\"2021-01-20T22:30:29+00:00\",\"breadcrumb\":{\"@id\":\"https:\/\/www.purhotmelt.com\/how-to-make-polyurethane-pur-hot-melt\/#breadcrumb\"},\"inLanguage\":\"de\",\"potentialAction\":[{\"@type\":\"ReadAction\",\"target\":[\"https:\/\/www.purhotmelt.com\/how-to-make-polyurethane-pur-hot-melt\/\"]}]},{\"@type\":\"BreadcrumbList\",\"@id\":\"https:\/\/www.purhotmelt.com\/how-to-make-polyurethane-pur-hot-melt\/#breadcrumb\",\"itemListElement\":[{\"@type\":\"ListItem\",\"position\":1,\"name\":\"Home\",\"item\":\"https:\/\/www.purhotmelt.com\/\"},{\"@type\":\"ListItem\",\"position\":2,\"name\":\"How to make POLYURETHANE PUR HOT MELT?\"}]}]}<\/script>\n<!-- \/ Yoast SEO plugin. -->","yoast_head_json":{"title":"Wie macht man POLYURETHAN PUR HOT MELT? - PUR-Schmelzklebstoffe","robots":{"index":"index","follow":"follow","max-snippet":"max-snippet:-1","max-image-preview":"max-image-preview:large","max-video-preview":"max-video-preview:-1"},"canonical":"https:\/\/www.purhotmelt.com\/de\/how-to-make-polyurethane-pur-hot-melt\/","og_locale":"de_DE","og_type":"article","og_title":"How to make POLYURETHANE PUR HOT MELT? - PUR hot melt adhesives","og_description":"Polyurethane Reactive (PUR) hot melt is a combination between a PU adhesive and a hot melt [&hellip;]","og_url":"https:\/\/www.purhotmelt.com\/de\/how-to-make-polyurethane-pur-hot-melt\/","og_site_name":"PUR hot melt adhesives","article_modified_time":"2021-01-20T22:30:29+00:00","twitter_card":"summary_large_image","twitter_misc":{"Gesch\u00e4tzte Lesezeit":"2\u00a0Minuten"},"schema":{"@context":"https:\/\/schema.org","@graph":[{"@type":"WebSite","@id":"https:\/\/www.purhotmelt.com\/#website","url":"https:\/\/www.purhotmelt.com\/","name":"PUR-Schmelzklebstoffe","description":"Intercol: Fachhersteller","potentialAction":[{"@type":"SearchAction","target":{"@type":"EntryPoint","urlTemplate":"https:\/\/www.purhotmelt.com\/?s={search_term_string}"},"query-input":"required name=search_term_string"}],"inLanguage":"de"},{"@type":"WebPage","@id":"https:\/\/www.purhotmelt.com\/how-to-make-polyurethane-pur-hot-melt\/#webpage","url":"https:\/\/www.purhotmelt.com\/how-to-make-polyurethane-pur-hot-melt\/","name":"Wie macht man POLYURETHAN PUR HOT MELT? - PUR-Schmelzklebstoffe","isPartOf":{"@id":"https:\/\/www.purhotmelt.com\/#website"},"datePublished":"2021-01-20T22:30:27+00:00","dateModified":"2021-01-20T22:30:29+00:00","breadcrumb":{"@id":"https:\/\/www.purhotmelt.com\/how-to-make-polyurethane-pur-hot-melt\/#breadcrumb"},"inLanguage":"de","potentialAction":[{"@type":"ReadAction","target":["https:\/\/www.purhotmelt.com\/how-to-make-polyurethane-pur-hot-melt\/"]}]},{"@type":"BreadcrumbList","@id":"https:\/\/www.purhotmelt.com\/how-to-make-polyurethane-pur-hot-melt\/#breadcrumb","itemListElement":[{"@type":"ListItem","position":1,"name":"Home","item":"https:\/\/www.purhotmelt.com\/"},{"@type":"ListItem","position":2,"name":"How to make POLYURETHANE PUR HOT MELT?"}]}]}},"_links":{"self":[{"href":"https:\/\/www.purhotmelt.com\/de\/wp-json\/wp\/v2\/pages\/266","targetHints":{"allow":["GET"]}}],"collection":[{"href":"https:\/\/www.purhotmelt.com\/de\/wp-json\/wp\/v2\/pages"}],"about":[{"href":"https:\/\/www.purhotmelt.com\/de\/wp-json\/wp\/v2\/types\/page"}],"author":[{"embeddable":true,"href":"https:\/\/www.purhotmelt.com\/de\/wp-json\/wp\/v2\/users\/1"}],"replies":[{"embeddable":true,"href":"https:\/\/www.purhotmelt.com\/de\/wp-json\/wp\/v2\/comments?post=266"}],"version-history":[{"count":1,"href":"https:\/\/www.purhotmelt.com\/de\/wp-json\/wp\/v2\/pages\/266\/revisions"}],"predecessor-version":[{"id":268,"href":"https:\/\/www.purhotmelt.com\/de\/wp-json\/wp\/v2\/pages\/266\/revisions\/268"}],"wp:attachment":[{"href":"https:\/\/www.purhotmelt.com\/de\/wp-json\/wp\/v2\/media?parent=266"}],"curies":[{"name":"wp","href":"https:\/\/api.w.org\/{rel}","templated":true}]}}