{"id":275,"date":"2021-01-20T22:33:33","date_gmt":"2021-01-20T22:33:33","guid":{"rendered":"https:\/\/www.purhotmelt.com\/?page_id=275"},"modified":"2021-01-20T22:33:34","modified_gmt":"2021-01-20T22:33:34","slug":"woodworking-construction-adhesives","status":"publish","type":"page","link":"https:\/\/www.purhotmelt.com\/de\/woodworking-construction-adhesives\/","title":{"rendered":"HOLZBEARBEITUNGS- UND BAUKLEBSTOFFE"},"content":{"rendered":"<h1 class=\"wp-block-heading\"><\/h1>\n\n\n\n<hr class=\"wp-block-separator\"\/>\n\n\n\n<p>Hat f\u00fcr die holzverarbeitende Industrie gef\u00fcllte und ungef\u00fcllte Qualit\u00e4ten f\u00fcr EVA-, PO- und PUR-Qualit\u00e4ten. Diese Schmelzklebstoffe wurden f\u00fcr spezielle Zwecke entwickelt, z. B. zum Kantenstreifen oder zum Umwickeln von Profilen. Es gibt eine Reihe von Schmelzklebstoffen, die f\u00fcr Produktionsanlagen mit niedriger, mittlerer und hoher Geschwindigkeit geeignet sind (hohe Geschwindigkeit: mehr als 20 m \/ min).&nbsp;<strong>Nein<\/strong><\/p>\n\n\n\n<p>Einige unserer Schmelzklebstoffe bieten eine sehr hohe Hei\u00dfklebrigkeit, um eine schnelle Verarbeitung mit Schneidern und S\u00e4gen zu erm\u00f6glichen. Die Dichte h\u00e4ngt von der Menge des verwendeten F\u00fcllstoffs ab. Polyurethanqualit\u00e4ten k\u00f6nnen als schnell aush\u00e4rtend und mit extrem starken Bindungen angeboten werden. Andere, langsamer abbindende Typen bieten eine h\u00f6here Haftfestigkeit auf Kunststoffsubstraten.<br>Bei schwer zu verklebenden Oberfl\u00e4chen, meist Kunststoffen wie PP, werden h\u00e4ufig Polyolefin-Schmelzklebstoffe verwendet, um die gew\u00fcnschte Qualit\u00e4t zu erzielen.<\/p>\n\n\n\n<p>Intercol verf\u00fcgt \u00fcber einzigartige Quellen f\u00fcr verschiedene Rohstoffe und daher \u00fcber einzigartige L\u00f6sungen f\u00fcr Produktionsprozesse, die in den Bereichen Profilverpackung, Kantenanleimung und Softforming sehr effizient sind. Mit hohen Qualit\u00e4tsstandards k\u00f6nnen wir standardm\u00e4\u00dfige gef\u00fcllte Klebstoffe \u00fcbertreffen. Weitere Vorteile sind, dass diese Klebstoffe sauber und extrem einfach zu handhaben sind. Die neuen wasserwei\u00dfen EVA- und Polyolefin-Klebstoffe f\u00fcr Holz k\u00f6nnen mit den meisten Holzbearbeitungsmaschinen verwendet werden und stellen eine starke Verbindung zu PVC, HPL, Massivholz, Melamin, Holzfurnier und anderen Materialien her zur Montage von MDF und Spanplatten.<br><br>Unsere Profilverpackungs-Schmelzklebstoffe wie Waterwhite 301 und 303 bieten \u00fcberdurchschnittliche L\u00f6sungen. Diese Reihe strapazierf\u00e4higer Allzweck-Schmelzklebstoffe bietet eine lange offene Zeit. Die meisten dieser Typen sind hitzebest\u00e4ndig und haften stark auf einer Vielzahl von Substraten. Niedrige Viskosit\u00e4t, niedrige Temperaturbest\u00e4ndigkeit und Festigkeit machen diese neuen Schmelzformulierungen ideal f\u00fcr Schlitzbeschichtungsanwendungen oder das Anbringen von w\u00e4rmeempfindlichen Materialien wie PVC.<br><br>Die neuen 300er-Typen eignen sich perfekt f\u00fcr die Kantenmontage und das Softforming. Wenn Sie einen schnell schmelzenden Klebstoff mit starker Haftung ben\u00f6tigen, der als d\u00fcnner Film aufgetragen wird, der am meisten zum Verkleben schwieriger Kanten erforderlich ist. Andere HMAs bieten eine hohe Viskosit\u00e4t mit stark geschmolzener Klebrigkeit, k\u00f6nnen aber auch Temperaturen von 60 \u00b0 C - 70 \u00b0 C standhalten. Zum Hochgeschwindigkeitsbonden von Kantenanleimmaschinen und Softforming-Maschinen. Die einzigartigen Rohstoffe erm\u00f6glichen eine verschmierungsarme Kantenanleimung, die Ihre Produkte glatt und sauber macht.<\/p>","protected":false},"excerpt":{"rendered":"<p>For the woodworking industry, has filled and unfilled grades for EVA, PO and PUR grades. These [&hellip;]<\/p>","protected":false},"author":1,"featured_media":0,"parent":0,"menu_order":0,"comment_status":"closed","ping_status":"closed","template":"","meta":{"footnotes":""},"class_list":["post-275","page","type-page","status-publish","hentry"],"yoast_head":"<!-- This site is optimized with the Yoast SEO plugin v17.0 - https:\/\/yoast.com\/wordpress\/plugins\/seo\/ -->\n<title>WOODWORKING &amp; CONSTRUCTION ADHESIVES - PUR hot melt adhesives<\/title>\n<meta name=\"robots\" content=\"index, follow, max-snippet:-1, max-image-preview:large, max-video-preview:-1\" \/>\n<link rel=\"canonical\" href=\"https:\/\/www.purhotmelt.com\/de\/woodworking-construction-adhesives\/\" \/>\n<meta property=\"og:locale\" content=\"de_DE\" \/>\n<meta property=\"og:type\" content=\"article\" \/>\n<meta property=\"og:title\" content=\"WOODWORKING &amp; CONSTRUCTION ADHESIVES - PUR hot melt adhesives\" \/>\n<meta property=\"og:description\" content=\"For the woodworking industry, has filled and unfilled grades for EVA, PO and PUR grades. These [&hellip;]\" \/>\n<meta property=\"og:url\" content=\"https:\/\/www.purhotmelt.com\/de\/woodworking-construction-adhesives\/\" \/>\n<meta property=\"og:site_name\" content=\"PUR hot melt adhesives\" \/>\n<meta property=\"article:modified_time\" content=\"2021-01-20T22:33:34+00:00\" \/>\n<meta name=\"twitter:card\" content=\"summary_large_image\" \/>\n<meta name=\"twitter:label1\" content=\"Gesch\u00e4tzte Lesezeit\" \/>\n\t<meta name=\"twitter:data1\" content=\"2\u00a0Minuten\" \/>\n<script type=\"application\/ld+json\" class=\"yoast-schema-graph\">{\"@context\":\"https:\/\/schema.org\",\"@graph\":[{\"@type\":\"WebSite\",\"@id\":\"https:\/\/www.purhotmelt.com\/#website\",\"url\":\"https:\/\/www.purhotmelt.com\/\",\"name\":\"PUR hot melt adhesives\",\"description\":\"Intercol: Specialist manufacturer\",\"potentialAction\":[{\"@type\":\"SearchAction\",\"target\":{\"@type\":\"EntryPoint\",\"urlTemplate\":\"https:\/\/www.purhotmelt.com\/?s={search_term_string}\"},\"query-input\":\"required name=search_term_string\"}],\"inLanguage\":\"de\"},{\"@type\":\"WebPage\",\"@id\":\"https:\/\/www.purhotmelt.com\/nl\/woodworking-construction-adhesives\/#webpage\",\"url\":\"https:\/\/www.purhotmelt.com\/nl\/woodworking-construction-adhesives\/\",\"name\":\"WOODWORKING & CONSTRUCTION ADHESIVES - PUR hot melt adhesives\",\"isPartOf\":{\"@id\":\"https:\/\/www.purhotmelt.com\/#website\"},\"datePublished\":\"2021-01-20T22:33:33+00:00\",\"dateModified\":\"2021-01-20T22:33:34+00:00\",\"breadcrumb\":{\"@id\":\"https:\/\/www.purhotmelt.com\/nl\/woodworking-construction-adhesives\/#breadcrumb\"},\"inLanguage\":\"de\",\"potentialAction\":[{\"@type\":\"ReadAction\",\"target\":[\"https:\/\/www.purhotmelt.com\/nl\/woodworking-construction-adhesives\/\"]}]},{\"@type\":\"BreadcrumbList\",\"@id\":\"https:\/\/www.purhotmelt.com\/nl\/woodworking-construction-adhesives\/#breadcrumb\",\"itemListElement\":[{\"@type\":\"ListItem\",\"position\":1,\"name\":\"Home\",\"item\":\"https:\/\/www.purhotmelt.com\/\"},{\"@type\":\"ListItem\",\"position\":2,\"name\":\"WOODWORKING &#038; CONSTRUCTION ADHESIVES\"}]}]}<\/script>\n<!-- \/ Yoast SEO plugin. -->","yoast_head_json":{"title":"KLEBSTOFFE F\u00dcR HOLZVERARBEITUNG &amp; BAU - PUR-Schmelzklebstoffe","robots":{"index":"index","follow":"follow","max-snippet":"max-snippet:-1","max-image-preview":"max-image-preview:large","max-video-preview":"max-video-preview:-1"},"canonical":"https:\/\/www.purhotmelt.com\/de\/woodworking-construction-adhesives\/","og_locale":"de_DE","og_type":"article","og_title":"WOODWORKING & CONSTRUCTION ADHESIVES - PUR hot melt adhesives","og_description":"For the woodworking industry, has filled and unfilled grades for EVA, PO and PUR grades. These [&hellip;]","og_url":"https:\/\/www.purhotmelt.com\/de\/woodworking-construction-adhesives\/","og_site_name":"PUR hot melt adhesives","article_modified_time":"2021-01-20T22:33:34+00:00","twitter_card":"summary_large_image","twitter_misc":{"Gesch\u00e4tzte Lesezeit":"2\u00a0Minuten"},"schema":{"@context":"https:\/\/schema.org","@graph":[{"@type":"WebSite","@id":"https:\/\/www.purhotmelt.com\/#website","url":"https:\/\/www.purhotmelt.com\/","name":"PUR-Schmelzklebstoffe","description":"Intercol: Fachhersteller","potentialAction":[{"@type":"SearchAction","target":{"@type":"EntryPoint","urlTemplate":"https:\/\/www.purhotmelt.com\/?s={search_term_string}"},"query-input":"required name=search_term_string"}],"inLanguage":"de"},{"@type":"WebPage","@id":"https:\/\/www.purhotmelt.com\/nl\/woodworking-construction-adhesives\/#webpage","url":"https:\/\/www.purhotmelt.com\/nl\/woodworking-construction-adhesives\/","name":"KLEBSTOFFE F\u00dcR HOLZVERARBEITUNG &amp; BAU - PUR-Schmelzklebstoffe","isPartOf":{"@id":"https:\/\/www.purhotmelt.com\/#website"},"datePublished":"2021-01-20T22:33:33+00:00","dateModified":"2021-01-20T22:33:34+00:00","breadcrumb":{"@id":"https:\/\/www.purhotmelt.com\/nl\/woodworking-construction-adhesives\/#breadcrumb"},"inLanguage":"de","potentialAction":[{"@type":"ReadAction","target":["https:\/\/www.purhotmelt.com\/nl\/woodworking-construction-adhesives\/"]}]},{"@type":"BreadcrumbList","@id":"https:\/\/www.purhotmelt.com\/nl\/woodworking-construction-adhesives\/#breadcrumb","itemListElement":[{"@type":"ListItem","position":1,"name":"Home","item":"https:\/\/www.purhotmelt.com\/"},{"@type":"ListItem","position":2,"name":"WOODWORKING &#038; CONSTRUCTION ADHESIVES"}]}]}},"_links":{"self":[{"href":"https:\/\/www.purhotmelt.com\/de\/wp-json\/wp\/v2\/pages\/275","targetHints":{"allow":["GET"]}}],"collection":[{"href":"https:\/\/www.purhotmelt.com\/de\/wp-json\/wp\/v2\/pages"}],"about":[{"href":"https:\/\/www.purhotmelt.com\/de\/wp-json\/wp\/v2\/types\/page"}],"author":[{"embeddable":true,"href":"https:\/\/www.purhotmelt.com\/de\/wp-json\/wp\/v2\/users\/1"}],"replies":[{"embeddable":true,"href":"https:\/\/www.purhotmelt.com\/de\/wp-json\/wp\/v2\/comments?post=275"}],"version-history":[{"count":1,"href":"https:\/\/www.purhotmelt.com\/de\/wp-json\/wp\/v2\/pages\/275\/revisions"}],"predecessor-version":[{"id":277,"href":"https:\/\/www.purhotmelt.com\/de\/wp-json\/wp\/v2\/pages\/275\/revisions\/277"}],"wp:attachment":[{"href":"https:\/\/www.purhotmelt.com\/de\/wp-json\/wp\/v2\/media?parent=275"}],"curies":[{"name":"wp","href":"https:\/\/api.w.org\/{rel}","templated":true}]}}