{"id":281,"date":"2021-01-20T22:35:39","date_gmt":"2021-01-20T22:35:39","guid":{"rendered":"https:\/\/www.purhotmelt.com\/?page_id=281"},"modified":"2021-01-20T22:35:40","modified_gmt":"2021-01-20T22:35:40","slug":"industrial-foam-adhesives","status":"publish","type":"page","link":"https:\/\/www.purhotmelt.com\/de\/industrial-foam-adhesives\/","title":{"rendered":"INDUSTRIAL FOAM ADHESIVES"},"content":{"rendered":"<h1 class=\"wp-block-heading\"><\/h1>\n\n\n\n<p>Intercol-Klebstoffe bieten eine breite Palette industriell verwendeter Schaumklebstoffe an. entwickelt, um Produktionsprozesse zu verbessern.&nbsp;<\/p>\n\n\n\n<p>Da bei der manuellen Herstellung und Konstruktion l\u00f6sungsmittelbasierte Kleb- und Dichtstoffe verwendet werden, sind Schmelzklebstoffe die automatisierte Produktionsalternative. Erm\u00f6glicht eine schnelle Konstruktion, stoppt und startet die Maschine und l\u00e4uft kontinuierlich am Flie\u00dfband.<\/p>\n\n\n\n<h2 class=\"wp-block-heading\">ERH\u00d6HUNG DER PRODUKTION, REVOLUTIONIERUNG DES DESIGN.<\/h2>\n\n\n\n<p>Die angebotenen Klebstoffe f\u00fcr die Schaummontage sind in einem Standard- und Spezialschmelzbereich erh\u00e4ltlich. Diese \u00fcberlegene Auswahl an Klebstoffen hat neue Ma\u00dfst\u00e4be in der Schaum- und Produktmontage gesetzt und erf\u00fcllt die Anforderungen von Designern und Ingenieuren, die an der Herstellung von Haushalts-, Gewerbe- und Industrieprodukten beteiligt sind.<\/p>\n\n\n\n<h2 class=\"wp-block-heading\">GUTES GESCH\u00c4FT H\u00c4NGT VON GUTEN PRODUKTEN AB.<\/h2>\n\n\n\n<p>Beardow Adams hat es sich zur Aufgabe gemacht, Fertigungssektoren mit einzigartigen, hochhaftenden, hochtemperaturbest\u00e4ndigen Schmelzklebstoffen zu versorgen, die sich sauber und sicher mit den meisten technischen Materialien verbinden lassen. Unterst\u00fctzung von Unternehmen bei der Einf\u00fchrung neuer, aufregender Produkte auf dem neuesten Stand der Technik.<\/p>\n\n\n\n<p>Unsere Hochleistungs-Schmelzklebstoffe erf\u00fcllen auch die Anforderungen an Autoklebstoffe, die gegen Temperaturschwankungen und Vibrationen best\u00e4ndig sind.<\/p>\n\n\n\n<h2 class=\"wp-block-heading\">Eine bessere Aufstellung, unabh\u00e4ngig von der Produktion.<\/h2>\n\n\n\n<p>Intercol wei\u00df, dass Schmelzklebstoffe es Herstellern erm\u00f6glichen, die Produktqualit\u00e4t und das Erscheinungsbild sp\u00fcrbar zu verbessern, da sie alternative Montagemethoden wie N\u00e4gel, Schrauben und andere unsch\u00f6ne Befestigungen ersetzen k\u00f6nnen.<\/p>\n\n\n\n<p>Die Automobilindustrie verwendet unser Schmelzklebstoffsortiment zum Verkleben von Schaum, akustischen Verbundwerkstoffen, Lichtbaugruppen, Verkleidungen, Dachhimmelkomponenten und verschiedenen anderen Baugruppenprodukten. Diese Reihe von Schmelzklebstoffen bietet eine au\u00dfergew\u00f6hnliche Langlebigkeit, eine hervorragende Haftung auf einer Vielzahl von Metallen und Kunststoffen sowie die F\u00e4higkeit, Temperaturen von bis zu 180 \u00b0 C standzuhalten.<\/p>\n\n\n\n<h2 class=\"wp-block-heading\">BAUEN SIE ES UND SIE KOMMEN.<\/h2>\n\n\n\n<p>Intercol geht auf die Bed\u00fcrfnisse f\u00fchrender Hersteller ein. Unsere Schmelzklebstoffe, die haupts\u00e4chlich auf Polymeren wie EVA, PO und PUR basieren, eignen sich zum Verkleben nahezu aller Materialien mit sich selbst oder anderen Substraten.<\/p>\n\n\n\n<p>Das Sortiment an Schmelzklebstoffen ist in verschiedenen Verpackungsgr\u00f6\u00dfen erh\u00e4ltlich, um vielen Anwendungen und Anwendungsmaschinen gerecht zu werden. Diese schlie\u00dfen ein:<\/p>\n\n\n\n<p>\u2022 Automobil \u2022 Filter \u2022 Matratzenschaumbindung und Taschenfedern \u2022 Wei\u00dfe Ware und Elektronik<\/p>\n\n\n\n<p>\u2022 Isolierung \u2022 Hoch- und Tiefbau<\/p>\n\n\n\n<p>\u2022 Schaumkaschierung (Unterlage) \u2022 Dichtung<\/p>\n\n\n\n<p><strong>Klebstoffe erfordern spezielle Beratung. Mit einer Auswahl von \u00fcber 3.000 verschiedenen Schmelzklebstoffen sollte es ein Produkt geben, das Ihren Anforderungen entspricht. Bitte kontaktieren Sie uns f\u00fcr einen Produktvorschlag.<\/strong><\/p>","protected":false},"excerpt":{"rendered":"<p>Intercol adhesives offers a wide range of industrial used foam adhesives. developed to enhance production processes.&nbsp; [&hellip;]<\/p>","protected":false},"author":1,"featured_media":0,"parent":0,"menu_order":0,"comment_status":"closed","ping_status":"closed","template":"","meta":{"footnotes":""},"class_list":["post-281","page","type-page","status-publish","hentry"],"yoast_head":"<!-- This site is optimized with the Yoast SEO plugin v17.0 - https:\/\/yoast.com\/wordpress\/plugins\/seo\/ -->\n<title>INDUSTRIAL FOAM ADHESIVES - PUR hot melt adhesives<\/title>\n<meta name=\"robots\" content=\"index, follow, max-snippet:-1, max-image-preview:large, max-video-preview:-1\" \/>\n<link rel=\"canonical\" href=\"https:\/\/www.purhotmelt.com\/de\/industrial-foam-adhesives\/\" \/>\n<meta property=\"og:locale\" content=\"de_DE\" \/>\n<meta property=\"og:type\" content=\"article\" \/>\n<meta property=\"og:title\" content=\"INDUSTRIAL FOAM ADHESIVES - PUR hot melt adhesives\" \/>\n<meta property=\"og:description\" content=\"Intercol adhesives offers a wide range of industrial used foam adhesives. developed to enhance production processes.&nbsp; [&hellip;]\" \/>\n<meta property=\"og:url\" content=\"https:\/\/www.purhotmelt.com\/de\/industrial-foam-adhesives\/\" \/>\n<meta property=\"og:site_name\" content=\"PUR hot melt adhesives\" \/>\n<meta property=\"article:modified_time\" content=\"2021-01-20T22:35:40+00:00\" \/>\n<meta name=\"twitter:card\" content=\"summary_large_image\" \/>\n<meta name=\"twitter:label1\" content=\"Gesch\u00e4tzte Lesezeit\" \/>\n\t<meta name=\"twitter:data1\" content=\"2\u00a0Minuten\" \/>\n<script type=\"application\/ld+json\" class=\"yoast-schema-graph\">{\"@context\":\"https:\/\/schema.org\",\"@graph\":[{\"@type\":\"WebSite\",\"@id\":\"https:\/\/www.purhotmelt.com\/#website\",\"url\":\"https:\/\/www.purhotmelt.com\/\",\"name\":\"PUR hot melt adhesives\",\"description\":\"Intercol: Specialist manufacturer\",\"potentialAction\":[{\"@type\":\"SearchAction\",\"target\":{\"@type\":\"EntryPoint\",\"urlTemplate\":\"https:\/\/www.purhotmelt.com\/?s={search_term_string}\"},\"query-input\":\"required name=search_term_string\"}],\"inLanguage\":\"de\"},{\"@type\":\"WebPage\",\"@id\":\"https:\/\/www.purhotmelt.com\/de\/industrial-foam-adhesives\/#webpage\",\"url\":\"https:\/\/www.purhotmelt.com\/de\/industrial-foam-adhesives\/\",\"name\":\"INDUSTRIAL FOAM ADHESIVES - PUR hot melt adhesives\",\"isPartOf\":{\"@id\":\"https:\/\/www.purhotmelt.com\/#website\"},\"datePublished\":\"2021-01-20T22:35:39+00:00\",\"dateModified\":\"2021-01-20T22:35:40+00:00\",\"breadcrumb\":{\"@id\":\"https:\/\/www.purhotmelt.com\/de\/industrial-foam-adhesives\/#breadcrumb\"},\"inLanguage\":\"de\",\"potentialAction\":[{\"@type\":\"ReadAction\",\"target\":[\"https:\/\/www.purhotmelt.com\/de\/industrial-foam-adhesives\/\"]}]},{\"@type\":\"BreadcrumbList\",\"@id\":\"https:\/\/www.purhotmelt.com\/de\/industrial-foam-adhesives\/#breadcrumb\",\"itemListElement\":[{\"@type\":\"ListItem\",\"position\":1,\"name\":\"Home\",\"item\":\"https:\/\/www.purhotmelt.com\/\"},{\"@type\":\"ListItem\",\"position\":2,\"name\":\"INDUSTRIAL FOAM ADHESIVES\"}]}]}<\/script>\n<!-- \/ Yoast SEO plugin. -->","yoast_head_json":{"title":"INDUSTRIELLE SCHAUMKLEBER - PUR-Schmelzklebstoffe","robots":{"index":"index","follow":"follow","max-snippet":"max-snippet:-1","max-image-preview":"max-image-preview:large","max-video-preview":"max-video-preview:-1"},"canonical":"https:\/\/www.purhotmelt.com\/de\/industrial-foam-adhesives\/","og_locale":"de_DE","og_type":"article","og_title":"INDUSTRIAL FOAM ADHESIVES - PUR hot melt adhesives","og_description":"Intercol adhesives offers a wide range of industrial used foam adhesives. developed to enhance production processes.&nbsp; [&hellip;]","og_url":"https:\/\/www.purhotmelt.com\/de\/industrial-foam-adhesives\/","og_site_name":"PUR hot melt adhesives","article_modified_time":"2021-01-20T22:35:40+00:00","twitter_card":"summary_large_image","twitter_misc":{"Gesch\u00e4tzte Lesezeit":"2\u00a0Minuten"},"schema":{"@context":"https:\/\/schema.org","@graph":[{"@type":"WebSite","@id":"https:\/\/www.purhotmelt.com\/#website","url":"https:\/\/www.purhotmelt.com\/","name":"PUR-Schmelzklebstoffe","description":"Intercol: Fachhersteller","potentialAction":[{"@type":"SearchAction","target":{"@type":"EntryPoint","urlTemplate":"https:\/\/www.purhotmelt.com\/?s={search_term_string}"},"query-input":"required name=search_term_string"}],"inLanguage":"de"},{"@type":"WebPage","@id":"https:\/\/www.purhotmelt.com\/de\/industrial-foam-adhesives\/#webpage","url":"https:\/\/www.purhotmelt.com\/de\/industrial-foam-adhesives\/","name":"INDUSTRIELLE SCHAUMKLEBER - PUR-Schmelzklebstoffe","isPartOf":{"@id":"https:\/\/www.purhotmelt.com\/#website"},"datePublished":"2021-01-20T22:35:39+00:00","dateModified":"2021-01-20T22:35:40+00:00","breadcrumb":{"@id":"https:\/\/www.purhotmelt.com\/de\/industrial-foam-adhesives\/#breadcrumb"},"inLanguage":"de","potentialAction":[{"@type":"ReadAction","target":["https:\/\/www.purhotmelt.com\/de\/industrial-foam-adhesives\/"]}]},{"@type":"BreadcrumbList","@id":"https:\/\/www.purhotmelt.com\/de\/industrial-foam-adhesives\/#breadcrumb","itemListElement":[{"@type":"ListItem","position":1,"name":"Home","item":"https:\/\/www.purhotmelt.com\/"},{"@type":"ListItem","position":2,"name":"INDUSTRIAL FOAM ADHESIVES"}]}]}},"_links":{"self":[{"href":"https:\/\/www.purhotmelt.com\/de\/wp-json\/wp\/v2\/pages\/281","targetHints":{"allow":["GET"]}}],"collection":[{"href":"https:\/\/www.purhotmelt.com\/de\/wp-json\/wp\/v2\/pages"}],"about":[{"href":"https:\/\/www.purhotmelt.com\/de\/wp-json\/wp\/v2\/types\/page"}],"author":[{"embeddable":true,"href":"https:\/\/www.purhotmelt.com\/de\/wp-json\/wp\/v2\/users\/1"}],"replies":[{"embeddable":true,"href":"https:\/\/www.purhotmelt.com\/de\/wp-json\/wp\/v2\/comments?post=281"}],"version-history":[{"count":1,"href":"https:\/\/www.purhotmelt.com\/de\/wp-json\/wp\/v2\/pages\/281\/revisions"}],"predecessor-version":[{"id":283,"href":"https:\/\/www.purhotmelt.com\/de\/wp-json\/wp\/v2\/pages\/281\/revisions\/283"}],"wp:attachment":[{"href":"https:\/\/www.purhotmelt.com\/de\/wp-json\/wp\/v2\/media?parent=281"}],"curies":[{"name":"wp","href":"https:\/\/api.w.org\/{rel}","templated":true}]}}