{"id":284,"date":"2021-01-20T22:37:13","date_gmt":"2021-01-20T22:37:13","guid":{"rendered":"https:\/\/www.purhotmelt.com\/?page_id=284"},"modified":"2021-09-07T21:21:18","modified_gmt":"2021-09-07T21:21:18","slug":"price-increase-alternatives-2021","status":"publish","type":"page","link":"https:\/\/www.purhotmelt.com\/de\/price-increase-alternatives-2021\/","title":{"rendered":"PREISERH\u00d6HUNG - ALTERNATIVEN 2021"},"content":{"rendered":"<hr class=\"wp-block-separator\"\/>\n\n\n\n<h1 class=\"wp-block-heading\">STEUERUNG DES ROHSTOFFPREISES F\u00dcR HEISSE SCHMELZENDE, REAKTIVE, WASSERBASIERTE KLEBSTOFFE UND VERWANDTE PRODUKTE<\/h1>\n\n\n\n<p>Die meisten Klebstoffunternehmen haben letztes Jahr und vor kurzem Preiserh\u00f6hungen f\u00fcr alle Klebstoffproduktkategorien und verwandte Produkte angek\u00fcndigt. Die meisten Steigerungen werden zwischen 4 und 20 Prozent liegen. In allen Marktsegmenten wie Verpackung, Montage, Hygiene, Bau und Papierverarbeitung.<\/p>\n\n\n\n<p>Im letzten Jahr verzeichnete Intercol eine kontinuierliche Zunahme der Rohstoffe. In den letzten Monaten haben die Rohstoffe f\u00fcr Schmelzklebstoffe, reaktive und wasserbasierte Klebstoffe deutlich zugenommen. hat sich intensiviert.<\/p>\n\n\n\n<h2 class=\"wp-block-heading\">ALTERNATIVE ROHSTOFFE UND KLEBSTOFFE<\/h2>\n\n\n\n<p>F\u00fcr einige Rohstoffe konnte Intercol kosteng\u00fcnstige Alternativen finden. Es kann sein, dass Ihre Anwendung mit unserem neuesten Klebstoffsortiment, wie unserer neuen kosteng\u00fcnstigen Polyolefin-Hotmelt-Serie, oder unserem h\u00f6chsten Klebstoffsortiment, mit dem unsere Kunden 40-60% Klebstoffverbrauch einsparen k\u00f6nnen, sogar eine h\u00f6here Leistung erzielt. F\u00fcr wasserbasierte Klebstoffe haben wir wirtschaftliche Typen entwickelt, die durch au\u00dfergew\u00f6hnliche chemische Zusammensetzungen, die mit dem Fokus der Anwendung entwickelt wurden, sogar teurere Typen schlagen k\u00f6nnen, anstatt die Standard-Rohstoffbasis.<\/p>","protected":false},"excerpt":{"rendered":"<p>RAW MATERIAL PRICE INCREASE ON HOT MELT, REACTIVE, WATER-BASED ADHESIVES AND RELATED PRODUCTS Most adhesive companies [&hellip;]<\/p>","protected":false},"author":1,"featured_media":0,"parent":0,"menu_order":0,"comment_status":"closed","ping_status":"closed","template":"","meta":{"footnotes":""},"class_list":["post-284","page","type-page","status-publish","hentry"],"yoast_head":"<!-- This site is optimized with the Yoast SEO plugin v17.0 - https:\/\/yoast.com\/wordpress\/plugins\/seo\/ -->\n<title>PRICE INCREASE \u2013 ALTERNATIVES 2021 - PUR hot melt adhesives<\/title>\n<meta name=\"robots\" content=\"index, follow, max-snippet:-1, max-image-preview:large, max-video-preview:-1\" \/>\n<link rel=\"canonical\" href=\"https:\/\/www.purhotmelt.com\/de\/price-increase-alternatives-2021\/\" \/>\n<meta property=\"og:locale\" content=\"de_DE\" \/>\n<meta property=\"og:type\" content=\"article\" \/>\n<meta property=\"og:title\" content=\"PRICE INCREASE \u2013 ALTERNATIVES 2021 - PUR hot melt adhesives\" \/>\n<meta property=\"og:description\" content=\"RAW MATERIAL PRICE INCREASE ON HOT MELT, REACTIVE, WATER-BASED ADHESIVES AND RELATED PRODUCTS Most adhesive companies [&hellip;]\" \/>\n<meta property=\"og:url\" content=\"https:\/\/www.purhotmelt.com\/de\/price-increase-alternatives-2021\/\" \/>\n<meta property=\"og:site_name\" content=\"PUR hot melt adhesives\" \/>\n<meta property=\"article:modified_time\" content=\"2021-09-07T21:21:18+00:00\" \/>\n<meta name=\"twitter:card\" content=\"summary_large_image\" \/>\n<meta name=\"twitter:label1\" content=\"Gesch\u00e4tzte Lesezeit\" \/>\n\t<meta name=\"twitter:data1\" content=\"1\u00a0Minute\" \/>\n<script type=\"application\/ld+json\" class=\"yoast-schema-graph\">{\"@context\":\"https:\/\/schema.org\",\"@graph\":[{\"@type\":\"WebSite\",\"@id\":\"https:\/\/www.purhotmelt.com\/#website\",\"url\":\"https:\/\/www.purhotmelt.com\/\",\"name\":\"PUR hot melt adhesives\",\"description\":\"Intercol: Specialist manufacturer\",\"potentialAction\":[{\"@type\":\"SearchAction\",\"target\":{\"@type\":\"EntryPoint\",\"urlTemplate\":\"https:\/\/www.purhotmelt.com\/?s={search_term_string}\"},\"query-input\":\"required name=search_term_string\"}],\"inLanguage\":\"de\"},{\"@type\":\"WebPage\",\"@id\":\"https:\/\/www.purhotmelt.com\/price-increase-alternatives-2021\/#webpage\",\"url\":\"https:\/\/www.purhotmelt.com\/price-increase-alternatives-2021\/\",\"name\":\"PRICE INCREASE \\u2013 ALTERNATIVES 2021 - PUR hot melt adhesives\",\"isPartOf\":{\"@id\":\"https:\/\/www.purhotmelt.com\/#website\"},\"datePublished\":\"2021-01-20T22:37:13+00:00\",\"dateModified\":\"2021-09-07T21:21:18+00:00\",\"breadcrumb\":{\"@id\":\"https:\/\/www.purhotmelt.com\/price-increase-alternatives-2021\/#breadcrumb\"},\"inLanguage\":\"de\",\"potentialAction\":[{\"@type\":\"ReadAction\",\"target\":[\"https:\/\/www.purhotmelt.com\/price-increase-alternatives-2021\/\"]}]},{\"@type\":\"BreadcrumbList\",\"@id\":\"https:\/\/www.purhotmelt.com\/price-increase-alternatives-2021\/#breadcrumb\",\"itemListElement\":[{\"@type\":\"ListItem\",\"position\":1,\"name\":\"Home\",\"item\":\"https:\/\/www.purhotmelt.com\/\"},{\"@type\":\"ListItem\",\"position\":2,\"name\":\"PRICE INCREASE \\u2013 ALTERNATIVES 2021\"}]}]}<\/script>\n<!-- \/ Yoast SEO plugin. -->","yoast_head_json":{"title":"PREISERH\u00d6HUNG \u2013 ALTERNATIVEN 2021 - PUR-Schmelzklebstoffe","robots":{"index":"index","follow":"follow","max-snippet":"max-snippet:-1","max-image-preview":"max-image-preview:large","max-video-preview":"max-video-preview:-1"},"canonical":"https:\/\/www.purhotmelt.com\/de\/price-increase-alternatives-2021\/","og_locale":"de_DE","og_type":"article","og_title":"PRICE INCREASE \u2013 ALTERNATIVES 2021 - PUR hot melt adhesives","og_description":"RAW MATERIAL PRICE INCREASE ON HOT MELT, REACTIVE, WATER-BASED ADHESIVES AND RELATED PRODUCTS Most adhesive companies [&hellip;]","og_url":"https:\/\/www.purhotmelt.com\/de\/price-increase-alternatives-2021\/","og_site_name":"PUR hot melt adhesives","article_modified_time":"2021-09-07T21:21:18+00:00","twitter_card":"summary_large_image","twitter_misc":{"Gesch\u00e4tzte Lesezeit":"1\u00a0Minute"},"schema":{"@context":"https:\/\/schema.org","@graph":[{"@type":"WebSite","@id":"https:\/\/www.purhotmelt.com\/#website","url":"https:\/\/www.purhotmelt.com\/","name":"PUR-Schmelzklebstoffe","description":"Intercol: Fachhersteller","potentialAction":[{"@type":"SearchAction","target":{"@type":"EntryPoint","urlTemplate":"https:\/\/www.purhotmelt.com\/?s={search_term_string}"},"query-input":"required name=search_term_string"}],"inLanguage":"de"},{"@type":"WebPage","@id":"https:\/\/www.purhotmelt.com\/price-increase-alternatives-2021\/#webpage","url":"https:\/\/www.purhotmelt.com\/price-increase-alternatives-2021\/","name":"PREISERH\u00d6HUNG \u2013 ALTERNATIVEN 2021 - PUR-Schmelzklebstoffe","isPartOf":{"@id":"https:\/\/www.purhotmelt.com\/#website"},"datePublished":"2021-01-20T22:37:13+00:00","dateModified":"2021-09-07T21:21:18+00:00","breadcrumb":{"@id":"https:\/\/www.purhotmelt.com\/price-increase-alternatives-2021\/#breadcrumb"},"inLanguage":"de","potentialAction":[{"@type":"ReadAction","target":["https:\/\/www.purhotmelt.com\/price-increase-alternatives-2021\/"]}]},{"@type":"BreadcrumbList","@id":"https:\/\/www.purhotmelt.com\/price-increase-alternatives-2021\/#breadcrumb","itemListElement":[{"@type":"ListItem","position":1,"name":"Home","item":"https:\/\/www.purhotmelt.com\/"},{"@type":"ListItem","position":2,"name":"PRICE INCREASE \u2013 ALTERNATIVES 2021"}]}]}},"_links":{"self":[{"href":"https:\/\/www.purhotmelt.com\/de\/wp-json\/wp\/v2\/pages\/284","targetHints":{"allow":["GET"]}}],"collection":[{"href":"https:\/\/www.purhotmelt.com\/de\/wp-json\/wp\/v2\/pages"}],"about":[{"href":"https:\/\/www.purhotmelt.com\/de\/wp-json\/wp\/v2\/types\/page"}],"author":[{"embeddable":true,"href":"https:\/\/www.purhotmelt.com\/de\/wp-json\/wp\/v2\/users\/1"}],"replies":[{"embeddable":true,"href":"https:\/\/www.purhotmelt.com\/de\/wp-json\/wp\/v2\/comments?post=284"}],"version-history":[{"count":3,"href":"https:\/\/www.purhotmelt.com\/de\/wp-json\/wp\/v2\/pages\/284\/revisions"}],"predecessor-version":[{"id":378,"href":"https:\/\/www.purhotmelt.com\/de\/wp-json\/wp\/v2\/pages\/284\/revisions\/378"}],"wp:attachment":[{"href":"https:\/\/www.purhotmelt.com\/de\/wp-json\/wp\/v2\/media?parent=284"}],"curies":[{"name":"wp","href":"https:\/\/api.w.org\/{rel}","templated":true}]}}