{"id":290,"date":"2021-01-20T22:39:40","date_gmt":"2021-01-20T22:39:40","guid":{"rendered":"https:\/\/www.purhotmelt.com\/?page_id=290"},"modified":"2021-01-20T22:39:41","modified_gmt":"2021-01-20T22:39:41","slug":"buy-hot-melt-glue-guide","status":"publish","type":"page","link":"https:\/\/www.purhotmelt.com\/de\/buy-hot-melt-glue-guide\/","title":{"rendered":"KAUFEN SIE HOT MELT GLUE GUIDE"},"content":{"rendered":"<h1 class=\"wp-block-heading\"><\/h1>\n\n\n\n<figure class=\"wp-block-image\"><img decoding=\"async\" src=\"https:\/\/www.purhotmelt.com\/wp-content\/uploads\/2018\/12\/hot-melt-adhesive-EVA-PO-PUR-PSA-1024x558.html\" alt=\"\" class=\"wp-image-374\"\/><\/figure>\n\n\n\n<p>Profis wissen, dass das Gef\u00fchl einer perfekt laufenden Anwendung, die richtige Ausr\u00fcstung, Einstellung und das richtige Wissen die besten Ergebnisse und die Ruhe in der Produktion bewirken.<\/p>\n\n\n\n<p>Daher werden bei der korrekten Installation und Wartung von Schmelzger\u00e4ten spezielle technische Kenntnisse sichtbar. Eine j\u00e4hrliche Inspektion durch einen Experten bringt kleine Details hervor, die rechtzeitig behoben und behoben werden k\u00f6nnen, wodurch viel Elend gespart wird.<\/p>\n\n\n\n<p>Warum Wartung? Denn eine gute Leimausr\u00fcstung funktioniert nur mit den richtigen Einstellungen und wenn sie ohne Hindernisse einwandfrei funktioniert. Die Leimausr\u00fcstung wird am besten eingestellt, wenn der Rest der Produktionslinie dies induziert. Klebesysteme sind h\u00e4ufig in der Maschine versteckt und beispielsweise im Verpackungsprozess nicht sichtbar. Das Falten und F\u00fcllen bekommt die meiste Aufmerksamkeit. Genau wie die richtigen Einstellungen ist der richtige Klebstoff ein sehr wichtiger Parameter. Die richtigen D\u00fcsen, Module, Schl\u00e4uche, Steuerungen und Timer tragen dazu bei, dass das System optimal funktioniert. Die einfachsten Maschinen verf\u00fcgen \u00fcber eine sehr fortschrittliche Leimausr\u00fcstung, die auf den ersten Blick sehr einfach erscheint.<\/p>\n\n\n\n<p>Wir m\u00f6chten Ihnen einige wichtige Tipps geben, die Sie ber\u00fccksichtigen sollten, sowie einige Tipps zum Kleben, um den perfekten Schmelzkleber zu finden.<\/p>\n\n\n\n<h2 class=\"wp-block-heading\"><strong>DIE VORTEILE DER INVESTITION IN EIN HEISSES SCHMELZKLEBSYSTEM<\/strong><\/h2>\n\n\n\n<p>Im Vergleich zu vielen anderen Befestigungstechniken bieten Hei\u00dfschmelzklebepistolen eine relativ kosteng\u00fcnstige Alternative. Was diese Klebesysteme noch rentabler macht, ist, dass Schmelzklebstoffsysteme bei guter Wartung eine lange Lebensdauer haben, die Verschlei\u00dfteile in einem Klebesystem begrenzt sind und leicht ausgetauscht werden k\u00f6nnen. Mit einigen grundlegenden Gebrauchs- und Sicherheitstrainings stellen Klebstoffsysteme ein geringeres Sicherheitsrisiko dar und sind einfach zu bedienen. Http:\/\/purhotmelt.com\/www.youtube.com\/embed\/6Hu9tRA7HM45b2e5b2e.html? Feature = oembed<\/p>\n\n\n\n<p>M\u00f6glicherweise liegt der Hauptgrund f\u00fcr den Kauf eines Schmelzschmelzsystems darin, dass Sie mehr Anwendungen mit einem Schmelzklebstoffsystem bereitstellen k\u00f6nnen, z. B. andere Auftragstechniken wie Dichtungsmittel, Klebeband, Nageln, Heften und Schrauben.<\/p>\n\n\n\n<h2 class=\"wp-block-heading\"><strong>WO WERDEN HEISSE SCHMELZGER\u00c4TE VERWENDET?<\/strong><\/h2>\n\n\n\n<p>Nachdem die Vorteile klar sind, m\u00fcssen Sie ein gutes Verst\u00e4ndnis daf\u00fcr entwickeln, wo solche Systeme verwendet werden, damit wir Ideen entwickeln k\u00f6nnen.<\/p>\n\n\n\n<p>Schmelzklebstoffsysteme werden in der Lebensmittelindustrie h\u00e4ufig zum Verpacken einer gro\u00dfen Anzahl von Produkten verwendet. Sowohl die Prim\u00e4rverpackung wie gefrorener Fisch, ein knuspriger Kuchen oder S\u00fc\u00dfigkeiten, als auch die Sekund\u00e4rverpackung f\u00fcr Fertiggerichte, Suppen und Gew\u00fcrze. Hinzu kommt die Terti\u00e4rverpackung, wie beispielsweise eine Wellpappenschachtel, die beispielsweise in Rundummaschinen oder Kartonschlie\u00dfer (amerikanische Faltschachteln) eingeklebt wird.<\/p>\n\n\n\n<p>Schmelzklebstoffe werden auch h\u00e4ufig f\u00fcr Montageanwendungen mit Schaumstoff (Matratzenindustrie), Elektronik, Golfschl\u00e4gern und Autoteilen verwendet. F\u00fcr die Schaumindustrie sind dies h\u00e4ufig spezifische Hei\u00dfschmelzen mit einer langen offenen Zeit und einer relativ niedrigen Anwendungstemperatur.<\/p>\n\n\n\n<p>Ist Ihr Material w\u00e4rmeempfindlich? Haben Sie spezielle Klebstoffe im Sinn, wie z. B. eine selbstklebende PSA-Hotmelt, PUR oder PLA? Haben Sie eine bestimmte Leimform im Sinn, z. B. eine Raupe, einen Wirbel oder eine Beschichtung?<\/p>\n\n\n\n<p>All diese \u00dcberlegungen tragen dazu bei, die richtige Wahl f\u00fcr Hei\u00dfschmelzger\u00e4te zu treffen. Wir helfen Ihnen gerne dabei, die richtige Wahl zu treffen.<\/p>\n\n\n\n<h2 class=\"wp-block-heading\">HOT MELT GLUE STICKS<\/h2>\n\n\n\n<p>F\u00fcr Startups k\u00f6nnen Forschung und Reparaturen von Hot Melt Sticks aufgrund der geringen Investitionskosten und der einfachen Handhabung interessant sein. Hotmelt-Sticks sind in Standardtransparenten erh\u00e4ltlich, aber auch mit verl\u00e4ngerter \u00d6ffnungszeit und verbesserter Haftung auf Kunststoffsubstraten und anderen mit einer schnelleren Abbindegeschwindigkeit, wodurch die Kompressionszeit verk\u00fcrzt wird.<\/p>\n\n\n\n<h2 class=\"wp-block-heading\">BULK HOT MELT PRILLS, PERLEN UND TROMMELN<\/h2>\n\n\n\n<p>Die meisten Schmelzklebstoffe in Prills und Perlen werden f\u00fcr Verpackungs- und leichte Produktmontagemethoden verwendet. Diese sind in einer Vielzahl von Varianten erh\u00e4ltlich, von sehr schnellen Abbinden, einer Kompressionszeit von 0,5 Sekunden in der Verpackungsindustrie bis hin zu Verklebungen mit Kunststoffsubstraten, von Tiefk\u00fchlanwendungen bis zu hitzebest\u00e4ndigen Verklebungen von \u00fcber 90 Grad Celsius. Beispielanwendungen sind Lebensmittelverpackungen, Taschenfedermontage in Matratzen, Schaumverklebung, Verklebung und Montage von Isoliermaterialien, Etikettierung und Buchbindung. Die gebr\u00e4uchlichste Rohstoffbasis f\u00fcr Schmelzklebstoffe sind&nbsp;<a href=\"https:\/\/www.purhotmelt.com\/de\/www.intercol.info\/adhesives\/hot-melt-en-lijm.html\/\">EVA<\/a>&nbsp;und&nbsp;<a href=\"https:\/\/www.purhotmelt.com\/de\/www.intercol.info\/adhesives\/hot-melt-en-lijm\/212-polyolefin-hot-melt-adhesives.html\/\">POLYOLEFIN<\/a>.<\/p>\n\n\n\n<h2 class=\"wp-block-heading\">PSA HEISSES SCHMELZKLEBSTOFF<\/h2>\n\n\n\n<p>PSA-Schmelzklebstoffe sind Schmelzklebstoffe mit einer dauerhaften \u00d6ffnungszeit. Die h\u00e4ufigste Anwendung ist die Herstellung von selbstklebenden B\u00e4ndern. Diese werden durch Laminieren einer Kunststofffolie mit einer klebrigen Klebeschicht hergestellt. PSA-Schmelzklebstoffe werden auch f\u00fcr verschiedene andere Anwendungen in der Produktmontage verwendet, z. B. f\u00fcr wei\u00dfe Ware und Autoteile. Neben selbstklebenden B\u00e4ndern werden h\u00e4ufig auch selbstklebende Etiketten mit Schmelzklebstoffen hergestellt. Schmelzklebstoffe bieten im Vergleich zu Acrylbeschichtungen auf Wasserbasis einen hohen anf\u00e4nglichen Klebrigkeitswert. Hohe Klebrigkeitswerte sind wichtig f\u00fcr z. B. selbstklebende Hochgeschwindigkeits-Etikettieranwendungen.<\/p>\n\n\n\n<h2 class=\"wp-block-heading\">PUR HOT MELT ADHESIVES<\/h2>\n\n\n\n<p>Polyurethan-Schmelzklebstoffe sind eine Kombination von Polyurethan-Klebstoffen mit Schmelzeigenschaften. Polyurethan-Schmelzklebstoffe sind bei Raumtemperatur fest, h\u00e4rten jedoch aus, wenn sie mit Luftfeuchtigkeit in Kontakt kommen. Daher werden PUR Hotmelts in einer luftdichten, feuchtigkeitsfreien Verpackung verpackt. Unter Standardbedingungen beginnt die PUR-Schmelze direkt zu h\u00e4rten und endet nach 24 bis 36 Stunden. PUR-Schmelzklebstoffe m\u00fcssen mit speziellen Hei\u00dfschmelzger\u00e4ten aufgetragen werden. PUR-Schmelzklebstoffe ergeben h\u00e4ufig eine st\u00e4rkere, haltbarere und dauerhaftere Verbindung, die normalerweise in einigen Automobilanwendungen erforderlich ist, jedoch haupts\u00e4chlich f\u00fcr Bauzwecke wie Innengeb\u00e4ude, Plattenkaschierung und dekorative Zwecke.<\/p>","protected":false},"excerpt":{"rendered":"<p>Professionals know that feeling of a perfectly running application, the right equipment, attitude and knowledge give [&hellip;]<\/p>","protected":false},"author":1,"featured_media":0,"parent":0,"menu_order":0,"comment_status":"closed","ping_status":"closed","template":"","meta":{"footnotes":""},"class_list":["post-290","page","type-page","status-publish","hentry"],"yoast_head":"<!-- This site is optimized with the Yoast SEO plugin v17.0 - https:\/\/yoast.com\/wordpress\/plugins\/seo\/ -->\n<title>BUY HOT MELT GLUE GUIDE - PUR hot melt adhesives<\/title>\n<meta name=\"robots\" content=\"index, follow, max-snippet:-1, max-image-preview:large, max-video-preview:-1\" \/>\n<link rel=\"canonical\" href=\"https:\/\/www.purhotmelt.com\/de\/buy-hot-melt-glue-guide\/\" \/>\n<meta property=\"og:locale\" content=\"de_DE\" \/>\n<meta property=\"og:type\" content=\"article\" \/>\n<meta property=\"og:title\" content=\"BUY HOT MELT GLUE GUIDE - PUR hot melt adhesives\" \/>\n<meta property=\"og:description\" content=\"Professionals know that feeling of a perfectly running application, the right equipment, attitude and knowledge give [&hellip;]\" \/>\n<meta property=\"og:url\" content=\"https:\/\/www.purhotmelt.com\/de\/buy-hot-melt-glue-guide\/\" \/>\n<meta property=\"og:site_name\" content=\"PUR hot melt adhesives\" \/>\n<meta property=\"article:modified_time\" content=\"2021-01-20T22:39:41+00:00\" \/>\n<meta property=\"og:image\" content=\"https:\/\/www.purhotmelt.com\/wp-content\/uploads\/2018\/12\/hot-melt-adhesive-EVA-PO-PUR-PSA-1024x558.html\" \/>\n<meta name=\"twitter:card\" content=\"summary_large_image\" \/>\n<meta name=\"twitter:label1\" content=\"Gesch\u00e4tzte Lesezeit\" \/>\n\t<meta name=\"twitter:data1\" content=\"5\u00a0Minuten\" \/>\n<script type=\"application\/ld+json\" class=\"yoast-schema-graph\">{\"@context\":\"https:\/\/schema.org\",\"@graph\":[{\"@type\":\"WebSite\",\"@id\":\"https:\/\/www.purhotmelt.com\/#website\",\"url\":\"https:\/\/www.purhotmelt.com\/\",\"name\":\"PUR hot melt adhesives\",\"description\":\"Intercol: Specialist manufacturer\",\"potentialAction\":[{\"@type\":\"SearchAction\",\"target\":{\"@type\":\"EntryPoint\",\"urlTemplate\":\"https:\/\/www.purhotmelt.com\/?s={search_term_string}\"},\"query-input\":\"required name=search_term_string\"}],\"inLanguage\":\"de\"},{\"@type\":\"ImageObject\",\"@id\":\"https:\/\/www.purhotmelt.com\/buy-hot-melt-glue-guide\/#primaryimage\",\"inLanguage\":\"de\",\"url\":\"https:\/\/www.purhotmelt.com\/wp-content\/uploads\/2018\/12\/hot-melt-adhesive-EVA-PO-PUR-PSA-1024x558.html\",\"contentUrl\":\"https:\/\/www.purhotmelt.com\/wp-content\/uploads\/2018\/12\/hot-melt-adhesive-EVA-PO-PUR-PSA-1024x558.html\"},{\"@type\":\"WebPage\",\"@id\":\"https:\/\/www.purhotmelt.com\/buy-hot-melt-glue-guide\/#webpage\",\"url\":\"https:\/\/www.purhotmelt.com\/buy-hot-melt-glue-guide\/\",\"name\":\"BUY HOT MELT GLUE GUIDE - PUR hot melt adhesives\",\"isPartOf\":{\"@id\":\"https:\/\/www.purhotmelt.com\/#website\"},\"primaryImageOfPage\":{\"@id\":\"https:\/\/www.purhotmelt.com\/buy-hot-melt-glue-guide\/#primaryimage\"},\"datePublished\":\"2021-01-20T22:39:40+00:00\",\"dateModified\":\"2021-01-20T22:39:41+00:00\",\"breadcrumb\":{\"@id\":\"https:\/\/www.purhotmelt.com\/buy-hot-melt-glue-guide\/#breadcrumb\"},\"inLanguage\":\"de\",\"potentialAction\":[{\"@type\":\"ReadAction\",\"target\":[\"https:\/\/www.purhotmelt.com\/buy-hot-melt-glue-guide\/\"]}]},{\"@type\":\"BreadcrumbList\",\"@id\":\"https:\/\/www.purhotmelt.com\/buy-hot-melt-glue-guide\/#breadcrumb\",\"itemListElement\":[{\"@type\":\"ListItem\",\"position\":1,\"name\":\"Home\",\"item\":\"https:\/\/www.purhotmelt.com\/\"},{\"@type\":\"ListItem\",\"position\":2,\"name\":\"BUY HOT MELT GLUE GUIDE\"}]}]}<\/script>\n<!-- \/ Yoast SEO plugin. -->","yoast_head_json":{"title":"HEISSKLEBER-LEITFADEN KAUFEN - PUR-Schmelzklebstoffe","robots":{"index":"index","follow":"follow","max-snippet":"max-snippet:-1","max-image-preview":"max-image-preview:large","max-video-preview":"max-video-preview:-1"},"canonical":"https:\/\/www.purhotmelt.com\/de\/buy-hot-melt-glue-guide\/","og_locale":"de_DE","og_type":"article","og_title":"BUY HOT MELT GLUE GUIDE - PUR hot melt adhesives","og_description":"Professionals know that feeling of a perfectly running application, the right equipment, attitude and knowledge give [&hellip;]","og_url":"https:\/\/www.purhotmelt.com\/de\/buy-hot-melt-glue-guide\/","og_site_name":"PUR hot melt adhesives","article_modified_time":"2021-01-20T22:39:41+00:00","og_image":[{"url":"https:\/\/www.purhotmelt.com\/wp-content\/uploads\/2018\/12\/hot-melt-adhesive-EVA-PO-PUR-PSA-1024x558.html"}],"twitter_card":"summary_large_image","twitter_misc":{"Gesch\u00e4tzte Lesezeit":"5\u00a0Minuten"},"schema":{"@context":"https:\/\/schema.org","@graph":[{"@type":"WebSite","@id":"https:\/\/www.purhotmelt.com\/#website","url":"https:\/\/www.purhotmelt.com\/","name":"PUR-Schmelzklebstoffe","description":"Intercol: Fachhersteller","potentialAction":[{"@type":"SearchAction","target":{"@type":"EntryPoint","urlTemplate":"https:\/\/www.purhotmelt.com\/?s={search_term_string}"},"query-input":"required name=search_term_string"}],"inLanguage":"de"},{"@type":"ImageObject","@id":"https:\/\/www.purhotmelt.com\/buy-hot-melt-glue-guide\/#primaryimage","inLanguage":"de","url":"https:\/\/www.purhotmelt.com\/wp-content\/uploads\/2018\/12\/hot-melt-adhesive-EVA-PO-PUR-PSA-1024x558.html","contentUrl":"https:\/\/www.purhotmelt.com\/wp-content\/uploads\/2018\/12\/hot-melt-adhesive-EVA-PO-PUR-PSA-1024x558.html"},{"@type":"WebPage","@id":"https:\/\/www.purhotmelt.com\/buy-hot-melt-glue-guide\/#webpage","url":"https:\/\/www.purhotmelt.com\/buy-hot-melt-glue-guide\/","name":"HEISSKLEBER-LEITFADEN KAUFEN - PUR-Schmelzklebstoffe","isPartOf":{"@id":"https:\/\/www.purhotmelt.com\/#website"},"primaryImageOfPage":{"@id":"https:\/\/www.purhotmelt.com\/buy-hot-melt-glue-guide\/#primaryimage"},"datePublished":"2021-01-20T22:39:40+00:00","dateModified":"2021-01-20T22:39:41+00:00","breadcrumb":{"@id":"https:\/\/www.purhotmelt.com\/buy-hot-melt-glue-guide\/#breadcrumb"},"inLanguage":"de","potentialAction":[{"@type":"ReadAction","target":["https:\/\/www.purhotmelt.com\/buy-hot-melt-glue-guide\/"]}]},{"@type":"BreadcrumbList","@id":"https:\/\/www.purhotmelt.com\/buy-hot-melt-glue-guide\/#breadcrumb","itemListElement":[{"@type":"ListItem","position":1,"name":"Home","item":"https:\/\/www.purhotmelt.com\/"},{"@type":"ListItem","position":2,"name":"BUY HOT MELT GLUE GUIDE"}]}]}},"_links":{"self":[{"href":"https:\/\/www.purhotmelt.com\/de\/wp-json\/wp\/v2\/pages\/290","targetHints":{"allow":["GET"]}}],"collection":[{"href":"https:\/\/www.purhotmelt.com\/de\/wp-json\/wp\/v2\/pages"}],"about":[{"href":"https:\/\/www.purhotmelt.com\/de\/wp-json\/wp\/v2\/types\/page"}],"author":[{"embeddable":true,"href":"https:\/\/www.purhotmelt.com\/de\/wp-json\/wp\/v2\/users\/1"}],"replies":[{"embeddable":true,"href":"https:\/\/www.purhotmelt.com\/de\/wp-json\/wp\/v2\/comments?post=290"}],"version-history":[{"count":1,"href":"https:\/\/www.purhotmelt.com\/de\/wp-json\/wp\/v2\/pages\/290\/revisions"}],"predecessor-version":[{"id":292,"href":"https:\/\/www.purhotmelt.com\/de\/wp-json\/wp\/v2\/pages\/290\/revisions\/292"}],"wp:attachment":[{"href":"https:\/\/www.purhotmelt.com\/de\/wp-json\/wp\/v2\/media?parent=290"}],"curies":[{"name":"wp","href":"https:\/\/api.w.org\/{rel}","templated":true}]}}