{"id":293,"date":"2021-01-20T22:41:34","date_gmt":"2021-01-20T22:41:34","guid":{"rendered":"https:\/\/www.purhotmelt.com\/?page_id=293"},"modified":"2021-01-20T22:41:35","modified_gmt":"2021-01-20T22:41:35","slug":"new-hot-melt-adhesives-that-stick","status":"publish","type":"page","link":"https:\/\/www.purhotmelt.com\/de\/new-hot-melt-adhesives-that-stick\/","title":{"rendered":"NEUES HEISSES SCHMELZKLEBSTOFF"},"content":{"rendered":"<h1 class=\"wp-block-heading\"><\/h1>\n\n\n\n<p>Intercol hat in diesem Jahr mehrere strategisch ausgew\u00e4hlte M\u00e4rkte erschlossen und mit den von ihm hergestellten zuverl\u00e4ssigen Klebstoffen zus\u00e4tzliche Marktanteile in der Verpackungs-, Automobil-, Grafik-, Holz-, Bau- und Textilindustrie gewonnen<\/p>\n\n\n\n<p>Durch die Sicherung der stabilen Leistung in den kommenden Jahren werden unsere hochwertigen Klebstoffe anhand einer vertikalen Marktsicht entwickelt. \u201eDies sind M\u00e4rkte, die wir als historisch stark oder mit einem einzigartigen Produktangebot identifiziert haben. Beispiele hierf\u00fcr sind Verpackung, Filter, Produktmontage, Polyurethan-Hotmelts und Kennzeichnung auf Wasserbasis. \u201c<\/p>\n\n\n\n<p>Jedes Jahr im M\u00e4rz veranstalten wir in Ede, Niederlande, ein Kundenschulungsprogramm, das sich an verschiedene Branchen richtet und dabei hilft, die unterschiedlichen Bed\u00fcrfnisse dieser M\u00e4rkte von beiden Seiten, Kunden und Lieferanten, zu verstehen. Diese Schulungen, die auf Verpackungs-, Verarbeitungs-, Wellpappen-, Etikettierungs-, Buchbindungs- und Polyurethan-Schmelzklebstoffe abzielen, wurden vom Markt immer gut angenommen und tragen Fr\u00fcchte. Die gr\u00f6\u00dften Wachstumsbereiche im Jahr 2018 waren Filter, Wellpappen-Inliner, Haftklebstoffe (PSA-Klebstoffe f\u00fcr B\u00e4nder und Etiketten), Ordnerkleber, Konstruktion, Holz, PUR-Schmelzklebstoffe f\u00fcr die Produktmontage und das gesamte Verpackungssegment.<\/p>\n\n\n\n<p>Seit 2016 bietet Intercol die M\u00f6glichkeit, Schmelzklebstoffe mit dem hohen Hygienegrad des British Retail Consortium (BRC) nach dem globalen Standard f\u00fcr Verpackungen und Verpackungsmaterialien f\u00fcr die Herstellung von Schmelzklebstoffen f\u00fcr Lebensmittel- und Non-Food-Verpackungsanwendungen zu liefern. Zusammen mit unserem lebensmittelechten Sortiment an SML-Klebstoffen auf Wasserbasis hat sich diese Anerkennung als echtes Unterscheidungsmerkmal auf dem Markt f\u00fcr Intercol-Klebstoffe erwiesen.<\/p>\n\n\n\n<p>Die Gew\u00e4hrleistung der Qualit\u00e4tsmerkmale von Intercol \u00f6ffnet T\u00fcren, Lebensmittelsicherheit, R\u00fcckverfolgbarkeit und Unternehmensf\u00fchrung unterscheiden Intercol als Hersteller und Zulieferer.<\/p>\n\n\n\n<p>Als Reaktion auf einige schwere Rohstoffentwicklungen hat Intercol in diesem Jahr mehrere neue Produktreihen entwickelt. Zum Beispiel neue Polyolefin-Typen, bei denen beispielsweise weniger PUR-Hotmelt verwendet werden muss, oder eine sehr wettbewerbsf\u00e4hige Auswahl an Polyolefin-Klebstoffen und eine Reihe von Klebstoffen f\u00fcr Wellpappen-Inliner und Ordner-Kleber, die extrem gute Laufeigenschaften und einen konkurrierenden Preisunterschied aufweisen. Das Gesamtergebnis ist eine starke Umsatzsteigerung mit der neuen Kleberserie, die jetzt einzigartig auf dem Markt ist.<\/p>\n\n\n\n<p>Einige dieser neuen Klebstoffe k\u00f6nnen dort verwendet werden, wo Sie normalerweise andere Klebetechnologien anstelle eines Schmelzklebstoffs verwenden w\u00fcrden. Zum Beispiel Polyurethan-Schmelzklebstoffe, mit denen stark gl\u00e4nzende B\u00fccher oder bestimmte Holzbearbeitungsanwendungen gebunden werden. Die Kosten und die Umweltbelastung k\u00f6nnen verbessert werden. F\u00fcr bestimmte Anwendungen bieten wir Alternativen an, um von PUR-Hotmelts Abstand zu nehmen und umweltfreundlichere Optionen zu w\u00e4hlen \u201c, erkl\u00e4rt er.<\/p>\n\n\n\n<p>Um die Nachhaltigkeit zu verbessern und Verpackungsabf\u00e4lle zu reduzieren, die eines der Hauptthemen der Verbraucher sind, legen die Hersteller ihren Produktionsansatz fest. Es gibt immer noch eine gro\u00dfe Nachfrage nach vollst\u00e4ndig biologisch abbaubaren Klebstoffen, die f\u00fcr einige wasserbasierte Typen erh\u00e4ltlich sind, aber f\u00fcr die Hei\u00dfschmelztechnologie muss ein solches Produkt noch vollst\u00e4ndig entwickelt werden. Obwohl unsere Klebstoffe diese Anforderungen nicht mit 100% erf\u00fcllen k\u00f6nnen, k\u00f6nnen wir auf ein umweltfreundlicheres Produktangebot hinarbeiten:<\/p>\n\n\n\n<ul class=\"wp-block-list\"><li>Durch die Verwendung von Klebstoffen zur Sicherung von Palettenladungen kann die Notwendigkeit einer Palettenverpackung aus Kunststoff entfallen.<\/li><li>Verwendung von Schmelzklebstoffen anstelle von Polyurethan-Schmelzklebstoffen<\/li><li>Verwendung von Klebstoffen auf Wasserbasis oder Schmelzklebstoffen anstelle von Klebstoffen auf L\u00f6sungsmittelbasis.<\/li><li>Verwendung von biobasierten und biologisch abbaubaren 100%-Klebstoffen<\/li><li>Abfallreduzierung durch Optimierung des Klebevorgangs<\/li><li>Klebstoffverbrauch reduzieren<\/li><\/ul>\n\n\n\n<p>Intercol ist eine Klebstoffherstellung mit starker Pr\u00e4senz in Europa. Es gibt neue Klebstoffproduktionslinien f\u00fcr Klebstoffe mit niedriger bis mittlerer Viskosit\u00e4t, die haupts\u00e4chlich f\u00fcr den Verpackungsmarkt bestimmt sind.&nbsp;<\/p>\n\n\n\n<p>Im Jahr 2018 baut Intercol die Produktpalette von Schmelzklebstoffen weiter aus, die sich nicht im Schmelztiegel verkohlen, sauber laufen und in einem weiten Bereich von Produktionsgeschwindigkeiten eingesetzt werden k\u00f6nnen. Basierend auf der neuesten Polyolefin-Technologie bieten diese Klebstoffe Anwendern niedrigere Betriebskosten f\u00fcr ihre Verpackungsprodukte und eine Verbesserung der Qualit\u00e4t.<\/p>","protected":false},"excerpt":{"rendered":"<p>Intercol has been active in developing several strategically-chosen markets this year, gaining extra market share&nbsp; in [&hellip;]<\/p>","protected":false},"author":1,"featured_media":0,"parent":0,"menu_order":0,"comment_status":"closed","ping_status":"closed","template":"","meta":{"footnotes":""},"class_list":["post-293","page","type-page","status-publish","hentry"],"yoast_head":"<!-- This site is optimized with the Yoast SEO plugin v17.0 - https:\/\/yoast.com\/wordpress\/plugins\/seo\/ -->\n<title>NEW HOT MELT ADHESIVES THAT STICK - PUR hot melt adhesives<\/title>\n<meta name=\"robots\" content=\"index, follow, max-snippet:-1, max-image-preview:large, max-video-preview:-1\" \/>\n<link rel=\"canonical\" href=\"https:\/\/www.purhotmelt.com\/de\/new-hot-melt-adhesives-that-stick\/\" \/>\n<meta property=\"og:locale\" content=\"de_DE\" \/>\n<meta property=\"og:type\" content=\"article\" \/>\n<meta property=\"og:title\" content=\"NEW HOT MELT ADHESIVES THAT STICK - PUR hot melt adhesives\" \/>\n<meta property=\"og:description\" content=\"Intercol has been active in developing several strategically-chosen markets this year, gaining extra market share&nbsp; in [&hellip;]\" \/>\n<meta property=\"og:url\" content=\"https:\/\/www.purhotmelt.com\/de\/new-hot-melt-adhesives-that-stick\/\" \/>\n<meta property=\"og:site_name\" content=\"PUR hot melt adhesives\" \/>\n<meta property=\"article:modified_time\" content=\"2021-01-20T22:41:35+00:00\" \/>\n<meta name=\"twitter:card\" content=\"summary_large_image\" \/>\n<meta name=\"twitter:label1\" content=\"Gesch\u00e4tzte Lesezeit\" \/>\n\t<meta name=\"twitter:data1\" content=\"3\u00a0Minuten\" \/>\n<script type=\"application\/ld+json\" class=\"yoast-schema-graph\">{\"@context\":\"https:\/\/schema.org\",\"@graph\":[{\"@type\":\"WebSite\",\"@id\":\"https:\/\/www.purhotmelt.com\/#website\",\"url\":\"https:\/\/www.purhotmelt.com\/\",\"name\":\"PUR hot melt adhesives\",\"description\":\"Intercol: Specialist manufacturer\",\"potentialAction\":[{\"@type\":\"SearchAction\",\"target\":{\"@type\":\"EntryPoint\",\"urlTemplate\":\"https:\/\/www.purhotmelt.com\/?s={search_term_string}\"},\"query-input\":\"required name=search_term_string\"}],\"inLanguage\":\"de\"},{\"@type\":\"WebPage\",\"@id\":\"https:\/\/www.purhotmelt.com\/new-hot-melt-adhesives-that-stick\/#webpage\",\"url\":\"https:\/\/www.purhotmelt.com\/new-hot-melt-adhesives-that-stick\/\",\"name\":\"NEW HOT MELT ADHESIVES THAT STICK - PUR hot melt adhesives\",\"isPartOf\":{\"@id\":\"https:\/\/www.purhotmelt.com\/#website\"},\"datePublished\":\"2021-01-20T22:41:34+00:00\",\"dateModified\":\"2021-01-20T22:41:35+00:00\",\"breadcrumb\":{\"@id\":\"https:\/\/www.purhotmelt.com\/new-hot-melt-adhesives-that-stick\/#breadcrumb\"},\"inLanguage\":\"de\",\"potentialAction\":[{\"@type\":\"ReadAction\",\"target\":[\"https:\/\/www.purhotmelt.com\/new-hot-melt-adhesives-that-stick\/\"]}]},{\"@type\":\"BreadcrumbList\",\"@id\":\"https:\/\/www.purhotmelt.com\/new-hot-melt-adhesives-that-stick\/#breadcrumb\",\"itemListElement\":[{\"@type\":\"ListItem\",\"position\":1,\"name\":\"Home\",\"item\":\"https:\/\/www.purhotmelt.com\/\"},{\"@type\":\"ListItem\",\"position\":2,\"name\":\"NEW HOT MELT ADHESIVES THAT STICK\"}]}]}<\/script>\n<!-- \/ Yoast SEO plugin. -->","yoast_head_json":{"title":"NEUE SCHMELZKLEBER, DIE KLEBEN - PUR-Schmelzklebstoffe","robots":{"index":"index","follow":"follow","max-snippet":"max-snippet:-1","max-image-preview":"max-image-preview:large","max-video-preview":"max-video-preview:-1"},"canonical":"https:\/\/www.purhotmelt.com\/de\/new-hot-melt-adhesives-that-stick\/","og_locale":"de_DE","og_type":"article","og_title":"NEW HOT MELT ADHESIVES THAT STICK - PUR hot melt adhesives","og_description":"Intercol has been active in developing several strategically-chosen markets this year, gaining extra market share&nbsp; in [&hellip;]","og_url":"https:\/\/www.purhotmelt.com\/de\/new-hot-melt-adhesives-that-stick\/","og_site_name":"PUR hot melt adhesives","article_modified_time":"2021-01-20T22:41:35+00:00","twitter_card":"summary_large_image","twitter_misc":{"Gesch\u00e4tzte Lesezeit":"3\u00a0Minuten"},"schema":{"@context":"https:\/\/schema.org","@graph":[{"@type":"WebSite","@id":"https:\/\/www.purhotmelt.com\/#website","url":"https:\/\/www.purhotmelt.com\/","name":"PUR-Schmelzklebstoffe","description":"Intercol: Fachhersteller","potentialAction":[{"@type":"SearchAction","target":{"@type":"EntryPoint","urlTemplate":"https:\/\/www.purhotmelt.com\/?s={search_term_string}"},"query-input":"required name=search_term_string"}],"inLanguage":"de"},{"@type":"WebPage","@id":"https:\/\/www.purhotmelt.com\/new-hot-melt-adhesives-that-stick\/#webpage","url":"https:\/\/www.purhotmelt.com\/new-hot-melt-adhesives-that-stick\/","name":"NEUE SCHMELZKLEBER, DIE KLEBEN - PUR-Schmelzklebstoffe","isPartOf":{"@id":"https:\/\/www.purhotmelt.com\/#website"},"datePublished":"2021-01-20T22:41:34+00:00","dateModified":"2021-01-20T22:41:35+00:00","breadcrumb":{"@id":"https:\/\/www.purhotmelt.com\/new-hot-melt-adhesives-that-stick\/#breadcrumb"},"inLanguage":"de","potentialAction":[{"@type":"ReadAction","target":["https:\/\/www.purhotmelt.com\/new-hot-melt-adhesives-that-stick\/"]}]},{"@type":"BreadcrumbList","@id":"https:\/\/www.purhotmelt.com\/new-hot-melt-adhesives-that-stick\/#breadcrumb","itemListElement":[{"@type":"ListItem","position":1,"name":"Home","item":"https:\/\/www.purhotmelt.com\/"},{"@type":"ListItem","position":2,"name":"NEW HOT MELT ADHESIVES THAT STICK"}]}]}},"_links":{"self":[{"href":"https:\/\/www.purhotmelt.com\/de\/wp-json\/wp\/v2\/pages\/293","targetHints":{"allow":["GET"]}}],"collection":[{"href":"https:\/\/www.purhotmelt.com\/de\/wp-json\/wp\/v2\/pages"}],"about":[{"href":"https:\/\/www.purhotmelt.com\/de\/wp-json\/wp\/v2\/types\/page"}],"author":[{"embeddable":true,"href":"https:\/\/www.purhotmelt.com\/de\/wp-json\/wp\/v2\/users\/1"}],"replies":[{"embeddable":true,"href":"https:\/\/www.purhotmelt.com\/de\/wp-json\/wp\/v2\/comments?post=293"}],"version-history":[{"count":1,"href":"https:\/\/www.purhotmelt.com\/de\/wp-json\/wp\/v2\/pages\/293\/revisions"}],"predecessor-version":[{"id":295,"href":"https:\/\/www.purhotmelt.com\/de\/wp-json\/wp\/v2\/pages\/293\/revisions\/295"}],"wp:attachment":[{"href":"https:\/\/www.purhotmelt.com\/de\/wp-json\/wp\/v2\/media?parent=293"}],"curies":[{"name":"wp","href":"https:\/\/api.w.org\/{rel}","templated":true}]}}