{"id":299,"date":"2021-01-20T22:43:45","date_gmt":"2021-01-20T22:43:45","guid":{"rendered":"https:\/\/www.purhotmelt.com\/?page_id=299"},"modified":"2021-01-20T22:43:46","modified_gmt":"2021-01-20T22:43:46","slug":"glue-to-bond-label-to-glass","status":"publish","type":"page","link":"https:\/\/www.purhotmelt.com\/de\/glue-to-bond-label-to-glass\/","title":{"rendered":"Kleber, um Etikett an Glas zu binden"},"content":{"rendered":"<h1 class=\"wp-block-heading\"><\/h1>\n\n\n\n<p>Intercol ist ein Hersteller von Klebstoffen zur Kennzeichnung von Glas wie Flaschen. Diese Klebstoffe werden in der Industrie normalerweise f\u00fcr Mehrwegflaschen in einer Natronlauge entfernt. Diese Klebstoffe basieren haupts\u00e4chlich auf Kasein (Milchprotein) oder synthetischen Rohstoffen. Diese Klebstoffe werden h\u00e4ufig auch automatisch auf eine Etikettiermaschine aufgetragen.<\/p>","protected":false},"excerpt":{"rendered":"<p>Intercol is a manufacturer of adhesives for labeling glass, such as bottles. .These labelling adhesives are [&hellip;]<\/p>","protected":false},"author":1,"featured_media":0,"parent":0,"menu_order":0,"comment_status":"closed","ping_status":"closed","template":"","meta":{"footnotes":""},"class_list":["post-299","page","type-page","status-publish","hentry"],"yoast_head":"<!-- This site is optimized with the Yoast SEO plugin v17.0 - https:\/\/yoast.com\/wordpress\/plugins\/seo\/ -->\n<title>GLUE TO BOND LABEL TO GLASS - PUR hot melt adhesives<\/title>\n<meta name=\"robots\" content=\"index, follow, max-snippet:-1, max-image-preview:large, max-video-preview:-1\" \/>\n<link rel=\"canonical\" href=\"https:\/\/www.purhotmelt.com\/de\/glue-to-bond-label-to-glass\/\" \/>\n<meta property=\"og:locale\" content=\"de_DE\" \/>\n<meta property=\"og:type\" content=\"article\" \/>\n<meta property=\"og:title\" content=\"GLUE TO BOND LABEL TO GLASS - PUR hot melt adhesives\" \/>\n<meta property=\"og:description\" content=\"Intercol is a manufacturer of adhesives for labeling glass, such as bottles. .These labelling adhesives are [&hellip;]\" \/>\n<meta property=\"og:url\" content=\"https:\/\/www.purhotmelt.com\/de\/glue-to-bond-label-to-glass\/\" \/>\n<meta property=\"og:site_name\" content=\"PUR hot melt adhesives\" \/>\n<meta property=\"article:modified_time\" content=\"2021-01-20T22:43:46+00:00\" \/>\n<meta name=\"twitter:card\" content=\"summary_large_image\" \/>\n<script type=\"application\/ld+json\" class=\"yoast-schema-graph\">{\"@context\":\"https:\/\/schema.org\",\"@graph\":[{\"@type\":\"WebSite\",\"@id\":\"https:\/\/www.purhotmelt.com\/#website\",\"url\":\"https:\/\/www.purhotmelt.com\/\",\"name\":\"PUR hot melt adhesives\",\"description\":\"Intercol: Specialist manufacturer\",\"potentialAction\":[{\"@type\":\"SearchAction\",\"target\":{\"@type\":\"EntryPoint\",\"urlTemplate\":\"https:\/\/www.purhotmelt.com\/?s={search_term_string}\"},\"query-input\":\"required name=search_term_string\"}],\"inLanguage\":\"de\"},{\"@type\":\"WebPage\",\"@id\":\"https:\/\/www.purhotmelt.com\/es\/glue-to-bond-label-to-glass\/#webpage\",\"url\":\"https:\/\/www.purhotmelt.com\/es\/glue-to-bond-label-to-glass\/\",\"name\":\"GLUE TO BOND LABEL TO GLASS - PUR hot melt adhesives\",\"isPartOf\":{\"@id\":\"https:\/\/www.purhotmelt.com\/#website\"},\"datePublished\":\"2021-01-20T22:43:45+00:00\",\"dateModified\":\"2021-01-20T22:43:46+00:00\",\"breadcrumb\":{\"@id\":\"https:\/\/www.purhotmelt.com\/es\/glue-to-bond-label-to-glass\/#breadcrumb\"},\"inLanguage\":\"de\",\"potentialAction\":[{\"@type\":\"ReadAction\",\"target\":[\"https:\/\/www.purhotmelt.com\/es\/glue-to-bond-label-to-glass\/\"]}]},{\"@type\":\"BreadcrumbList\",\"@id\":\"https:\/\/www.purhotmelt.com\/es\/glue-to-bond-label-to-glass\/#breadcrumb\",\"itemListElement\":[{\"@type\":\"ListItem\",\"position\":1,\"name\":\"Home\",\"item\":\"https:\/\/www.purhotmelt.com\/\"},{\"@type\":\"ListItem\",\"position\":2,\"name\":\"GLUE TO BOND LABEL TO GLASS\"}]}]}<\/script>\n<!-- \/ Yoast SEO plugin. -->","yoast_head_json":{"title":"GLUE TO BOND LABEL TO GLAS - PUR-Schmelzklebstoffe","robots":{"index":"index","follow":"follow","max-snippet":"max-snippet:-1","max-image-preview":"max-image-preview:large","max-video-preview":"max-video-preview:-1"},"canonical":"https:\/\/www.purhotmelt.com\/de\/glue-to-bond-label-to-glass\/","og_locale":"de_DE","og_type":"article","og_title":"GLUE TO BOND LABEL TO GLASS - PUR hot melt adhesives","og_description":"Intercol is a manufacturer of adhesives for labeling glass, such as bottles. .These labelling adhesives are [&hellip;]","og_url":"https:\/\/www.purhotmelt.com\/de\/glue-to-bond-label-to-glass\/","og_site_name":"PUR hot melt adhesives","article_modified_time":"2021-01-20T22:43:46+00:00","twitter_card":"summary_large_image","schema":{"@context":"https:\/\/schema.org","@graph":[{"@type":"WebSite","@id":"https:\/\/www.purhotmelt.com\/#website","url":"https:\/\/www.purhotmelt.com\/","name":"PUR-Schmelzklebstoffe","description":"Intercol: Fachhersteller","potentialAction":[{"@type":"SearchAction","target":{"@type":"EntryPoint","urlTemplate":"https:\/\/www.purhotmelt.com\/?s={search_term_string}"},"query-input":"required name=search_term_string"}],"inLanguage":"de"},{"@type":"WebPage","@id":"https:\/\/www.purhotmelt.com\/es\/glue-to-bond-label-to-glass\/#webpage","url":"https:\/\/www.purhotmelt.com\/es\/glue-to-bond-label-to-glass\/","name":"GLUE TO BOND LABEL TO GLAS - PUR-Schmelzklebstoffe","isPartOf":{"@id":"https:\/\/www.purhotmelt.com\/#website"},"datePublished":"2021-01-20T22:43:45+00:00","dateModified":"2021-01-20T22:43:46+00:00","breadcrumb":{"@id":"https:\/\/www.purhotmelt.com\/es\/glue-to-bond-label-to-glass\/#breadcrumb"},"inLanguage":"de","potentialAction":[{"@type":"ReadAction","target":["https:\/\/www.purhotmelt.com\/es\/glue-to-bond-label-to-glass\/"]}]},{"@type":"BreadcrumbList","@id":"https:\/\/www.purhotmelt.com\/es\/glue-to-bond-label-to-glass\/#breadcrumb","itemListElement":[{"@type":"ListItem","position":1,"name":"Home","item":"https:\/\/www.purhotmelt.com\/"},{"@type":"ListItem","position":2,"name":"GLUE TO BOND LABEL TO GLASS"}]}]}},"_links":{"self":[{"href":"https:\/\/www.purhotmelt.com\/de\/wp-json\/wp\/v2\/pages\/299","targetHints":{"allow":["GET"]}}],"collection":[{"href":"https:\/\/www.purhotmelt.com\/de\/wp-json\/wp\/v2\/pages"}],"about":[{"href":"https:\/\/www.purhotmelt.com\/de\/wp-json\/wp\/v2\/types\/page"}],"author":[{"embeddable":true,"href":"https:\/\/www.purhotmelt.com\/de\/wp-json\/wp\/v2\/users\/1"}],"replies":[{"embeddable":true,"href":"https:\/\/www.purhotmelt.com\/de\/wp-json\/wp\/v2\/comments?post=299"}],"version-history":[{"count":1,"href":"https:\/\/www.purhotmelt.com\/de\/wp-json\/wp\/v2\/pages\/299\/revisions"}],"predecessor-version":[{"id":301,"href":"https:\/\/www.purhotmelt.com\/de\/wp-json\/wp\/v2\/pages\/299\/revisions\/301"}],"wp:attachment":[{"href":"https:\/\/www.purhotmelt.com\/de\/wp-json\/wp\/v2\/media?parent=299"}],"curies":[{"name":"wp","href":"https:\/\/api.w.org\/{rel}","templated":true}]}}