{"id":324,"date":"2021-01-21T12:50:23","date_gmt":"2021-01-21T12:50:23","guid":{"rendered":"https:\/\/www.purhotmelt.com\/?page_id=324"},"modified":"2021-09-07T21:15:18","modified_gmt":"2021-09-07T21:15:18","slug":"textiles","status":"publish","type":"page","link":"https:\/\/www.purhotmelt.com\/de\/textiles\/","title":{"rendered":"Textilien"},"content":{"rendered":"<h2 class=\"wp-block-heading\">Laminierung von Matratzen, Schw\u00e4mmen und anderen Sch\u00e4umen<\/h2>\n\n\n\n<p>Unsere Klebstoffe erf\u00fcllen die Forderung nach kontinuierlich schnelleren Stanzzeiten. Polyurethan-reaktive Schmelzklebstoffe gewinnen aufgrund ihrer schnellen Abbindezeit an Bedeutung. <\/p>\n\n\n\n<figure class=\"wp-block-image size-large\"><img loading=\"lazy\" decoding=\"async\" width=\"683\" height=\"513\" src=\"https:\/\/www.purhotmelt.com\/wp-content\/uploads\/2021\/01\/Textile-hot-melt-adhesives.jpg\" alt=\"Textile Schmelzklebstoffe\" class=\"wp-image-325\" srcset=\"https:\/\/www.purhotmelt.com\/wp-content\/uploads\/2021\/01\/Textile-hot-melt-adhesives.jpg 683w, https:\/\/www.purhotmelt.com\/wp-content\/uploads\/2021\/01\/Textile-hot-melt-adhesives-300x225.jpg 300w, https:\/\/www.purhotmelt.com\/wp-content\/uploads\/2021\/01\/Textile-hot-melt-adhesives-16x12.jpg 16w\" sizes=\"auto, (max-width: 683px) 100vw, 683px\" \/><figcaption>Textile Schmelzklebstoffe<\/figcaption><\/figure>\n\n\n\n<h2 class=\"wp-block-heading\">Textilkaschierung f\u00fcr Automobilanwendungen<\/h2>\n\n\n\n<p>Die Laminierung von Geweben f\u00fcr die Automobilindustrie umfasst eine breite Palette von Anwendungen wie Autos, Busse, Z\u00fcge, Lastwagen, Motorr\u00e4der, Wohnwagen usw. Textilien mit unseren Klebstoffen werden f\u00fcr Sitze, Decken, Matten oder T\u00fcren verwendet. Textilien k\u00f6nnen mit vielen verschiedenen Arten von Stoffen laminiert werden.<br><br>PUR-Hotmelt-Bindungen erf\u00fcllen h\u00f6chste Qualit\u00e4tsanspr\u00fcche. Stark, langlebig und schnell zu produzieren, effizient, irreversibel, mit hoher Best\u00e4ndigkeit gegen Feuchtigkeit und extrem kalte und hei\u00dfe Temperaturen. UV-Best\u00e4ndigkeit ist in diesem Anwendungsbereich Standard.<\/p>\n\n\n\n<h2 class=\"wp-block-heading\">Schwammkaschierungen, Reinigung von Textilien<\/h2>\n\n\n\n<p>Reinigungsstoffe sind \u00fcberall zu finden, von Haushaltsanwendungen bis hin zu Industrieanwendungen. Die Sauberkeit gewinnt in unserer Umwelt zunehmend an Bedeutung. Mit Schw\u00e4mmen k\u00f6nnen wir Schmutz entfernen, den andere Arten von Stoffen nicht k\u00f6nnen.<\/p>\n\n\n\n<h2 class=\"wp-block-heading\">1-Komponenten-Polyurethan-Klebstoffe<\/h2>\n\n\n\n<p>Diese Art von Klebstoff bietet eine flexible und schnelle Verbindung und kurze Zeit f\u00fcr einen schnellen und sauberen Schneidprozess.<\/p>\n\n\n\n<h2 class=\"wp-block-heading\">PUR-Schmelzklebstoffe<\/h2>\n\n\n\n<p>Diese Art von Klebstoff bietet eine flexible und extrem schnelle Verbindung und eine sehr kurze Zeit f\u00fcr einen schnellen und sauberen Schneidprozess. PUR-Schmelzklebstoffe weisen im Vergleich zu den meisten anderen Klebstoffen die h\u00f6chste Temperatur- und Feuchtigkeitsbest\u00e4ndigkeit auf.<\/p>","protected":false},"excerpt":{"rendered":"<p>Lamination of mattresses, sponges and other foams Our adhesives meet the demand for continuous faster punching [&hellip;]<\/p>","protected":false},"author":1,"featured_media":0,"parent":0,"menu_order":0,"comment_status":"closed","ping_status":"closed","template":"template-full-width.php","meta":{"footnotes":""},"class_list":["post-324","page","type-page","status-publish","hentry"],"yoast_head":"<!-- This site is optimized with the Yoast SEO plugin v17.0 - https:\/\/yoast.com\/wordpress\/plugins\/seo\/ -->\n<title>Textiles - PUR hot melt adhesives<\/title>\n<meta name=\"robots\" content=\"index, follow, max-snippet:-1, max-image-preview:large, max-video-preview:-1\" \/>\n<link rel=\"canonical\" href=\"https:\/\/www.purhotmelt.com\/de\/textiles\/\" \/>\n<meta property=\"og:locale\" content=\"de_DE\" \/>\n<meta property=\"og:type\" content=\"article\" \/>\n<meta property=\"og:title\" content=\"Textiles - PUR hot melt adhesives\" \/>\n<meta property=\"og:description\" content=\"Lamination of mattresses, sponges and other foams Our adhesives meet the demand for continuous faster punching [&hellip;]\" \/>\n<meta property=\"og:url\" content=\"https:\/\/www.purhotmelt.com\/de\/textiles\/\" \/>\n<meta property=\"og:site_name\" content=\"PUR hot melt adhesives\" \/>\n<meta property=\"article:modified_time\" content=\"2021-09-07T21:15:18+00:00\" \/>\n<meta property=\"og:image\" content=\"https:\/\/www.purhotmelt.com\/wp-content\/uploads\/2021\/01\/Textile-hot-melt-adhesives.jpg\" \/>\n<meta name=\"twitter:card\" content=\"summary_large_image\" \/>\n<meta name=\"twitter:label1\" content=\"Gesch\u00e4tzte Lesezeit\" \/>\n\t<meta name=\"twitter:data1\" content=\"2\u00a0Minuten\" \/>\n<script type=\"application\/ld+json\" class=\"yoast-schema-graph\">{\"@context\":\"https:\/\/schema.org\",\"@graph\":[{\"@type\":\"WebSite\",\"@id\":\"https:\/\/www.purhotmelt.com\/#website\",\"url\":\"https:\/\/www.purhotmelt.com\/\",\"name\":\"PUR hot melt adhesives\",\"description\":\"Intercol: Specialist manufacturer\",\"potentialAction\":[{\"@type\":\"SearchAction\",\"target\":{\"@type\":\"EntryPoint\",\"urlTemplate\":\"https:\/\/www.purhotmelt.com\/?s={search_term_string}\"},\"query-input\":\"required name=search_term_string\"}],\"inLanguage\":\"de\"},{\"@type\":\"ImageObject\",\"@id\":\"https:\/\/www.purhotmelt.com\/textiles\/#primaryimage\",\"inLanguage\":\"de\",\"url\":\"https:\/\/www.purhotmelt.com\/wp-content\/uploads\/2021\/01\/Textile-hot-melt-adhesives.jpg\",\"contentUrl\":\"https:\/\/www.purhotmelt.com\/wp-content\/uploads\/2021\/01\/Textile-hot-melt-adhesives.jpg\",\"width\":683,\"height\":513,\"caption\":\"Textile hot melt adhesives\"},{\"@type\":\"WebPage\",\"@id\":\"https:\/\/www.purhotmelt.com\/textiles\/#webpage\",\"url\":\"https:\/\/www.purhotmelt.com\/textiles\/\",\"name\":\"Textiles - PUR hot melt adhesives\",\"isPartOf\":{\"@id\":\"https:\/\/www.purhotmelt.com\/#website\"},\"primaryImageOfPage\":{\"@id\":\"https:\/\/www.purhotmelt.com\/textiles\/#primaryimage\"},\"datePublished\":\"2021-01-21T12:50:23+00:00\",\"dateModified\":\"2021-09-07T21:15:18+00:00\",\"breadcrumb\":{\"@id\":\"https:\/\/www.purhotmelt.com\/textiles\/#breadcrumb\"},\"inLanguage\":\"de\",\"potentialAction\":[{\"@type\":\"ReadAction\",\"target\":[\"https:\/\/www.purhotmelt.com\/textiles\/\"]}]},{\"@type\":\"BreadcrumbList\",\"@id\":\"https:\/\/www.purhotmelt.com\/textiles\/#breadcrumb\",\"itemListElement\":[{\"@type\":\"ListItem\",\"position\":1,\"name\":\"Home\",\"item\":\"https:\/\/www.purhotmelt.com\/\"},{\"@type\":\"ListItem\",\"position\":2,\"name\":\"Textiles\"}]}]}<\/script>\n<!-- \/ Yoast SEO plugin. -->","yoast_head_json":{"title":"Textilien - PUR-Schmelzklebstoffe","robots":{"index":"index","follow":"follow","max-snippet":"max-snippet:-1","max-image-preview":"max-image-preview:large","max-video-preview":"max-video-preview:-1"},"canonical":"https:\/\/www.purhotmelt.com\/de\/textiles\/","og_locale":"de_DE","og_type":"article","og_title":"Textiles - PUR hot melt adhesives","og_description":"Lamination of mattresses, sponges and other foams Our adhesives meet the demand for continuous faster punching [&hellip;]","og_url":"https:\/\/www.purhotmelt.com\/de\/textiles\/","og_site_name":"PUR hot melt adhesives","article_modified_time":"2021-09-07T21:15:18+00:00","og_image":[{"url":"https:\/\/www.purhotmelt.com\/wp-content\/uploads\/2021\/01\/Textile-hot-melt-adhesives.jpg"}],"twitter_card":"summary_large_image","twitter_misc":{"Gesch\u00e4tzte Lesezeit":"2\u00a0Minuten"},"schema":{"@context":"https:\/\/schema.org","@graph":[{"@type":"WebSite","@id":"https:\/\/www.purhotmelt.com\/#website","url":"https:\/\/www.purhotmelt.com\/","name":"PUR-Schmelzklebstoffe","description":"Intercol: Fachhersteller","potentialAction":[{"@type":"SearchAction","target":{"@type":"EntryPoint","urlTemplate":"https:\/\/www.purhotmelt.com\/?s={search_term_string}"},"query-input":"required name=search_term_string"}],"inLanguage":"de"},{"@type":"ImageObject","@id":"https:\/\/www.purhotmelt.com\/textiles\/#primaryimage","inLanguage":"de","url":"https:\/\/www.purhotmelt.com\/wp-content\/uploads\/2021\/01\/Textile-hot-melt-adhesives.jpg","contentUrl":"https:\/\/www.purhotmelt.com\/wp-content\/uploads\/2021\/01\/Textile-hot-melt-adhesives.jpg","width":683,"height":513,"caption":"Textile hot melt adhesives"},{"@type":"WebPage","@id":"https:\/\/www.purhotmelt.com\/textiles\/#webpage","url":"https:\/\/www.purhotmelt.com\/textiles\/","name":"Textilien - PUR-Schmelzklebstoffe","isPartOf":{"@id":"https:\/\/www.purhotmelt.com\/#website"},"primaryImageOfPage":{"@id":"https:\/\/www.purhotmelt.com\/textiles\/#primaryimage"},"datePublished":"2021-01-21T12:50:23+00:00","dateModified":"2021-09-07T21:15:18+00:00","breadcrumb":{"@id":"https:\/\/www.purhotmelt.com\/textiles\/#breadcrumb"},"inLanguage":"de","potentialAction":[{"@type":"ReadAction","target":["https:\/\/www.purhotmelt.com\/textiles\/"]}]},{"@type":"BreadcrumbList","@id":"https:\/\/www.purhotmelt.com\/textiles\/#breadcrumb","itemListElement":[{"@type":"ListItem","position":1,"name":"Home","item":"https:\/\/www.purhotmelt.com\/"},{"@type":"ListItem","position":2,"name":"Textiles"}]}]}},"_links":{"self":[{"href":"https:\/\/www.purhotmelt.com\/de\/wp-json\/wp\/v2\/pages\/324","targetHints":{"allow":["GET"]}}],"collection":[{"href":"https:\/\/www.purhotmelt.com\/de\/wp-json\/wp\/v2\/pages"}],"about":[{"href":"https:\/\/www.purhotmelt.com\/de\/wp-json\/wp\/v2\/types\/page"}],"author":[{"embeddable":true,"href":"https:\/\/www.purhotmelt.com\/de\/wp-json\/wp\/v2\/users\/1"}],"replies":[{"embeddable":true,"href":"https:\/\/www.purhotmelt.com\/de\/wp-json\/wp\/v2\/comments?post=324"}],"version-history":[{"count":2,"href":"https:\/\/www.purhotmelt.com\/de\/wp-json\/wp\/v2\/pages\/324\/revisions"}],"predecessor-version":[{"id":372,"href":"https:\/\/www.purhotmelt.com\/de\/wp-json\/wp\/v2\/pages\/324\/revisions\/372"}],"wp:attachment":[{"href":"https:\/\/www.purhotmelt.com\/de\/wp-json\/wp\/v2\/media?parent=324"}],"curies":[{"name":"wp","href":"https:\/\/api.w.org\/{rel}","templated":true}]}}