{"id":338,"date":"2021-01-21T17:03:52","date_gmt":"2021-01-21T17:03:52","guid":{"rendered":"https:\/\/www.purhotmelt.com\/?page_id=338"},"modified":"2021-01-23T16:33:17","modified_gmt":"2021-01-23T16:33:17","slug":"profile-wrapping-wood","status":"publish","type":"page","link":"https:\/\/www.purhotmelt.com\/de\/profile-wrapping-wood\/","title":{"rendered":"Profilumh\u00fcllung"},"content":{"rendered":"<p>Profilverpackungsanwendungen stellen kontinuierlich steigende Anforderungen an effizientere, schnellere Herstellungsprozesse sowie st\u00e4rkere Klebstoffe. Heutzutage eine Vielzahl von Substraten, wie Holz-<br>Materialien, Kunststoffe und Metall werden auf Basis einer Vielzahl von Folien umwickelt. Profile dienen vielen verschiedenen Anwendungen wie:<\/p>\n\n\n\n<ul class=\"wp-block-list\"><li>Allgemeines Interieur f\u00fcr Haus und B\u00fcro<\/li><li>K\u00fcchen- und Wohnm\u00f6bel <\/li><li>Haushaltsger\u00e4te und Gesch\u00e4fte<\/li><li>Armaturen und Fu\u00dfb\u00f6den im Schiffbau und Wohnwagen<\/li><li>Ausstellungsdisplays<\/li><\/ul>\n\n\n\n<h2 class=\"wp-block-heading\">Bei Verwendung von PUR Hot Melt?<\/h2>\n\n\n\n<p>PUR-Schmelzklebstoffe werden beispielsweise eingesetzt, wenn die Produkte besondere Anforderungen an Feuchtigkeit, K\u00e4lte- und W\u00e4rmebest\u00e4ndigkeit erf\u00fcllen m\u00fcssen. PUR-Schmelzklebstoffe sorgen meist f\u00fcr eine st\u00e4rkere Haftung. PUR-Schmelzklebstoffe sind hocheffiziente Klebstoffe f\u00fcr anspruchsvolle Klebeanforderungen. PUR-Schmelzklebstoffe sind heute die Standardklebstoffe f\u00fcr Metallprofile und f\u00fcr schwer zu verklebende Kunststofffolien. Dennoch werden immer wieder neue Rohstoffe eingef\u00fchrt, um noch bessere Klebstoffe zu entwickeln. Dies erm\u00f6glicht es verschiedenen Branchen, die Verarbeitungsgeschwindigkeit und den Automatisierungsgrad kontinuierlich zu erh\u00f6hen.<\/p>\n\n\n\n<p><\/p>","protected":false},"excerpt":{"rendered":"<p>Profile wrapping applications show continuously increasing requirements for more efficient, faster manufacturing processes as well as [&hellip;]<\/p>","protected":false},"author":1,"featured_media":0,"parent":0,"menu_order":0,"comment_status":"closed","ping_status":"closed","template":"","meta":{"footnotes":""},"class_list":["post-338","page","type-page","status-publish","hentry"],"yoast_head":"<!-- This site is optimized with the Yoast SEO plugin v17.0 - https:\/\/yoast.com\/wordpress\/plugins\/seo\/ -->\n<title>Profile wrapping - PUR hot melt adhesives<\/title>\n<meta name=\"robots\" content=\"index, follow, max-snippet:-1, max-image-preview:large, max-video-preview:-1\" \/>\n<link rel=\"canonical\" href=\"https:\/\/www.purhotmelt.com\/de\/profile-wrapping-wood\/\" \/>\n<meta property=\"og:locale\" content=\"de_DE\" \/>\n<meta property=\"og:type\" content=\"article\" \/>\n<meta property=\"og:title\" content=\"Profile wrapping - PUR hot melt adhesives\" \/>\n<meta property=\"og:description\" content=\"Profile wrapping applications show continuously increasing requirements for more efficient, faster manufacturing processes as well as [&hellip;]\" \/>\n<meta property=\"og:url\" content=\"https:\/\/www.purhotmelt.com\/de\/profile-wrapping-wood\/\" \/>\n<meta property=\"og:site_name\" content=\"PUR hot melt adhesives\" \/>\n<meta property=\"article:modified_time\" content=\"2021-01-23T16:33:17+00:00\" \/>\n<meta name=\"twitter:card\" content=\"summary_large_image\" \/>\n<meta name=\"twitter:label1\" content=\"Gesch\u00e4tzte Lesezeit\" \/>\n\t<meta name=\"twitter:data1\" content=\"1\u00a0Minute\" \/>\n<script type=\"application\/ld+json\" class=\"yoast-schema-graph\">{\"@context\":\"https:\/\/schema.org\",\"@graph\":[{\"@type\":\"WebSite\",\"@id\":\"https:\/\/www.purhotmelt.com\/#website\",\"url\":\"https:\/\/www.purhotmelt.com\/\",\"name\":\"PUR hot melt adhesives\",\"description\":\"Intercol: Specialist manufacturer\",\"potentialAction\":[{\"@type\":\"SearchAction\",\"target\":{\"@type\":\"EntryPoint\",\"urlTemplate\":\"https:\/\/www.purhotmelt.com\/?s={search_term_string}\"},\"query-input\":\"required name=search_term_string\"}],\"inLanguage\":\"de\"},{\"@type\":\"WebPage\",\"@id\":\"https:\/\/www.purhotmelt.com\/fr\/profile-wrapping-wood\/#webpage\",\"url\":\"https:\/\/www.purhotmelt.com\/fr\/profile-wrapping-wood\/\",\"name\":\"Profile wrapping - PUR hot melt adhesives\",\"isPartOf\":{\"@id\":\"https:\/\/www.purhotmelt.com\/#website\"},\"datePublished\":\"2021-01-21T17:03:52+00:00\",\"dateModified\":\"2021-01-23T16:33:17+00:00\",\"breadcrumb\":{\"@id\":\"https:\/\/www.purhotmelt.com\/fr\/profile-wrapping-wood\/#breadcrumb\"},\"inLanguage\":\"de\",\"potentialAction\":[{\"@type\":\"ReadAction\",\"target\":[\"https:\/\/www.purhotmelt.com\/fr\/profile-wrapping-wood\/\"]}]},{\"@type\":\"BreadcrumbList\",\"@id\":\"https:\/\/www.purhotmelt.com\/fr\/profile-wrapping-wood\/#breadcrumb\",\"itemListElement\":[{\"@type\":\"ListItem\",\"position\":1,\"name\":\"Home\",\"item\":\"https:\/\/www.purhotmelt.com\/\"},{\"@type\":\"ListItem\",\"position\":2,\"name\":\"Profile wrapping\"}]}]}<\/script>\n<!-- \/ Yoast SEO plugin. -->","yoast_head_json":{"title":"Profilummantelung - PUR-Schmelzklebstoffe","robots":{"index":"index","follow":"follow","max-snippet":"max-snippet:-1","max-image-preview":"max-image-preview:large","max-video-preview":"max-video-preview:-1"},"canonical":"https:\/\/www.purhotmelt.com\/de\/profile-wrapping-wood\/","og_locale":"de_DE","og_type":"article","og_title":"Profile wrapping - PUR hot melt adhesives","og_description":"Profile wrapping applications show continuously increasing requirements for more efficient, faster manufacturing processes as well as [&hellip;]","og_url":"https:\/\/www.purhotmelt.com\/de\/profile-wrapping-wood\/","og_site_name":"PUR hot melt adhesives","article_modified_time":"2021-01-23T16:33:17+00:00","twitter_card":"summary_large_image","twitter_misc":{"Gesch\u00e4tzte Lesezeit":"1\u00a0Minute"},"schema":{"@context":"https:\/\/schema.org","@graph":[{"@type":"WebSite","@id":"https:\/\/www.purhotmelt.com\/#website","url":"https:\/\/www.purhotmelt.com\/","name":"PUR-Schmelzklebstoffe","description":"Intercol: Fachhersteller","potentialAction":[{"@type":"SearchAction","target":{"@type":"EntryPoint","urlTemplate":"https:\/\/www.purhotmelt.com\/?s={search_term_string}"},"query-input":"required name=search_term_string"}],"inLanguage":"de"},{"@type":"WebPage","@id":"https:\/\/www.purhotmelt.com\/fr\/profile-wrapping-wood\/#webpage","url":"https:\/\/www.purhotmelt.com\/fr\/profile-wrapping-wood\/","name":"Profilummantelung - PUR-Schmelzklebstoffe","isPartOf":{"@id":"https:\/\/www.purhotmelt.com\/#website"},"datePublished":"2021-01-21T17:03:52+00:00","dateModified":"2021-01-23T16:33:17+00:00","breadcrumb":{"@id":"https:\/\/www.purhotmelt.com\/fr\/profile-wrapping-wood\/#breadcrumb"},"inLanguage":"de","potentialAction":[{"@type":"ReadAction","target":["https:\/\/www.purhotmelt.com\/fr\/profile-wrapping-wood\/"]}]},{"@type":"BreadcrumbList","@id":"https:\/\/www.purhotmelt.com\/fr\/profile-wrapping-wood\/#breadcrumb","itemListElement":[{"@type":"ListItem","position":1,"name":"Home","item":"https:\/\/www.purhotmelt.com\/"},{"@type":"ListItem","position":2,"name":"Profile wrapping"}]}]}},"_links":{"self":[{"href":"https:\/\/www.purhotmelt.com\/de\/wp-json\/wp\/v2\/pages\/338","targetHints":{"allow":["GET"]}}],"collection":[{"href":"https:\/\/www.purhotmelt.com\/de\/wp-json\/wp\/v2\/pages"}],"about":[{"href":"https:\/\/www.purhotmelt.com\/de\/wp-json\/wp\/v2\/types\/page"}],"author":[{"embeddable":true,"href":"https:\/\/www.purhotmelt.com\/de\/wp-json\/wp\/v2\/users\/1"}],"replies":[{"embeddable":true,"href":"https:\/\/www.purhotmelt.com\/de\/wp-json\/wp\/v2\/comments?post=338"}],"version-history":[{"count":3,"href":"https:\/\/www.purhotmelt.com\/de\/wp-json\/wp\/v2\/pages\/338\/revisions"}],"predecessor-version":[{"id":348,"href":"https:\/\/www.purhotmelt.com\/de\/wp-json\/wp\/v2\/pages\/338\/revisions\/348"}],"wp:attachment":[{"href":"https:\/\/www.purhotmelt.com\/de\/wp-json\/wp\/v2\/media?parent=338"}],"curies":[{"name":"wp","href":"https:\/\/api.w.org\/{rel}","templated":true}]}}