{"id":355,"date":"2021-03-30T20:09:06","date_gmt":"2021-03-30T20:09:06","guid":{"rendered":"https:\/\/www.purhotmelt.com\/?page_id=355"},"modified":"2021-03-30T20:09:36","modified_gmt":"2021-03-30T20:09:36","slug":"adhesive-pricing","status":"publish","type":"page","link":"https:\/\/www.purhotmelt.com\/de\/adhesive-pricing\/","title":{"rendered":"Preisgestaltung"},"content":{"rendered":"<p>Bei den f\u00fcr die Herstellung von Klebstoffen verwendeten Rohstoffen sind weiterhin erhebliche Preisbewegungen zu verzeichnen. Infolgedessen ist das Gesch\u00e4ft mit Verpackungsklebstoffen von Preiserh\u00f6hungen betroffen:<br>\u2022 Schmelzklebstoffe<br>\u2022 Fl\u00fcssige Klebstoffe<br>\u2022 Beschichtungen und Polyurethanklebstoffe<\/p>\n\n\n\n<h2 class=\"wp-block-heading\">Viele Branchen sind betroffen<\/h2>\n\n\n\n<p>Betroffene Branchen sind Wellpappe, Laminieren, Schlauchwickeln, Extrudieren, Holzbearbeitung, Buchbinden und Verpacken.<br>Intercol arbeitet flei\u00dfig daran, g\u00fcnstige und stabile Rohstoffpreise von unseren Rohstofflieferanten f\u00fcr unsere Klebstoffe auszuhandeln. Die Marktbedingungen haben es jedoch unm\u00f6glich gemacht, das aktuelle Preisniveau aufrechtzuerhalten. Wenn Sie spezielle Fragen haben, kontaktieren Sie uns bitte. Wir sind weiterhin dankbar f\u00fcr Ihr Gesch\u00e4ft und Ihre fortgesetzte Unterst\u00fctzung.<\/p>","protected":false},"excerpt":{"rendered":"<p>Raw materials used in the manufacture of adhesives, continue to see significant price movements. As a [&hellip;]<\/p>","protected":false},"author":1,"featured_media":0,"parent":0,"menu_order":0,"comment_status":"closed","ping_status":"closed","template":"","meta":{"footnotes":""},"class_list":["post-355","page","type-page","status-publish","hentry"],"yoast_head":"<!-- This site is optimized with the Yoast SEO plugin v17.0 - https:\/\/yoast.com\/wordpress\/plugins\/seo\/ -->\n<title>Adhesive pricing - PUR hot melt adhesives<\/title>\n<meta name=\"robots\" content=\"index, follow, max-snippet:-1, max-image-preview:large, max-video-preview:-1\" \/>\n<link rel=\"canonical\" href=\"https:\/\/www.purhotmelt.com\/de\/adhesive-pricing\/\" \/>\n<meta property=\"og:locale\" content=\"de_DE\" \/>\n<meta property=\"og:type\" content=\"article\" \/>\n<meta property=\"og:title\" content=\"Adhesive pricing - PUR hot melt adhesives\" \/>\n<meta property=\"og:description\" content=\"Raw materials used in the manufacture of adhesives, continue to see significant price movements. As a [&hellip;]\" \/>\n<meta property=\"og:url\" content=\"https:\/\/www.purhotmelt.com\/de\/adhesive-pricing\/\" \/>\n<meta property=\"og:site_name\" content=\"PUR hot melt adhesives\" \/>\n<meta property=\"article:modified_time\" content=\"2021-03-30T20:09:36+00:00\" \/>\n<meta name=\"twitter:card\" content=\"summary_large_image\" \/>\n<script type=\"application\/ld+json\" class=\"yoast-schema-graph\">{\"@context\":\"https:\/\/schema.org\",\"@graph\":[{\"@type\":\"WebSite\",\"@id\":\"https:\/\/www.purhotmelt.com\/#website\",\"url\":\"https:\/\/www.purhotmelt.com\/\",\"name\":\"PUR hot melt adhesives\",\"description\":\"Intercol: Specialist manufacturer\",\"potentialAction\":[{\"@type\":\"SearchAction\",\"target\":{\"@type\":\"EntryPoint\",\"urlTemplate\":\"https:\/\/www.purhotmelt.com\/?s={search_term_string}\"},\"query-input\":\"required name=search_term_string\"}],\"inLanguage\":\"de\"},{\"@type\":\"WebPage\",\"@id\":\"https:\/\/www.purhotmelt.com\/de\/adhesive-pricing\/#webpage\",\"url\":\"https:\/\/www.purhotmelt.com\/de\/adhesive-pricing\/\",\"name\":\"Adhesive pricing - PUR hot melt adhesives\",\"isPartOf\":{\"@id\":\"https:\/\/www.purhotmelt.com\/#website\"},\"datePublished\":\"2021-03-30T20:09:06+00:00\",\"dateModified\":\"2021-03-30T20:09:36+00:00\",\"breadcrumb\":{\"@id\":\"https:\/\/www.purhotmelt.com\/de\/adhesive-pricing\/#breadcrumb\"},\"inLanguage\":\"de\",\"potentialAction\":[{\"@type\":\"ReadAction\",\"target\":[\"https:\/\/www.purhotmelt.com\/de\/adhesive-pricing\/\"]}]},{\"@type\":\"BreadcrumbList\",\"@id\":\"https:\/\/www.purhotmelt.com\/de\/adhesive-pricing\/#breadcrumb\",\"itemListElement\":[{\"@type\":\"ListItem\",\"position\":1,\"name\":\"Home\",\"item\":\"https:\/\/www.purhotmelt.com\/\"},{\"@type\":\"ListItem\",\"position\":2,\"name\":\"Adhesive pricing\"}]}]}<\/script>\n<!-- \/ Yoast SEO plugin. -->","yoast_head_json":{"title":"Klebstoffpreise - PUR-Schmelzklebstoffe","robots":{"index":"index","follow":"follow","max-snippet":"max-snippet:-1","max-image-preview":"max-image-preview:large","max-video-preview":"max-video-preview:-1"},"canonical":"https:\/\/www.purhotmelt.com\/de\/adhesive-pricing\/","og_locale":"de_DE","og_type":"article","og_title":"Adhesive pricing - PUR hot melt adhesives","og_description":"Raw materials used in the manufacture of adhesives, continue to see significant price movements. As a [&hellip;]","og_url":"https:\/\/www.purhotmelt.com\/de\/adhesive-pricing\/","og_site_name":"PUR hot melt adhesives","article_modified_time":"2021-03-30T20:09:36+00:00","twitter_card":"summary_large_image","schema":{"@context":"https:\/\/schema.org","@graph":[{"@type":"WebSite","@id":"https:\/\/www.purhotmelt.com\/#website","url":"https:\/\/www.purhotmelt.com\/","name":"PUR-Schmelzklebstoffe","description":"Intercol: Fachhersteller","potentialAction":[{"@type":"SearchAction","target":{"@type":"EntryPoint","urlTemplate":"https:\/\/www.purhotmelt.com\/?s={search_term_string}"},"query-input":"required name=search_term_string"}],"inLanguage":"de"},{"@type":"WebPage","@id":"https:\/\/www.purhotmelt.com\/de\/adhesive-pricing\/#webpage","url":"https:\/\/www.purhotmelt.com\/de\/adhesive-pricing\/","name":"Klebstoffpreise - PUR-Schmelzklebstoffe","isPartOf":{"@id":"https:\/\/www.purhotmelt.com\/#website"},"datePublished":"2021-03-30T20:09:06+00:00","dateModified":"2021-03-30T20:09:36+00:00","breadcrumb":{"@id":"https:\/\/www.purhotmelt.com\/de\/adhesive-pricing\/#breadcrumb"},"inLanguage":"de","potentialAction":[{"@type":"ReadAction","target":["https:\/\/www.purhotmelt.com\/de\/adhesive-pricing\/"]}]},{"@type":"BreadcrumbList","@id":"https:\/\/www.purhotmelt.com\/de\/adhesive-pricing\/#breadcrumb","itemListElement":[{"@type":"ListItem","position":1,"name":"Home","item":"https:\/\/www.purhotmelt.com\/"},{"@type":"ListItem","position":2,"name":"Adhesive pricing"}]}]}},"_links":{"self":[{"href":"https:\/\/www.purhotmelt.com\/de\/wp-json\/wp\/v2\/pages\/355","targetHints":{"allow":["GET"]}}],"collection":[{"href":"https:\/\/www.purhotmelt.com\/de\/wp-json\/wp\/v2\/pages"}],"about":[{"href":"https:\/\/www.purhotmelt.com\/de\/wp-json\/wp\/v2\/types\/page"}],"author":[{"embeddable":true,"href":"https:\/\/www.purhotmelt.com\/de\/wp-json\/wp\/v2\/users\/1"}],"replies":[{"embeddable":true,"href":"https:\/\/www.purhotmelt.com\/de\/wp-json\/wp\/v2\/comments?post=355"}],"version-history":[{"count":3,"href":"https:\/\/www.purhotmelt.com\/de\/wp-json\/wp\/v2\/pages\/355\/revisions"}],"predecessor-version":[{"id":379,"href":"https:\/\/www.purhotmelt.com\/de\/wp-json\/wp\/v2\/pages\/355\/revisions\/379"}],"wp:attachment":[{"href":"https:\/\/www.purhotmelt.com\/de\/wp-json\/wp\/v2\/media?parent=355"}],"curies":[{"name":"wp","href":"https:\/\/api.w.org\/{rel}","templated":true}]}}