{"id":41,"date":"2020-11-12T10:46:54","date_gmt":"2020-11-12T10:46:54","guid":{"rendered":"https:\/\/www.purhotmelt.com\/?page_id=41"},"modified":"2020-11-12T12:46:31","modified_gmt":"2020-11-12T12:46:31","slug":"flame-retardant-pur-hot-melt","status":"publish","type":"page","link":"https:\/\/www.purhotmelt.com\/de\/flame-retardant-pur-hot-melt\/","title":{"rendered":"Flammhemmende PUR-Hei\u00dfschmelze"},"content":{"rendered":"<p>Intercol kann fast jedes klebende Flammschutzmittel herstellen. Die Flammhemmung kann auf mehreren Ebenen und mit mehreren kompatiblen Additiven erreicht werden. Abh\u00e4ngig von Ihrer Anwendung \u00e4ndern sich die Klebeeigenschaften. Daher m\u00fcssen wir m\u00f6glicherweise einen Klebstoff h\u00f6herer Qualit\u00e4t ausw\u00e4hlen, um die gleichen Ergebnisse zu erzielen. Unser Forschungs- und Entwicklungslabor kann einen Klebstoff entwickeln, der auf Ihre Bed\u00fcrfnisse zugeschnitten ist.<\/p>\r\n\r\n\r\n\r\n<p>Die schwer entflammbaren Formulierungen von Intercol k\u00f6nnen auf wasserbasierten oder Schmelzklebstoffen basieren. Diese Produkte zeichnen sich durch hervorragende Leistungseigenschaften aus. <\/p>\r\n\r\n\r\n\r\n<figure class=\"wp-block-embed-youtube wp-block-embed is-type-video is-provider-youtube wp-embed-aspect-4-3 wp-has-aspect-ratio\"><div class=\"wp-block-embed__wrapper\">\r\n<iframe loading=\"lazy\" title=\"Mautmischung von Produkten auf Wasserbasis bei Intercol\" width=\"680\" height=\"510\" src=\"https:\/\/www.youtube.com\/embed\/vn1k687NWMg?feature=oembed\" frameborder=\"0\" allow=\"accelerometer; autoplay; clipboard-write; encrypted-media; gyroscope; picture-in-picture\" allowfullscreen><\/iframe>\r\n<\/div><\/figure>\r\n\r\n\r\n\r\n<p>Speziell angefertigte flammhemmende, nicht brennbare Klebstoffe<\/p>","protected":false},"excerpt":{"rendered":"<p>Intercol can make almost any adhesive flame retardant. Flame retardancy can be achieved in multiple levels [&hellip;]<\/p>","protected":false},"author":1,"featured_media":0,"parent":0,"menu_order":0,"comment_status":"closed","ping_status":"closed","template":"","meta":{"footnotes":""},"class_list":["post-41","page","type-page","status-publish","hentry"],"yoast_head":"<!-- This site is optimized with the Yoast SEO plugin v17.0 - https:\/\/yoast.com\/wordpress\/plugins\/seo\/ -->\n<title>Flame retardant PUR hot melt - PUR hot melt adhesives<\/title>\n<meta name=\"robots\" content=\"index, follow, max-snippet:-1, max-image-preview:large, max-video-preview:-1\" \/>\n<link rel=\"canonical\" href=\"https:\/\/www.purhotmelt.com\/de\/flame-retardant-pur-hot-melt\/\" \/>\n<meta property=\"og:locale\" content=\"de_DE\" \/>\n<meta property=\"og:type\" content=\"article\" \/>\n<meta property=\"og:title\" content=\"Flame retardant PUR hot melt - PUR hot melt adhesives\" \/>\n<meta property=\"og:description\" content=\"Intercol can make almost any adhesive flame retardant. Flame retardancy can be achieved in multiple levels [&hellip;]\" \/>\n<meta property=\"og:url\" content=\"https:\/\/www.purhotmelt.com\/de\/flame-retardant-pur-hot-melt\/\" \/>\n<meta property=\"og:site_name\" content=\"PUR hot melt adhesives\" \/>\n<meta property=\"article:modified_time\" content=\"2020-11-12T12:46:31+00:00\" \/>\n<meta name=\"twitter:card\" content=\"summary_large_image\" \/>\n<script type=\"application\/ld+json\" class=\"yoast-schema-graph\">{\"@context\":\"https:\/\/schema.org\",\"@graph\":[{\"@type\":\"WebSite\",\"@id\":\"https:\/\/www.purhotmelt.com\/#website\",\"url\":\"https:\/\/www.purhotmelt.com\/\",\"name\":\"PUR hot melt adhesives\",\"description\":\"Intercol: Specialist manufacturer\",\"potentialAction\":[{\"@type\":\"SearchAction\",\"target\":{\"@type\":\"EntryPoint\",\"urlTemplate\":\"https:\/\/www.purhotmelt.com\/?s={search_term_string}\"},\"query-input\":\"required name=search_term_string\"}],\"inLanguage\":\"de\"},{\"@type\":\"WebPage\",\"@id\":\"https:\/\/www.purhotmelt.com\/fr\/flame-retardant-pur-hot-melt\/#webpage\",\"url\":\"https:\/\/www.purhotmelt.com\/fr\/flame-retardant-pur-hot-melt\/\",\"name\":\"Flame retardant PUR hot melt - PUR hot melt adhesives\",\"isPartOf\":{\"@id\":\"https:\/\/www.purhotmelt.com\/#website\"},\"datePublished\":\"2020-11-12T10:46:54+00:00\",\"dateModified\":\"2020-11-12T12:46:31+00:00\",\"breadcrumb\":{\"@id\":\"https:\/\/www.purhotmelt.com\/fr\/flame-retardant-pur-hot-melt\/#breadcrumb\"},\"inLanguage\":\"de\",\"potentialAction\":[{\"@type\":\"ReadAction\",\"target\":[\"https:\/\/www.purhotmelt.com\/fr\/flame-retardant-pur-hot-melt\/\"]}]},{\"@type\":\"BreadcrumbList\",\"@id\":\"https:\/\/www.purhotmelt.com\/fr\/flame-retardant-pur-hot-melt\/#breadcrumb\",\"itemListElement\":[{\"@type\":\"ListItem\",\"position\":1,\"name\":\"Home\",\"item\":\"https:\/\/www.purhotmelt.com\/\"},{\"@type\":\"ListItem\",\"position\":2,\"name\":\"Flame retardant PUR hot melt\"}]}]}<\/script>\n<!-- \/ Yoast SEO plugin. -->","yoast_head_json":{"title":"Flammhemmender PUR-Schmelzklebstoff - PUR-Schmelzklebstoffe","robots":{"index":"index","follow":"follow","max-snippet":"max-snippet:-1","max-image-preview":"max-image-preview:large","max-video-preview":"max-video-preview:-1"},"canonical":"https:\/\/www.purhotmelt.com\/de\/flame-retardant-pur-hot-melt\/","og_locale":"de_DE","og_type":"article","og_title":"Flame retardant PUR hot melt - PUR hot melt adhesives","og_description":"Intercol can make almost any adhesive flame retardant. Flame retardancy can be achieved in multiple levels [&hellip;]","og_url":"https:\/\/www.purhotmelt.com\/de\/flame-retardant-pur-hot-melt\/","og_site_name":"PUR hot melt adhesives","article_modified_time":"2020-11-12T12:46:31+00:00","twitter_card":"summary_large_image","schema":{"@context":"https:\/\/schema.org","@graph":[{"@type":"WebSite","@id":"https:\/\/www.purhotmelt.com\/#website","url":"https:\/\/www.purhotmelt.com\/","name":"PUR-Schmelzklebstoffe","description":"Intercol: Fachhersteller","potentialAction":[{"@type":"SearchAction","target":{"@type":"EntryPoint","urlTemplate":"https:\/\/www.purhotmelt.com\/?s={search_term_string}"},"query-input":"required name=search_term_string"}],"inLanguage":"de"},{"@type":"WebPage","@id":"https:\/\/www.purhotmelt.com\/fr\/flame-retardant-pur-hot-melt\/#webpage","url":"https:\/\/www.purhotmelt.com\/fr\/flame-retardant-pur-hot-melt\/","name":"Flammhemmender PUR-Schmelzklebstoff - PUR-Schmelzklebstoffe","isPartOf":{"@id":"https:\/\/www.purhotmelt.com\/#website"},"datePublished":"2020-11-12T10:46:54+00:00","dateModified":"2020-11-12T12:46:31+00:00","breadcrumb":{"@id":"https:\/\/www.purhotmelt.com\/fr\/flame-retardant-pur-hot-melt\/#breadcrumb"},"inLanguage":"de","potentialAction":[{"@type":"ReadAction","target":["https:\/\/www.purhotmelt.com\/fr\/flame-retardant-pur-hot-melt\/"]}]},{"@type":"BreadcrumbList","@id":"https:\/\/www.purhotmelt.com\/fr\/flame-retardant-pur-hot-melt\/#breadcrumb","itemListElement":[{"@type":"ListItem","position":1,"name":"Home","item":"https:\/\/www.purhotmelt.com\/"},{"@type":"ListItem","position":2,"name":"Flame retardant PUR hot melt"}]}]}},"_links":{"self":[{"href":"https:\/\/www.purhotmelt.com\/de\/wp-json\/wp\/v2\/pages\/41","targetHints":{"allow":["GET"]}}],"collection":[{"href":"https:\/\/www.purhotmelt.com\/de\/wp-json\/wp\/v2\/pages"}],"about":[{"href":"https:\/\/www.purhotmelt.com\/de\/wp-json\/wp\/v2\/types\/page"}],"author":[{"embeddable":true,"href":"https:\/\/www.purhotmelt.com\/de\/wp-json\/wp\/v2\/users\/1"}],"replies":[{"embeddable":true,"href":"https:\/\/www.purhotmelt.com\/de\/wp-json\/wp\/v2\/comments?post=41"}],"version-history":[{"count":2,"href":"https:\/\/www.purhotmelt.com\/de\/wp-json\/wp\/v2\/pages\/41\/revisions"}],"predecessor-version":[{"id":44,"href":"https:\/\/www.purhotmelt.com\/de\/wp-json\/wp\/v2\/pages\/41\/revisions\/44"}],"wp:attachment":[{"href":"https:\/\/www.purhotmelt.com\/de\/wp-json\/wp\/v2\/media?parent=41"}],"curies":[{"name":"wp","href":"https:\/\/api.w.org\/{rel}","templated":true}]}}