{"id":64,"date":"2021-01-20T13:52:38","date_gmt":"2021-01-20T13:52:38","guid":{"rendered":"https:\/\/www.purhotmelt.com\/?page_id=64"},"modified":"2021-01-20T13:52:39","modified_gmt":"2021-01-20T13:52:39","slug":"is-a-pur-hot-melt-stronger-than-eva-and-po","status":"publish","type":"page","link":"https:\/\/www.purhotmelt.com\/de\/is-a-pur-hot-melt-stronger-than-eva-and-po\/","title":{"rendered":"Ist eine PUR-Schmelze st\u00e4rker als EVA und PO?"},"content":{"rendered":"<h4 class=\"wp-block-heading\"><\/h4>\n\n\n\n<p>Polyurethan-Schmelzklebstoffe erzeugen normalerweise eine st\u00e4rkere Verbindung als andere Schmelzklebstoffe wie EVA und PO. PUR-Hotmelt bildet eine st\u00e4rkere Anfangshaftung, da der Klebstoff mit Luftfeuchtigkeit reagiert. Dieser chemische Prozess wird als Vernetzung bezeichnet. Dieser Vernetzungsprozess erh\u00f6ht die Klebkraft zu den Substraten (Adh\u00e4sion) und des Klebers im Inneren (Koh\u00e4sion). <\/p>\n\n\n\n<p><\/p>","protected":false},"excerpt":{"rendered":"<p>Polyurethane hot melt usually does create a stronger bond than other hot melt adhesives like EVA [&hellip;]<\/p>","protected":false},"author":1,"featured_media":0,"parent":0,"menu_order":0,"comment_status":"closed","ping_status":"closed","template":"","meta":{"footnotes":""},"class_list":["post-64","page","type-page","status-publish","hentry"],"yoast_head":"<!-- This site is optimized with the Yoast SEO plugin v17.0 - https:\/\/yoast.com\/wordpress\/plugins\/seo\/ -->\n<title>Is a PUR hot melt stronger than EVA and PO? - PUR hot melt adhesives<\/title>\n<meta name=\"robots\" content=\"index, follow, max-snippet:-1, max-image-preview:large, max-video-preview:-1\" \/>\n<link rel=\"canonical\" href=\"https:\/\/www.purhotmelt.com\/de\/is-a-pur-hot-melt-stronger-than-eva-and-po\/\" \/>\n<meta property=\"og:locale\" content=\"de_DE\" \/>\n<meta property=\"og:type\" content=\"article\" \/>\n<meta property=\"og:title\" content=\"Is a PUR hot melt stronger than EVA and PO? - PUR hot melt adhesives\" \/>\n<meta property=\"og:description\" content=\"Polyurethane hot melt usually does create a stronger bond than other hot melt adhesives like EVA [&hellip;]\" \/>\n<meta property=\"og:url\" content=\"https:\/\/www.purhotmelt.com\/de\/is-a-pur-hot-melt-stronger-than-eva-and-po\/\" \/>\n<meta property=\"og:site_name\" content=\"PUR hot melt adhesives\" \/>\n<meta property=\"article:modified_time\" content=\"2021-01-20T13:52:39+00:00\" \/>\n<meta name=\"twitter:card\" content=\"summary_large_image\" \/>\n<script type=\"application\/ld+json\" class=\"yoast-schema-graph\">{\"@context\":\"https:\/\/schema.org\",\"@graph\":[{\"@type\":\"WebSite\",\"@id\":\"https:\/\/www.purhotmelt.com\/#website\",\"url\":\"https:\/\/www.purhotmelt.com\/\",\"name\":\"PUR hot melt adhesives\",\"description\":\"Intercol: Specialist manufacturer\",\"potentialAction\":[{\"@type\":\"SearchAction\",\"target\":{\"@type\":\"EntryPoint\",\"urlTemplate\":\"https:\/\/www.purhotmelt.com\/?s={search_term_string}\"},\"query-input\":\"required name=search_term_string\"}],\"inLanguage\":\"de\"},{\"@type\":\"WebPage\",\"@id\":\"https:\/\/www.purhotmelt.com\/nl\/is-a-pur-hot-melt-stronger-than-eva-and-po\/#webpage\",\"url\":\"https:\/\/www.purhotmelt.com\/nl\/is-a-pur-hot-melt-stronger-than-eva-and-po\/\",\"name\":\"Is a PUR hot melt stronger than EVA and PO? - PUR hot melt adhesives\",\"isPartOf\":{\"@id\":\"https:\/\/www.purhotmelt.com\/#website\"},\"datePublished\":\"2021-01-20T13:52:38+00:00\",\"dateModified\":\"2021-01-20T13:52:39+00:00\",\"breadcrumb\":{\"@id\":\"https:\/\/www.purhotmelt.com\/nl\/is-a-pur-hot-melt-stronger-than-eva-and-po\/#breadcrumb\"},\"inLanguage\":\"de\",\"potentialAction\":[{\"@type\":\"ReadAction\",\"target\":[\"https:\/\/www.purhotmelt.com\/nl\/is-a-pur-hot-melt-stronger-than-eva-and-po\/\"]}]},{\"@type\":\"BreadcrumbList\",\"@id\":\"https:\/\/www.purhotmelt.com\/nl\/is-a-pur-hot-melt-stronger-than-eva-and-po\/#breadcrumb\",\"itemListElement\":[{\"@type\":\"ListItem\",\"position\":1,\"name\":\"Home\",\"item\":\"https:\/\/www.purhotmelt.com\/\"},{\"@type\":\"ListItem\",\"position\":2,\"name\":\"Is a PUR hot melt stronger than EVA and PO?\"}]}]}<\/script>\n<!-- \/ Yoast SEO plugin. -->","yoast_head_json":{"title":"Ist ein PUR-Hotmelt st\u00e4rker als EVA und PO? - PUR-Schmelzklebstoffe","robots":{"index":"index","follow":"follow","max-snippet":"max-snippet:-1","max-image-preview":"max-image-preview:large","max-video-preview":"max-video-preview:-1"},"canonical":"https:\/\/www.purhotmelt.com\/de\/is-a-pur-hot-melt-stronger-than-eva-and-po\/","og_locale":"de_DE","og_type":"article","og_title":"Is a PUR hot melt stronger than EVA and PO? - PUR hot melt adhesives","og_description":"Polyurethane hot melt usually does create a stronger bond than other hot melt adhesives like EVA [&hellip;]","og_url":"https:\/\/www.purhotmelt.com\/de\/is-a-pur-hot-melt-stronger-than-eva-and-po\/","og_site_name":"PUR hot melt adhesives","article_modified_time":"2021-01-20T13:52:39+00:00","twitter_card":"summary_large_image","schema":{"@context":"https:\/\/schema.org","@graph":[{"@type":"WebSite","@id":"https:\/\/www.purhotmelt.com\/#website","url":"https:\/\/www.purhotmelt.com\/","name":"PUR-Schmelzklebstoffe","description":"Intercol: Fachhersteller","potentialAction":[{"@type":"SearchAction","target":{"@type":"EntryPoint","urlTemplate":"https:\/\/www.purhotmelt.com\/?s={search_term_string}"},"query-input":"required name=search_term_string"}],"inLanguage":"de"},{"@type":"WebPage","@id":"https:\/\/www.purhotmelt.com\/nl\/is-a-pur-hot-melt-stronger-than-eva-and-po\/#webpage","url":"https:\/\/www.purhotmelt.com\/nl\/is-a-pur-hot-melt-stronger-than-eva-and-po\/","name":"Ist ein PUR-Hotmelt st\u00e4rker als EVA und PO? - PUR-Schmelzklebstoffe","isPartOf":{"@id":"https:\/\/www.purhotmelt.com\/#website"},"datePublished":"2021-01-20T13:52:38+00:00","dateModified":"2021-01-20T13:52:39+00:00","breadcrumb":{"@id":"https:\/\/www.purhotmelt.com\/nl\/is-a-pur-hot-melt-stronger-than-eva-and-po\/#breadcrumb"},"inLanguage":"de","potentialAction":[{"@type":"ReadAction","target":["https:\/\/www.purhotmelt.com\/nl\/is-a-pur-hot-melt-stronger-than-eva-and-po\/"]}]},{"@type":"BreadcrumbList","@id":"https:\/\/www.purhotmelt.com\/nl\/is-a-pur-hot-melt-stronger-than-eva-and-po\/#breadcrumb","itemListElement":[{"@type":"ListItem","position":1,"name":"Home","item":"https:\/\/www.purhotmelt.com\/"},{"@type":"ListItem","position":2,"name":"Is a PUR hot melt stronger than EVA and PO?"}]}]}},"_links":{"self":[{"href":"https:\/\/www.purhotmelt.com\/de\/wp-json\/wp\/v2\/pages\/64","targetHints":{"allow":["GET"]}}],"collection":[{"href":"https:\/\/www.purhotmelt.com\/de\/wp-json\/wp\/v2\/pages"}],"about":[{"href":"https:\/\/www.purhotmelt.com\/de\/wp-json\/wp\/v2\/types\/page"}],"author":[{"embeddable":true,"href":"https:\/\/www.purhotmelt.com\/de\/wp-json\/wp\/v2\/users\/1"}],"replies":[{"embeddable":true,"href":"https:\/\/www.purhotmelt.com\/de\/wp-json\/wp\/v2\/comments?post=64"}],"version-history":[{"count":1,"href":"https:\/\/www.purhotmelt.com\/de\/wp-json\/wp\/v2\/pages\/64\/revisions"}],"predecessor-version":[{"id":66,"href":"https:\/\/www.purhotmelt.com\/de\/wp-json\/wp\/v2\/pages\/64\/revisions\/66"}],"wp:attachment":[{"href":"https:\/\/www.purhotmelt.com\/de\/wp-json\/wp\/v2\/media?parent=64"}],"curies":[{"name":"wp","href":"https:\/\/api.w.org\/{rel}","templated":true}]}}