{"id":70,"date":"2021-01-20T15:39:45","date_gmt":"2021-01-20T15:39:45","guid":{"rendered":"https:\/\/www.purhotmelt.com\/?page_id=70"},"modified":"2021-01-20T15:39:45","modified_gmt":"2021-01-20T15:39:45","slug":"foam-lamination","status":"publish","type":"page","link":"https:\/\/www.purhotmelt.com\/de\/foam-lamination\/","title":{"rendered":"Schaumkaschierung"},"content":{"rendered":"<p>Intercol bietet Standardklebstoffl\u00f6sungen f\u00fcr:<\/p>\n\n\n\n<h3 class=\"wp-block-heading\"><\/h3>\n\n\n\n<ul class=\"wp-block-list\"><li>Kissen<\/li><li>Matratzen<\/li><li>Sportliche Matten<\/li><li>Isoliermaterialien<\/li><li>Ausr\u00fcstungskoffer<\/li><li>Kundenspezifische Frachtmontage<\/li><\/ul>\n\n\n\n<h1 class=\"wp-block-heading\">Matratzenklebstoffe<\/h1>\n\n\n\n<p><strong>Unsere Schmelzklebstoffe werden weltweit zur Herstellung von Matratzen eingesetzt. Unsere Schmelzklebstoffe f\u00fcr die Schaum- und Gewebeverklebung ersetzen herk\u00f6mmliche Klebstoffe auf L\u00f6sungsmittelbasis. Sie werden neben Matratzen auch in gro\u00dfem Umfang bei der Herstellung von Sitzm\u00f6beln, Polstern und M\u00f6beln f\u00fcr Kraftfahrzeuge eingesetzt.<\/strong><\/p>\n\n\n\n<p>Die Schmelzklebstoffe von Intercol f\u00fcr Matratzen laufen sauber und sind so konstruiert, dass sie maximale Produktionseffizienz bieten.<\/p>\n\n\n\n<p>Matratzenhersteller versuchen zunehmend, ihre Produkte zu verbessern und sie sicherer, bequemer und langlebiger zu machen. Unsere Klebstoffe eignen sich f\u00fcr nahezu alle Anforderungen beim Bau von Matratzen und beim Verkleben von Schaumschichten.<\/p>\n\n\n\n<p>Unser Sortiment umfasst PUR-Hotmelt-, APAO-, EVA-, PO-, PSA- und halbdruckempfindlichen Hotmelt-Klebstoff f\u00fcr eine effektive Verbindung zwischen Sch\u00e4umen. Diese Qualit\u00e4ten k\u00f6nnen beim Bau von Matratzen und auf Anzeigetafeln verwendet werden, bei denen eine hohe Haftung und eine lange offene Zeit erforderlich sind. Einige Typen k\u00f6nnen auch f\u00fcr Seitenkleberanwendungen verwendet werden.<\/p>\n\n\n\n<p><\/p>\n\n\n\n<h2 class=\"wp-block-heading\">Hei\u00dfschmelzvorteile in Bezug auf Klebstoffe auf L\u00f6sungsmittelbasis<\/h2>\n\n\n\n<p>Schmelzklebstoffe sind umweltfreundliche Klebstoffe, da sie ungiftig, nicht rauchend und praktisch geruchsfrei sind. Hotmelt-Klebstoffe sind sicher zu handhaben und tragen zur Senkung der Herstellerkosten bei, da keine teuren Emissionsr\u00fcckgewinnungssysteme installiert und betrieben werden m\u00fcssen.<\/p>\n\n\n\n<figure class=\"wp-block-image size-large\"><img loading=\"lazy\" decoding=\"async\" width=\"603\" height=\"492\" src=\"https:\/\/www.purhotmelt.com\/wp-content\/uploads\/2021\/01\/foam-hot-melt-adhesives.jpg\" alt=\"Schaumschmelzklebstoffe\" class=\"wp-image-72\" srcset=\"https:\/\/www.purhotmelt.com\/wp-content\/uploads\/2021\/01\/foam-hot-melt-adhesives.jpg 603w, https:\/\/www.purhotmelt.com\/wp-content\/uploads\/2021\/01\/foam-hot-melt-adhesives-300x245.jpg 300w\" sizes=\"auto, (max-width: 603px) 100vw, 603px\" \/><figcaption>Schaumschmelzklebstoffe<\/figcaption><\/figure>","protected":false},"excerpt":{"rendered":"<p>Intercol has standard adhesive solutions for: Cushions Mattresses Athletic Mats Insulation materials Equipment Cases Custom Freight [&hellip;]<\/p>","protected":false},"author":1,"featured_media":0,"parent":0,"menu_order":0,"comment_status":"closed","ping_status":"closed","template":"","meta":{"footnotes":""},"class_list":["post-70","page","type-page","status-publish","hentry"],"yoast_head":"<!-- This site is optimized with the Yoast SEO plugin v17.0 - https:\/\/yoast.com\/wordpress\/plugins\/seo\/ -->\n<title>Foam lamination - PUR hot melt adhesives<\/title>\n<meta name=\"robots\" content=\"index, follow, max-snippet:-1, max-image-preview:large, max-video-preview:-1\" \/>\n<link rel=\"canonical\" href=\"https:\/\/www.purhotmelt.com\/de\/foam-lamination\/\" \/>\n<meta property=\"og:locale\" content=\"de_DE\" \/>\n<meta property=\"og:type\" content=\"article\" \/>\n<meta property=\"og:title\" content=\"Foam lamination - PUR hot melt adhesives\" \/>\n<meta property=\"og:description\" content=\"Intercol has standard adhesive solutions for: Cushions Mattresses Athletic Mats Insulation materials Equipment Cases Custom Freight [&hellip;]\" \/>\n<meta property=\"og:url\" content=\"https:\/\/www.purhotmelt.com\/de\/foam-lamination\/\" \/>\n<meta property=\"og:site_name\" content=\"PUR hot melt adhesives\" \/>\n<meta property=\"og:image\" content=\"https:\/\/www.purhotmelt.com\/wp-content\/uploads\/2021\/01\/foam-hot-melt-adhesives.jpg\" \/>\n<meta name=\"twitter:card\" content=\"summary_large_image\" \/>\n<meta name=\"twitter:label1\" content=\"Gesch\u00e4tzte Lesezeit\" \/>\n\t<meta name=\"twitter:data1\" content=\"1\u00a0Minute\" \/>\n<script type=\"application\/ld+json\" class=\"yoast-schema-graph\">{\"@context\":\"https:\/\/schema.org\",\"@graph\":[{\"@type\":\"WebSite\",\"@id\":\"https:\/\/www.purhotmelt.com\/#website\",\"url\":\"https:\/\/www.purhotmelt.com\/\",\"name\":\"PUR hot melt adhesives\",\"description\":\"Intercol: Specialist manufacturer\",\"potentialAction\":[{\"@type\":\"SearchAction\",\"target\":{\"@type\":\"EntryPoint\",\"urlTemplate\":\"https:\/\/www.purhotmelt.com\/?s={search_term_string}\"},\"query-input\":\"required name=search_term_string\"}],\"inLanguage\":\"de\"},{\"@type\":\"ImageObject\",\"@id\":\"https:\/\/www.purhotmelt.com\/foam-lamination\/#primaryimage\",\"inLanguage\":\"de\",\"url\":\"https:\/\/www.purhotmelt.com\/wp-content\/uploads\/2021\/01\/foam-hot-melt-adhesives.jpg\",\"contentUrl\":\"https:\/\/www.purhotmelt.com\/wp-content\/uploads\/2021\/01\/foam-hot-melt-adhesives.jpg\",\"width\":603,\"height\":492,\"caption\":\"Foam hot melt adhesives\"},{\"@type\":\"WebPage\",\"@id\":\"https:\/\/www.purhotmelt.com\/foam-lamination\/#webpage\",\"url\":\"https:\/\/www.purhotmelt.com\/foam-lamination\/\",\"name\":\"Foam lamination - PUR hot melt adhesives\",\"isPartOf\":{\"@id\":\"https:\/\/www.purhotmelt.com\/#website\"},\"primaryImageOfPage\":{\"@id\":\"https:\/\/www.purhotmelt.com\/foam-lamination\/#primaryimage\"},\"datePublished\":\"2021-01-20T15:39:45+00:00\",\"dateModified\":\"2021-01-20T15:39:45+00:00\",\"breadcrumb\":{\"@id\":\"https:\/\/www.purhotmelt.com\/foam-lamination\/#breadcrumb\"},\"inLanguage\":\"de\",\"potentialAction\":[{\"@type\":\"ReadAction\",\"target\":[\"https:\/\/www.purhotmelt.com\/foam-lamination\/\"]}]},{\"@type\":\"BreadcrumbList\",\"@id\":\"https:\/\/www.purhotmelt.com\/foam-lamination\/#breadcrumb\",\"itemListElement\":[{\"@type\":\"ListItem\",\"position\":1,\"name\":\"Home\",\"item\":\"https:\/\/www.purhotmelt.com\/\"},{\"@type\":\"ListItem\",\"position\":2,\"name\":\"Foam lamination\"}]}]}<\/script>\n<!-- \/ Yoast SEO plugin. -->","yoast_head_json":{"title":"Schaumkaschierung - PUR-Schmelzklebstoffe","robots":{"index":"index","follow":"follow","max-snippet":"max-snippet:-1","max-image-preview":"max-image-preview:large","max-video-preview":"max-video-preview:-1"},"canonical":"https:\/\/www.purhotmelt.com\/de\/foam-lamination\/","og_locale":"de_DE","og_type":"article","og_title":"Foam lamination - PUR hot melt adhesives","og_description":"Intercol has standard adhesive solutions for: Cushions Mattresses Athletic Mats Insulation materials Equipment Cases Custom Freight [&hellip;]","og_url":"https:\/\/www.purhotmelt.com\/de\/foam-lamination\/","og_site_name":"PUR hot melt adhesives","og_image":[{"url":"https:\/\/www.purhotmelt.com\/wp-content\/uploads\/2021\/01\/foam-hot-melt-adhesives.jpg"}],"twitter_card":"summary_large_image","twitter_misc":{"Gesch\u00e4tzte Lesezeit":"1\u00a0Minute"},"schema":{"@context":"https:\/\/schema.org","@graph":[{"@type":"WebSite","@id":"https:\/\/www.purhotmelt.com\/#website","url":"https:\/\/www.purhotmelt.com\/","name":"PUR-Schmelzklebstoffe","description":"Intercol: Fachhersteller","potentialAction":[{"@type":"SearchAction","target":{"@type":"EntryPoint","urlTemplate":"https:\/\/www.purhotmelt.com\/?s={search_term_string}"},"query-input":"required name=search_term_string"}],"inLanguage":"de"},{"@type":"ImageObject","@id":"https:\/\/www.purhotmelt.com\/foam-lamination\/#primaryimage","inLanguage":"de","url":"https:\/\/www.purhotmelt.com\/wp-content\/uploads\/2021\/01\/foam-hot-melt-adhesives.jpg","contentUrl":"https:\/\/www.purhotmelt.com\/wp-content\/uploads\/2021\/01\/foam-hot-melt-adhesives.jpg","width":603,"height":492,"caption":"Foam hot melt adhesives"},{"@type":"WebPage","@id":"https:\/\/www.purhotmelt.com\/foam-lamination\/#webpage","url":"https:\/\/www.purhotmelt.com\/foam-lamination\/","name":"Schaumkaschierung - PUR-Schmelzklebstoffe","isPartOf":{"@id":"https:\/\/www.purhotmelt.com\/#website"},"primaryImageOfPage":{"@id":"https:\/\/www.purhotmelt.com\/foam-lamination\/#primaryimage"},"datePublished":"2021-01-20T15:39:45+00:00","dateModified":"2021-01-20T15:39:45+00:00","breadcrumb":{"@id":"https:\/\/www.purhotmelt.com\/foam-lamination\/#breadcrumb"},"inLanguage":"de","potentialAction":[{"@type":"ReadAction","target":["https:\/\/www.purhotmelt.com\/foam-lamination\/"]}]},{"@type":"BreadcrumbList","@id":"https:\/\/www.purhotmelt.com\/foam-lamination\/#breadcrumb","itemListElement":[{"@type":"ListItem","position":1,"name":"Home","item":"https:\/\/www.purhotmelt.com\/"},{"@type":"ListItem","position":2,"name":"Foam lamination"}]}]}},"_links":{"self":[{"href":"https:\/\/www.purhotmelt.com\/de\/wp-json\/wp\/v2\/pages\/70","targetHints":{"allow":["GET"]}}],"collection":[{"href":"https:\/\/www.purhotmelt.com\/de\/wp-json\/wp\/v2\/pages"}],"about":[{"href":"https:\/\/www.purhotmelt.com\/de\/wp-json\/wp\/v2\/types\/page"}],"author":[{"embeddable":true,"href":"https:\/\/www.purhotmelt.com\/de\/wp-json\/wp\/v2\/users\/1"}],"replies":[{"embeddable":true,"href":"https:\/\/www.purhotmelt.com\/de\/wp-json\/wp\/v2\/comments?post=70"}],"version-history":[{"count":2,"href":"https:\/\/www.purhotmelt.com\/de\/wp-json\/wp\/v2\/pages\/70\/revisions"}],"predecessor-version":[{"id":74,"href":"https:\/\/www.purhotmelt.com\/de\/wp-json\/wp\/v2\/pages\/70\/revisions\/74"}],"wp:attachment":[{"href":"https:\/\/www.purhotmelt.com\/de\/wp-json\/wp\/v2\/media?parent=70"}],"curies":[{"name":"wp","href":"https:\/\/api.w.org\/{rel}","templated":true}]}}