{"id":75,"date":"2021-01-20T21:09:57","date_gmt":"2021-01-20T21:09:57","guid":{"rendered":"https:\/\/www.purhotmelt.com\/?page_id=75"},"modified":"2021-01-20T21:09:58","modified_gmt":"2021-01-20T21:09:58","slug":"textile-lamination","status":"publish","type":"page","link":"https:\/\/www.purhotmelt.com\/de\/textile-lamination\/","title":{"rendered":"Textilkaschierung"},"content":{"rendered":"<p>Textilien k\u00f6nnen mit einer vielf\u00e4ltigen Materialauswahl kombiniert werden. Spezielle Verst\u00e4rkungsfasern oder Schmelzklebstoffe, die als Beschichtung aufgetragen werden, um ein Ausfransen zu verhindern. Der Vorteil gegen\u00fcber dem N\u00e4hen kann darin bestehen, die Kosten zu senken, die Oberfl\u00e4che vollst\u00e4ndig zu verkleben, eine Verbindung zwischen unterschiedlichen Substraten herzustellen und mit Folien und Papier zu laminieren. Mit Schmelzklebstoffen und Beschichtungen k\u00f6nnen neue verbesserte Produkte hergestellt werden. Schmelzklebstoffe werden h\u00e4ufig in der Textilindustrie eingesetzt, da sie einfach zu verwenden sind und die besonderen Anforderungen der Branche und neue Entwicklungen erf\u00fcllen k\u00f6nnen.<\/p>\n\n\n\n<h2 class=\"wp-block-heading\"><strong>WAS IST EIN HEISSER SCHMELZ?<\/strong><\/h2>\n\n\n\n<p><a href=\"https:\/\/www.purhotmelt.com\/hot-melt-adhesives\/index.html\">Hei\u00dfschmelze&nbsp;<\/a>sind in einfachen Thermoplasten, werden in fester Form verkauft, in speziellen Hei\u00dfabgabeger\u00e4ten wie Nordson oder Robatech geschmolzen und hei\u00df auf eine der geklebten Oberfl\u00e4chen aufgetragen. Normalerweise wird die zweite Oberfl\u00e4che nach dem Aufbringen der Schmelzschmelze schnell aufgetragen, und eine kurze Kompressionszeit von weniger als einer Sekunde reicht oft aus, um das Produkt im Prozess weiter zu handhaben. Hei\u00dfschmelzen sind bekannt f\u00fcr ihre hohe Anfangsklebrigkeit (Gr\u00fcnfestigkeit), die typischerweise eine schnelle Verarbeitung in automatisierten Produktionsbereichen erm\u00f6glicht. Beim Abk\u00fchlen sind Schmelzklebstoffe am besten mit einem thermoplastischen Harz vergleichbar.<\/p>\n\n\n\n<h2 class=\"wp-block-heading\">\u00d6FFNEN UND EINSTELLEN DER ZEITEN<\/h2>\n\n\n\n<p>Schmelzformulierungen k\u00f6nnen angepasst werden, um bestimmte Montagemethoden zu ber\u00fccksichtigen. Insbesondere die \u00d6ffnungszeit und die Abbindezeit sind wichtige Parameter. Herk\u00f6mmliche thermoplastische Schmelzklebstoffe h\u00e4rten nicht aus. Thermoplastische Schmelzklebstoffe basieren haupts\u00e4chlich auf EVA (Ethylvinylacetat) oder PO (Polyolefin). Diese hei\u00dfen Schmelzen k\u00f6nnen mit einer Vielzahl von Eigenschaften unter Verwendung zus\u00e4tzlicher Wachse, Harze, Antioxidantien, Flammschutzmittel, Haftverst\u00e4rker und vieler anderer chemischer oder plastischer Additive formuliert werden. Hei\u00dfe Schmelzen sind im Allgemeinen flexibel und bieten je nach Formulierung eine gewisse Best\u00e4ndigkeit gegen Wasser und Chemikalien.<\/p>\n\n\n\n<h2 class=\"wp-block-heading\">REAKTIVES HEISSES SCHMELZKLEBSTOFF<\/h2>\n\n\n\n<p>Die meisten Schmelzklebstoffe sind als thermoplastisches EVA oder PO bekannt, diese sind nicht reaktiv. Nicht reaktive HMAs h\u00e4rten nicht aus und werden erst nach dem Abk\u00fchlen fest. Reaktive hei\u00dfe Schmelzen, haupts\u00e4chlich auf Polyurethanbasis, werden durch Abk\u00fchlen schnell fest und zus\u00e4tzlich beginnt ein chemischer H\u00e4rtungsprozess, vernetzte Bindungen zu bilden.&nbsp;<a href=\"https:\/\/www.purhotmelt.com\/what-is-pur-hot-melt-adhesive\/index.html\">Reaktive Polyurethan-Schmelze<\/a>&nbsp;Klebstoffe werden am h\u00e4ufigsten verwendet, da sie die Haftung und die Best\u00e4ndigkeit gegen Chemikalien erh\u00f6hen und eine strukturellere Verbindung bieten.<\/p>\n\n\n\n<h2 class=\"wp-block-heading\">HEISSE SCHMELZKLEBSTOFFE ENTWICKELN<\/h2>\n\n\n\n<p>Schmelzformulierungen entwickeln sich immer noch schnell. Einige glauben m\u00f6glicherweise, dass Hei\u00dfschmelzen auf der Basis von Ethylvinylacetat (EVA) keine Zukunft haben, da sie mit geringer Festigkeit und geringer Best\u00e4ndigkeit gegen Wasser und Chemikalien verbunden sein k\u00f6nnen. Neue Formulierungen k\u00f6nnen jedoch eine verbesserte starke und elastische Bindung liefern. Selbst traditionelle EVA-Schmelzklebstoffe werden immer noch h\u00e4ufig verwendet, beispielsweise in Schuhanwendungen, und bieten niedrige Kosten und Flexibilit\u00e4t. In der Textilindustrie werden reaktive Polyurethan-Schmelzklebstoffe h\u00e4ufiger eingesetzt, da dies eine relativ neue Technik ist. PUR-Schmelzklebstoffe erm\u00f6glichen Anwendungen, die h\u00e4rteren Lebenszyklen standhalten m\u00fcssen. Hot Melt PUR kann auch in atmungsaktiven Textilien verwendet werden. Es wird h\u00e4ufig in Schutzkleidung f\u00fcr Rettungskr\u00e4fte und in rauen Umgebungen verwendet. F\u00fcr wasserdichte Textilien und flammhemmende Anwendungen bietet Hot Melt Pur einzigartige L\u00f6sungen.<\/p>","protected":false},"excerpt":{"rendered":"<p>Textiles can be combined with a varied selection of materials together. Special reinforcing fibres or hot [&hellip;]<\/p>","protected":false},"author":1,"featured_media":0,"parent":0,"menu_order":0,"comment_status":"closed","ping_status":"closed","template":"","meta":{"footnotes":""},"class_list":["post-75","page","type-page","status-publish","hentry"],"yoast_head":"<!-- This site is optimized with the Yoast SEO plugin v17.0 - https:\/\/yoast.com\/wordpress\/plugins\/seo\/ -->\n<title>Textile lamination - PUR hot melt adhesives<\/title>\n<meta name=\"robots\" content=\"index, follow, max-snippet:-1, max-image-preview:large, max-video-preview:-1\" \/>\n<link rel=\"canonical\" href=\"https:\/\/www.purhotmelt.com\/de\/textile-lamination\/\" \/>\n<meta property=\"og:locale\" content=\"de_DE\" \/>\n<meta property=\"og:type\" content=\"article\" \/>\n<meta property=\"og:title\" content=\"Textile lamination - PUR hot melt adhesives\" \/>\n<meta property=\"og:description\" content=\"Textiles can be combined with a varied selection of materials together. Special reinforcing fibres or hot [&hellip;]\" \/>\n<meta property=\"og:url\" content=\"https:\/\/www.purhotmelt.com\/de\/textile-lamination\/\" \/>\n<meta property=\"og:site_name\" content=\"PUR hot melt adhesives\" \/>\n<meta property=\"article:modified_time\" content=\"2021-01-20T21:09:58+00:00\" \/>\n<meta name=\"twitter:card\" content=\"summary_large_image\" \/>\n<meta name=\"twitter:label1\" content=\"Gesch\u00e4tzte Lesezeit\" \/>\n\t<meta name=\"twitter:data1\" content=\"2\u00a0Minuten\" \/>\n<script type=\"application\/ld+json\" class=\"yoast-schema-graph\">{\"@context\":\"https:\/\/schema.org\",\"@graph\":[{\"@type\":\"WebSite\",\"@id\":\"https:\/\/www.purhotmelt.com\/#website\",\"url\":\"https:\/\/www.purhotmelt.com\/\",\"name\":\"PUR hot melt adhesives\",\"description\":\"Intercol: Specialist manufacturer\",\"potentialAction\":[{\"@type\":\"SearchAction\",\"target\":{\"@type\":\"EntryPoint\",\"urlTemplate\":\"https:\/\/www.purhotmelt.com\/?s={search_term_string}\"},\"query-input\":\"required name=search_term_string\"}],\"inLanguage\":\"de\"},{\"@type\":\"WebPage\",\"@id\":\"https:\/\/www.purhotmelt.com\/nl\/textile-lamination\/#webpage\",\"url\":\"https:\/\/www.purhotmelt.com\/nl\/textile-lamination\/\",\"name\":\"Textile lamination - PUR hot melt adhesives\",\"isPartOf\":{\"@id\":\"https:\/\/www.purhotmelt.com\/#website\"},\"datePublished\":\"2021-01-20T21:09:57+00:00\",\"dateModified\":\"2021-01-20T21:09:58+00:00\",\"breadcrumb\":{\"@id\":\"https:\/\/www.purhotmelt.com\/nl\/textile-lamination\/#breadcrumb\"},\"inLanguage\":\"de\",\"potentialAction\":[{\"@type\":\"ReadAction\",\"target\":[\"https:\/\/www.purhotmelt.com\/nl\/textile-lamination\/\"]}]},{\"@type\":\"BreadcrumbList\",\"@id\":\"https:\/\/www.purhotmelt.com\/nl\/textile-lamination\/#breadcrumb\",\"itemListElement\":[{\"@type\":\"ListItem\",\"position\":1,\"name\":\"Home\",\"item\":\"https:\/\/www.purhotmelt.com\/\"},{\"@type\":\"ListItem\",\"position\":2,\"name\":\"Textile lamination\"}]}]}<\/script>\n<!-- \/ Yoast SEO plugin. -->","yoast_head_json":{"title":"Textilkaschierung - PUR-Schmelzklebstoffe","robots":{"index":"index","follow":"follow","max-snippet":"max-snippet:-1","max-image-preview":"max-image-preview:large","max-video-preview":"max-video-preview:-1"},"canonical":"https:\/\/www.purhotmelt.com\/de\/textile-lamination\/","og_locale":"de_DE","og_type":"article","og_title":"Textile lamination - PUR hot melt adhesives","og_description":"Textiles can be combined with a varied selection of materials together. Special reinforcing fibres or hot [&hellip;]","og_url":"https:\/\/www.purhotmelt.com\/de\/textile-lamination\/","og_site_name":"PUR hot melt adhesives","article_modified_time":"2021-01-20T21:09:58+00:00","twitter_card":"summary_large_image","twitter_misc":{"Gesch\u00e4tzte Lesezeit":"2\u00a0Minuten"},"schema":{"@context":"https:\/\/schema.org","@graph":[{"@type":"WebSite","@id":"https:\/\/www.purhotmelt.com\/#website","url":"https:\/\/www.purhotmelt.com\/","name":"PUR-Schmelzklebstoffe","description":"Intercol: Fachhersteller","potentialAction":[{"@type":"SearchAction","target":{"@type":"EntryPoint","urlTemplate":"https:\/\/www.purhotmelt.com\/?s={search_term_string}"},"query-input":"required name=search_term_string"}],"inLanguage":"de"},{"@type":"WebPage","@id":"https:\/\/www.purhotmelt.com\/nl\/textile-lamination\/#webpage","url":"https:\/\/www.purhotmelt.com\/nl\/textile-lamination\/","name":"Textilkaschierung - PUR-Schmelzklebstoffe","isPartOf":{"@id":"https:\/\/www.purhotmelt.com\/#website"},"datePublished":"2021-01-20T21:09:57+00:00","dateModified":"2021-01-20T21:09:58+00:00","breadcrumb":{"@id":"https:\/\/www.purhotmelt.com\/nl\/textile-lamination\/#breadcrumb"},"inLanguage":"de","potentialAction":[{"@type":"ReadAction","target":["https:\/\/www.purhotmelt.com\/nl\/textile-lamination\/"]}]},{"@type":"BreadcrumbList","@id":"https:\/\/www.purhotmelt.com\/nl\/textile-lamination\/#breadcrumb","itemListElement":[{"@type":"ListItem","position":1,"name":"Home","item":"https:\/\/www.purhotmelt.com\/"},{"@type":"ListItem","position":2,"name":"Textile lamination"}]}]}},"_links":{"self":[{"href":"https:\/\/www.purhotmelt.com\/de\/wp-json\/wp\/v2\/pages\/75","targetHints":{"allow":["GET"]}}],"collection":[{"href":"https:\/\/www.purhotmelt.com\/de\/wp-json\/wp\/v2\/pages"}],"about":[{"href":"https:\/\/www.purhotmelt.com\/de\/wp-json\/wp\/v2\/types\/page"}],"author":[{"embeddable":true,"href":"https:\/\/www.purhotmelt.com\/de\/wp-json\/wp\/v2\/users\/1"}],"replies":[{"embeddable":true,"href":"https:\/\/www.purhotmelt.com\/de\/wp-json\/wp\/v2\/comments?post=75"}],"version-history":[{"count":1,"href":"https:\/\/www.purhotmelt.com\/de\/wp-json\/wp\/v2\/pages\/75\/revisions"}],"predecessor-version":[{"id":77,"href":"https:\/\/www.purhotmelt.com\/de\/wp-json\/wp\/v2\/pages\/75\/revisions\/77"}],"wp:attachment":[{"href":"https:\/\/www.purhotmelt.com\/de\/wp-json\/wp\/v2\/media?parent=75"}],"curies":[{"name":"wp","href":"https:\/\/api.w.org\/{rel}","templated":true}]}}