{"id":87,"date":"2021-01-20T21:18:36","date_gmt":"2021-01-20T21:18:36","guid":{"rendered":"https:\/\/www.purhotmelt.com\/?page_id=87"},"modified":"2021-01-22T07:28:27","modified_gmt":"2021-01-22T07:28:27","slug":"87-2","status":"publish","type":"page","link":"https:\/\/www.purhotmelt.com\/de\/87-2\/","title":{"rendered":"HEISSER SCHMELZKLEBERPREIS"},"content":{"rendered":"<p>Der Preis f\u00fcr Schmelzklebstoffe kann bei einfachen, billigen EVA-Masseng\u00fctern bereits bei 2,00 Euro pro kg liegen. Wenn anspruchsvollere Schmelzklebstoffe ben\u00f6tigt werden, steigt der Preis schnell an. Viele Produktionsprozesse werden jedoch davon profitieren, dass der richtige und teurere Schmelzklebstoff 0,00%-Fehler liefert, selbst in schwierigen Umgebungen wie Tiefk\u00fchl- und tropischen Umgebungen sowie mit beschichteten und laminierten Substraten.<\/p>\n\n\n\n<h2 class=\"wp-block-heading\">ETHYLENVINYLACETAT EVA-BASIERTE HEISSE SCHMELZKLEBSTOFFE<\/h2>\n\n\n\n<p>Standard-EVA-Klebstoffe sind hellgelbe Schmelzklebstoffe, die eine mittlere bis lange \u00d6ffnungszeit und eine schnelle Abbindung bieten und niedrige Kompressionszeiten von ca. 1 Sekunde erfordern. EVA-Schmelzklebstoffe werden \u00fcblicherweise zum Verkleben von Wellpappen- und Wickelboxen, bedruckten Faltschachteln, Lebensmittelschalen und zur Herstellung von Papiert\u00fcten verwendet. Insbesondere f\u00fcr Lebensmittelverpackungsanwendungen.<\/p>\n\n\n\n<p>Einige spezielle Typen, die h\u00e4ufig die Haftung auf beschichteten Oberfl\u00e4chen beeintr\u00e4chtigen, k\u00f6nnen dort eingesetzt werden, wo eine hohe W\u00e4rmebest\u00e4ndigkeit erforderlich ist.<\/p>\n\n\n\n<p>Sehr schnell abbindende Klebstoffe sorgen auch f\u00fcr eine k\u00fcrzere \u00d6ffnungszeit. Hei\u00dfe Schmelzen mit niedriger Anwendungstemperatur bieten keine gute Best\u00e4ndigkeit gegen hohe Temperaturen.<\/p>\n\n\n\n<h2 class=\"wp-block-heading\">POLYOLEFIN HEISSES SCHMELZKLEBSTOFF<\/h2>\n\n\n\n<p>Polyolefin-Schmelzklebstoff ist in der Regel teurer bei der Preisgestaltung pro kg, aber die Dichte ist geringer, sodass die erste Einsparung auf mehr Volumen bei gleichem Preis basiert. Dar\u00fcber hinaus sorgen Polyolefin-Hei\u00dfschmelzen im Allgemeinen f\u00fcr eine st\u00e4rkere Bindung und damit f\u00fcr eine Verringerung des Klebstoffverbrauchs. Die meisten Polyolefin-Hei\u00dfschmelzen sind sehr thermisch stabil, was die Lebenserwartung von Hei\u00dfschmelzklebeger\u00e4ten verl\u00e4ngert und Wartungskosten und Ausfallzeiten reduziert.<\/p>","protected":false},"excerpt":{"rendered":"<p>The price of&nbsp;hot melt adhesives&nbsp;can start as low as 2,00 euro per Kg, for simple, cheap, [&hellip;]<\/p>","protected":false},"author":1,"featured_media":0,"parent":0,"menu_order":0,"comment_status":"closed","ping_status":"closed","template":"","meta":{"footnotes":""},"class_list":["post-87","page","type-page","status-publish","hentry"],"yoast_head":"<!-- This site is optimized with the Yoast SEO plugin v17.0 - https:\/\/yoast.com\/wordpress\/plugins\/seo\/ -->\n<title>HOT MELT ADHESIVE PRICE - PUR hot melt adhesives<\/title>\n<meta name=\"robots\" content=\"index, follow, max-snippet:-1, max-image-preview:large, max-video-preview:-1\" \/>\n<link rel=\"canonical\" href=\"https:\/\/www.purhotmelt.com\/de\/87-2\/\" \/>\n<meta property=\"og:locale\" content=\"de_DE\" \/>\n<meta property=\"og:type\" content=\"article\" \/>\n<meta property=\"og:title\" content=\"HOT MELT ADHESIVE PRICE - PUR hot melt adhesives\" \/>\n<meta property=\"og:description\" content=\"The price of&nbsp;hot melt adhesives&nbsp;can start as low as 2,00 euro per Kg, for simple, cheap, [&hellip;]\" \/>\n<meta property=\"og:url\" content=\"https:\/\/www.purhotmelt.com\/de\/87-2\/\" \/>\n<meta property=\"og:site_name\" content=\"PUR hot melt adhesives\" \/>\n<meta property=\"article:modified_time\" content=\"2021-01-22T07:28:27+00:00\" \/>\n<meta name=\"twitter:card\" content=\"summary_large_image\" \/>\n<meta name=\"twitter:label1\" content=\"Gesch\u00e4tzte Lesezeit\" \/>\n\t<meta name=\"twitter:data1\" content=\"1\u00a0Minute\" \/>\n<script type=\"application\/ld+json\" class=\"yoast-schema-graph\">{\"@context\":\"https:\/\/schema.org\",\"@graph\":[{\"@type\":\"WebSite\",\"@id\":\"https:\/\/www.purhotmelt.com\/#website\",\"url\":\"https:\/\/www.purhotmelt.com\/\",\"name\":\"PUR hot melt adhesives\",\"description\":\"Intercol: Specialist manufacturer\",\"potentialAction\":[{\"@type\":\"SearchAction\",\"target\":{\"@type\":\"EntryPoint\",\"urlTemplate\":\"https:\/\/www.purhotmelt.com\/?s={search_term_string}\"},\"query-input\":\"required name=search_term_string\"}],\"inLanguage\":\"de\"},{\"@type\":\"WebPage\",\"@id\":\"https:\/\/www.purhotmelt.com\/nl\/87-2\/#webpage\",\"url\":\"https:\/\/www.purhotmelt.com\/nl\/87-2\/\",\"name\":\"HOT MELT ADHESIVE PRICE - PUR hot melt adhesives\",\"isPartOf\":{\"@id\":\"https:\/\/www.purhotmelt.com\/#website\"},\"datePublished\":\"2021-01-20T21:18:36+00:00\",\"dateModified\":\"2021-01-22T07:28:27+00:00\",\"breadcrumb\":{\"@id\":\"https:\/\/www.purhotmelt.com\/nl\/87-2\/#breadcrumb\"},\"inLanguage\":\"de\",\"potentialAction\":[{\"@type\":\"ReadAction\",\"target\":[\"https:\/\/www.purhotmelt.com\/nl\/87-2\/\"]}]},{\"@type\":\"BreadcrumbList\",\"@id\":\"https:\/\/www.purhotmelt.com\/nl\/87-2\/#breadcrumb\",\"itemListElement\":[{\"@type\":\"ListItem\",\"position\":1,\"name\":\"Home\",\"item\":\"https:\/\/www.purhotmelt.com\/\"},{\"@type\":\"ListItem\",\"position\":2,\"name\":\"HOT MELT ADHESIVE PRICE\"}]}]}<\/script>\n<!-- \/ Yoast SEO plugin. -->","yoast_head_json":{"title":"HEISSKLEBERPREIS - PUR-Schmelzklebstoffe","robots":{"index":"index","follow":"follow","max-snippet":"max-snippet:-1","max-image-preview":"max-image-preview:large","max-video-preview":"max-video-preview:-1"},"canonical":"https:\/\/www.purhotmelt.com\/de\/87-2\/","og_locale":"de_DE","og_type":"article","og_title":"HOT MELT ADHESIVE PRICE - PUR hot melt adhesives","og_description":"The price of&nbsp;hot melt adhesives&nbsp;can start as low as 2,00 euro per Kg, for simple, cheap, [&hellip;]","og_url":"https:\/\/www.purhotmelt.com\/de\/87-2\/","og_site_name":"PUR hot melt adhesives","article_modified_time":"2021-01-22T07:28:27+00:00","twitter_card":"summary_large_image","twitter_misc":{"Gesch\u00e4tzte Lesezeit":"1\u00a0Minute"},"schema":{"@context":"https:\/\/schema.org","@graph":[{"@type":"WebSite","@id":"https:\/\/www.purhotmelt.com\/#website","url":"https:\/\/www.purhotmelt.com\/","name":"PUR-Schmelzklebstoffe","description":"Intercol: Fachhersteller","potentialAction":[{"@type":"SearchAction","target":{"@type":"EntryPoint","urlTemplate":"https:\/\/www.purhotmelt.com\/?s={search_term_string}"},"query-input":"required name=search_term_string"}],"inLanguage":"de"},{"@type":"WebPage","@id":"https:\/\/www.purhotmelt.com\/nl\/87-2\/#webpage","url":"https:\/\/www.purhotmelt.com\/nl\/87-2\/","name":"HEISSKLEBERPREIS - PUR-Schmelzklebstoffe","isPartOf":{"@id":"https:\/\/www.purhotmelt.com\/#website"},"datePublished":"2021-01-20T21:18:36+00:00","dateModified":"2021-01-22T07:28:27+00:00","breadcrumb":{"@id":"https:\/\/www.purhotmelt.com\/nl\/87-2\/#breadcrumb"},"inLanguage":"de","potentialAction":[{"@type":"ReadAction","target":["https:\/\/www.purhotmelt.com\/nl\/87-2\/"]}]},{"@type":"BreadcrumbList","@id":"https:\/\/www.purhotmelt.com\/nl\/87-2\/#breadcrumb","itemListElement":[{"@type":"ListItem","position":1,"name":"Home","item":"https:\/\/www.purhotmelt.com\/"},{"@type":"ListItem","position":2,"name":"HOT MELT ADHESIVE PRICE"}]}]}},"_links":{"self":[{"href":"https:\/\/www.purhotmelt.com\/de\/wp-json\/wp\/v2\/pages\/87","targetHints":{"allow":["GET"]}}],"collection":[{"href":"https:\/\/www.purhotmelt.com\/de\/wp-json\/wp\/v2\/pages"}],"about":[{"href":"https:\/\/www.purhotmelt.com\/de\/wp-json\/wp\/v2\/types\/page"}],"author":[{"embeddable":true,"href":"https:\/\/www.purhotmelt.com\/de\/wp-json\/wp\/v2\/users\/1"}],"replies":[{"embeddable":true,"href":"https:\/\/www.purhotmelt.com\/de\/wp-json\/wp\/v2\/comments?post=87"}],"version-history":[{"count":2,"href":"https:\/\/www.purhotmelt.com\/de\/wp-json\/wp\/v2\/pages\/87\/revisions"}],"predecessor-version":[{"id":343,"href":"https:\/\/www.purhotmelt.com\/de\/wp-json\/wp\/v2\/pages\/87\/revisions\/343"}],"wp:attachment":[{"href":"https:\/\/www.purhotmelt.com\/de\/wp-json\/wp\/v2\/media?parent=87"}],"curies":[{"name":"wp","href":"https:\/\/api.w.org\/{rel}","templated":true}]}}