{"id":105,"date":"2021-01-20T21:25:25","date_gmt":"2021-01-20T21:25:25","guid":{"rendered":"https:\/\/www.purhotmelt.com\/?page_id=105"},"modified":"2021-01-20T21:25:26","modified_gmt":"2021-01-20T21:25:26","slug":"what-is-pur-hot-melt-adhesive","status":"publish","type":"page","link":"https:\/\/www.purhotmelt.com\/es\/what-is-pur-hot-melt-adhesive\/","title":{"rendered":"\u00bfQU\u00c9 ES EL ADHESIVO PUR HOT MELT?"},"content":{"rendered":"<h1 class=\"wp-block-heading\"><\/h1>\n\n\n\n<p>El adhesivo de fusi\u00f3n en caliente PUR combina las propiedades de fusi\u00f3n en caliente de uni\u00f3n r\u00e1pida con la uni\u00f3n m\u00e1s avanzada, fuerte y duradera de un adhesivo de poliuretano.<\/p>\n\n\n\n<h2 class=\"wp-block-heading\">FUSI\u00d3N EN CALIENTE<\/h2>\n\n\n\n<p>Un adhesivo termofusible es principalmente un material termopl\u00e1stico t\u00edpico, que consiste en un pol\u00edmero base, como EVA o Polylefine, una resina pegajosa para la pegajosidad y una cera para mejorar el flujo y la procesabilidad.<\/p>\n\n\n\n<h2 class=\"wp-block-heading\">ADHESIVO POLIURETANO<\/h2>\n\n\n\n<p>Un adhesivo de poliuretano cura; un prepol\u00edmero se reticula con humedad e isocianato. Este proceso crea una uni\u00f3n fuerte y duradera.<\/p>","protected":false},"excerpt":{"rendered":"<p>PUR hot melt adhesive\u00a0combines the quick bonding hot melt properties with the more advanced strong and [&hellip;]<\/p>","protected":false},"author":1,"featured_media":0,"parent":0,"menu_order":0,"comment_status":"closed","ping_status":"closed","template":"","meta":{"footnotes":""},"class_list":["post-105","page","type-page","status-publish","hentry"],"yoast_head":"<!-- This site is optimized with the Yoast SEO plugin v17.0 - https:\/\/yoast.com\/wordpress\/plugins\/seo\/ -->\n<title>WHAT IS PUR HOT MELT ADHESIVE? - PUR hot melt adhesives<\/title>\n<meta name=\"robots\" content=\"index, follow, max-snippet:-1, max-image-preview:large, max-video-preview:-1\" \/>\n<link rel=\"canonical\" href=\"https:\/\/www.purhotmelt.com\/es\/what-is-pur-hot-melt-adhesive\/\" \/>\n<meta property=\"og:locale\" content=\"es_ES\" \/>\n<meta property=\"og:type\" content=\"article\" \/>\n<meta property=\"og:title\" content=\"WHAT IS PUR HOT MELT ADHESIVE? - PUR hot melt adhesives\" \/>\n<meta property=\"og:description\" content=\"PUR hot melt adhesive\u00a0combines the quick bonding hot melt properties with the more advanced strong and [&hellip;]\" \/>\n<meta property=\"og:url\" content=\"https:\/\/www.purhotmelt.com\/es\/what-is-pur-hot-melt-adhesive\/\" \/>\n<meta property=\"og:site_name\" content=\"PUR hot melt adhesives\" \/>\n<meta property=\"article:modified_time\" content=\"2021-01-20T21:25:26+00:00\" \/>\n<meta name=\"twitter:card\" content=\"summary_large_image\" \/>\n<script type=\"application\/ld+json\" class=\"yoast-schema-graph\">{\"@context\":\"https:\/\/schema.org\",\"@graph\":[{\"@type\":\"WebSite\",\"@id\":\"https:\/\/www.purhotmelt.com\/#website\",\"url\":\"https:\/\/www.purhotmelt.com\/\",\"name\":\"PUR hot melt adhesives\",\"description\":\"Intercol: Specialist manufacturer\",\"potentialAction\":[{\"@type\":\"SearchAction\",\"target\":{\"@type\":\"EntryPoint\",\"urlTemplate\":\"https:\/\/www.purhotmelt.com\/?s={search_term_string}\"},\"query-input\":\"required name=search_term_string\"}],\"inLanguage\":\"es\"},{\"@type\":\"WebPage\",\"@id\":\"https:\/\/www.purhotmelt.com\/es\/what-is-pur-hot-melt-adhesive\/#webpage\",\"url\":\"https:\/\/www.purhotmelt.com\/es\/what-is-pur-hot-melt-adhesive\/\",\"name\":\"WHAT IS PUR HOT MELT ADHESIVE? - PUR hot melt adhesives\",\"isPartOf\":{\"@id\":\"https:\/\/www.purhotmelt.com\/#website\"},\"datePublished\":\"2021-01-20T21:25:25+00:00\",\"dateModified\":\"2021-01-20T21:25:26+00:00\",\"breadcrumb\":{\"@id\":\"https:\/\/www.purhotmelt.com\/es\/what-is-pur-hot-melt-adhesive\/#breadcrumb\"},\"inLanguage\":\"es\",\"potentialAction\":[{\"@type\":\"ReadAction\",\"target\":[\"https:\/\/www.purhotmelt.com\/es\/what-is-pur-hot-melt-adhesive\/\"]}]},{\"@type\":\"BreadcrumbList\",\"@id\":\"https:\/\/www.purhotmelt.com\/es\/what-is-pur-hot-melt-adhesive\/#breadcrumb\",\"itemListElement\":[{\"@type\":\"ListItem\",\"position\":1,\"name\":\"Home\",\"item\":\"https:\/\/www.purhotmelt.com\/\"},{\"@type\":\"ListItem\",\"position\":2,\"name\":\"WHAT IS PUR HOT MELT ADHESIVE?\"}]}]}<\/script>\n<!-- \/ Yoast SEO plugin. -->","yoast_head_json":{"title":"\u00bfQU\u00c9 ES EL ADHESIVO PUR HOT MELT? - Adhesivos termofusibles PUR","robots":{"index":"index","follow":"follow","max-snippet":"max-snippet:-1","max-image-preview":"max-image-preview:large","max-video-preview":"max-video-preview:-1"},"canonical":"https:\/\/www.purhotmelt.com\/es\/what-is-pur-hot-melt-adhesive\/","og_locale":"es_ES","og_type":"article","og_title":"WHAT IS PUR HOT MELT ADHESIVE? - PUR hot melt adhesives","og_description":"PUR hot melt adhesive\u00a0combines the quick bonding hot melt properties with the more advanced strong and [&hellip;]","og_url":"https:\/\/www.purhotmelt.com\/es\/what-is-pur-hot-melt-adhesive\/","og_site_name":"PUR hot melt adhesives","article_modified_time":"2021-01-20T21:25:26+00:00","twitter_card":"summary_large_image","schema":{"@context":"https:\/\/schema.org","@graph":[{"@type":"WebSite","@id":"https:\/\/www.purhotmelt.com\/#website","url":"https:\/\/www.purhotmelt.com\/","name":"Adhesivos termofusibles PUR","description":"Intercol: fabricante especialista","potentialAction":[{"@type":"SearchAction","target":{"@type":"EntryPoint","urlTemplate":"https:\/\/www.purhotmelt.com\/?s={search_term_string}"},"query-input":"required name=search_term_string"}],"inLanguage":"es"},{"@type":"WebPage","@id":"https:\/\/www.purhotmelt.com\/es\/what-is-pur-hot-melt-adhesive\/#webpage","url":"https:\/\/www.purhotmelt.com\/es\/what-is-pur-hot-melt-adhesive\/","name":"\u00bfQU\u00c9 ES EL ADHESIVO PUR HOT MELT? - Adhesivos termofusibles PUR","isPartOf":{"@id":"https:\/\/www.purhotmelt.com\/#website"},"datePublished":"2021-01-20T21:25:25+00:00","dateModified":"2021-01-20T21:25:26+00:00","breadcrumb":{"@id":"https:\/\/www.purhotmelt.com\/es\/what-is-pur-hot-melt-adhesive\/#breadcrumb"},"inLanguage":"es","potentialAction":[{"@type":"ReadAction","target":["https:\/\/www.purhotmelt.com\/es\/what-is-pur-hot-melt-adhesive\/"]}]},{"@type":"BreadcrumbList","@id":"https:\/\/www.purhotmelt.com\/es\/what-is-pur-hot-melt-adhesive\/#breadcrumb","itemListElement":[{"@type":"ListItem","position":1,"name":"Home","item":"https:\/\/www.purhotmelt.com\/"},{"@type":"ListItem","position":2,"name":"WHAT IS PUR HOT MELT ADHESIVE?"}]}]}},"_links":{"self":[{"href":"https:\/\/www.purhotmelt.com\/es\/wp-json\/wp\/v2\/pages\/105","targetHints":{"allow":["GET"]}}],"collection":[{"href":"https:\/\/www.purhotmelt.com\/es\/wp-json\/wp\/v2\/pages"}],"about":[{"href":"https:\/\/www.purhotmelt.com\/es\/wp-json\/wp\/v2\/types\/page"}],"author":[{"embeddable":true,"href":"https:\/\/www.purhotmelt.com\/es\/wp-json\/wp\/v2\/users\/1"}],"replies":[{"embeddable":true,"href":"https:\/\/www.purhotmelt.com\/es\/wp-json\/wp\/v2\/comments?post=105"}],"version-history":[{"count":1,"href":"https:\/\/www.purhotmelt.com\/es\/wp-json\/wp\/v2\/pages\/105\/revisions"}],"predecessor-version":[{"id":107,"href":"https:\/\/www.purhotmelt.com\/es\/wp-json\/wp\/v2\/pages\/105\/revisions\/107"}],"wp:attachment":[{"href":"https:\/\/www.purhotmelt.com\/es\/wp-json\/wp\/v2\/media?parent=105"}],"curies":[{"name":"wp","href":"https:\/\/api.w.org\/{rel}","templated":true}]}}