{"id":114,"date":"2021-01-20T21:29:32","date_gmt":"2021-01-20T21:29:32","guid":{"rendered":"https:\/\/www.purhotmelt.com\/?page_id=114"},"modified":"2021-01-20T21:29:33","modified_gmt":"2021-01-20T21:29:33","slug":"geotextile-adhesives","status":"publish","type":"page","link":"https:\/\/www.purhotmelt.com\/es\/geotextile-adhesives\/","title":{"rendered":"ADHESIVOS GEOTEXTILES"},"content":{"rendered":"<h1 class=\"wp-block-heading\"><\/h1>\n\n\n\n<p>Intercol est\u00e1 especializada en adhesivos para procesos de producci\u00f3n autom\u00e1ticos. Especialmente los adhesivos termofusibles ofrecen ventajas debido a los cortos tiempos de &quot;secado&quot;, la r\u00e1pida adherencia y la amplia gama de productos. El uso de adhesivos termofusibles casi no requiere espacio en la m\u00e1quina, lo que reduce la inversi\u00f3n, reduce los costos y aumenta el valor del producto final.<\/p>\n\n\n\n<h3 class=\"wp-block-heading\">GAMA DE ADHESIVOS PARA TELAS GEOTEXTILES<\/h3>\n\n\n\n<p>Para varias aplicaciones, como laminar, ensamblar o coser telas geotextiles, Intercol ofrece una gama de adhesivos termofusibles, PU y a base de agua. Los geotexitles pueden usarse para aplicaciones de separaci\u00f3n de suelos, control de erosi\u00f3n y estabilizaci\u00f3n. Especialmente los adhesivos de fusi\u00f3n en caliente de PU son superiores en fuerza de uni\u00f3n.<\/p>","protected":false},"excerpt":{"rendered":"<p>Intercol is specialized in adhesives for automatic production processes. Especially\u00a0hot melt\u00a0adhesives provide advantages because of the [&hellip;]<\/p>","protected":false},"author":1,"featured_media":0,"parent":0,"menu_order":0,"comment_status":"closed","ping_status":"closed","template":"","meta":{"footnotes":""},"class_list":["post-114","page","type-page","status-publish","hentry"],"yoast_head":"<!-- This site is optimized with the Yoast SEO plugin v17.0 - https:\/\/yoast.com\/wordpress\/plugins\/seo\/ -->\n<title>GEOTEXTILE ADHESIVES - PUR hot melt adhesives<\/title>\n<meta name=\"robots\" content=\"index, follow, max-snippet:-1, max-image-preview:large, max-video-preview:-1\" \/>\n<link rel=\"canonical\" href=\"https:\/\/www.purhotmelt.com\/es\/geotextile-adhesives\/\" \/>\n<meta property=\"og:locale\" content=\"es_ES\" \/>\n<meta property=\"og:type\" content=\"article\" \/>\n<meta property=\"og:title\" content=\"GEOTEXTILE ADHESIVES - PUR hot melt adhesives\" \/>\n<meta property=\"og:description\" content=\"Intercol is specialized in adhesives for automatic production processes. Especially\u00a0hot melt\u00a0adhesives provide advantages because of the [&hellip;]\" \/>\n<meta property=\"og:url\" content=\"https:\/\/www.purhotmelt.com\/es\/geotextile-adhesives\/\" \/>\n<meta property=\"og:site_name\" content=\"PUR hot melt adhesives\" \/>\n<meta property=\"article:modified_time\" content=\"2021-01-20T21:29:33+00:00\" \/>\n<meta name=\"twitter:card\" content=\"summary_large_image\" \/>\n<script type=\"application\/ld+json\" class=\"yoast-schema-graph\">{\"@context\":\"https:\/\/schema.org\",\"@graph\":[{\"@type\":\"WebSite\",\"@id\":\"https:\/\/www.purhotmelt.com\/#website\",\"url\":\"https:\/\/www.purhotmelt.com\/\",\"name\":\"PUR hot melt adhesives\",\"description\":\"Intercol: Specialist manufacturer\",\"potentialAction\":[{\"@type\":\"SearchAction\",\"target\":{\"@type\":\"EntryPoint\",\"urlTemplate\":\"https:\/\/www.purhotmelt.com\/?s={search_term_string}\"},\"query-input\":\"required name=search_term_string\"}],\"inLanguage\":\"es\"},{\"@type\":\"WebPage\",\"@id\":\"https:\/\/www.purhotmelt.com\/es\/geotextile-adhesives\/#webpage\",\"url\":\"https:\/\/www.purhotmelt.com\/es\/geotextile-adhesives\/\",\"name\":\"GEOTEXTILE ADHESIVES - PUR hot melt adhesives\",\"isPartOf\":{\"@id\":\"https:\/\/www.purhotmelt.com\/#website\"},\"datePublished\":\"2021-01-20T21:29:32+00:00\",\"dateModified\":\"2021-01-20T21:29:33+00:00\",\"breadcrumb\":{\"@id\":\"https:\/\/www.purhotmelt.com\/es\/geotextile-adhesives\/#breadcrumb\"},\"inLanguage\":\"es\",\"potentialAction\":[{\"@type\":\"ReadAction\",\"target\":[\"https:\/\/www.purhotmelt.com\/es\/geotextile-adhesives\/\"]}]},{\"@type\":\"BreadcrumbList\",\"@id\":\"https:\/\/www.purhotmelt.com\/es\/geotextile-adhesives\/#breadcrumb\",\"itemListElement\":[{\"@type\":\"ListItem\",\"position\":1,\"name\":\"Home\",\"item\":\"https:\/\/www.purhotmelt.com\/\"},{\"@type\":\"ListItem\",\"position\":2,\"name\":\"GEOTEXTILE ADHESIVES\"}]}]}<\/script>\n<!-- \/ Yoast SEO plugin. -->","yoast_head_json":{"title":"ADHESIVOS GEOTEXTILES - Adhesivos termofusibles PUR","robots":{"index":"index","follow":"follow","max-snippet":"max-snippet:-1","max-image-preview":"max-image-preview:large","max-video-preview":"max-video-preview:-1"},"canonical":"https:\/\/www.purhotmelt.com\/es\/geotextile-adhesives\/","og_locale":"es_ES","og_type":"article","og_title":"GEOTEXTILE ADHESIVES - PUR hot melt adhesives","og_description":"Intercol is specialized in adhesives for automatic production processes. Especially\u00a0hot melt\u00a0adhesives provide advantages because of the [&hellip;]","og_url":"https:\/\/www.purhotmelt.com\/es\/geotextile-adhesives\/","og_site_name":"PUR hot melt adhesives","article_modified_time":"2021-01-20T21:29:33+00:00","twitter_card":"summary_large_image","schema":{"@context":"https:\/\/schema.org","@graph":[{"@type":"WebSite","@id":"https:\/\/www.purhotmelt.com\/#website","url":"https:\/\/www.purhotmelt.com\/","name":"Adhesivos termofusibles PUR","description":"Intercol: fabricante especialista","potentialAction":[{"@type":"SearchAction","target":{"@type":"EntryPoint","urlTemplate":"https:\/\/www.purhotmelt.com\/?s={search_term_string}"},"query-input":"required name=search_term_string"}],"inLanguage":"es"},{"@type":"WebPage","@id":"https:\/\/www.purhotmelt.com\/es\/geotextile-adhesives\/#webpage","url":"https:\/\/www.purhotmelt.com\/es\/geotextile-adhesives\/","name":"ADHESIVOS GEOTEXTILES - Adhesivos termofusibles PUR","isPartOf":{"@id":"https:\/\/www.purhotmelt.com\/#website"},"datePublished":"2021-01-20T21:29:32+00:00","dateModified":"2021-01-20T21:29:33+00:00","breadcrumb":{"@id":"https:\/\/www.purhotmelt.com\/es\/geotextile-adhesives\/#breadcrumb"},"inLanguage":"es","potentialAction":[{"@type":"ReadAction","target":["https:\/\/www.purhotmelt.com\/es\/geotextile-adhesives\/"]}]},{"@type":"BreadcrumbList","@id":"https:\/\/www.purhotmelt.com\/es\/geotextile-adhesives\/#breadcrumb","itemListElement":[{"@type":"ListItem","position":1,"name":"Home","item":"https:\/\/www.purhotmelt.com\/"},{"@type":"ListItem","position":2,"name":"GEOTEXTILE ADHESIVES"}]}]}},"_links":{"self":[{"href":"https:\/\/www.purhotmelt.com\/es\/wp-json\/wp\/v2\/pages\/114","targetHints":{"allow":["GET"]}}],"collection":[{"href":"https:\/\/www.purhotmelt.com\/es\/wp-json\/wp\/v2\/pages"}],"about":[{"href":"https:\/\/www.purhotmelt.com\/es\/wp-json\/wp\/v2\/types\/page"}],"author":[{"embeddable":true,"href":"https:\/\/www.purhotmelt.com\/es\/wp-json\/wp\/v2\/users\/1"}],"replies":[{"embeddable":true,"href":"https:\/\/www.purhotmelt.com\/es\/wp-json\/wp\/v2\/comments?post=114"}],"version-history":[{"count":1,"href":"https:\/\/www.purhotmelt.com\/es\/wp-json\/wp\/v2\/pages\/114\/revisions"}],"predecessor-version":[{"id":116,"href":"https:\/\/www.purhotmelt.com\/es\/wp-json\/wp\/v2\/pages\/114\/revisions\/116"}],"wp:attachment":[{"href":"https:\/\/www.purhotmelt.com\/es\/wp-json\/wp\/v2\/media?parent=114"}],"curies":[{"name":"wp","href":"https:\/\/api.w.org\/{rel}","templated":true}]}}