{"id":117,"date":"2021-01-20T21:30:21","date_gmt":"2021-01-20T21:30:21","guid":{"rendered":"https:\/\/www.purhotmelt.com\/?page_id=117"},"modified":"2021-01-20T21:30:22","modified_gmt":"2021-01-20T21:30:22","slug":"is-isocyanate-in-pur-hot-melt-harmfull","status":"publish","type":"page","link":"https:\/\/www.purhotmelt.com\/es\/is-isocyanate-in-pur-hot-melt-harmfull\/","title":{"rendered":"\u00bfES EL ISOCYANATO EN PUR HOT MELT DA\u00d1INO?"},"content":{"rendered":"<h1 class=\"wp-block-heading\"><\/h1>\n\n\n\n<h2 class=\"wp-block-heading\">SIEMPRE OBSERVE LAS INSTRUCCIONES DE LA FICHA DE DATOS DE SEGURIDAD DEL MATERIAL CORRESPONDIENTE DE SU PRODUCTO ESPEC\u00cdFICO.<\/h2>\n\n\n\n<p>Los adhesivos termofusibles PUR contienen isocianato como grupos reactivos. A temperatura ambiente y salas con buena ventilaci\u00f3n, todos los componentes del adhesivo termofusible puro son pr\u00e1cticamente no vol\u00e1tiles, los vapores de isocianato pueden contaminar el aire circundante durante la fusi\u00f3n y el procesamiento del termofusible. El valor alem\u00e1n MAK (= concentraci\u00f3n m\u00e1xima en el lugar de trabajo \/ TLV) para el mon\u00f3mero isocianato (MDI) es 0,005 ppm (0,05 mg \/ m\u00b3).<\/p>\n\n\n\n<p>En cualquier caso, el termofusible PUR puede extraer vapores que se recomienda extraer a trav\u00e9s de sistemas de escape adecuados, como cualquier vapor en las \u00e1reas de producci\u00f3n. Con sistemas de escape adecuados, los valores m\u00e1ximos de MID permanecer\u00e1n muy por debajo de. Se garantizan los l\u00edmites de TLV y las condiciones de trabajo seguras. Observe siempre las instrucciones de la hoja de datos de seguridad del material correspondiente de su producto espec\u00edfico.<\/p>","protected":false},"excerpt":{"rendered":"<p>ALWAYS OBSERVE THE INSTRUCTIONS OF THE CORRESPONDING MATERIAL SAFETY DATA SHEET OF YOUR SPECIFIC PRODUCT. PUR [&hellip;]<\/p>","protected":false},"author":1,"featured_media":0,"parent":0,"menu_order":0,"comment_status":"closed","ping_status":"closed","template":"","meta":{"footnotes":""},"class_list":["post-117","page","type-page","status-publish","hentry"],"yoast_head":"<!-- This site is optimized with the Yoast SEO plugin v17.0 - https:\/\/yoast.com\/wordpress\/plugins\/seo\/ -->\n<title>IS ISOCYANATE IN PUR HOT MELT HARMFULL? - PUR hot melt adhesives<\/title>\n<meta name=\"robots\" content=\"index, follow, max-snippet:-1, max-image-preview:large, max-video-preview:-1\" \/>\n<link rel=\"canonical\" href=\"https:\/\/www.purhotmelt.com\/es\/is-isocyanate-in-pur-hot-melt-harmfull\/\" \/>\n<meta property=\"og:locale\" content=\"es_ES\" \/>\n<meta property=\"og:type\" content=\"article\" \/>\n<meta property=\"og:title\" content=\"IS ISOCYANATE IN PUR HOT MELT HARMFULL? - PUR hot melt adhesives\" \/>\n<meta property=\"og:description\" content=\"ALWAYS OBSERVE THE INSTRUCTIONS OF THE CORRESPONDING MATERIAL SAFETY DATA SHEET OF YOUR SPECIFIC PRODUCT. PUR [&hellip;]\" \/>\n<meta property=\"og:url\" content=\"https:\/\/www.purhotmelt.com\/es\/is-isocyanate-in-pur-hot-melt-harmfull\/\" \/>\n<meta property=\"og:site_name\" content=\"PUR hot melt adhesives\" \/>\n<meta property=\"article:modified_time\" content=\"2021-01-20T21:30:22+00:00\" \/>\n<meta name=\"twitter:card\" content=\"summary_large_image\" \/>\n<meta name=\"twitter:label1\" content=\"Tiempo de lectura\" \/>\n\t<meta name=\"twitter:data1\" content=\"1 minuto\" \/>\n<script type=\"application\/ld+json\" class=\"yoast-schema-graph\">{\"@context\":\"https:\/\/schema.org\",\"@graph\":[{\"@type\":\"WebSite\",\"@id\":\"https:\/\/www.purhotmelt.com\/#website\",\"url\":\"https:\/\/www.purhotmelt.com\/\",\"name\":\"PUR hot melt adhesives\",\"description\":\"Intercol: Specialist manufacturer\",\"potentialAction\":[{\"@type\":\"SearchAction\",\"target\":{\"@type\":\"EntryPoint\",\"urlTemplate\":\"https:\/\/www.purhotmelt.com\/?s={search_term_string}\"},\"query-input\":\"required name=search_term_string\"}],\"inLanguage\":\"es\"},{\"@type\":\"WebPage\",\"@id\":\"https:\/\/www.purhotmelt.com\/nb\/is-isocyanate-in-pur-hot-melt-harmfull\/#webpage\",\"url\":\"https:\/\/www.purhotmelt.com\/nb\/is-isocyanate-in-pur-hot-melt-harmfull\/\",\"name\":\"IS ISOCYANATE IN PUR HOT MELT HARMFULL? - PUR hot melt adhesives\",\"isPartOf\":{\"@id\":\"https:\/\/www.purhotmelt.com\/#website\"},\"datePublished\":\"2021-01-20T21:30:21+00:00\",\"dateModified\":\"2021-01-20T21:30:22+00:00\",\"breadcrumb\":{\"@id\":\"https:\/\/www.purhotmelt.com\/nb\/is-isocyanate-in-pur-hot-melt-harmfull\/#breadcrumb\"},\"inLanguage\":\"es\",\"potentialAction\":[{\"@type\":\"ReadAction\",\"target\":[\"https:\/\/www.purhotmelt.com\/nb\/is-isocyanate-in-pur-hot-melt-harmfull\/\"]}]},{\"@type\":\"BreadcrumbList\",\"@id\":\"https:\/\/www.purhotmelt.com\/nb\/is-isocyanate-in-pur-hot-melt-harmfull\/#breadcrumb\",\"itemListElement\":[{\"@type\":\"ListItem\",\"position\":1,\"name\":\"Home\",\"item\":\"https:\/\/www.purhotmelt.com\/\"},{\"@type\":\"ListItem\",\"position\":2,\"name\":\"IS ISOCYANATE IN PUR HOT MELT HARMFULL?\"}]}]}<\/script>\n<!-- \/ Yoast SEO plugin. -->","yoast_head_json":{"title":"\u00bfES EL ISOCYANATO EN PUR HOT MELT DA\u00d1INO? - Adhesivos termofusibles PUR","robots":{"index":"index","follow":"follow","max-snippet":"max-snippet:-1","max-image-preview":"max-image-preview:large","max-video-preview":"max-video-preview:-1"},"canonical":"https:\/\/www.purhotmelt.com\/es\/is-isocyanate-in-pur-hot-melt-harmfull\/","og_locale":"es_ES","og_type":"article","og_title":"IS ISOCYANATE IN PUR HOT MELT HARMFULL? - PUR hot melt adhesives","og_description":"ALWAYS OBSERVE THE INSTRUCTIONS OF THE CORRESPONDING MATERIAL SAFETY DATA SHEET OF YOUR SPECIFIC PRODUCT. PUR [&hellip;]","og_url":"https:\/\/www.purhotmelt.com\/es\/is-isocyanate-in-pur-hot-melt-harmfull\/","og_site_name":"PUR hot melt adhesives","article_modified_time":"2021-01-20T21:30:22+00:00","twitter_card":"summary_large_image","twitter_misc":{"Tiempo de lectura":"1 minuto"},"schema":{"@context":"https:\/\/schema.org","@graph":[{"@type":"WebSite","@id":"https:\/\/www.purhotmelt.com\/#website","url":"https:\/\/www.purhotmelt.com\/","name":"Adhesivos termofusibles PUR","description":"Intercol: fabricante especialista","potentialAction":[{"@type":"SearchAction","target":{"@type":"EntryPoint","urlTemplate":"https:\/\/www.purhotmelt.com\/?s={search_term_string}"},"query-input":"required name=search_term_string"}],"inLanguage":"es"},{"@type":"WebPage","@id":"https:\/\/www.purhotmelt.com\/nb\/is-isocyanate-in-pur-hot-melt-harmfull\/#webpage","url":"https:\/\/www.purhotmelt.com\/nb\/is-isocyanate-in-pur-hot-melt-harmfull\/","name":"\u00bfES EL ISOCYANATO EN PUR HOT MELT DA\u00d1INO? - Adhesivos termofusibles PUR","isPartOf":{"@id":"https:\/\/www.purhotmelt.com\/#website"},"datePublished":"2021-01-20T21:30:21+00:00","dateModified":"2021-01-20T21:30:22+00:00","breadcrumb":{"@id":"https:\/\/www.purhotmelt.com\/nb\/is-isocyanate-in-pur-hot-melt-harmfull\/#breadcrumb"},"inLanguage":"es","potentialAction":[{"@type":"ReadAction","target":["https:\/\/www.purhotmelt.com\/nb\/is-isocyanate-in-pur-hot-melt-harmfull\/"]}]},{"@type":"BreadcrumbList","@id":"https:\/\/www.purhotmelt.com\/nb\/is-isocyanate-in-pur-hot-melt-harmfull\/#breadcrumb","itemListElement":[{"@type":"ListItem","position":1,"name":"Home","item":"https:\/\/www.purhotmelt.com\/"},{"@type":"ListItem","position":2,"name":"IS ISOCYANATE IN PUR HOT MELT HARMFULL?"}]}]}},"_links":{"self":[{"href":"https:\/\/www.purhotmelt.com\/es\/wp-json\/wp\/v2\/pages\/117","targetHints":{"allow":["GET"]}}],"collection":[{"href":"https:\/\/www.purhotmelt.com\/es\/wp-json\/wp\/v2\/pages"}],"about":[{"href":"https:\/\/www.purhotmelt.com\/es\/wp-json\/wp\/v2\/types\/page"}],"author":[{"embeddable":true,"href":"https:\/\/www.purhotmelt.com\/es\/wp-json\/wp\/v2\/users\/1"}],"replies":[{"embeddable":true,"href":"https:\/\/www.purhotmelt.com\/es\/wp-json\/wp\/v2\/comments?post=117"}],"version-history":[{"count":1,"href":"https:\/\/www.purhotmelt.com\/es\/wp-json\/wp\/v2\/pages\/117\/revisions"}],"predecessor-version":[{"id":119,"href":"https:\/\/www.purhotmelt.com\/es\/wp-json\/wp\/v2\/pages\/117\/revisions\/119"}],"wp:attachment":[{"href":"https:\/\/www.purhotmelt.com\/es\/wp-json\/wp\/v2\/media?parent=117"}],"curies":[{"name":"wp","href":"https:\/\/api.w.org\/{rel}","templated":true}]}}