{"id":120,"date":"2021-01-20T21:31:32","date_gmt":"2021-01-20T21:31:32","guid":{"rendered":"https:\/\/www.purhotmelt.com\/?page_id=120"},"modified":"2021-01-20T21:31:34","modified_gmt":"2021-01-20T21:31:34","slug":"antislip-and-adhesive-coating-2","status":"publish","type":"page","link":"https:\/\/www.purhotmelt.com\/es\/antislip-and-adhesive-coating-2\/","title":{"rendered":"RECUBRIMIENTO ANTIDESLIZANTE Y ADHESIVO"},"content":{"rendered":"<h1 class=\"wp-block-heading\"><\/h1>\n\n\n\n<p>Los adhesivos de revestimiento textil, como las dispersiones a base de agua y los adhesivos termofusibles, pueden resolver muchos desaf\u00edos en los que los materiales deben ser flexibles, ligeros y duraderos con funcionalidades espec\u00edficas.<\/p>\n\n\n\n<p>Los productos de recubrimiento textil de dispersi\u00f3n y termofusible se pueden formular para hacer frente a la exposici\u00f3n a los rayos UV, el calor, el fuego, el envejecimiento y el estr\u00e9s mec\u00e1nico. Los adhesivos se pueden utilizar como revestimiento y como adhesivo para propiedades de protecci\u00f3n y aislamiento. Muchos textiles t\u00e9cnicos dependen de una uni\u00f3n fuerte para crear equipos de protecci\u00f3n, mantas de soldadura y paneles aislantes.<\/p>\n\n\n\n<h2 class=\"wp-block-heading\">TEXTILES T\u00c9CNICOS<\/h2>\n\n\n\n<p>Ante la creciente demanda de fibras t\u00e9cnicas y textiles, se encuentran m\u00e1s soluciones con el uso de adhesivos especializados. Desde bienes de consumo hasta aplicaciones t\u00e9cnicas e industriales. Los desarrolladores de I + D, los dise\u00f1adores de productos y los fabricantes est\u00e1n constantemente en la b\u00fasqueda de desarrollar textiles nuevos e innovadores de alto rendimiento.<\/p>\n\n\n\n<p>Los adhesivos de fusi\u00f3n en caliente PUR a menudo se formulan espec\u00edficamente para cumplir con las caracter\u00edsticas requeridas tanto de los sustratos como de los procesos, lo que permite soluciones optimizadas para adherir textiles con otros sustratos. Ayudamos a brindar las mejores funciones posibles para cada aplicaci\u00f3n espec\u00edfica, tales como:<\/p>\n\n\n\n<ul class=\"wp-block-list\"><li>Mejoras en la resistencia a la tracci\u00f3n y al desgarro<\/li><li>Requisitos de resistencia t\u00e9rmica, al fuego y a los rayos UV<\/li><li>Mejorar la resistencia a la abrasi\u00f3n<\/li><li>Rendimiento y durabilidad de alto envejecimiento<\/li><li>Bonos impermeables<\/li><li>Aplicaciones antideslizantes<\/li><\/ul>","protected":false},"excerpt":{"rendered":"<p>Textile coating adhesives, such as waterbased dispersions and hot melt adhesives, can solve many challenges where [&hellip;]<\/p>","protected":false},"author":1,"featured_media":0,"parent":0,"menu_order":0,"comment_status":"closed","ping_status":"closed","template":"","meta":{"footnotes":""},"class_list":["post-120","page","type-page","status-publish","hentry"],"yoast_head":"<!-- This site is optimized with the Yoast SEO plugin v17.0 - https:\/\/yoast.com\/wordpress\/plugins\/seo\/ -->\n<title>ANTISLIP AND ADHESIVE COATING - PUR hot melt adhesives<\/title>\n<meta name=\"robots\" content=\"index, follow, max-snippet:-1, max-image-preview:large, max-video-preview:-1\" \/>\n<link rel=\"canonical\" href=\"https:\/\/www.purhotmelt.com\/es\/antislip-and-adhesive-coating-2\/\" \/>\n<meta property=\"og:locale\" content=\"es_ES\" \/>\n<meta property=\"og:type\" content=\"article\" \/>\n<meta property=\"og:title\" content=\"ANTISLIP AND ADHESIVE COATING - PUR hot melt adhesives\" \/>\n<meta property=\"og:description\" content=\"Textile coating adhesives, such as waterbased dispersions and hot melt adhesives, can solve many challenges where [&hellip;]\" \/>\n<meta property=\"og:url\" content=\"https:\/\/www.purhotmelt.com\/es\/antislip-and-adhesive-coating-2\/\" \/>\n<meta property=\"og:site_name\" content=\"PUR hot melt adhesives\" \/>\n<meta property=\"article:modified_time\" content=\"2021-01-20T21:31:34+00:00\" \/>\n<meta name=\"twitter:card\" content=\"summary_large_image\" \/>\n<meta name=\"twitter:label1\" content=\"Tiempo de lectura\" \/>\n\t<meta name=\"twitter:data1\" content=\"1 minuto\" \/>\n<script type=\"application\/ld+json\" class=\"yoast-schema-graph\">{\"@context\":\"https:\/\/schema.org\",\"@graph\":[{\"@type\":\"WebSite\",\"@id\":\"https:\/\/www.purhotmelt.com\/#website\",\"url\":\"https:\/\/www.purhotmelt.com\/\",\"name\":\"PUR hot melt adhesives\",\"description\":\"Intercol: Specialist manufacturer\",\"potentialAction\":[{\"@type\":\"SearchAction\",\"target\":{\"@type\":\"EntryPoint\",\"urlTemplate\":\"https:\/\/www.purhotmelt.com\/?s={search_term_string}\"},\"query-input\":\"required name=search_term_string\"}],\"inLanguage\":\"es\"},{\"@type\":\"WebPage\",\"@id\":\"https:\/\/www.purhotmelt.com\/nb\/antislip-and-adhesive-coating-2\/#webpage\",\"url\":\"https:\/\/www.purhotmelt.com\/nb\/antislip-and-adhesive-coating-2\/\",\"name\":\"ANTISLIP AND ADHESIVE COATING - PUR hot melt adhesives\",\"isPartOf\":{\"@id\":\"https:\/\/www.purhotmelt.com\/#website\"},\"datePublished\":\"2021-01-20T21:31:32+00:00\",\"dateModified\":\"2021-01-20T21:31:34+00:00\",\"breadcrumb\":{\"@id\":\"https:\/\/www.purhotmelt.com\/nb\/antislip-and-adhesive-coating-2\/#breadcrumb\"},\"inLanguage\":\"es\",\"potentialAction\":[{\"@type\":\"ReadAction\",\"target\":[\"https:\/\/www.purhotmelt.com\/nb\/antislip-and-adhesive-coating-2\/\"]}]},{\"@type\":\"BreadcrumbList\",\"@id\":\"https:\/\/www.purhotmelt.com\/nb\/antislip-and-adhesive-coating-2\/#breadcrumb\",\"itemListElement\":[{\"@type\":\"ListItem\",\"position\":1,\"name\":\"Home\",\"item\":\"https:\/\/www.purhotmelt.com\/\"},{\"@type\":\"ListItem\",\"position\":2,\"name\":\"ANTISLIP AND ADHESIVE COATING\"}]}]}<\/script>\n<!-- \/ Yoast SEO plugin. -->","yoast_head_json":{"title":"RECUBRIMIENTO ADHESIVO Y ANTIDESLIZANTE - Adhesivos termofusibles PUR","robots":{"index":"index","follow":"follow","max-snippet":"max-snippet:-1","max-image-preview":"max-image-preview:large","max-video-preview":"max-video-preview:-1"},"canonical":"https:\/\/www.purhotmelt.com\/es\/antislip-and-adhesive-coating-2\/","og_locale":"es_ES","og_type":"article","og_title":"ANTISLIP AND ADHESIVE COATING - PUR hot melt adhesives","og_description":"Textile coating adhesives, such as waterbased dispersions and hot melt adhesives, can solve many challenges where [&hellip;]","og_url":"https:\/\/www.purhotmelt.com\/es\/antislip-and-adhesive-coating-2\/","og_site_name":"PUR hot melt adhesives","article_modified_time":"2021-01-20T21:31:34+00:00","twitter_card":"summary_large_image","twitter_misc":{"Tiempo de lectura":"1 minuto"},"schema":{"@context":"https:\/\/schema.org","@graph":[{"@type":"WebSite","@id":"https:\/\/www.purhotmelt.com\/#website","url":"https:\/\/www.purhotmelt.com\/","name":"Adhesivos termofusibles PUR","description":"Intercol: fabricante especialista","potentialAction":[{"@type":"SearchAction","target":{"@type":"EntryPoint","urlTemplate":"https:\/\/www.purhotmelt.com\/?s={search_term_string}"},"query-input":"required name=search_term_string"}],"inLanguage":"es"},{"@type":"WebPage","@id":"https:\/\/www.purhotmelt.com\/nb\/antislip-and-adhesive-coating-2\/#webpage","url":"https:\/\/www.purhotmelt.com\/nb\/antislip-and-adhesive-coating-2\/","name":"RECUBRIMIENTO ADHESIVO Y ANTIDESLIZANTE - Adhesivos termofusibles PUR","isPartOf":{"@id":"https:\/\/www.purhotmelt.com\/#website"},"datePublished":"2021-01-20T21:31:32+00:00","dateModified":"2021-01-20T21:31:34+00:00","breadcrumb":{"@id":"https:\/\/www.purhotmelt.com\/nb\/antislip-and-adhesive-coating-2\/#breadcrumb"},"inLanguage":"es","potentialAction":[{"@type":"ReadAction","target":["https:\/\/www.purhotmelt.com\/nb\/antislip-and-adhesive-coating-2\/"]}]},{"@type":"BreadcrumbList","@id":"https:\/\/www.purhotmelt.com\/nb\/antislip-and-adhesive-coating-2\/#breadcrumb","itemListElement":[{"@type":"ListItem","position":1,"name":"Home","item":"https:\/\/www.purhotmelt.com\/"},{"@type":"ListItem","position":2,"name":"ANTISLIP AND ADHESIVE COATING"}]}]}},"_links":{"self":[{"href":"https:\/\/www.purhotmelt.com\/es\/wp-json\/wp\/v2\/pages\/120","targetHints":{"allow":["GET"]}}],"collection":[{"href":"https:\/\/www.purhotmelt.com\/es\/wp-json\/wp\/v2\/pages"}],"about":[{"href":"https:\/\/www.purhotmelt.com\/es\/wp-json\/wp\/v2\/types\/page"}],"author":[{"embeddable":true,"href":"https:\/\/www.purhotmelt.com\/es\/wp-json\/wp\/v2\/users\/1"}],"replies":[{"embeddable":true,"href":"https:\/\/www.purhotmelt.com\/es\/wp-json\/wp\/v2\/comments?post=120"}],"version-history":[{"count":1,"href":"https:\/\/www.purhotmelt.com\/es\/wp-json\/wp\/v2\/pages\/120\/revisions"}],"predecessor-version":[{"id":122,"href":"https:\/\/www.purhotmelt.com\/es\/wp-json\/wp\/v2\/pages\/120\/revisions\/122"}],"wp:attachment":[{"href":"https:\/\/www.purhotmelt.com\/es\/wp-json\/wp\/v2\/media?parent=120"}],"curies":[{"name":"wp","href":"https:\/\/api.w.org\/{rel}","templated":true}]}}