{"id":129,"date":"2021-01-20T21:34:40","date_gmt":"2021-01-20T21:34:40","guid":{"rendered":"https:\/\/www.purhotmelt.com\/?page_id=129"},"modified":"2021-01-20T21:34:41","modified_gmt":"2021-01-20T21:34:41","slug":"microwave-and-hot-melt-adhesives","status":"publish","type":"page","link":"https:\/\/www.purhotmelt.com\/es\/microwave-and-hot-melt-adhesives\/","title":{"rendered":"ADHESIVOS PARA MICROONDAS Y HOT MELT"},"content":{"rendered":"<h1 class=\"wp-block-heading\"><\/h1>\n\n\n\n<h2 class=\"wp-block-heading\">\u00bfSE DERRETIR\u00c1 EL HOT MELT EN UN MICROONDAS?<\/h2>\n\n\n\n<p>Al final lo har\u00e1. Pero como los microondas est\u00e1n dise\u00f1ados para calentar las sustancias que contienen agua, un microondas probablemente no sea la mejor opci\u00f3n para derretir el termofusible. Un horno ajustado a la temperatura de aplicaci\u00f3n proporcionada del adhesivo termofusible es probablemente una mejor opci\u00f3n.<\/p>\n\n\n\n<p>Para fines comerciales, los sistemas de cola caliente profesionales como Nordson y Robatech son probablemente la mejor soluci\u00f3n. Para aplicaciones peque\u00f1as y prop\u00f3sitos de investigaci\u00f3n, hay disponibles pistolas de pegamento termofusible manuales, tambi\u00e9n para adhesivos termofusibles a granel \/ granulado<\/p>\n\n\n\n<h2 class=\"wp-block-heading\">\u00bfSE ABRIR\u00c1 UNA BANDEJA O CAJA SELLADA EN CALIENTE EN UN MICROONDAS?<\/h2>\n\n\n\n<p>Eso depende de la cantidad de calor, la construcci\u00f3n del empaque y la formulaci\u00f3n del termofusible, principalmente de la temperatura final. Es un riesgo razonable a tener en cuenta si las cajas y bandejas est\u00e1n pegadas con adhesivo termofusible.<\/p>\n\n\n\n<h2 class=\"wp-block-heading\">\u00bfPUEDO EVITAR QUE LAS CAJAS Y LAS BANDEJAS SE ABREN?<\/h2>\n\n\n\n<p>Para fines alimentarios, nuestros productos termofusibles individuales son Hotpack 65 y Hotpack 95, como se muestra arriba. La soluci\u00f3n m\u00e1s confiable es hacer una combinaci\u00f3n de pegado de un adhesivo termofusible para un fraguado r\u00e1pido en la m\u00e1quina y un adhesivo a base de agua para una uni\u00f3n duradera y resistente al microondas. Tambi\u00e9n podemos asesorar en equipos e integraci\u00f3n de m\u00e1quinas.<\/p>\n\n\n\n<h2 class=\"wp-block-heading\">POLIURETANO HOT MELT<\/h2>\n\n\n\n<p>Los adhesivos de fusi\u00f3n en caliente de poliuretano pueden soportar temperaturas muy altas y ofrecen una alta resistencia en verde para un procesamiento r\u00e1pido en la producci\u00f3n. Los termofusibles de poliuretano en su mayor\u00eda no son seguros para los alimentos, pero se aplican m\u00e1s en aplicaciones de muebles y empaques no alimentarios.<\/p>","protected":false},"excerpt":{"rendered":"<p>WILL HOT MELT MELT IN A MICROWAVE? In the end it will. But as microwaves are [&hellip;]<\/p>","protected":false},"author":1,"featured_media":0,"parent":0,"menu_order":0,"comment_status":"closed","ping_status":"closed","template":"","meta":{"footnotes":""},"class_list":["post-129","page","type-page","status-publish","hentry"],"yoast_head":"<!-- This site is optimized with the Yoast SEO plugin v17.0 - https:\/\/yoast.com\/wordpress\/plugins\/seo\/ -->\n<title>MICROWAVE AND HOT MELT ADHESIVES - PUR hot melt adhesives<\/title>\n<meta name=\"robots\" content=\"index, follow, max-snippet:-1, max-image-preview:large, max-video-preview:-1\" \/>\n<link rel=\"canonical\" href=\"https:\/\/www.purhotmelt.com\/es\/microwave-and-hot-melt-adhesives\/\" \/>\n<meta property=\"og:locale\" content=\"es_ES\" \/>\n<meta property=\"og:type\" content=\"article\" \/>\n<meta property=\"og:title\" content=\"MICROWAVE AND HOT MELT ADHESIVES - PUR hot melt adhesives\" \/>\n<meta property=\"og:description\" content=\"WILL HOT MELT MELT IN A MICROWAVE? In the end it will. But as microwaves are [&hellip;]\" \/>\n<meta property=\"og:url\" content=\"https:\/\/www.purhotmelt.com\/es\/microwave-and-hot-melt-adhesives\/\" \/>\n<meta property=\"og:site_name\" content=\"PUR hot melt adhesives\" \/>\n<meta property=\"article:modified_time\" content=\"2021-01-20T21:34:41+00:00\" \/>\n<meta name=\"twitter:card\" content=\"summary_large_image\" \/>\n<meta name=\"twitter:label1\" content=\"Tiempo de lectura\" \/>\n\t<meta name=\"twitter:data1\" content=\"1 minuto\" \/>\n<script type=\"application\/ld+json\" class=\"yoast-schema-graph\">{\"@context\":\"https:\/\/schema.org\",\"@graph\":[{\"@type\":\"WebSite\",\"@id\":\"https:\/\/www.purhotmelt.com\/#website\",\"url\":\"https:\/\/www.purhotmelt.com\/\",\"name\":\"PUR hot melt adhesives\",\"description\":\"Intercol: Specialist manufacturer\",\"potentialAction\":[{\"@type\":\"SearchAction\",\"target\":{\"@type\":\"EntryPoint\",\"urlTemplate\":\"https:\/\/www.purhotmelt.com\/?s={search_term_string}\"},\"query-input\":\"required name=search_term_string\"}],\"inLanguage\":\"es\"},{\"@type\":\"WebPage\",\"@id\":\"https:\/\/www.purhotmelt.com\/es\/microwave-and-hot-melt-adhesives\/#webpage\",\"url\":\"https:\/\/www.purhotmelt.com\/es\/microwave-and-hot-melt-adhesives\/\",\"name\":\"MICROWAVE AND HOT MELT ADHESIVES - PUR hot melt adhesives\",\"isPartOf\":{\"@id\":\"https:\/\/www.purhotmelt.com\/#website\"},\"datePublished\":\"2021-01-20T21:34:40+00:00\",\"dateModified\":\"2021-01-20T21:34:41+00:00\",\"breadcrumb\":{\"@id\":\"https:\/\/www.purhotmelt.com\/es\/microwave-and-hot-melt-adhesives\/#breadcrumb\"},\"inLanguage\":\"es\",\"potentialAction\":[{\"@type\":\"ReadAction\",\"target\":[\"https:\/\/www.purhotmelt.com\/es\/microwave-and-hot-melt-adhesives\/\"]}]},{\"@type\":\"BreadcrumbList\",\"@id\":\"https:\/\/www.purhotmelt.com\/es\/microwave-and-hot-melt-adhesives\/#breadcrumb\",\"itemListElement\":[{\"@type\":\"ListItem\",\"position\":1,\"name\":\"Home\",\"item\":\"https:\/\/www.purhotmelt.com\/\"},{\"@type\":\"ListItem\",\"position\":2,\"name\":\"MICROWAVE AND HOT MELT ADHESIVES\"}]}]}<\/script>\n<!-- \/ Yoast SEO plugin. -->","yoast_head_json":{"title":"ADHESIVOS PARA MICROONDAS Y HOT MELT - Adhesivos PUR hot melt","robots":{"index":"index","follow":"follow","max-snippet":"max-snippet:-1","max-image-preview":"max-image-preview:large","max-video-preview":"max-video-preview:-1"},"canonical":"https:\/\/www.purhotmelt.com\/es\/microwave-and-hot-melt-adhesives\/","og_locale":"es_ES","og_type":"article","og_title":"MICROWAVE AND HOT MELT ADHESIVES - PUR hot melt adhesives","og_description":"WILL HOT MELT MELT IN A MICROWAVE? In the end it will. But as microwaves are [&hellip;]","og_url":"https:\/\/www.purhotmelt.com\/es\/microwave-and-hot-melt-adhesives\/","og_site_name":"PUR hot melt adhesives","article_modified_time":"2021-01-20T21:34:41+00:00","twitter_card":"summary_large_image","twitter_misc":{"Tiempo de lectura":"1 minuto"},"schema":{"@context":"https:\/\/schema.org","@graph":[{"@type":"WebSite","@id":"https:\/\/www.purhotmelt.com\/#website","url":"https:\/\/www.purhotmelt.com\/","name":"Adhesivos termofusibles PUR","description":"Intercol: fabricante especialista","potentialAction":[{"@type":"SearchAction","target":{"@type":"EntryPoint","urlTemplate":"https:\/\/www.purhotmelt.com\/?s={search_term_string}"},"query-input":"required name=search_term_string"}],"inLanguage":"es"},{"@type":"WebPage","@id":"https:\/\/www.purhotmelt.com\/es\/microwave-and-hot-melt-adhesives\/#webpage","url":"https:\/\/www.purhotmelt.com\/es\/microwave-and-hot-melt-adhesives\/","name":"ADHESIVOS PARA MICROONDAS Y HOT MELT - Adhesivos PUR hot melt","isPartOf":{"@id":"https:\/\/www.purhotmelt.com\/#website"},"datePublished":"2021-01-20T21:34:40+00:00","dateModified":"2021-01-20T21:34:41+00:00","breadcrumb":{"@id":"https:\/\/www.purhotmelt.com\/es\/microwave-and-hot-melt-adhesives\/#breadcrumb"},"inLanguage":"es","potentialAction":[{"@type":"ReadAction","target":["https:\/\/www.purhotmelt.com\/es\/microwave-and-hot-melt-adhesives\/"]}]},{"@type":"BreadcrumbList","@id":"https:\/\/www.purhotmelt.com\/es\/microwave-and-hot-melt-adhesives\/#breadcrumb","itemListElement":[{"@type":"ListItem","position":1,"name":"Home","item":"https:\/\/www.purhotmelt.com\/"},{"@type":"ListItem","position":2,"name":"MICROWAVE AND HOT MELT ADHESIVES"}]}]}},"_links":{"self":[{"href":"https:\/\/www.purhotmelt.com\/es\/wp-json\/wp\/v2\/pages\/129","targetHints":{"allow":["GET"]}}],"collection":[{"href":"https:\/\/www.purhotmelt.com\/es\/wp-json\/wp\/v2\/pages"}],"about":[{"href":"https:\/\/www.purhotmelt.com\/es\/wp-json\/wp\/v2\/types\/page"}],"author":[{"embeddable":true,"href":"https:\/\/www.purhotmelt.com\/es\/wp-json\/wp\/v2\/users\/1"}],"replies":[{"embeddable":true,"href":"https:\/\/www.purhotmelt.com\/es\/wp-json\/wp\/v2\/comments?post=129"}],"version-history":[{"count":1,"href":"https:\/\/www.purhotmelt.com\/es\/wp-json\/wp\/v2\/pages\/129\/revisions"}],"predecessor-version":[{"id":132,"href":"https:\/\/www.purhotmelt.com\/es\/wp-json\/wp\/v2\/pages\/129\/revisions\/132"}],"wp:attachment":[{"href":"https:\/\/www.purhotmelt.com\/es\/wp-json\/wp\/v2\/media?parent=129"}],"curies":[{"name":"wp","href":"https:\/\/api.w.org\/{rel}","templated":true}]}}