{"id":140,"date":"2021-01-20T21:38:21","date_gmt":"2021-01-20T21:38:21","guid":{"rendered":"https:\/\/www.purhotmelt.com\/?page_id=140"},"modified":"2021-01-20T21:38:22","modified_gmt":"2021-01-20T21:38:22","slug":"wood-assembly-flooring","status":"publish","type":"page","link":"https:\/\/www.purhotmelt.com\/es\/wood-assembly-flooring\/","title":{"rendered":"MONTAJE DE MADERA, PISOS"},"content":{"rendered":"<h1 class=\"wp-block-heading\"><\/h1>\n\n\n\n<p>El ensamblaje de madera tiene una aplicaci\u00f3n com\u00fan bastante grande, el pegado de baldosas de madera a una tabla de piso de varias capas o baldosas de piso macizo de varias capas.<\/p>\n\n\n\n<p>Los termofusibles de PUR deben proporcionar una mayor resistencia en verde en relaci\u00f3n con el revestimiento del perfil y deben hacer frente a una mayor tensi\u00f3n en la uni\u00f3n final.<\/p>","protected":false},"excerpt":{"rendered":"<p>Wood assembly has a quite large common application, the gluing of wooden tiles to a multilayer [&hellip;]<\/p>","protected":false},"author":1,"featured_media":0,"parent":0,"menu_order":0,"comment_status":"closed","ping_status":"closed","template":"","meta":{"footnotes":""},"class_list":["post-140","page","type-page","status-publish","hentry"],"yoast_head":"<!-- This site is optimized with the Yoast SEO plugin v17.0 - https:\/\/yoast.com\/wordpress\/plugins\/seo\/ -->\n<title>WOOD ASSEMBLY, FLOORING - PUR hot melt adhesives<\/title>\n<meta name=\"robots\" content=\"index, follow, max-snippet:-1, max-image-preview:large, max-video-preview:-1\" \/>\n<link rel=\"canonical\" href=\"https:\/\/www.purhotmelt.com\/es\/wood-assembly-flooring\/\" \/>\n<meta property=\"og:locale\" content=\"es_ES\" \/>\n<meta property=\"og:type\" content=\"article\" \/>\n<meta property=\"og:title\" content=\"WOOD ASSEMBLY, FLOORING - PUR hot melt adhesives\" \/>\n<meta property=\"og:description\" content=\"Wood assembly has a quite large common application, the gluing of wooden tiles to a multilayer [&hellip;]\" \/>\n<meta property=\"og:url\" content=\"https:\/\/www.purhotmelt.com\/es\/wood-assembly-flooring\/\" \/>\n<meta property=\"og:site_name\" content=\"PUR hot melt adhesives\" \/>\n<meta property=\"article:modified_time\" content=\"2021-01-20T21:38:22+00:00\" \/>\n<meta name=\"twitter:card\" content=\"summary_large_image\" \/>\n<script type=\"application\/ld+json\" class=\"yoast-schema-graph\">{\"@context\":\"https:\/\/schema.org\",\"@graph\":[{\"@type\":\"WebSite\",\"@id\":\"https:\/\/www.purhotmelt.com\/#website\",\"url\":\"https:\/\/www.purhotmelt.com\/\",\"name\":\"PUR hot melt adhesives\",\"description\":\"Intercol: Specialist manufacturer\",\"potentialAction\":[{\"@type\":\"SearchAction\",\"target\":{\"@type\":\"EntryPoint\",\"urlTemplate\":\"https:\/\/www.purhotmelt.com\/?s={search_term_string}\"},\"query-input\":\"required name=search_term_string\"}],\"inLanguage\":\"es\"},{\"@type\":\"WebPage\",\"@id\":\"https:\/\/www.purhotmelt.com\/nb\/wood-assembly-flooring\/#webpage\",\"url\":\"https:\/\/www.purhotmelt.com\/nb\/wood-assembly-flooring\/\",\"name\":\"WOOD ASSEMBLY, FLOORING - PUR hot melt adhesives\",\"isPartOf\":{\"@id\":\"https:\/\/www.purhotmelt.com\/#website\"},\"datePublished\":\"2021-01-20T21:38:21+00:00\",\"dateModified\":\"2021-01-20T21:38:22+00:00\",\"breadcrumb\":{\"@id\":\"https:\/\/www.purhotmelt.com\/nb\/wood-assembly-flooring\/#breadcrumb\"},\"inLanguage\":\"es\",\"potentialAction\":[{\"@type\":\"ReadAction\",\"target\":[\"https:\/\/www.purhotmelt.com\/nb\/wood-assembly-flooring\/\"]}]},{\"@type\":\"BreadcrumbList\",\"@id\":\"https:\/\/www.purhotmelt.com\/nb\/wood-assembly-flooring\/#breadcrumb\",\"itemListElement\":[{\"@type\":\"ListItem\",\"position\":1,\"name\":\"Home\",\"item\":\"https:\/\/www.purhotmelt.com\/\"},{\"@type\":\"ListItem\",\"position\":2,\"name\":\"WOOD ASSEMBLY, FLOORING\"}]}]}<\/script>\n<!-- \/ Yoast SEO plugin. -->","yoast_head_json":{"title":"MONTAJE DE MADERA, PISOS - Adhesivos termofusibles PUR","robots":{"index":"index","follow":"follow","max-snippet":"max-snippet:-1","max-image-preview":"max-image-preview:large","max-video-preview":"max-video-preview:-1"},"canonical":"https:\/\/www.purhotmelt.com\/es\/wood-assembly-flooring\/","og_locale":"es_ES","og_type":"article","og_title":"WOOD ASSEMBLY, FLOORING - PUR hot melt adhesives","og_description":"Wood assembly has a quite large common application, the gluing of wooden tiles to a multilayer [&hellip;]","og_url":"https:\/\/www.purhotmelt.com\/es\/wood-assembly-flooring\/","og_site_name":"PUR hot melt adhesives","article_modified_time":"2021-01-20T21:38:22+00:00","twitter_card":"summary_large_image","schema":{"@context":"https:\/\/schema.org","@graph":[{"@type":"WebSite","@id":"https:\/\/www.purhotmelt.com\/#website","url":"https:\/\/www.purhotmelt.com\/","name":"Adhesivos termofusibles PUR","description":"Intercol: fabricante especialista","potentialAction":[{"@type":"SearchAction","target":{"@type":"EntryPoint","urlTemplate":"https:\/\/www.purhotmelt.com\/?s={search_term_string}"},"query-input":"required name=search_term_string"}],"inLanguage":"es"},{"@type":"WebPage","@id":"https:\/\/www.purhotmelt.com\/nb\/wood-assembly-flooring\/#webpage","url":"https:\/\/www.purhotmelt.com\/nb\/wood-assembly-flooring\/","name":"MONTAJE DE MADERA, PISOS - Adhesivos termofusibles PUR","isPartOf":{"@id":"https:\/\/www.purhotmelt.com\/#website"},"datePublished":"2021-01-20T21:38:21+00:00","dateModified":"2021-01-20T21:38:22+00:00","breadcrumb":{"@id":"https:\/\/www.purhotmelt.com\/nb\/wood-assembly-flooring\/#breadcrumb"},"inLanguage":"es","potentialAction":[{"@type":"ReadAction","target":["https:\/\/www.purhotmelt.com\/nb\/wood-assembly-flooring\/"]}]},{"@type":"BreadcrumbList","@id":"https:\/\/www.purhotmelt.com\/nb\/wood-assembly-flooring\/#breadcrumb","itemListElement":[{"@type":"ListItem","position":1,"name":"Home","item":"https:\/\/www.purhotmelt.com\/"},{"@type":"ListItem","position":2,"name":"WOOD ASSEMBLY, FLOORING"}]}]}},"_links":{"self":[{"href":"https:\/\/www.purhotmelt.com\/es\/wp-json\/wp\/v2\/pages\/140","targetHints":{"allow":["GET"]}}],"collection":[{"href":"https:\/\/www.purhotmelt.com\/es\/wp-json\/wp\/v2\/pages"}],"about":[{"href":"https:\/\/www.purhotmelt.com\/es\/wp-json\/wp\/v2\/types\/page"}],"author":[{"embeddable":true,"href":"https:\/\/www.purhotmelt.com\/es\/wp-json\/wp\/v2\/users\/1"}],"replies":[{"embeddable":true,"href":"https:\/\/www.purhotmelt.com\/es\/wp-json\/wp\/v2\/comments?post=140"}],"version-history":[{"count":1,"href":"https:\/\/www.purhotmelt.com\/es\/wp-json\/wp\/v2\/pages\/140\/revisions"}],"predecessor-version":[{"id":142,"href":"https:\/\/www.purhotmelt.com\/es\/wp-json\/wp\/v2\/pages\/140\/revisions\/142"}],"wp:attachment":[{"href":"https:\/\/www.purhotmelt.com\/es\/wp-json\/wp\/v2\/media?parent=140"}],"curies":[{"name":"wp","href":"https:\/\/api.w.org\/{rel}","templated":true}]}}