{"id":144,"date":"2021-01-20T21:39:25","date_gmt":"2021-01-20T21:39:25","guid":{"rendered":"https:\/\/www.purhotmelt.com\/?page_id=144"},"modified":"2021-01-20T21:39:26","modified_gmt":"2021-01-20T21:39:26","slug":"product-assembly-psa-hot-melts-pressure-sensitive-adhesives-2","status":"publish","type":"page","link":"https:\/\/www.purhotmelt.com\/es\/product-assembly-psa-hot-melts-pressure-sensitive-adhesives-2\/","title":{"rendered":"MONTAJE DEL PRODUCTO PSA HOT MELTS (ADHESIVOS SENSIBLES A LA PRESI\u00d3N)"},"content":{"rendered":"<h1 class=\"wp-block-heading\"><\/h1>\n\n\n\n<figure class=\"wp-block-table\"><table><tbody><tr><td>Los adhesivos sensibles a la presi\u00f3n se utilizan a menudo para el ensamblaje de productos, para ensamblar productos que deben permanecer en su posici\u00f3n durante la producci\u00f3n y respaldar el dise\u00f1o y la estructura de los productos durante su vida \u00fatil. El uso de adhesivos termofusibles proporciona el m\u00e9todo de producci\u00f3n m\u00e1s eficiente en comparaci\u00f3n con la soldadura, el atornillado o la uni\u00f3n. Algunas caracter\u00edsticas generales del hot melt:<br>Aplicaciones EHM 9014 es un adhesivo sensible a la presi\u00f3n de fusi\u00f3n en caliente de alto rendimiento que ha sido formulado para etiquetas autoadhesivas permanentes aplicadas a m\u00e1quina.Caracter\u00edsticas especialesEHM 9014 PSA hotmelt tiene buena adherencia al material de etiquetas de papel y pl\u00e1stico y no deja manchas residuales en el material de etiquetas de papel. Est\u00e1 formulado para proporcionar un troquelado limpio a altas velocidades de l\u00ednea. EHM 9014 proporciona una adhesi\u00f3n permanente de etiquetas a una amplia gama de materiales de contenedores. Su alta adherencia permite un buen registro de la etiqueta en el contenedor. Muchos productos est\u00e1n disponibles en stock en Intercol, y nuestro tiempo de entrega es corto. Debido a nuestra eficiente planificaci\u00f3n de la producci\u00f3n y nuestras grandes instalaciones de producci\u00f3n. Debido al upskaling en mezcladores grandes, hasta 20MT, donde partimos de 100Liters.<\/td><\/tr><\/tbody><\/table><\/figure>\n\n\n\n<p>FICHA T\u00c9CNICA Adhesivo termofusible Pressen EHM 9014<strong>TDS \/ EHM 9014 M\u00e9todos de prueba Valor t\u00edpico Tachuela de bola rodante PSTC-64mm Tachuela de bucle FTM 918 N - 18gsm 180 \u00b0 T-Peel.QA413P9 N \/ 25mm - 18 gsm Resistencia al calorSAFT75 \u00b0 C - 18 gsm ColorVisualPale AmberVormia Punto ABQA1018500 \/ CS2<\/strong><\/p>\n\n\n\n<h3 class=\"wp-block-heading\"><\/h3>","protected":false},"excerpt":{"rendered":"<p>Pressure sensitive adhesives are often used for product assembly purposes,&nbsp;to assemble products which has to remain [&hellip;]<\/p>","protected":false},"author":1,"featured_media":0,"parent":0,"menu_order":0,"comment_status":"closed","ping_status":"closed","template":"","meta":{"footnotes":""},"class_list":["post-144","page","type-page","status-publish","hentry"],"yoast_head":"<!-- This site is optimized with the Yoast SEO plugin v17.0 - https:\/\/yoast.com\/wordpress\/plugins\/seo\/ -->\n<title>PRODUCT ASSEMBLY PSA HOT MELTS (PRESSURE SENSITIVE ADHESIVES) - PUR hot melt adhesives<\/title>\n<meta name=\"robots\" content=\"index, follow, max-snippet:-1, max-image-preview:large, max-video-preview:-1\" \/>\n<link rel=\"canonical\" href=\"https:\/\/www.purhotmelt.com\/es\/product-assembly-psa-hot-melts-pressure-sensitive-adhesives-2\/\" \/>\n<meta property=\"og:locale\" content=\"es_ES\" \/>\n<meta property=\"og:type\" content=\"article\" \/>\n<meta property=\"og:title\" content=\"PRODUCT ASSEMBLY PSA HOT MELTS (PRESSURE SENSITIVE ADHESIVES) - PUR hot melt adhesives\" \/>\n<meta property=\"og:description\" content=\"Pressure sensitive adhesives are often used for product assembly purposes,&nbsp;to assemble products which has to remain [&hellip;]\" \/>\n<meta property=\"og:url\" content=\"https:\/\/www.purhotmelt.com\/es\/product-assembly-psa-hot-melts-pressure-sensitive-adhesives-2\/\" \/>\n<meta property=\"og:site_name\" content=\"PUR hot melt adhesives\" \/>\n<meta property=\"article:modified_time\" content=\"2021-01-20T21:39:26+00:00\" \/>\n<meta name=\"twitter:card\" content=\"summary_large_image\" \/>\n<meta name=\"twitter:label1\" content=\"Tiempo de lectura\" \/>\n\t<meta name=\"twitter:data1\" content=\"1 minuto\" \/>\n<script type=\"application\/ld+json\" class=\"yoast-schema-graph\">{\"@context\":\"https:\/\/schema.org\",\"@graph\":[{\"@type\":\"WebSite\",\"@id\":\"https:\/\/www.purhotmelt.com\/#website\",\"url\":\"https:\/\/www.purhotmelt.com\/\",\"name\":\"PUR hot melt adhesives\",\"description\":\"Intercol: Specialist manufacturer\",\"potentialAction\":[{\"@type\":\"SearchAction\",\"target\":{\"@type\":\"EntryPoint\",\"urlTemplate\":\"https:\/\/www.purhotmelt.com\/?s={search_term_string}\"},\"query-input\":\"required name=search_term_string\"}],\"inLanguage\":\"es\"},{\"@type\":\"WebPage\",\"@id\":\"https:\/\/www.purhotmelt.com\/product-assembly-psa-hot-melts-pressure-sensitive-adhesives-2\/#webpage\",\"url\":\"https:\/\/www.purhotmelt.com\/product-assembly-psa-hot-melts-pressure-sensitive-adhesives-2\/\",\"name\":\"PRODUCT ASSEMBLY PSA HOT MELTS (PRESSURE SENSITIVE ADHESIVES) - PUR hot melt adhesives\",\"isPartOf\":{\"@id\":\"https:\/\/www.purhotmelt.com\/#website\"},\"datePublished\":\"2021-01-20T21:39:25+00:00\",\"dateModified\":\"2021-01-20T21:39:26+00:00\",\"breadcrumb\":{\"@id\":\"https:\/\/www.purhotmelt.com\/product-assembly-psa-hot-melts-pressure-sensitive-adhesives-2\/#breadcrumb\"},\"inLanguage\":\"es\",\"potentialAction\":[{\"@type\":\"ReadAction\",\"target\":[\"https:\/\/www.purhotmelt.com\/product-assembly-psa-hot-melts-pressure-sensitive-adhesives-2\/\"]}]},{\"@type\":\"BreadcrumbList\",\"@id\":\"https:\/\/www.purhotmelt.com\/product-assembly-psa-hot-melts-pressure-sensitive-adhesives-2\/#breadcrumb\",\"itemListElement\":[{\"@type\":\"ListItem\",\"position\":1,\"name\":\"Home\",\"item\":\"https:\/\/www.purhotmelt.com\/\"},{\"@type\":\"ListItem\",\"position\":2,\"name\":\"PRODUCT ASSEMBLY PSA HOT MELTS (PRESSURE SENSITIVE ADHESIVES)\"}]}]}<\/script>\n<!-- \/ Yoast SEO plugin. -->","yoast_head_json":{"title":"MONTAJE DEL PRODUCTO PSA HOT MELTS (ADHESIVOS SENSIBLES A LA PRESI\u00d3N) - Adhesivos PUR hot melt","robots":{"index":"index","follow":"follow","max-snippet":"max-snippet:-1","max-image-preview":"max-image-preview:large","max-video-preview":"max-video-preview:-1"},"canonical":"https:\/\/www.purhotmelt.com\/es\/product-assembly-psa-hot-melts-pressure-sensitive-adhesives-2\/","og_locale":"es_ES","og_type":"article","og_title":"PRODUCT ASSEMBLY PSA HOT MELTS (PRESSURE SENSITIVE ADHESIVES) - PUR hot melt adhesives","og_description":"Pressure sensitive adhesives are often used for product assembly purposes,&nbsp;to assemble products which has to remain [&hellip;]","og_url":"https:\/\/www.purhotmelt.com\/es\/product-assembly-psa-hot-melts-pressure-sensitive-adhesives-2\/","og_site_name":"PUR hot melt adhesives","article_modified_time":"2021-01-20T21:39:26+00:00","twitter_card":"summary_large_image","twitter_misc":{"Tiempo de lectura":"1 minuto"},"schema":{"@context":"https:\/\/schema.org","@graph":[{"@type":"WebSite","@id":"https:\/\/www.purhotmelt.com\/#website","url":"https:\/\/www.purhotmelt.com\/","name":"Adhesivos termofusibles PUR","description":"Intercol: fabricante especialista","potentialAction":[{"@type":"SearchAction","target":{"@type":"EntryPoint","urlTemplate":"https:\/\/www.purhotmelt.com\/?s={search_term_string}"},"query-input":"required name=search_term_string"}],"inLanguage":"es"},{"@type":"WebPage","@id":"https:\/\/www.purhotmelt.com\/product-assembly-psa-hot-melts-pressure-sensitive-adhesives-2\/#webpage","url":"https:\/\/www.purhotmelt.com\/product-assembly-psa-hot-melts-pressure-sensitive-adhesives-2\/","name":"MONTAJE DEL PRODUCTO PSA HOT MELTS (ADHESIVOS SENSIBLES A LA PRESI\u00d3N) - Adhesivos PUR hot melt","isPartOf":{"@id":"https:\/\/www.purhotmelt.com\/#website"},"datePublished":"2021-01-20T21:39:25+00:00","dateModified":"2021-01-20T21:39:26+00:00","breadcrumb":{"@id":"https:\/\/www.purhotmelt.com\/product-assembly-psa-hot-melts-pressure-sensitive-adhesives-2\/#breadcrumb"},"inLanguage":"es","potentialAction":[{"@type":"ReadAction","target":["https:\/\/www.purhotmelt.com\/product-assembly-psa-hot-melts-pressure-sensitive-adhesives-2\/"]}]},{"@type":"BreadcrumbList","@id":"https:\/\/www.purhotmelt.com\/product-assembly-psa-hot-melts-pressure-sensitive-adhesives-2\/#breadcrumb","itemListElement":[{"@type":"ListItem","position":1,"name":"Home","item":"https:\/\/www.purhotmelt.com\/"},{"@type":"ListItem","position":2,"name":"PRODUCT ASSEMBLY PSA HOT MELTS (PRESSURE SENSITIVE ADHESIVES)"}]}]}},"_links":{"self":[{"href":"https:\/\/www.purhotmelt.com\/es\/wp-json\/wp\/v2\/pages\/144","targetHints":{"allow":["GET"]}}],"collection":[{"href":"https:\/\/www.purhotmelt.com\/es\/wp-json\/wp\/v2\/pages"}],"about":[{"href":"https:\/\/www.purhotmelt.com\/es\/wp-json\/wp\/v2\/types\/page"}],"author":[{"embeddable":true,"href":"https:\/\/www.purhotmelt.com\/es\/wp-json\/wp\/v2\/users\/1"}],"replies":[{"embeddable":true,"href":"https:\/\/www.purhotmelt.com\/es\/wp-json\/wp\/v2\/comments?post=144"}],"version-history":[{"count":1,"href":"https:\/\/www.purhotmelt.com\/es\/wp-json\/wp\/v2\/pages\/144\/revisions"}],"predecessor-version":[{"id":146,"href":"https:\/\/www.purhotmelt.com\/es\/wp-json\/wp\/v2\/pages\/144\/revisions\/146"}],"wp:attachment":[{"href":"https:\/\/www.purhotmelt.com\/es\/wp-json\/wp\/v2\/media?parent=144"}],"curies":[{"name":"wp","href":"https:\/\/api.w.org\/{rel}","templated":true}]}}