{"id":148,"date":"2021-01-20T21:40:51","date_gmt":"2021-01-20T21:40:51","guid":{"rendered":"https:\/\/www.purhotmelt.com\/?page_id=148"},"modified":"2021-01-20T21:40:52","modified_gmt":"2021-01-20T21:40:52","slug":"new-flat-lamintion-pur-hot-melt-adhesives","status":"publish","type":"page","link":"https:\/\/www.purhotmelt.com\/es\/new-flat-lamintion-pur-hot-melt-adhesives\/","title":{"rendered":"NUEVOS ADHESIVOS DE FUSI\u00d3N EN CALIENTE PUR LAMINTION PLANA"},"content":{"rendered":"<h1 class=\"wp-block-heading\"><\/h1>\n\n\n\n<p>PR3000 es un adhesivo termofusible de poliuretano reactivo para laminaci\u00f3n plana que se adhiere a superficies pl\u00e1sticas como PE. Proporciona un largo tiempo abierto y alta pegajosidad inicial - Buenas propiedades de adherencia CAMPOS DE APLICACI\u00d3N Producci\u00f3n de elementos s\u00e1ndwich y montaje.<\/p>\n\n\n\n<h2 class=\"wp-block-heading\">ESPECIFICACIONES T\u00c9CNICAS<\/h2>\n\n\n\n<p>DATOS T\u00c9CNICOS Base PUR HM Viscosidad, Brookfield (ASTM D3236) aprox. 4000 mPas @ 140 \u00b0 C Tiempo abierto aprox. 15 min (m\u00e9todo de prueba en pel\u00edcula termofusible de 120 \u00b5m) Tiempo de curado aprox. 3 d\u00edas (dependiendo de las condiciones de temperatura y humedad) MODO DE EMPLEO Temperatura ambiente y de los materiales&gt; 15 \u00b0 C Temperatura de aplicaci\u00f3n 100 - 140 \u00b0 C HMK 3000 es un termofusible de curado por humedad. Por lo tanto, se entrega en envases a prueba de humedad; el almacenamiento debe realizarse en condiciones secas. Al unir sustratos libres de humedad, es decir, PVC \/ PVC, PVC \/ Al,\u2026, la humedad relativa ambiental debe ser&gt; 50%. COLORES DISPONIBLES Natural. LIMPIEZA En caso de paradas prolongadas recomendamos limpiar las partes de las unidades de aplicaci\u00f3n que est\u00e9n en contacto con el adhesivo, utilizando nuestro limpiador especial. ALMACENAMIENTO 12 meses en envases originales sellados en condiciones secas y frescas. EMBALAJE Kg. 1,8 cartuchos - kg. 180 tambores. SEGURIDAD Contiene isocianatos. Debe proporcionarse una succi\u00f3n adecuada para extraer los vapores. Para obtener m\u00e1s informaci\u00f3n sobre manipulaci\u00f3n, transporte y eliminaci\u00f3n, consulte la Ficha de datos de seguridad. Intercol BV Marconistraat 7 6716 AK Ede, NL PO BOX 259 6710 BG Ede, NL Tel: Fax: +31 (0) 318 - 636363 +31 (0) 318 - 639474 Correo electr\u00f3nico: intercol@intercol.nl Internet: www. intercol.nl<\/p>","protected":false},"excerpt":{"rendered":"<p>PR3000 is a Reactive polyurethane hot melt adhesive for flat lamination that bonds on plastic surfaces [&hellip;]<\/p>","protected":false},"author":1,"featured_media":0,"parent":0,"menu_order":0,"comment_status":"closed","ping_status":"closed","template":"","meta":{"footnotes":""},"class_list":["post-148","page","type-page","status-publish","hentry"],"yoast_head":"<!-- This site is optimized with the Yoast SEO plugin v17.0 - https:\/\/yoast.com\/wordpress\/plugins\/seo\/ -->\n<title>NEW FLAT LAMINTION PUR HOT MELT ADHESIVES - PUR hot melt adhesives<\/title>\n<meta name=\"robots\" content=\"index, follow, max-snippet:-1, max-image-preview:large, max-video-preview:-1\" \/>\n<link rel=\"canonical\" href=\"https:\/\/www.purhotmelt.com\/es\/new-flat-lamintion-pur-hot-melt-adhesives\/\" \/>\n<meta property=\"og:locale\" content=\"es_ES\" \/>\n<meta property=\"og:type\" content=\"article\" \/>\n<meta property=\"og:title\" content=\"NEW FLAT LAMINTION PUR HOT MELT ADHESIVES - PUR hot melt adhesives\" \/>\n<meta property=\"og:description\" content=\"PR3000 is a Reactive polyurethane hot melt adhesive for flat lamination that bonds on plastic surfaces [&hellip;]\" \/>\n<meta property=\"og:url\" content=\"https:\/\/www.purhotmelt.com\/es\/new-flat-lamintion-pur-hot-melt-adhesives\/\" \/>\n<meta property=\"og:site_name\" content=\"PUR hot melt adhesives\" \/>\n<meta property=\"article:modified_time\" content=\"2021-01-20T21:40:52+00:00\" \/>\n<meta name=\"twitter:card\" content=\"summary_large_image\" \/>\n<meta name=\"twitter:label1\" content=\"Tiempo de lectura\" \/>\n\t<meta name=\"twitter:data1\" content=\"1 minuto\" \/>\n<script type=\"application\/ld+json\" class=\"yoast-schema-graph\">{\"@context\":\"https:\/\/schema.org\",\"@graph\":[{\"@type\":\"WebSite\",\"@id\":\"https:\/\/www.purhotmelt.com\/#website\",\"url\":\"https:\/\/www.purhotmelt.com\/\",\"name\":\"PUR hot melt adhesives\",\"description\":\"Intercol: Specialist manufacturer\",\"potentialAction\":[{\"@type\":\"SearchAction\",\"target\":{\"@type\":\"EntryPoint\",\"urlTemplate\":\"https:\/\/www.purhotmelt.com\/?s={search_term_string}\"},\"query-input\":\"required name=search_term_string\"}],\"inLanguage\":\"es\"},{\"@type\":\"WebPage\",\"@id\":\"https:\/\/www.purhotmelt.com\/es\/new-flat-lamintion-pur-hot-melt-adhesives\/#webpage\",\"url\":\"https:\/\/www.purhotmelt.com\/es\/new-flat-lamintion-pur-hot-melt-adhesives\/\",\"name\":\"NEW FLAT LAMINTION PUR HOT MELT ADHESIVES - PUR hot melt adhesives\",\"isPartOf\":{\"@id\":\"https:\/\/www.purhotmelt.com\/#website\"},\"datePublished\":\"2021-01-20T21:40:51+00:00\",\"dateModified\":\"2021-01-20T21:40:52+00:00\",\"breadcrumb\":{\"@id\":\"https:\/\/www.purhotmelt.com\/es\/new-flat-lamintion-pur-hot-melt-adhesives\/#breadcrumb\"},\"inLanguage\":\"es\",\"potentialAction\":[{\"@type\":\"ReadAction\",\"target\":[\"https:\/\/www.purhotmelt.com\/es\/new-flat-lamintion-pur-hot-melt-adhesives\/\"]}]},{\"@type\":\"BreadcrumbList\",\"@id\":\"https:\/\/www.purhotmelt.com\/es\/new-flat-lamintion-pur-hot-melt-adhesives\/#breadcrumb\",\"itemListElement\":[{\"@type\":\"ListItem\",\"position\":1,\"name\":\"Home\",\"item\":\"https:\/\/www.purhotmelt.com\/\"},{\"@type\":\"ListItem\",\"position\":2,\"name\":\"NEW FLAT LAMINTION PUR HOT MELT ADHESIVES\"}]}]}<\/script>\n<!-- \/ Yoast SEO plugin. -->","yoast_head_json":{"title":"NUEVOS ADHESIVOS PUR HOT MELT PARA LAMINACI\u00d3N PLANA - Adhesivos PUR hot melt","robots":{"index":"index","follow":"follow","max-snippet":"max-snippet:-1","max-image-preview":"max-image-preview:large","max-video-preview":"max-video-preview:-1"},"canonical":"https:\/\/www.purhotmelt.com\/es\/new-flat-lamintion-pur-hot-melt-adhesives\/","og_locale":"es_ES","og_type":"article","og_title":"NEW FLAT LAMINTION PUR HOT MELT ADHESIVES - PUR hot melt adhesives","og_description":"PR3000 is a Reactive polyurethane hot melt adhesive for flat lamination that bonds on plastic surfaces [&hellip;]","og_url":"https:\/\/www.purhotmelt.com\/es\/new-flat-lamintion-pur-hot-melt-adhesives\/","og_site_name":"PUR hot melt adhesives","article_modified_time":"2021-01-20T21:40:52+00:00","twitter_card":"summary_large_image","twitter_misc":{"Tiempo de lectura":"1 minuto"},"schema":{"@context":"https:\/\/schema.org","@graph":[{"@type":"WebSite","@id":"https:\/\/www.purhotmelt.com\/#website","url":"https:\/\/www.purhotmelt.com\/","name":"Adhesivos termofusibles PUR","description":"Intercol: fabricante especialista","potentialAction":[{"@type":"SearchAction","target":{"@type":"EntryPoint","urlTemplate":"https:\/\/www.purhotmelt.com\/?s={search_term_string}"},"query-input":"required name=search_term_string"}],"inLanguage":"es"},{"@type":"WebPage","@id":"https:\/\/www.purhotmelt.com\/es\/new-flat-lamintion-pur-hot-melt-adhesives\/#webpage","url":"https:\/\/www.purhotmelt.com\/es\/new-flat-lamintion-pur-hot-melt-adhesives\/","name":"NUEVOS ADHESIVOS PUR HOT MELT PARA LAMINACI\u00d3N PLANA - Adhesivos PUR hot melt","isPartOf":{"@id":"https:\/\/www.purhotmelt.com\/#website"},"datePublished":"2021-01-20T21:40:51+00:00","dateModified":"2021-01-20T21:40:52+00:00","breadcrumb":{"@id":"https:\/\/www.purhotmelt.com\/es\/new-flat-lamintion-pur-hot-melt-adhesives\/#breadcrumb"},"inLanguage":"es","potentialAction":[{"@type":"ReadAction","target":["https:\/\/www.purhotmelt.com\/es\/new-flat-lamintion-pur-hot-melt-adhesives\/"]}]},{"@type":"BreadcrumbList","@id":"https:\/\/www.purhotmelt.com\/es\/new-flat-lamintion-pur-hot-melt-adhesives\/#breadcrumb","itemListElement":[{"@type":"ListItem","position":1,"name":"Home","item":"https:\/\/www.purhotmelt.com\/"},{"@type":"ListItem","position":2,"name":"NEW FLAT LAMINTION PUR HOT MELT ADHESIVES"}]}]}},"_links":{"self":[{"href":"https:\/\/www.purhotmelt.com\/es\/wp-json\/wp\/v2\/pages\/148","targetHints":{"allow":["GET"]}}],"collection":[{"href":"https:\/\/www.purhotmelt.com\/es\/wp-json\/wp\/v2\/pages"}],"about":[{"href":"https:\/\/www.purhotmelt.com\/es\/wp-json\/wp\/v2\/types\/page"}],"author":[{"embeddable":true,"href":"https:\/\/www.purhotmelt.com\/es\/wp-json\/wp\/v2\/users\/1"}],"replies":[{"embeddable":true,"href":"https:\/\/www.purhotmelt.com\/es\/wp-json\/wp\/v2\/comments?post=148"}],"version-history":[{"count":1,"href":"https:\/\/www.purhotmelt.com\/es\/wp-json\/wp\/v2\/pages\/148\/revisions"}],"predecessor-version":[{"id":150,"href":"https:\/\/www.purhotmelt.com\/es\/wp-json\/wp\/v2\/pages\/148\/revisions\/150"}],"wp:attachment":[{"href":"https:\/\/www.purhotmelt.com\/es\/wp-json\/wp\/v2\/media?parent=148"}],"curies":[{"name":"wp","href":"https:\/\/api.w.org\/{rel}","templated":true}]}}