{"id":154,"date":"2021-01-20T21:42:55","date_gmt":"2021-01-20T21:42:55","guid":{"rendered":"https:\/\/www.purhotmelt.com\/?page_id=154"},"modified":"2021-01-20T21:42:56","modified_gmt":"2021-01-20T21:42:56","slug":"hot-melt-glue-sticks","status":"publish","type":"page","link":"https:\/\/www.purhotmelt.com\/es\/hot-melt-glue-sticks\/","title":{"rendered":"VARILLAS DE PEGAMENTO CALIENTE"},"content":{"rendered":"<h1 class=\"wp-block-heading\"><\/h1>\n\n\n\n<p>Las barras de pegamento termofusible y las pistolas manuales de pegamento termofusible proporcionan una soluci\u00f3n cuando es necesario poner en marcha, reparar o aumentar r\u00e1pidamente la capacidad. Las barras de pegamento termofusible son m\u00e1s comunes con pistolas de pegamento de 11 mm y satisfacen especialmente las demandas de uni\u00f3n, reparaci\u00f3n, sellado, fijaci\u00f3n, montaje, protecci\u00f3n, resistencia a las vibraciones, embalaje y aislamiento.<\/p>\n\n\n\n<p>Intercol es un experto en barras de pegamento termofusible l\u00edder en Europa, nuestras barras de pegamento termofusible son conocidas por tener una calidad excelente, estable y confiable. La operaci\u00f3n de nuestros clientes est\u00e1 garantizada para proporcionar una log\u00edstica fluida. Ofrecemos barras de pegamento de baja, media y fuerte adherencia. Las barras de pegamento pueden ser transparentes, blancas o amarillentas.<\/p>","protected":false},"excerpt":{"rendered":"<p>Hot melt glue sticks and\u00a0manual hot melt glue guns\u00a0provide a solution where is a need for [&hellip;]<\/p>","protected":false},"author":1,"featured_media":0,"parent":0,"menu_order":0,"comment_status":"closed","ping_status":"closed","template":"","meta":{"footnotes":""},"class_list":["post-154","page","type-page","status-publish","hentry"],"yoast_head":"<!-- This site is optimized with the Yoast SEO plugin v17.0 - https:\/\/yoast.com\/wordpress\/plugins\/seo\/ -->\n<title>HOT MELT GLUE STICKS - PUR hot melt adhesives<\/title>\n<meta name=\"robots\" content=\"index, follow, max-snippet:-1, max-image-preview:large, max-video-preview:-1\" \/>\n<link rel=\"canonical\" href=\"https:\/\/www.purhotmelt.com\/es\/hot-melt-glue-sticks\/\" \/>\n<meta property=\"og:locale\" content=\"es_ES\" \/>\n<meta property=\"og:type\" content=\"article\" \/>\n<meta property=\"og:title\" content=\"HOT MELT GLUE STICKS - PUR hot melt adhesives\" \/>\n<meta property=\"og:description\" content=\"Hot melt glue sticks and\u00a0manual hot melt glue guns\u00a0provide a solution where is a need for [&hellip;]\" \/>\n<meta property=\"og:url\" content=\"https:\/\/www.purhotmelt.com\/es\/hot-melt-glue-sticks\/\" \/>\n<meta property=\"og:site_name\" content=\"PUR hot melt adhesives\" \/>\n<meta property=\"article:modified_time\" content=\"2021-01-20T21:42:56+00:00\" \/>\n<meta name=\"twitter:card\" content=\"summary_large_image\" \/>\n<meta name=\"twitter:label1\" content=\"Tiempo de lectura\" \/>\n\t<meta name=\"twitter:data1\" content=\"1 minuto\" \/>\n<script type=\"application\/ld+json\" class=\"yoast-schema-graph\">{\"@context\":\"https:\/\/schema.org\",\"@graph\":[{\"@type\":\"WebSite\",\"@id\":\"https:\/\/www.purhotmelt.com\/#website\",\"url\":\"https:\/\/www.purhotmelt.com\/\",\"name\":\"PUR hot melt adhesives\",\"description\":\"Intercol: Specialist manufacturer\",\"potentialAction\":[{\"@type\":\"SearchAction\",\"target\":{\"@type\":\"EntryPoint\",\"urlTemplate\":\"https:\/\/www.purhotmelt.com\/?s={search_term_string}\"},\"query-input\":\"required name=search_term_string\"}],\"inLanguage\":\"es\"},{\"@type\":\"WebPage\",\"@id\":\"https:\/\/www.purhotmelt.com\/es\/hot-melt-glue-sticks\/#webpage\",\"url\":\"https:\/\/www.purhotmelt.com\/es\/hot-melt-glue-sticks\/\",\"name\":\"HOT MELT GLUE STICKS - PUR hot melt adhesives\",\"isPartOf\":{\"@id\":\"https:\/\/www.purhotmelt.com\/#website\"},\"datePublished\":\"2021-01-20T21:42:55+00:00\",\"dateModified\":\"2021-01-20T21:42:56+00:00\",\"breadcrumb\":{\"@id\":\"https:\/\/www.purhotmelt.com\/es\/hot-melt-glue-sticks\/#breadcrumb\"},\"inLanguage\":\"es\",\"potentialAction\":[{\"@type\":\"ReadAction\",\"target\":[\"https:\/\/www.purhotmelt.com\/es\/hot-melt-glue-sticks\/\"]}]},{\"@type\":\"BreadcrumbList\",\"@id\":\"https:\/\/www.purhotmelt.com\/es\/hot-melt-glue-sticks\/#breadcrumb\",\"itemListElement\":[{\"@type\":\"ListItem\",\"position\":1,\"name\":\"Home\",\"item\":\"https:\/\/www.purhotmelt.com\/\"},{\"@type\":\"ListItem\",\"position\":2,\"name\":\"HOT MELT GLUE STICKS\"}]}]}<\/script>\n<!-- \/ Yoast SEO plugin. -->","yoast_head_json":{"title":"VARILLAS DE PEGAMENTO HOT MELT - Adhesivos termofusibles PUR","robots":{"index":"index","follow":"follow","max-snippet":"max-snippet:-1","max-image-preview":"max-image-preview:large","max-video-preview":"max-video-preview:-1"},"canonical":"https:\/\/www.purhotmelt.com\/es\/hot-melt-glue-sticks\/","og_locale":"es_ES","og_type":"article","og_title":"HOT MELT GLUE STICKS - PUR hot melt adhesives","og_description":"Hot melt glue sticks and\u00a0manual hot melt glue guns\u00a0provide a solution where is a need for [&hellip;]","og_url":"https:\/\/www.purhotmelt.com\/es\/hot-melt-glue-sticks\/","og_site_name":"PUR hot melt adhesives","article_modified_time":"2021-01-20T21:42:56+00:00","twitter_card":"summary_large_image","twitter_misc":{"Tiempo de lectura":"1 minuto"},"schema":{"@context":"https:\/\/schema.org","@graph":[{"@type":"WebSite","@id":"https:\/\/www.purhotmelt.com\/#website","url":"https:\/\/www.purhotmelt.com\/","name":"Adhesivos termofusibles PUR","description":"Intercol: fabricante especialista","potentialAction":[{"@type":"SearchAction","target":{"@type":"EntryPoint","urlTemplate":"https:\/\/www.purhotmelt.com\/?s={search_term_string}"},"query-input":"required name=search_term_string"}],"inLanguage":"es"},{"@type":"WebPage","@id":"https:\/\/www.purhotmelt.com\/es\/hot-melt-glue-sticks\/#webpage","url":"https:\/\/www.purhotmelt.com\/es\/hot-melt-glue-sticks\/","name":"VARILLAS DE PEGAMENTO HOT MELT - Adhesivos termofusibles PUR","isPartOf":{"@id":"https:\/\/www.purhotmelt.com\/#website"},"datePublished":"2021-01-20T21:42:55+00:00","dateModified":"2021-01-20T21:42:56+00:00","breadcrumb":{"@id":"https:\/\/www.purhotmelt.com\/es\/hot-melt-glue-sticks\/#breadcrumb"},"inLanguage":"es","potentialAction":[{"@type":"ReadAction","target":["https:\/\/www.purhotmelt.com\/es\/hot-melt-glue-sticks\/"]}]},{"@type":"BreadcrumbList","@id":"https:\/\/www.purhotmelt.com\/es\/hot-melt-glue-sticks\/#breadcrumb","itemListElement":[{"@type":"ListItem","position":1,"name":"Home","item":"https:\/\/www.purhotmelt.com\/"},{"@type":"ListItem","position":2,"name":"HOT MELT GLUE STICKS"}]}]}},"_links":{"self":[{"href":"https:\/\/www.purhotmelt.com\/es\/wp-json\/wp\/v2\/pages\/154","targetHints":{"allow":["GET"]}}],"collection":[{"href":"https:\/\/www.purhotmelt.com\/es\/wp-json\/wp\/v2\/pages"}],"about":[{"href":"https:\/\/www.purhotmelt.com\/es\/wp-json\/wp\/v2\/types\/page"}],"author":[{"embeddable":true,"href":"https:\/\/www.purhotmelt.com\/es\/wp-json\/wp\/v2\/users\/1"}],"replies":[{"embeddable":true,"href":"https:\/\/www.purhotmelt.com\/es\/wp-json\/wp\/v2\/comments?post=154"}],"version-history":[{"count":1,"href":"https:\/\/www.purhotmelt.com\/es\/wp-json\/wp\/v2\/pages\/154\/revisions"}],"predecessor-version":[{"id":156,"href":"https:\/\/www.purhotmelt.com\/es\/wp-json\/wp\/v2\/pages\/154\/revisions\/156"}],"wp:attachment":[{"href":"https:\/\/www.purhotmelt.com\/es\/wp-json\/wp\/v2\/media?parent=154"}],"curies":[{"name":"wp","href":"https:\/\/api.w.org\/{rel}","templated":true}]}}