{"id":157,"date":"2021-01-20T21:44:02","date_gmt":"2021-01-20T21:44:02","guid":{"rendered":"https:\/\/www.purhotmelt.com\/?page_id=157"},"modified":"2021-01-20T21:44:03","modified_gmt":"2021-01-20T21:44:03","slug":"how-to-eliminate-blocked-nozzles","status":"publish","type":"page","link":"https:\/\/www.purhotmelt.com\/es\/how-to-eliminate-blocked-nozzles\/","title":{"rendered":"\u00bfC\u00d3MO ELIMINAR LAS BOQUILLAS BLOQUEADAS?"},"content":{"rendered":"<h1 class=\"wp-block-heading\"><\/h1>\n\n\n\n<p>Intercol tiene una nueva poliolefina y EVA termoestable <a href=\"http:\/\/www.hot-melt.nl\">fusi\u00f3n en caliente <\/a>adhesivos, en nuestro laboratorio realizamos ensayos de degradaci\u00f3n t\u00e9rmica de adhesivos a medida. Con esta prueba podemos demostrar que la nueva y revolucionaria tecnolog\u00eda de termofusible puede eliminar y eliminar\u00e1 el tiempo de inactividad. Una boquilla bloqueada a menudo ocurre cuando el adhesivo termofusible se degrada en el tanque de pegamento con el tiempo, tambi\u00e9n puede ocurrir en mangueras y cabezales aplicadores de pegamento. Cuando las temperaturas son altas y algunos adhesivos termofusibles son inestables, esto ya podr\u00eda suceder durante la pausa para el almuerzo, pero con m\u00e1s frecuencia ocurre en un fin de semana o debido a un tiempo de inactividad en otra \u00e1rea de la l\u00ednea.<\/p>\n\n\n\n<h2 class=\"wp-block-heading\">REDUCIR EL TIEMPO DE APAGADO<\/h2>\n\n\n\n<p>Los gerentes de ingenier\u00eda a menudo minimizan el impacto del carb\u00f3n de fusi\u00f3n en caliente apagando los tanques de fusi\u00f3n en caliente y utilizando los modos de espera. En la pr\u00e1ctica, se olvida m\u00e1s y el adhesivo comienza a degradarse. \u00a1Al comenzar de nuevo, es un caos! Boquillas de termofusible bloqueadas, filtros obstruidos. Los adhesivos de fusi\u00f3n en caliente de poliolefina blanca de Intercol se han desarrollado espec\u00edficamente para tener un cambio de 0% cuando se calientan continuamente durante 72 horas a 160 grados cent\u00edgrados. Puede decir que est\u00e1 permitido &#039;abusar&#039; del adhesivo termofusible; perdona que uno se olvide de apagar la unidad termofusible, estableciendo temperaturas altas.<\/p>","protected":false},"excerpt":{"rendered":"<p>Intercol has new\u00a0polyolefin\u00a0and thermal stable EVA hot melt adhesives, at our laboratory we carry out bespoke [&hellip;]<\/p>","protected":false},"author":1,"featured_media":0,"parent":0,"menu_order":0,"comment_status":"closed","ping_status":"closed","template":"","meta":{"footnotes":""},"class_list":["post-157","page","type-page","status-publish","hentry"],"yoast_head":"<!-- This site is optimized with the Yoast SEO plugin v17.0 - https:\/\/yoast.com\/wordpress\/plugins\/seo\/ -->\n<title>HOW TO ELIMINATE BLOCKED NOZZLES? - PUR hot melt adhesives<\/title>\n<meta name=\"robots\" content=\"index, follow, max-snippet:-1, max-image-preview:large, max-video-preview:-1\" \/>\n<link rel=\"canonical\" href=\"https:\/\/www.purhotmelt.com\/es\/how-to-eliminate-blocked-nozzles\/\" \/>\n<meta property=\"og:locale\" content=\"es_ES\" \/>\n<meta property=\"og:type\" content=\"article\" \/>\n<meta property=\"og:title\" content=\"HOW TO ELIMINATE BLOCKED NOZZLES? - PUR hot melt adhesives\" \/>\n<meta property=\"og:description\" content=\"Intercol has new\u00a0polyolefin\u00a0and thermal stable EVA hot melt adhesives, at our laboratory we carry out bespoke [&hellip;]\" \/>\n<meta property=\"og:url\" content=\"https:\/\/www.purhotmelt.com\/es\/how-to-eliminate-blocked-nozzles\/\" \/>\n<meta property=\"og:site_name\" content=\"PUR hot melt adhesives\" \/>\n<meta property=\"article:modified_time\" content=\"2021-01-20T21:44:03+00:00\" \/>\n<meta name=\"twitter:card\" content=\"summary_large_image\" \/>\n<meta name=\"twitter:label1\" content=\"Tiempo de lectura\" \/>\n\t<meta name=\"twitter:data1\" content=\"1 minuto\" \/>\n<script type=\"application\/ld+json\" class=\"yoast-schema-graph\">{\"@context\":\"https:\/\/schema.org\",\"@graph\":[{\"@type\":\"WebSite\",\"@id\":\"https:\/\/www.purhotmelt.com\/#website\",\"url\":\"https:\/\/www.purhotmelt.com\/\",\"name\":\"PUR hot melt adhesives\",\"description\":\"Intercol: Specialist manufacturer\",\"potentialAction\":[{\"@type\":\"SearchAction\",\"target\":{\"@type\":\"EntryPoint\",\"urlTemplate\":\"https:\/\/www.purhotmelt.com\/?s={search_term_string}\"},\"query-input\":\"required name=search_term_string\"}],\"inLanguage\":\"es\"},{\"@type\":\"WebPage\",\"@id\":\"https:\/\/www.purhotmelt.com\/nb\/how-to-eliminate-blocked-nozzles\/#webpage\",\"url\":\"https:\/\/www.purhotmelt.com\/nb\/how-to-eliminate-blocked-nozzles\/\",\"name\":\"HOW TO ELIMINATE BLOCKED NOZZLES? - PUR hot melt adhesives\",\"isPartOf\":{\"@id\":\"https:\/\/www.purhotmelt.com\/#website\"},\"datePublished\":\"2021-01-20T21:44:02+00:00\",\"dateModified\":\"2021-01-20T21:44:03+00:00\",\"breadcrumb\":{\"@id\":\"https:\/\/www.purhotmelt.com\/nb\/how-to-eliminate-blocked-nozzles\/#breadcrumb\"},\"inLanguage\":\"es\",\"potentialAction\":[{\"@type\":\"ReadAction\",\"target\":[\"https:\/\/www.purhotmelt.com\/nb\/how-to-eliminate-blocked-nozzles\/\"]}]},{\"@type\":\"BreadcrumbList\",\"@id\":\"https:\/\/www.purhotmelt.com\/nb\/how-to-eliminate-blocked-nozzles\/#breadcrumb\",\"itemListElement\":[{\"@type\":\"ListItem\",\"position\":1,\"name\":\"Home\",\"item\":\"https:\/\/www.purhotmelt.com\/\"},{\"@type\":\"ListItem\",\"position\":2,\"name\":\"HOW TO ELIMINATE BLOCKED NOZZLES?\"}]}]}<\/script>\n<!-- \/ Yoast SEO plugin. -->","yoast_head_json":{"title":"\u00bfC\u00d3MO ELIMINAR LAS BOQUILLAS BLOQUEADAS? - Adhesivos termofusibles PUR","robots":{"index":"index","follow":"follow","max-snippet":"max-snippet:-1","max-image-preview":"max-image-preview:large","max-video-preview":"max-video-preview:-1"},"canonical":"https:\/\/www.purhotmelt.com\/es\/how-to-eliminate-blocked-nozzles\/","og_locale":"es_ES","og_type":"article","og_title":"HOW TO ELIMINATE BLOCKED NOZZLES? - PUR hot melt adhesives","og_description":"Intercol has new\u00a0polyolefin\u00a0and thermal stable EVA hot melt adhesives, at our laboratory we carry out bespoke [&hellip;]","og_url":"https:\/\/www.purhotmelt.com\/es\/how-to-eliminate-blocked-nozzles\/","og_site_name":"PUR hot melt adhesives","article_modified_time":"2021-01-20T21:44:03+00:00","twitter_card":"summary_large_image","twitter_misc":{"Tiempo de lectura":"1 minuto"},"schema":{"@context":"https:\/\/schema.org","@graph":[{"@type":"WebSite","@id":"https:\/\/www.purhotmelt.com\/#website","url":"https:\/\/www.purhotmelt.com\/","name":"Adhesivos termofusibles PUR","description":"Intercol: fabricante especialista","potentialAction":[{"@type":"SearchAction","target":{"@type":"EntryPoint","urlTemplate":"https:\/\/www.purhotmelt.com\/?s={search_term_string}"},"query-input":"required name=search_term_string"}],"inLanguage":"es"},{"@type":"WebPage","@id":"https:\/\/www.purhotmelt.com\/nb\/how-to-eliminate-blocked-nozzles\/#webpage","url":"https:\/\/www.purhotmelt.com\/nb\/how-to-eliminate-blocked-nozzles\/","name":"\u00bfC\u00d3MO ELIMINAR LAS BOQUILLAS BLOQUEADAS? - Adhesivos termofusibles PUR","isPartOf":{"@id":"https:\/\/www.purhotmelt.com\/#website"},"datePublished":"2021-01-20T21:44:02+00:00","dateModified":"2021-01-20T21:44:03+00:00","breadcrumb":{"@id":"https:\/\/www.purhotmelt.com\/nb\/how-to-eliminate-blocked-nozzles\/#breadcrumb"},"inLanguage":"es","potentialAction":[{"@type":"ReadAction","target":["https:\/\/www.purhotmelt.com\/nb\/how-to-eliminate-blocked-nozzles\/"]}]},{"@type":"BreadcrumbList","@id":"https:\/\/www.purhotmelt.com\/nb\/how-to-eliminate-blocked-nozzles\/#breadcrumb","itemListElement":[{"@type":"ListItem","position":1,"name":"Home","item":"https:\/\/www.purhotmelt.com\/"},{"@type":"ListItem","position":2,"name":"HOW TO ELIMINATE BLOCKED NOZZLES?"}]}]}},"_links":{"self":[{"href":"https:\/\/www.purhotmelt.com\/es\/wp-json\/wp\/v2\/pages\/157","targetHints":{"allow":["GET"]}}],"collection":[{"href":"https:\/\/www.purhotmelt.com\/es\/wp-json\/wp\/v2\/pages"}],"about":[{"href":"https:\/\/www.purhotmelt.com\/es\/wp-json\/wp\/v2\/types\/page"}],"author":[{"embeddable":true,"href":"https:\/\/www.purhotmelt.com\/es\/wp-json\/wp\/v2\/users\/1"}],"replies":[{"embeddable":true,"href":"https:\/\/www.purhotmelt.com\/es\/wp-json\/wp\/v2\/comments?post=157"}],"version-history":[{"count":1,"href":"https:\/\/www.purhotmelt.com\/es\/wp-json\/wp\/v2\/pages\/157\/revisions"}],"predecessor-version":[{"id":159,"href":"https:\/\/www.purhotmelt.com\/es\/wp-json\/wp\/v2\/pages\/157\/revisions\/159"}],"wp:attachment":[{"href":"https:\/\/www.purhotmelt.com\/es\/wp-json\/wp\/v2\/media?parent=157"}],"curies":[{"name":"wp","href":"https:\/\/api.w.org\/{rel}","templated":true}]}}