{"id":160,"date":"2021-01-20T21:45:10","date_gmt":"2021-01-20T21:45:10","guid":{"rendered":"https:\/\/www.purhotmelt.com\/?page_id=160"},"modified":"2021-01-20T21:45:11","modified_gmt":"2021-01-20T21:45:11","slug":"textile-hot-melt-aplications","status":"publish","type":"page","link":"https:\/\/www.purhotmelt.com\/es\/textile-hot-melt-aplications\/","title":{"rendered":"APLICACIONES TEXTILES HOT MELT"},"content":{"rendered":"<h1 class=\"wp-block-heading\"><\/h1>\n\n\n\n<p>Los textiles se pueden combinar con una variada selecci\u00f3n de materiales. Fibras de refuerzo especiales o termofusible que se aplica como revestimiento para evitar que se deshilache. La ventaja sobre la costura puede ser la reducci\u00f3n de costos, la uni\u00f3n de toda la superficie, ofrecer uni\u00f3n entre sustratos diferentes, laminaci\u00f3n con l\u00e1minas y papel. Con adhesivos y recubrimientos termofusibles se pueden fabricar nuevos productos mejorados. Los adhesivos termofusibles se utilizan con frecuencia en la industria textil debido a su facilidad de uso y su capacidad para satisfacer las necesidades \u00fanicas de la industria y los nuevos desarrollos.<\/p>\n\n\n\n<h2 class=\"wp-block-heading\"><strong>\u00bfQU\u00c9 ES UN HOT MELT?<\/strong><\/h2>\n\n\n\n<p>Los termofusibles son termopl\u00e1sticos b\u00e1sicos, se venden en forma s\u00f3lida, se funden en equipos de dispensaci\u00f3n en caliente especializados como Nordson o Robatech y se aplican en caliente a una de las superficies pegadas. Normalmente, la segunda superficie se aplica r\u00e1pidamente despu\u00e9s de la aplicaci\u00f3n del termofusible, y un tiempo de compresi\u00f3n corto de menos de un segundo suele ser suficiente para manipular el producto m\u00e1s en el proceso. Los termofusibles son conocidos por su alta pegajosidad inicial (resistencia en verde) que t\u00edpicamente permite un procesamiento r\u00e1pido en \u00e1reas de producci\u00f3n automatizadas. Cuando se enfr\u00edan, los adhesivos termofusibles son m\u00e1s comparables con una resina termopl\u00e1stica.<\/p>\n\n\n\n<h2 class=\"wp-block-heading\">HORARIO DE ABRIR Y FIJAR<\/h2>\n\n\n\n<p>Las formulaciones termofusibles se pueden ajustar para adaptarse a m\u00e9todos de ensamblaje espec\u00edficos. Especialmente el tiempo abierto y el tiempo de fraguado son par\u00e1metros importantes. Los termofusibles termopl\u00e1sticos tradicionales no curan. Los adhesivos termopl\u00e1sticos termofusibles se basan principalmente en EVA (acetato de etilvinilo) o PO (poliolefina). Estos termofusibles se pueden formular con una variedad de propiedades utilizando ceras, resinas, antioxidantes, retardadores de fuego, mejoradores de adhesi\u00f3n y muchos otros aditivos qu\u00edmicos o pl\u00e1sticos adicionales. Los hot melts son generalmente flexibles y, dependiendo de la formulaci\u00f3n, ofrecen cierta resistencia al agua y a los productos qu\u00edmicos.<\/p>\n\n\n\n<h2 class=\"wp-block-heading\">ADHESIVOS REACTIVOS HOT MELT<\/h2>\n\n\n\n<p>La mayor\u00eda de los termofusibles se conocen como termopl\u00e1sticos EVA o PO, estos no son reactivos. Los HMA no reactivos no se curan y solo se ponen en estado s\u00f3lido despu\u00e9s de enfriarse. Los termofusibles reactivos, en su mayor\u00eda a base de poliuretano, se solidificar\u00e1n r\u00e1pidamente mediante el enfriamiento y, adem\u00e1s, un proceso de curado qu\u00edmico comienza a formar enlaces reticulados. Los adhesivos de fusi\u00f3n en caliente de poliuretano reactivo son los m\u00e1s utilizados porque aumentan la adherencia, la resistencia a los productos qu\u00edmicos y ofrecen una uni\u00f3n m\u00e1s estructural.<\/p>\n\n\n\n<h2 class=\"wp-block-heading\">LOS ADHESIVOS HOT MELT SIGUEN DESARROLLANDO<\/h2>\n\n\n\n<p>Las formulaciones termofusibles a\u00fan se desarrollan r\u00e1pidamente, algunos pueden pensar que no hay futuro para los termofusibles a base de etil vinil acetato (EVA) porque pueden estar asociados con baja resistencia y baja resistencia al agua y a los productos qu\u00edmicos. Pero las nuevas formulaciones pueden proporcionar una uni\u00f3n mejorada, fuerte y resistente. Incluso los adhesivos termofusibles tradicionales de EVA todav\u00eda se utilizan ampliamente, por ejemplo, en aplicaciones de calzado, proporcionando flexibilidad y bajo costo. En la industria textil, los termofusibles de poliuretano reactivo se implementan con mayor frecuencia ya que se trata de una t\u00e9cnica relativamente nueva. Los adhesivos termofusibles PUR permiten aplicaciones que deben soportar ciclos de vida m\u00e1s duros. El PUR termofusible tambi\u00e9n se puede utilizar en tejidos transpirables. A menudo se usa en ropa protectora para trabajadores de emergencia y entornos hostiles. Para aplicaciones textiles impermeables y retardantes de llama, hot melt pur puede ofrecer soluciones \u00fanicas.<\/p>","protected":false},"excerpt":{"rendered":"<p>Textiles can be combined with a varied selection of materials together. Special reinforcing fibres or hot [&hellip;]<\/p>","protected":false},"author":1,"featured_media":0,"parent":0,"menu_order":0,"comment_status":"closed","ping_status":"closed","template":"","meta":{"footnotes":""},"class_list":["post-160","page","type-page","status-publish","hentry"],"yoast_head":"<!-- This site is optimized with the Yoast SEO plugin v17.0 - https:\/\/yoast.com\/wordpress\/plugins\/seo\/ -->\n<title>TEXTILE HOT MELT APLICATIONS - PUR hot melt adhesives<\/title>\n<meta name=\"robots\" content=\"index, follow, max-snippet:-1, max-image-preview:large, max-video-preview:-1\" \/>\n<link rel=\"canonical\" href=\"https:\/\/www.purhotmelt.com\/es\/textile-hot-melt-aplications\/\" \/>\n<meta property=\"og:locale\" content=\"es_ES\" \/>\n<meta property=\"og:type\" content=\"article\" \/>\n<meta property=\"og:title\" content=\"TEXTILE HOT MELT APLICATIONS - PUR hot melt adhesives\" \/>\n<meta property=\"og:description\" content=\"Textiles can be combined with a varied selection of materials together. Special reinforcing fibres or hot [&hellip;]\" \/>\n<meta property=\"og:url\" content=\"https:\/\/www.purhotmelt.com\/es\/textile-hot-melt-aplications\/\" \/>\n<meta property=\"og:site_name\" content=\"PUR hot melt adhesives\" \/>\n<meta property=\"article:modified_time\" content=\"2021-01-20T21:45:11+00:00\" \/>\n<meta name=\"twitter:card\" content=\"summary_large_image\" \/>\n<meta name=\"twitter:label1\" content=\"Tiempo de lectura\" \/>\n\t<meta name=\"twitter:data1\" content=\"2 minutos\" \/>\n<script type=\"application\/ld+json\" class=\"yoast-schema-graph\">{\"@context\":\"https:\/\/schema.org\",\"@graph\":[{\"@type\":\"WebSite\",\"@id\":\"https:\/\/www.purhotmelt.com\/#website\",\"url\":\"https:\/\/www.purhotmelt.com\/\",\"name\":\"PUR hot melt adhesives\",\"description\":\"Intercol: Specialist manufacturer\",\"potentialAction\":[{\"@type\":\"SearchAction\",\"target\":{\"@type\":\"EntryPoint\",\"urlTemplate\":\"https:\/\/www.purhotmelt.com\/?s={search_term_string}\"},\"query-input\":\"required name=search_term_string\"}],\"inLanguage\":\"es\"},{\"@type\":\"WebPage\",\"@id\":\"https:\/\/www.purhotmelt.com\/es\/textile-hot-melt-aplications\/#webpage\",\"url\":\"https:\/\/www.purhotmelt.com\/es\/textile-hot-melt-aplications\/\",\"name\":\"TEXTILE HOT MELT APLICATIONS - PUR hot melt adhesives\",\"isPartOf\":{\"@id\":\"https:\/\/www.purhotmelt.com\/#website\"},\"datePublished\":\"2021-01-20T21:45:10+00:00\",\"dateModified\":\"2021-01-20T21:45:11+00:00\",\"breadcrumb\":{\"@id\":\"https:\/\/www.purhotmelt.com\/es\/textile-hot-melt-aplications\/#breadcrumb\"},\"inLanguage\":\"es\",\"potentialAction\":[{\"@type\":\"ReadAction\",\"target\":[\"https:\/\/www.purhotmelt.com\/es\/textile-hot-melt-aplications\/\"]}]},{\"@type\":\"BreadcrumbList\",\"@id\":\"https:\/\/www.purhotmelt.com\/es\/textile-hot-melt-aplications\/#breadcrumb\",\"itemListElement\":[{\"@type\":\"ListItem\",\"position\":1,\"name\":\"Home\",\"item\":\"https:\/\/www.purhotmelt.com\/\"},{\"@type\":\"ListItem\",\"position\":2,\"name\":\"TEXTILE HOT MELT APLICATIONS\"}]}]}<\/script>\n<!-- \/ Yoast SEO plugin. -->","yoast_head_json":{"title":"APLICACIONES TEXTILES HOT MELT - Adhesivos termofusibles PUR","robots":{"index":"index","follow":"follow","max-snippet":"max-snippet:-1","max-image-preview":"max-image-preview:large","max-video-preview":"max-video-preview:-1"},"canonical":"https:\/\/www.purhotmelt.com\/es\/textile-hot-melt-aplications\/","og_locale":"es_ES","og_type":"article","og_title":"TEXTILE HOT MELT APLICATIONS - PUR hot melt adhesives","og_description":"Textiles can be combined with a varied selection of materials together. Special reinforcing fibres or hot [&hellip;]","og_url":"https:\/\/www.purhotmelt.com\/es\/textile-hot-melt-aplications\/","og_site_name":"PUR hot melt adhesives","article_modified_time":"2021-01-20T21:45:11+00:00","twitter_card":"summary_large_image","twitter_misc":{"Tiempo de lectura":"2 minutos"},"schema":{"@context":"https:\/\/schema.org","@graph":[{"@type":"WebSite","@id":"https:\/\/www.purhotmelt.com\/#website","url":"https:\/\/www.purhotmelt.com\/","name":"Adhesivos termofusibles PUR","description":"Intercol: fabricante especialista","potentialAction":[{"@type":"SearchAction","target":{"@type":"EntryPoint","urlTemplate":"https:\/\/www.purhotmelt.com\/?s={search_term_string}"},"query-input":"required name=search_term_string"}],"inLanguage":"es"},{"@type":"WebPage","@id":"https:\/\/www.purhotmelt.com\/es\/textile-hot-melt-aplications\/#webpage","url":"https:\/\/www.purhotmelt.com\/es\/textile-hot-melt-aplications\/","name":"APLICACIONES TEXTILES HOT MELT - Adhesivos termofusibles PUR","isPartOf":{"@id":"https:\/\/www.purhotmelt.com\/#website"},"datePublished":"2021-01-20T21:45:10+00:00","dateModified":"2021-01-20T21:45:11+00:00","breadcrumb":{"@id":"https:\/\/www.purhotmelt.com\/es\/textile-hot-melt-aplications\/#breadcrumb"},"inLanguage":"es","potentialAction":[{"@type":"ReadAction","target":["https:\/\/www.purhotmelt.com\/es\/textile-hot-melt-aplications\/"]}]},{"@type":"BreadcrumbList","@id":"https:\/\/www.purhotmelt.com\/es\/textile-hot-melt-aplications\/#breadcrumb","itemListElement":[{"@type":"ListItem","position":1,"name":"Home","item":"https:\/\/www.purhotmelt.com\/"},{"@type":"ListItem","position":2,"name":"TEXTILE HOT MELT APLICATIONS"}]}]}},"_links":{"self":[{"href":"https:\/\/www.purhotmelt.com\/es\/wp-json\/wp\/v2\/pages\/160","targetHints":{"allow":["GET"]}}],"collection":[{"href":"https:\/\/www.purhotmelt.com\/es\/wp-json\/wp\/v2\/pages"}],"about":[{"href":"https:\/\/www.purhotmelt.com\/es\/wp-json\/wp\/v2\/types\/page"}],"author":[{"embeddable":true,"href":"https:\/\/www.purhotmelt.com\/es\/wp-json\/wp\/v2\/users\/1"}],"replies":[{"embeddable":true,"href":"https:\/\/www.purhotmelt.com\/es\/wp-json\/wp\/v2\/comments?post=160"}],"version-history":[{"count":1,"href":"https:\/\/www.purhotmelt.com\/es\/wp-json\/wp\/v2\/pages\/160\/revisions"}],"predecessor-version":[{"id":162,"href":"https:\/\/www.purhotmelt.com\/es\/wp-json\/wp\/v2\/pages\/160\/revisions\/162"}],"wp:attachment":[{"href":"https:\/\/www.purhotmelt.com\/es\/wp-json\/wp\/v2\/media?parent=160"}],"curies":[{"name":"wp","href":"https:\/\/api.w.org\/{rel}","templated":true}]}}