{"id":218,"date":"2021-01-20T22:09:01","date_gmt":"2021-01-20T22:09:01","guid":{"rendered":"https:\/\/www.purhotmelt.com\/?page_id=218"},"modified":"2021-01-20T22:09:02","modified_gmt":"2021-01-20T22:09:02","slug":"adhesives-in-printing-and-cardboard-industries","status":"publish","type":"page","link":"https:\/\/www.purhotmelt.com\/es\/adhesives-in-printing-and-cardboard-industries\/","title":{"rendered":"ADHESIVOS EN LAS INDUSTRIAS DE IMPRESI\u00d3N Y CART\u00d3N"},"content":{"rendered":"<p>Intercol tiene una gama de adhesivos que utilizan las empresas de impresi\u00f3n offset y embalaje de cart\u00f3n.<\/p>\n\n\n\n<p>Con los mercados en expansi\u00f3n para los envases de regalo y de primera calidad, se necesitan nuevas soluciones adhesivas para unir envases laminados, lacados, brillantes y revestidos. Adem\u00e1s, las impresoras offset, troqueladoras, plegadoras-encoladoras y equipos de acabado pueden requerir productos qu\u00edmicos especiales a base de agua, como adhesivos de banda y adhesivos de plegado. Nuestra serie especial de adhesivos 600 incluso proporciona fuertes adhesiones a recubrimientos acr\u00edlicos o UV, barnices espec\u00edficos, dorado en caliente y fr\u00edo, sustratos en relieve y laminados.<\/p>\n\n\n\n<p>La gama de adhesivos de Intercol se est\u00e1 expandiendo para embalajes especiales en los mercados de art\u00edculos de lujo, vinos y licores, bienes de consumo y bag-in-box.<\/p>\n\n\n\n<p>Intercol tiene un laboratorio disponible para realizar pruebas de pegamento espec\u00edficas para el cliente, una producci\u00f3n moderna, almacenamiento y soporte t\u00e9cnico local en todo el mundo.<\/p>\n\n\n\n<p>Adem\u00e1s, Intercol tiene una gama completa de adhesivos para encolado de carpetas, laminado de cart\u00f3n y casi cualquier otra aplicaci\u00f3n con adhesivos en la industria de la impresi\u00f3n y el embalaje. Adem\u00e1s, se ha comprobado que la mayor\u00eda de nuestros adhesivos se utilizan de forma segura para el envasado de alimentos. Intercol es un l\u00edder tecnol\u00f3gico en envasado de alimentos, encolado de plegadoras y detecci\u00f3n \u00f3ptica de pegamento seguro para alimentos.<\/p>\n\n\n\n<p>Cada vez m\u00e1s empresas buscan alternativas de envasado m\u00e1s sostenibles, adem\u00e1s de que nuestra gama actual de adhesivos es una de las m\u00e1s ambientalmente posibles t\u00e9cnicamente, tambi\u00e9n ofrecemos adhesivos completamente biobasados y biodegradables. Las soluciones est\u00e1ndar actuales se basan principalmente en almid\u00f3n, trigo o prote\u00ednas, pero tambi\u00e9n est\u00e1n disponibles PLA y otros buenos aditivos de pegamento para hacer el mejor adhesivo biodegradable. Podemos discutir la mejor soluci\u00f3n para su producci\u00f3n y brindarle consejos sobre adaptaciones de m\u00e1quinas para que funcionen con estos adhesivos biodegradables y de base biol\u00f3gica.<\/p>","protected":false},"excerpt":{"rendered":"<p>Intercol has a range of adhesives that are use by offset printing and cardboard packaging firms. [&hellip;]<\/p>","protected":false},"author":1,"featured_media":0,"parent":0,"menu_order":0,"comment_status":"closed","ping_status":"closed","template":"","meta":{"footnotes":""},"class_list":["post-218","page","type-page","status-publish","hentry"],"yoast_head":"<!-- This site is optimized with the Yoast SEO plugin v17.0 - https:\/\/yoast.com\/wordpress\/plugins\/seo\/ -->\n<title>ADHESIVES IN PRINTING AND CARDBOARD INDUSTRIES - PUR hot melt adhesives<\/title>\n<meta name=\"robots\" content=\"index, follow, max-snippet:-1, max-image-preview:large, max-video-preview:-1\" \/>\n<link rel=\"canonical\" href=\"https:\/\/www.purhotmelt.com\/es\/adhesives-in-printing-and-cardboard-industries\/\" \/>\n<meta property=\"og:locale\" content=\"es_ES\" \/>\n<meta property=\"og:type\" content=\"article\" \/>\n<meta property=\"og:title\" content=\"ADHESIVES IN PRINTING AND CARDBOARD INDUSTRIES - PUR hot melt adhesives\" \/>\n<meta property=\"og:description\" content=\"Intercol has a range of adhesives that are use by offset printing and cardboard packaging firms. [&hellip;]\" \/>\n<meta property=\"og:url\" content=\"https:\/\/www.purhotmelt.com\/es\/adhesives-in-printing-and-cardboard-industries\/\" \/>\n<meta property=\"og:site_name\" content=\"PUR hot melt adhesives\" \/>\n<meta property=\"article:modified_time\" content=\"2021-01-20T22:09:02+00:00\" \/>\n<meta name=\"twitter:card\" content=\"summary_large_image\" \/>\n<meta name=\"twitter:label1\" content=\"Tiempo de lectura\" \/>\n\t<meta name=\"twitter:data1\" content=\"1 minuto\" \/>\n<script type=\"application\/ld+json\" class=\"yoast-schema-graph\">{\"@context\":\"https:\/\/schema.org\",\"@graph\":[{\"@type\":\"WebSite\",\"@id\":\"https:\/\/www.purhotmelt.com\/#website\",\"url\":\"https:\/\/www.purhotmelt.com\/\",\"name\":\"PUR hot melt adhesives\",\"description\":\"Intercol: Specialist manufacturer\",\"potentialAction\":[{\"@type\":\"SearchAction\",\"target\":{\"@type\":\"EntryPoint\",\"urlTemplate\":\"https:\/\/www.purhotmelt.com\/?s={search_term_string}\"},\"query-input\":\"required name=search_term_string\"}],\"inLanguage\":\"es\"},{\"@type\":\"WebPage\",\"@id\":\"https:\/\/www.purhotmelt.com\/adhesives-in-printing-and-cardboard-industries\/#webpage\",\"url\":\"https:\/\/www.purhotmelt.com\/adhesives-in-printing-and-cardboard-industries\/\",\"name\":\"ADHESIVES IN PRINTING AND CARDBOARD INDUSTRIES - PUR hot melt adhesives\",\"isPartOf\":{\"@id\":\"https:\/\/www.purhotmelt.com\/#website\"},\"datePublished\":\"2021-01-20T22:09:01+00:00\",\"dateModified\":\"2021-01-20T22:09:02+00:00\",\"breadcrumb\":{\"@id\":\"https:\/\/www.purhotmelt.com\/adhesives-in-printing-and-cardboard-industries\/#breadcrumb\"},\"inLanguage\":\"es\",\"potentialAction\":[{\"@type\":\"ReadAction\",\"target\":[\"https:\/\/www.purhotmelt.com\/adhesives-in-printing-and-cardboard-industries\/\"]}]},{\"@type\":\"BreadcrumbList\",\"@id\":\"https:\/\/www.purhotmelt.com\/adhesives-in-printing-and-cardboard-industries\/#breadcrumb\",\"itemListElement\":[{\"@type\":\"ListItem\",\"position\":1,\"name\":\"Home\",\"item\":\"https:\/\/www.purhotmelt.com\/\"},{\"@type\":\"ListItem\",\"position\":2,\"name\":\"ADHESIVES IN PRINTING AND CARDBOARD INDUSTRIES\"}]}]}<\/script>\n<!-- \/ Yoast SEO plugin. -->","yoast_head_json":{"title":"ADHESIVOS EN LAS INDUSTRIAS DE IMPRESI\u00d3N Y CART\u00d3N - Adhesivos termofusibles PUR","robots":{"index":"index","follow":"follow","max-snippet":"max-snippet:-1","max-image-preview":"max-image-preview:large","max-video-preview":"max-video-preview:-1"},"canonical":"https:\/\/www.purhotmelt.com\/es\/adhesives-in-printing-and-cardboard-industries\/","og_locale":"es_ES","og_type":"article","og_title":"ADHESIVES IN PRINTING AND CARDBOARD INDUSTRIES - PUR hot melt adhesives","og_description":"Intercol has a range of adhesives that are use by offset printing and cardboard packaging firms. [&hellip;]","og_url":"https:\/\/www.purhotmelt.com\/es\/adhesives-in-printing-and-cardboard-industries\/","og_site_name":"PUR hot melt adhesives","article_modified_time":"2021-01-20T22:09:02+00:00","twitter_card":"summary_large_image","twitter_misc":{"Tiempo de lectura":"1 minuto"},"schema":{"@context":"https:\/\/schema.org","@graph":[{"@type":"WebSite","@id":"https:\/\/www.purhotmelt.com\/#website","url":"https:\/\/www.purhotmelt.com\/","name":"Adhesivos termofusibles PUR","description":"Intercol: fabricante especialista","potentialAction":[{"@type":"SearchAction","target":{"@type":"EntryPoint","urlTemplate":"https:\/\/www.purhotmelt.com\/?s={search_term_string}"},"query-input":"required name=search_term_string"}],"inLanguage":"es"},{"@type":"WebPage","@id":"https:\/\/www.purhotmelt.com\/adhesives-in-printing-and-cardboard-industries\/#webpage","url":"https:\/\/www.purhotmelt.com\/adhesives-in-printing-and-cardboard-industries\/","name":"ADHESIVOS EN LAS INDUSTRIAS DE IMPRESI\u00d3N Y CART\u00d3N - Adhesivos termofusibles PUR","isPartOf":{"@id":"https:\/\/www.purhotmelt.com\/#website"},"datePublished":"2021-01-20T22:09:01+00:00","dateModified":"2021-01-20T22:09:02+00:00","breadcrumb":{"@id":"https:\/\/www.purhotmelt.com\/adhesives-in-printing-and-cardboard-industries\/#breadcrumb"},"inLanguage":"es","potentialAction":[{"@type":"ReadAction","target":["https:\/\/www.purhotmelt.com\/adhesives-in-printing-and-cardboard-industries\/"]}]},{"@type":"BreadcrumbList","@id":"https:\/\/www.purhotmelt.com\/adhesives-in-printing-and-cardboard-industries\/#breadcrumb","itemListElement":[{"@type":"ListItem","position":1,"name":"Home","item":"https:\/\/www.purhotmelt.com\/"},{"@type":"ListItem","position":2,"name":"ADHESIVES IN PRINTING AND CARDBOARD INDUSTRIES"}]}]}},"_links":{"self":[{"href":"https:\/\/www.purhotmelt.com\/es\/wp-json\/wp\/v2\/pages\/218","targetHints":{"allow":["GET"]}}],"collection":[{"href":"https:\/\/www.purhotmelt.com\/es\/wp-json\/wp\/v2\/pages"}],"about":[{"href":"https:\/\/www.purhotmelt.com\/es\/wp-json\/wp\/v2\/types\/page"}],"author":[{"embeddable":true,"href":"https:\/\/www.purhotmelt.com\/es\/wp-json\/wp\/v2\/users\/1"}],"replies":[{"embeddable":true,"href":"https:\/\/www.purhotmelt.com\/es\/wp-json\/wp\/v2\/comments?post=218"}],"version-history":[{"count":1,"href":"https:\/\/www.purhotmelt.com\/es\/wp-json\/wp\/v2\/pages\/218\/revisions"}],"predecessor-version":[{"id":220,"href":"https:\/\/www.purhotmelt.com\/es\/wp-json\/wp\/v2\/pages\/218\/revisions\/220"}],"wp:attachment":[{"href":"https:\/\/www.purhotmelt.com\/es\/wp-json\/wp\/v2\/media?parent=218"}],"curies":[{"name":"wp","href":"https:\/\/api.w.org\/{rel}","templated":true}]}}