{"id":224,"date":"2021-01-20T22:12:14","date_gmt":"2021-01-20T22:12:14","guid":{"rendered":"https:\/\/www.purhotmelt.com\/?page_id=224"},"modified":"2021-01-20T22:12:16","modified_gmt":"2021-01-20T22:12:16","slug":"polyisobutene-pib-based-psa-hot-melt","status":"publish","type":"page","link":"https:\/\/www.purhotmelt.com\/es\/polyisobutene-pib-based-psa-hot-melt\/","title":{"rendered":"POLIISOBUTENO A BASE DE PIB PSA HOT MELT"},"content":{"rendered":"<h1 class=\"wp-block-heading\"><\/h1>\n\n\n\n<p>El PIB se utiliza como una de las sustancias b\u00e1sicas en la producci\u00f3n de adhesivos termofusibles sensibles a la presi\u00f3n. Otras materias primas de base son elast\u00f3meros y pol\u00edmeros sint\u00e9ticos a base de isobutileno que proporcionan otras especificaciones y \u00e1reas de aplicaci\u00f3n. Como fabricante de adhesivos responsable con el medio ambiente, nuestro objetivo es trabajar con ingredientes seguros para los alimentos. Se pueden hacer formulaciones espec\u00edficas para cumplir con los requisitos de alta estabilidad a la oxidaci\u00f3n. Los PIB en este caso son amigables para la piel y por lo tanto son un componente en \u00e1reas m\u00e9dicas tales como cinta adhesiva quir\u00fargica y sistemas transd\u00e9rmicos.<\/p>\n\n\n\n<p>M\u00e1s informaci\u00f3n sobre<\/p>\n\n\n\n<ul class=\"wp-block-list\"><li>Productos higi\u00e9nicos y m\u00e9dicos<\/li><li>Adhesivos termofusibles PSA<\/li><li>Adhesivos para trampas de insectos<\/li><\/ul>\n\n\n\n<h2 class=\"wp-block-heading\">FORMULACI\u00d3N T\u00cdPICA DE PSA HOT MELT<\/h2>\n\n\n\n<p>Un ejemplo de una formulaci\u00f3n termofusible de PSA se basa en un<\/p>\n\n\n\n<ul class=\"wp-block-list\"><li>Copol\u00edmero de isobutileno e isopreno<\/li><li>Resina adherente<\/li><li>Cera microcristalina (microondas)<\/li><li>Antioxidante<\/li><\/ul>\n\n\n\n<h2 class=\"wp-block-heading\">ADHESIVO PARA APLICACIONES ADHESIVAS<\/h2>\n\n\n\n<p>Los adhesivos termofusibles est\u00e1n acelerando los complejos procesos de fabricaci\u00f3n actuales. La aplicaci\u00f3n m\u00e1s com\u00fan es el envasado. Muchas otras \u00e1reas de aplicaci\u00f3n diversas son aplicaciones de ensamblaje de productos como electrodom\u00e9sticos y automoci\u00f3n, laminaci\u00f3n, carpinter\u00eda, materiales aislantes, encuadernaci\u00f3n, ensamblaje de cables. Cada d\u00eda se encuentran nuevas \u00e1reas de aplicaci\u00f3n.<\/p>\n\n\n\n<p>Dado que los adhesivos termofusibles son s\u00f3lidos 100% y no contienen disolventes ni agua, los adhesivos termofusibles pueden adherirse tambi\u00e9n a sustratos no porosos. Combinado con una fuerza de uni\u00f3n r\u00e1pida y excelente. En algunas aplicaciones se necesita menos de un segundo de tiempo de compresi\u00f3n. El pegamento termofusible debe calentarse, en general, a aproximadamente 160 \u00b0 C. A esta temperatura de aplicaci\u00f3n, puede adherirse al sustrato y crear una uni\u00f3n r\u00e1pida y fuerte. Las uniones termofusibles pueden ser m\u00e1s fuertes y ligeras que las aplicaciones tradicionales de clavado, soldadura y atornillado, porque los sustratos no se da\u00f1an y, por ejemplo, por laminaci\u00f3n plana, el \u00e1rea de adhesi\u00f3n es grande.<\/p>\n\n\n\n<p><strong>Gr\u00e1nulos, pastillas y gr\u00e1nulos termofusibles.<\/strong><\/p>\n\n\n\n<p>Los m\u00e1s comunes son adhesivos termofusibles en gr\u00e1nulos. La mayor\u00eda de estos se basan en EVA y poliolefina. Otros grados, como los fugutivos y el adhesivo sensible a la presi\u00f3n (PSA), se suministran principalmente en bloques de 0,5 a 1,0 KG o en bidones de 200L. Los adhesivos de poliuretano se venden siempre en bidones, de 2,5 a 200L<\/p>","protected":false},"excerpt":{"rendered":"<p>PIB are used as one of the basic substance in the production of pressure-sensitive hot melt [&hellip;]<\/p>","protected":false},"author":1,"featured_media":0,"parent":0,"menu_order":0,"comment_status":"closed","ping_status":"closed","template":"","meta":{"footnotes":""},"class_list":["post-224","page","type-page","status-publish","hentry"],"yoast_head":"<!-- This site is optimized with the Yoast SEO plugin v17.0 - https:\/\/yoast.com\/wordpress\/plugins\/seo\/ -->\n<title>POLYISOBUTENE PIB BASED PSA HOT MELT - PUR hot melt adhesives<\/title>\n<meta name=\"robots\" content=\"index, follow, max-snippet:-1, max-image-preview:large, max-video-preview:-1\" \/>\n<link rel=\"canonical\" href=\"https:\/\/www.purhotmelt.com\/es\/polyisobutene-pib-based-psa-hot-melt\/\" \/>\n<meta property=\"og:locale\" content=\"es_ES\" \/>\n<meta property=\"og:type\" content=\"article\" \/>\n<meta property=\"og:title\" content=\"POLYISOBUTENE PIB BASED PSA HOT MELT - PUR hot melt adhesives\" \/>\n<meta property=\"og:description\" content=\"PIB are used as one of the basic substance in the production of pressure-sensitive hot melt [&hellip;]\" \/>\n<meta property=\"og:url\" content=\"https:\/\/www.purhotmelt.com\/es\/polyisobutene-pib-based-psa-hot-melt\/\" \/>\n<meta property=\"og:site_name\" content=\"PUR hot melt adhesives\" \/>\n<meta property=\"article:modified_time\" content=\"2021-01-20T22:12:16+00:00\" \/>\n<meta name=\"twitter:card\" content=\"summary_large_image\" \/>\n<meta name=\"twitter:label1\" content=\"Tiempo de lectura\" \/>\n\t<meta name=\"twitter:data1\" content=\"2 minutos\" \/>\n<script type=\"application\/ld+json\" class=\"yoast-schema-graph\">{\"@context\":\"https:\/\/schema.org\",\"@graph\":[{\"@type\":\"WebSite\",\"@id\":\"https:\/\/www.purhotmelt.com\/#website\",\"url\":\"https:\/\/www.purhotmelt.com\/\",\"name\":\"PUR hot melt adhesives\",\"description\":\"Intercol: Specialist manufacturer\",\"potentialAction\":[{\"@type\":\"SearchAction\",\"target\":{\"@type\":\"EntryPoint\",\"urlTemplate\":\"https:\/\/www.purhotmelt.com\/?s={search_term_string}\"},\"query-input\":\"required name=search_term_string\"}],\"inLanguage\":\"es\"},{\"@type\":\"WebPage\",\"@id\":\"https:\/\/www.purhotmelt.com\/polyisobutene-pib-based-psa-hot-melt\/#webpage\",\"url\":\"https:\/\/www.purhotmelt.com\/polyisobutene-pib-based-psa-hot-melt\/\",\"name\":\"POLYISOBUTENE PIB BASED PSA HOT MELT - PUR hot melt adhesives\",\"isPartOf\":{\"@id\":\"https:\/\/www.purhotmelt.com\/#website\"},\"datePublished\":\"2021-01-20T22:12:14+00:00\",\"dateModified\":\"2021-01-20T22:12:16+00:00\",\"breadcrumb\":{\"@id\":\"https:\/\/www.purhotmelt.com\/polyisobutene-pib-based-psa-hot-melt\/#breadcrumb\"},\"inLanguage\":\"es\",\"potentialAction\":[{\"@type\":\"ReadAction\",\"target\":[\"https:\/\/www.purhotmelt.com\/polyisobutene-pib-based-psa-hot-melt\/\"]}]},{\"@type\":\"BreadcrumbList\",\"@id\":\"https:\/\/www.purhotmelt.com\/polyisobutene-pib-based-psa-hot-melt\/#breadcrumb\",\"itemListElement\":[{\"@type\":\"ListItem\",\"position\":1,\"name\":\"Home\",\"item\":\"https:\/\/www.purhotmelt.com\/\"},{\"@type\":\"ListItem\",\"position\":2,\"name\":\"POLYISOBUTENE PIB BASED PSA HOT MELT\"}]}]}<\/script>\n<!-- \/ Yoast SEO plugin. -->","yoast_head_json":{"title":"POLIISOBUTENO A BASE DE PIB PSA HOT MELT - Adhesivos de fusi\u00f3n en caliente PUR","robots":{"index":"index","follow":"follow","max-snippet":"max-snippet:-1","max-image-preview":"max-image-preview:large","max-video-preview":"max-video-preview:-1"},"canonical":"https:\/\/www.purhotmelt.com\/es\/polyisobutene-pib-based-psa-hot-melt\/","og_locale":"es_ES","og_type":"article","og_title":"POLYISOBUTENE PIB BASED PSA HOT MELT - PUR hot melt adhesives","og_description":"PIB are used as one of the basic substance in the production of pressure-sensitive hot melt [&hellip;]","og_url":"https:\/\/www.purhotmelt.com\/es\/polyisobutene-pib-based-psa-hot-melt\/","og_site_name":"PUR hot melt adhesives","article_modified_time":"2021-01-20T22:12:16+00:00","twitter_card":"summary_large_image","twitter_misc":{"Tiempo de lectura":"2 minutos"},"schema":{"@context":"https:\/\/schema.org","@graph":[{"@type":"WebSite","@id":"https:\/\/www.purhotmelt.com\/#website","url":"https:\/\/www.purhotmelt.com\/","name":"Adhesivos termofusibles PUR","description":"Intercol: fabricante especialista","potentialAction":[{"@type":"SearchAction","target":{"@type":"EntryPoint","urlTemplate":"https:\/\/www.purhotmelt.com\/?s={search_term_string}"},"query-input":"required name=search_term_string"}],"inLanguage":"es"},{"@type":"WebPage","@id":"https:\/\/www.purhotmelt.com\/polyisobutene-pib-based-psa-hot-melt\/#webpage","url":"https:\/\/www.purhotmelt.com\/polyisobutene-pib-based-psa-hot-melt\/","name":"POLIISOBUTENO A BASE DE PIB PSA HOT MELT - Adhesivos de fusi\u00f3n en caliente PUR","isPartOf":{"@id":"https:\/\/www.purhotmelt.com\/#website"},"datePublished":"2021-01-20T22:12:14+00:00","dateModified":"2021-01-20T22:12:16+00:00","breadcrumb":{"@id":"https:\/\/www.purhotmelt.com\/polyisobutene-pib-based-psa-hot-melt\/#breadcrumb"},"inLanguage":"es","potentialAction":[{"@type":"ReadAction","target":["https:\/\/www.purhotmelt.com\/polyisobutene-pib-based-psa-hot-melt\/"]}]},{"@type":"BreadcrumbList","@id":"https:\/\/www.purhotmelt.com\/polyisobutene-pib-based-psa-hot-melt\/#breadcrumb","itemListElement":[{"@type":"ListItem","position":1,"name":"Home","item":"https:\/\/www.purhotmelt.com\/"},{"@type":"ListItem","position":2,"name":"POLYISOBUTENE PIB BASED PSA HOT MELT"}]}]}},"_links":{"self":[{"href":"https:\/\/www.purhotmelt.com\/es\/wp-json\/wp\/v2\/pages\/224","targetHints":{"allow":["GET"]}}],"collection":[{"href":"https:\/\/www.purhotmelt.com\/es\/wp-json\/wp\/v2\/pages"}],"about":[{"href":"https:\/\/www.purhotmelt.com\/es\/wp-json\/wp\/v2\/types\/page"}],"author":[{"embeddable":true,"href":"https:\/\/www.purhotmelt.com\/es\/wp-json\/wp\/v2\/users\/1"}],"replies":[{"embeddable":true,"href":"https:\/\/www.purhotmelt.com\/es\/wp-json\/wp\/v2\/comments?post=224"}],"version-history":[{"count":1,"href":"https:\/\/www.purhotmelt.com\/es\/wp-json\/wp\/v2\/pages\/224\/revisions"}],"predecessor-version":[{"id":226,"href":"https:\/\/www.purhotmelt.com\/es\/wp-json\/wp\/v2\/pages\/224\/revisions\/226"}],"wp:attachment":[{"href":"https:\/\/www.purhotmelt.com\/es\/wp-json\/wp\/v2\/media?parent=224"}],"curies":[{"name":"wp","href":"https:\/\/api.w.org\/{rel}","templated":true}]}}