{"id":23,"date":"2020-10-02T16:27:23","date_gmt":"2020-10-02T16:27:23","guid":{"rendered":"https:\/\/www.purhotmelt.com\/?page_id=23"},"modified":"2020-10-02T16:27:24","modified_gmt":"2020-10-02T16:27:24","slug":"reactive-hot-melt-adhesives","status":"publish","type":"page","link":"https:\/\/www.purhotmelt.com\/es\/reactive-hot-melt-adhesives\/","title":{"rendered":"Adhesivos reactivos termofusibles"},"content":{"rendered":"<p>Los adhesivos termofusibles reactivos se calientan para fundirse y volverse fluidos. Cuando est\u00e1n fluidos, estos adhesivos se aplican en estado fundido mediante boquillas o rodillos. Cuando el adhesivo termofusible se enfr\u00eda, aumenta la resistencia inicial al solidificarse. Despu\u00e9s del enfriamiento r\u00e1pido, las mol\u00e9culas de agua del ambiente desencadenan una reacci\u00f3n qu\u00edmica que tambi\u00e9n se conoce como reticulaci\u00f3n. Despu\u00e9s de la reticulaci\u00f3n completa, los adhesivos termofusibles PUR reactivos proporcionan una uni\u00f3n m\u00e1s fuerte que los adhesivos termofusibles termopl\u00e1sticos. Estos adhesivos PUR brindan una resistencia superior contra la humedad, el calor y los productos qu\u00edmicos. PUR hotmelt tambi\u00e9n crea enlaces qu\u00edmicos con socios reactivos adecuados en el sustrato, lo que mejora la adhesi\u00f3n a muchas superficies.<\/p>","protected":false},"excerpt":{"rendered":"<p>Reactive hot melt adhesives are heated to melt and become fluid. When fluid these adhesives are [&hellip;]<\/p>","protected":false},"author":1,"featured_media":0,"parent":0,"menu_order":0,"comment_status":"closed","ping_status":"closed","template":"","meta":{"footnotes":""},"class_list":["post-23","page","type-page","status-publish","hentry"],"yoast_head":"<!-- This site is optimized with the Yoast SEO plugin v17.0 - https:\/\/yoast.com\/wordpress\/plugins\/seo\/ -->\n<title>Reactive hot melt adhesives - PUR hot melt adhesives<\/title>\n<meta name=\"robots\" content=\"index, follow, max-snippet:-1, max-image-preview:large, max-video-preview:-1\" \/>\n<link rel=\"canonical\" href=\"https:\/\/www.purhotmelt.com\/es\/reactive-hot-melt-adhesives\/\" \/>\n<meta property=\"og:locale\" content=\"es_ES\" \/>\n<meta property=\"og:type\" content=\"article\" \/>\n<meta property=\"og:title\" content=\"Reactive hot melt adhesives - PUR hot melt adhesives\" \/>\n<meta property=\"og:description\" content=\"Reactive hot melt adhesives are heated to melt and become fluid. When fluid these adhesives are [&hellip;]\" \/>\n<meta property=\"og:url\" content=\"https:\/\/www.purhotmelt.com\/es\/reactive-hot-melt-adhesives\/\" \/>\n<meta property=\"og:site_name\" content=\"PUR hot melt adhesives\" \/>\n<meta property=\"article:modified_time\" content=\"2020-10-02T16:27:24+00:00\" \/>\n<meta name=\"twitter:card\" content=\"summary_large_image\" \/>\n<meta name=\"twitter:label1\" content=\"Tiempo de lectura\" \/>\n\t<meta name=\"twitter:data1\" content=\"1 minuto\" \/>\n<script type=\"application\/ld+json\" class=\"yoast-schema-graph\">{\"@context\":\"https:\/\/schema.org\",\"@graph\":[{\"@type\":\"WebSite\",\"@id\":\"https:\/\/www.purhotmelt.com\/#website\",\"url\":\"https:\/\/www.purhotmelt.com\/\",\"name\":\"PUR hot melt adhesives\",\"description\":\"Intercol: Specialist manufacturer\",\"potentialAction\":[{\"@type\":\"SearchAction\",\"target\":{\"@type\":\"EntryPoint\",\"urlTemplate\":\"https:\/\/www.purhotmelt.com\/?s={search_term_string}\"},\"query-input\":\"required name=search_term_string\"}],\"inLanguage\":\"es\"},{\"@type\":\"WebPage\",\"@id\":\"https:\/\/www.purhotmelt.com\/nb\/reactive-hot-melt-adhesives\/#webpage\",\"url\":\"https:\/\/www.purhotmelt.com\/nb\/reactive-hot-melt-adhesives\/\",\"name\":\"Reactive hot melt adhesives - PUR hot melt adhesives\",\"isPartOf\":{\"@id\":\"https:\/\/www.purhotmelt.com\/#website\"},\"datePublished\":\"2020-10-02T16:27:23+00:00\",\"dateModified\":\"2020-10-02T16:27:24+00:00\",\"breadcrumb\":{\"@id\":\"https:\/\/www.purhotmelt.com\/nb\/reactive-hot-melt-adhesives\/#breadcrumb\"},\"inLanguage\":\"es\",\"potentialAction\":[{\"@type\":\"ReadAction\",\"target\":[\"https:\/\/www.purhotmelt.com\/nb\/reactive-hot-melt-adhesives\/\"]}]},{\"@type\":\"BreadcrumbList\",\"@id\":\"https:\/\/www.purhotmelt.com\/nb\/reactive-hot-melt-adhesives\/#breadcrumb\",\"itemListElement\":[{\"@type\":\"ListItem\",\"position\":1,\"name\":\"Home\",\"item\":\"https:\/\/www.purhotmelt.com\/\"},{\"@type\":\"ListItem\",\"position\":2,\"name\":\"Reactive hot melt adhesives\"}]}]}<\/script>\n<!-- \/ Yoast SEO plugin. -->","yoast_head_json":{"title":"Adhesivos termofusibles reactivos - adhesivos termofusibles PUR","robots":{"index":"index","follow":"follow","max-snippet":"max-snippet:-1","max-image-preview":"max-image-preview:large","max-video-preview":"max-video-preview:-1"},"canonical":"https:\/\/www.purhotmelt.com\/es\/reactive-hot-melt-adhesives\/","og_locale":"es_ES","og_type":"article","og_title":"Reactive hot melt adhesives - PUR hot melt adhesives","og_description":"Reactive hot melt adhesives are heated to melt and become fluid. When fluid these adhesives are [&hellip;]","og_url":"https:\/\/www.purhotmelt.com\/es\/reactive-hot-melt-adhesives\/","og_site_name":"PUR hot melt adhesives","article_modified_time":"2020-10-02T16:27:24+00:00","twitter_card":"summary_large_image","twitter_misc":{"Tiempo de lectura":"1 minuto"},"schema":{"@context":"https:\/\/schema.org","@graph":[{"@type":"WebSite","@id":"https:\/\/www.purhotmelt.com\/#website","url":"https:\/\/www.purhotmelt.com\/","name":"Adhesivos termofusibles PUR","description":"Intercol: fabricante especialista","potentialAction":[{"@type":"SearchAction","target":{"@type":"EntryPoint","urlTemplate":"https:\/\/www.purhotmelt.com\/?s={search_term_string}"},"query-input":"required name=search_term_string"}],"inLanguage":"es"},{"@type":"WebPage","@id":"https:\/\/www.purhotmelt.com\/nb\/reactive-hot-melt-adhesives\/#webpage","url":"https:\/\/www.purhotmelt.com\/nb\/reactive-hot-melt-adhesives\/","name":"Adhesivos termofusibles reactivos - adhesivos termofusibles PUR","isPartOf":{"@id":"https:\/\/www.purhotmelt.com\/#website"},"datePublished":"2020-10-02T16:27:23+00:00","dateModified":"2020-10-02T16:27:24+00:00","breadcrumb":{"@id":"https:\/\/www.purhotmelt.com\/nb\/reactive-hot-melt-adhesives\/#breadcrumb"},"inLanguage":"es","potentialAction":[{"@type":"ReadAction","target":["https:\/\/www.purhotmelt.com\/nb\/reactive-hot-melt-adhesives\/"]}]},{"@type":"BreadcrumbList","@id":"https:\/\/www.purhotmelt.com\/nb\/reactive-hot-melt-adhesives\/#breadcrumb","itemListElement":[{"@type":"ListItem","position":1,"name":"Home","item":"https:\/\/www.purhotmelt.com\/"},{"@type":"ListItem","position":2,"name":"Reactive hot melt adhesives"}]}]}},"_links":{"self":[{"href":"https:\/\/www.purhotmelt.com\/es\/wp-json\/wp\/v2\/pages\/23","targetHints":{"allow":["GET"]}}],"collection":[{"href":"https:\/\/www.purhotmelt.com\/es\/wp-json\/wp\/v2\/pages"}],"about":[{"href":"https:\/\/www.purhotmelt.com\/es\/wp-json\/wp\/v2\/types\/page"}],"author":[{"embeddable":true,"href":"https:\/\/www.purhotmelt.com\/es\/wp-json\/wp\/v2\/users\/1"}],"replies":[{"embeddable":true,"href":"https:\/\/www.purhotmelt.com\/es\/wp-json\/wp\/v2\/comments?post=23"}],"version-history":[{"count":1,"href":"https:\/\/www.purhotmelt.com\/es\/wp-json\/wp\/v2\/pages\/23\/revisions"}],"predecessor-version":[{"id":25,"href":"https:\/\/www.purhotmelt.com\/es\/wp-json\/wp\/v2\/pages\/23\/revisions\/25"}],"wp:attachment":[{"href":"https:\/\/www.purhotmelt.com\/es\/wp-json\/wp\/v2\/media?parent=23"}],"curies":[{"name":"wp","href":"https:\/\/api.w.org\/{rel}","templated":true}]}}