{"id":230,"date":"2021-01-20T22:14:15","date_gmt":"2021-01-20T22:14:15","guid":{"rendered":"https:\/\/www.purhotmelt.com\/?page_id=230"},"modified":"2021-01-20T22:14:16","modified_gmt":"2021-01-20T22:14:16","slug":"paper-and-packaging-hot-melt-adhesives","status":"publish","type":"page","link":"https:\/\/www.purhotmelt.com\/es\/paper-and-packaging-hot-melt-adhesives\/","title":{"rendered":"PAPEL Y EMBALAJE ADHESIVOS HOT MELT"},"content":{"rendered":"<p>La gama de adhesivos termofusibles de Intercol est\u00e1 dirigida a aplicaciones especiales como sellado de carto, etiquetado de botellas, fijaci\u00f3n de pajitas, fabricaci\u00f3n de bolsas de papel, ensamblaje de bolsas, etc. Mediante una innovaci\u00f3n continental, Intercol desarrolla nuevos grados que hacen que los procesos de producci\u00f3n de nuestros clientes sean cada vez m\u00e1s eficientes. Nuestros termofusibles a base de EVA blanco y poliolefina metalocena (mPO) brindan ventajas como menos tiempo de inactividad, menor y m\u00e1s f\u00e1cil mantenimiento, ausencia de humos, certificaci\u00f3n de seguridad alimentaria y funcionamiento sin problemas. Tambi\u00e9n ofrecemos una gama de barras de pegamento termofusible para fines de puesta en marcha, I + D o reparaciones manuales. Al ofrecer adhesivos termofusibles con bajo olor, sin carbonizaci\u00f3n, sin gelificaci\u00f3n, sin hilos, baja densidad y alta fuerza de adhesi\u00f3n, una temperatura ambiental amplia, nuestros adhesivos termofusibles son uno de los grados m\u00e1s vers\u00e1tiles que pueden ahorrar costos y crear una mejor eficiencia. para los clientes.<\/p>\n\n\n\n<p>Nuestra gama de termofusibles de EVA blanca y Pololefine ha llevado el rendimiento de los adhesivos termofusibles para envases de final de l\u00ednea a un alto nivel. T\u00e9cnicamente avanzados y extremadamente vers\u00e1tiles, los adhesivos de fusi\u00f3n en caliente de poliolefina se pueden utilizar con casi cualquier m\u00e1quina de envasado, calidad de cart\u00f3n y formato de envase.<\/p>\n\n\n\n<p>Nuestra gama de adhesivos termofusibles que se han desarrollado espec\u00edficamente para su uso en la fabricaci\u00f3n de cajas exigentes no est\u00e1ndar tambi\u00e9n es muy amplia. Ofrecemos m\u00e1s de 500 grados de termofusible para envases, 150 grados est\u00e1n disponibles en stock. Para altas exigencias en ultracongelaci\u00f3n (EHM 5114), resistencia a altas temperaturas (EHM 9244), baja temperatura de aplicaci\u00f3n (EHM 5116), sin encordado (EHM 5108) o fraguado extremadamente r\u00e1pido (0,1 segundos, EHM 5084) resolvemos los m\u00e1s exigentes. aplicaciones para que funcionen perfectamente. Ya sea que est\u00e9 sirviendo aplicaciones de sellado de cajas de cart\u00f3n o de formaci\u00f3n de bandejas. Para el envasado sanitario y farmac\u00e9utico, ofrecemos certificados de calidad esenciales para asegurar la adherencia y la resistencia a la manipulaci\u00f3n. Adem\u00e1s, estos adhesivos termofusibles proporcionan una construcci\u00f3n de paquete y una resistencia de sellado adicionales.<\/p>","protected":false},"excerpt":{"rendered":"<p>Intercol\u2019s range of\u00a0hot melt adhesives\u00a0is targeted on special applications such as\u00a0carto sealing, bottle labeling, straw attachment, [&hellip;]<\/p>","protected":false},"author":1,"featured_media":0,"parent":0,"menu_order":0,"comment_status":"closed","ping_status":"closed","template":"","meta":{"footnotes":""},"class_list":["post-230","page","type-page","status-publish","hentry"],"yoast_head":"<!-- This site is optimized with the Yoast SEO plugin v17.0 - https:\/\/yoast.com\/wordpress\/plugins\/seo\/ -->\n<title>PAPER AND PACKAGING HOT MELT ADHESIVES - PUR hot melt adhesives<\/title>\n<meta name=\"robots\" content=\"index, follow, max-snippet:-1, max-image-preview:large, max-video-preview:-1\" \/>\n<link rel=\"canonical\" href=\"https:\/\/www.purhotmelt.com\/es\/paper-and-packaging-hot-melt-adhesives\/\" \/>\n<meta property=\"og:locale\" content=\"es_ES\" \/>\n<meta property=\"og:type\" content=\"article\" \/>\n<meta property=\"og:title\" content=\"PAPER AND PACKAGING HOT MELT ADHESIVES - PUR hot melt adhesives\" \/>\n<meta property=\"og:description\" content=\"Intercol\u2019s range of\u00a0hot melt adhesives\u00a0is targeted on special applications such as\u00a0carto sealing, bottle labeling, straw attachment, [&hellip;]\" \/>\n<meta property=\"og:url\" content=\"https:\/\/www.purhotmelt.com\/es\/paper-and-packaging-hot-melt-adhesives\/\" \/>\n<meta property=\"og:site_name\" content=\"PUR hot melt adhesives\" \/>\n<meta property=\"article:modified_time\" content=\"2021-01-20T22:14:16+00:00\" \/>\n<meta name=\"twitter:card\" content=\"summary_large_image\" \/>\n<meta name=\"twitter:label1\" content=\"Tiempo de lectura\" \/>\n\t<meta name=\"twitter:data1\" content=\"1 minuto\" \/>\n<script type=\"application\/ld+json\" class=\"yoast-schema-graph\">{\"@context\":\"https:\/\/schema.org\",\"@graph\":[{\"@type\":\"WebSite\",\"@id\":\"https:\/\/www.purhotmelt.com\/#website\",\"url\":\"https:\/\/www.purhotmelt.com\/\",\"name\":\"PUR hot melt adhesives\",\"description\":\"Intercol: Specialist manufacturer\",\"potentialAction\":[{\"@type\":\"SearchAction\",\"target\":{\"@type\":\"EntryPoint\",\"urlTemplate\":\"https:\/\/www.purhotmelt.com\/?s={search_term_string}\"},\"query-input\":\"required name=search_term_string\"}],\"inLanguage\":\"es\"},{\"@type\":\"WebPage\",\"@id\":\"https:\/\/www.purhotmelt.com\/nl\/paper-and-packaging-hot-melt-adhesives\/#webpage\",\"url\":\"https:\/\/www.purhotmelt.com\/nl\/paper-and-packaging-hot-melt-adhesives\/\",\"name\":\"PAPER AND PACKAGING HOT MELT ADHESIVES - PUR hot melt adhesives\",\"isPartOf\":{\"@id\":\"https:\/\/www.purhotmelt.com\/#website\"},\"datePublished\":\"2021-01-20T22:14:15+00:00\",\"dateModified\":\"2021-01-20T22:14:16+00:00\",\"breadcrumb\":{\"@id\":\"https:\/\/www.purhotmelt.com\/nl\/paper-and-packaging-hot-melt-adhesives\/#breadcrumb\"},\"inLanguage\":\"es\",\"potentialAction\":[{\"@type\":\"ReadAction\",\"target\":[\"https:\/\/www.purhotmelt.com\/nl\/paper-and-packaging-hot-melt-adhesives\/\"]}]},{\"@type\":\"BreadcrumbList\",\"@id\":\"https:\/\/www.purhotmelt.com\/nl\/paper-and-packaging-hot-melt-adhesives\/#breadcrumb\",\"itemListElement\":[{\"@type\":\"ListItem\",\"position\":1,\"name\":\"Home\",\"item\":\"https:\/\/www.purhotmelt.com\/\"},{\"@type\":\"ListItem\",\"position\":2,\"name\":\"PAPER AND PACKAGING HOT MELT ADHESIVES\"}]}]}<\/script>\n<!-- \/ Yoast SEO plugin. -->","yoast_head_json":{"title":"PAPEL Y EMBALAJE ADHESIVOS HOT MELT - Adhesivos hot melt PUR","robots":{"index":"index","follow":"follow","max-snippet":"max-snippet:-1","max-image-preview":"max-image-preview:large","max-video-preview":"max-video-preview:-1"},"canonical":"https:\/\/www.purhotmelt.com\/es\/paper-and-packaging-hot-melt-adhesives\/","og_locale":"es_ES","og_type":"article","og_title":"PAPER AND PACKAGING HOT MELT ADHESIVES - PUR hot melt adhesives","og_description":"Intercol\u2019s range of\u00a0hot melt adhesives\u00a0is targeted on special applications such as\u00a0carto sealing, bottle labeling, straw attachment, [&hellip;]","og_url":"https:\/\/www.purhotmelt.com\/es\/paper-and-packaging-hot-melt-adhesives\/","og_site_name":"PUR hot melt adhesives","article_modified_time":"2021-01-20T22:14:16+00:00","twitter_card":"summary_large_image","twitter_misc":{"Tiempo de lectura":"1 minuto"},"schema":{"@context":"https:\/\/schema.org","@graph":[{"@type":"WebSite","@id":"https:\/\/www.purhotmelt.com\/#website","url":"https:\/\/www.purhotmelt.com\/","name":"Adhesivos termofusibles PUR","description":"Intercol: fabricante especialista","potentialAction":[{"@type":"SearchAction","target":{"@type":"EntryPoint","urlTemplate":"https:\/\/www.purhotmelt.com\/?s={search_term_string}"},"query-input":"required name=search_term_string"}],"inLanguage":"es"},{"@type":"WebPage","@id":"https:\/\/www.purhotmelt.com\/nl\/paper-and-packaging-hot-melt-adhesives\/#webpage","url":"https:\/\/www.purhotmelt.com\/nl\/paper-and-packaging-hot-melt-adhesives\/","name":"PAPEL Y EMBALAJE ADHESIVOS HOT MELT - Adhesivos hot melt PUR","isPartOf":{"@id":"https:\/\/www.purhotmelt.com\/#website"},"datePublished":"2021-01-20T22:14:15+00:00","dateModified":"2021-01-20T22:14:16+00:00","breadcrumb":{"@id":"https:\/\/www.purhotmelt.com\/nl\/paper-and-packaging-hot-melt-adhesives\/#breadcrumb"},"inLanguage":"es","potentialAction":[{"@type":"ReadAction","target":["https:\/\/www.purhotmelt.com\/nl\/paper-and-packaging-hot-melt-adhesives\/"]}]},{"@type":"BreadcrumbList","@id":"https:\/\/www.purhotmelt.com\/nl\/paper-and-packaging-hot-melt-adhesives\/#breadcrumb","itemListElement":[{"@type":"ListItem","position":1,"name":"Home","item":"https:\/\/www.purhotmelt.com\/"},{"@type":"ListItem","position":2,"name":"PAPER AND PACKAGING HOT MELT ADHESIVES"}]}]}},"_links":{"self":[{"href":"https:\/\/www.purhotmelt.com\/es\/wp-json\/wp\/v2\/pages\/230","targetHints":{"allow":["GET"]}}],"collection":[{"href":"https:\/\/www.purhotmelt.com\/es\/wp-json\/wp\/v2\/pages"}],"about":[{"href":"https:\/\/www.purhotmelt.com\/es\/wp-json\/wp\/v2\/types\/page"}],"author":[{"embeddable":true,"href":"https:\/\/www.purhotmelt.com\/es\/wp-json\/wp\/v2\/users\/1"}],"replies":[{"embeddable":true,"href":"https:\/\/www.purhotmelt.com\/es\/wp-json\/wp\/v2\/comments?post=230"}],"version-history":[{"count":1,"href":"https:\/\/www.purhotmelt.com\/es\/wp-json\/wp\/v2\/pages\/230\/revisions"}],"predecessor-version":[{"id":232,"href":"https:\/\/www.purhotmelt.com\/es\/wp-json\/wp\/v2\/pages\/230\/revisions\/232"}],"wp:attachment":[{"href":"https:\/\/www.purhotmelt.com\/es\/wp-json\/wp\/v2\/media?parent=230"}],"curies":[{"name":"wp","href":"https:\/\/api.w.org\/{rel}","templated":true}]}}