{"id":233,"date":"2021-01-20T22:15:35","date_gmt":"2021-01-20T22:15:35","guid":{"rendered":"https:\/\/www.purhotmelt.com\/?page_id=233"},"modified":"2021-01-20T22:15:36","modified_gmt":"2021-01-20T22:15:36","slug":"hot-melt-definition","status":"publish","type":"page","link":"https:\/\/www.purhotmelt.com\/es\/hot-melt-definition\/","title":{"rendered":"DEFINICI\u00d3N DE MELT EN CALIENTE"},"content":{"rendered":"<h1 class=\"wp-block-heading\"><\/h1>\n\n\n\n<p>Hot melt es un adhesivo, con s\u00f3lidos 100%. Se aplica en estado fundido y se vuelve m\u00e1s fuerte con el enfriamiento a temperatura ambiente. Debido a la gran diferencia entre la temperatura de aplicaci\u00f3n, com\u00fan alrededor de 160 \u00b0 C, y la temperatura ambiente, 20 \u00b0 C, los adhesivos termofusibles son de fraguado r\u00e1pido.<strong>.<\/strong><\/p>\n\n\n\n<p>Con esta funci\u00f3n, es importante conocer las propiedades y los par\u00e1metros cr\u00edticos de los adhesivos termofusibles.<\/p>\n\n\n\n<h2 class=\"wp-block-heading\">LOS ADHESIVOS EST\u00c1NDAR DE FUSI\u00d3N EN CALIENTE SON TERMOPL\u00c1STICOS<\/h2>\n\n\n\n<p>La mayor\u00eda de los adhesivos termofusibles se basan en EVA o PO (poliolefina, metaloceno). En la mayor\u00eda de las formulaciones, estos adhesivos contienen una cantidad considerable de ceras y resinas adhesivas. Las resinas adhesivas mejorar\u00e1n la adherencia y la resistencia en verde de un adhesivo. Las ceras se agregan principalmente para disminuir la viscosidad con fines de aplicaci\u00f3n y hacer que el termofusible final frag\u00fce m\u00e1s r\u00e1pido.<\/p>\n\n\n\n<p>Algunos otros grados termopl\u00e1sticos pueden ser adhesivos termofusibles PolyAmide o PolyEsther. Estos grados t\u00edpicos no suelen ser una mezcla de pol\u00edmeros.<\/p>\n\n\n\n<h2 class=\"wp-block-heading\">ADHESIVOS REACTIVOS HOT MELT (PUR)<\/h2>\n\n\n\n<p>El adhesivo termofusible PUR combina el fraguado r\u00e1pido del adhesivo termofusible con la uni\u00f3n duradera de un adhesivo de curado. La mayor\u00eda de los adhesivos termofusibles reactivos se basan en PUR (poliuretano). Los adhesivos de poliuretano no son una mezcla t\u00edpica, sino m\u00e1s bien un pol\u00edmero con algunos aditivos menores como promotores de adhesi\u00f3n, antioxidantes, estabilizadores UV y retardadores de llama. Estos aditivos pueden agregar valor a la uni\u00f3n donde aparentemente ya se necesitaba un termofusible PUR para crear una uni\u00f3n m\u00e1s duradera. Un grupo especial de adhesivos termofusibles reactivos son los adhesivos termofusibles POR.<\/p>\n\n\n\n<h2 class=\"wp-block-heading\">INFLUENCIAS Y AJUSTES DE LA TEMPERATURA<\/h2>\n\n\n\n<p>La temperatura es un par\u00e1metro muy importante para los adhesivos termofusibles. La temperatura del adhesivo termofusible en s\u00ed es importante para lograr una buena aplicaci\u00f3n y capacidad de funcionamiento de la m\u00e1quina. La temperatura del sustrato puede ser demasiado alta, lo que da como resultado una velocidad de fraguado lenta, o demasiado baja, lo que puede dar como resultado una uni\u00f3n deficiente. Adem\u00e1s, las uniones realizadas por adhesivos termofusibles pueden verse influenciadas por temperaturas altas o bajas. A altas temperaturas, los enlaces pueden volverse m\u00e1s flexibles y finalmente incluso fallar. Para los adhesivos termopl\u00e1sticos termofusibles, las temperaturas cr\u00edticas pueden variar t\u00edpicamente de + 40 \u00b0 C a + 90 \u00b0 C, por supuesto, dependiendo del grado de termofusible utilizado. Las temperaturas cr\u00edticas tambi\u00e9n se pueden enfrentar desde -40 \u00b0<strong>C<\/strong>&nbsp;hasta + 5 \u00b0 C, porque los adhesivos termofusibles pueden perder flexibilidad y, por lo tanto, se agrieta f\u00e1cilmente y se suelta la adhesi\u00f3n a los sustratos<strong>.<\/strong><\/p>\n\n\n\n<h2 class=\"wp-block-heading\">PAR\u00c1METROS T\u00cdPICOS DE LOS ADHESIVOS HOT MELT<\/h2>\n\n\n\n<p>Los par\u00e1metros m\u00e1s t\u00edpicos de los adhesivos termofusibles son su punto de fusi\u00f3n y viscosidad. Estos son par\u00e1metros est\u00e1ndar que se mencionan en las hojas de datos. Otras propiedades espec\u00edficas son el tiempo abierto, la velocidad de fraguado y la fuerza de adhesi\u00f3n, pero estos valores dependen del sustrato y del entorno de aplicaci\u00f3n.<\/p>","protected":false},"excerpt":{"rendered":"<p>Hot melt is an adhesive, with 100% solids. It\u2019s applied in molten state and becomes stronger [&hellip;]<\/p>","protected":false},"author":1,"featured_media":0,"parent":0,"menu_order":0,"comment_status":"closed","ping_status":"closed","template":"","meta":{"footnotes":""},"class_list":["post-233","page","type-page","status-publish","hentry"],"yoast_head":"<!-- This site is optimized with the Yoast SEO plugin v17.0 - https:\/\/yoast.com\/wordpress\/plugins\/seo\/ -->\n<title>HOT MELT DEFINITION - PUR hot melt adhesives<\/title>\n<meta name=\"robots\" content=\"index, follow, max-snippet:-1, max-image-preview:large, max-video-preview:-1\" \/>\n<link rel=\"canonical\" href=\"https:\/\/www.purhotmelt.com\/es\/hot-melt-definition\/\" \/>\n<meta property=\"og:locale\" content=\"es_ES\" \/>\n<meta property=\"og:type\" content=\"article\" \/>\n<meta property=\"og:title\" content=\"HOT MELT DEFINITION - PUR hot melt adhesives\" \/>\n<meta property=\"og:description\" content=\"Hot melt is an adhesive, with 100% solids. It\u2019s applied in molten state and becomes stronger [&hellip;]\" \/>\n<meta property=\"og:url\" content=\"https:\/\/www.purhotmelt.com\/es\/hot-melt-definition\/\" \/>\n<meta property=\"og:site_name\" content=\"PUR hot melt adhesives\" \/>\n<meta property=\"article:modified_time\" content=\"2021-01-20T22:15:36+00:00\" \/>\n<meta name=\"twitter:card\" content=\"summary_large_image\" \/>\n<meta name=\"twitter:label1\" content=\"Tiempo de lectura\" \/>\n\t<meta name=\"twitter:data1\" content=\"2 minutos\" \/>\n<script type=\"application\/ld+json\" class=\"yoast-schema-graph\">{\"@context\":\"https:\/\/schema.org\",\"@graph\":[{\"@type\":\"WebSite\",\"@id\":\"https:\/\/www.purhotmelt.com\/#website\",\"url\":\"https:\/\/www.purhotmelt.com\/\",\"name\":\"PUR hot melt adhesives\",\"description\":\"Intercol: Specialist manufacturer\",\"potentialAction\":[{\"@type\":\"SearchAction\",\"target\":{\"@type\":\"EntryPoint\",\"urlTemplate\":\"https:\/\/www.purhotmelt.com\/?s={search_term_string}\"},\"query-input\":\"required name=search_term_string\"}],\"inLanguage\":\"es\"},{\"@type\":\"WebPage\",\"@id\":\"https:\/\/www.purhotmelt.com\/nb\/hot-melt-definition\/#webpage\",\"url\":\"https:\/\/www.purhotmelt.com\/nb\/hot-melt-definition\/\",\"name\":\"HOT MELT DEFINITION - PUR hot melt adhesives\",\"isPartOf\":{\"@id\":\"https:\/\/www.purhotmelt.com\/#website\"},\"datePublished\":\"2021-01-20T22:15:35+00:00\",\"dateModified\":\"2021-01-20T22:15:36+00:00\",\"breadcrumb\":{\"@id\":\"https:\/\/www.purhotmelt.com\/nb\/hot-melt-definition\/#breadcrumb\"},\"inLanguage\":\"es\",\"potentialAction\":[{\"@type\":\"ReadAction\",\"target\":[\"https:\/\/www.purhotmelt.com\/nb\/hot-melt-definition\/\"]}]},{\"@type\":\"BreadcrumbList\",\"@id\":\"https:\/\/www.purhotmelt.com\/nb\/hot-melt-definition\/#breadcrumb\",\"itemListElement\":[{\"@type\":\"ListItem\",\"position\":1,\"name\":\"Home\",\"item\":\"https:\/\/www.purhotmelt.com\/\"},{\"@type\":\"ListItem\",\"position\":2,\"name\":\"HOT MELT DEFINITION\"}]}]}<\/script>\n<!-- \/ Yoast SEO plugin. -->","yoast_head_json":{"title":"DEFINICI\u00d3N DE HOT MELT - Adhesivos de fusi\u00f3n en caliente PUR","robots":{"index":"index","follow":"follow","max-snippet":"max-snippet:-1","max-image-preview":"max-image-preview:large","max-video-preview":"max-video-preview:-1"},"canonical":"https:\/\/www.purhotmelt.com\/es\/hot-melt-definition\/","og_locale":"es_ES","og_type":"article","og_title":"HOT MELT DEFINITION - PUR hot melt adhesives","og_description":"Hot melt is an adhesive, with 100% solids. It\u2019s applied in molten state and becomes stronger [&hellip;]","og_url":"https:\/\/www.purhotmelt.com\/es\/hot-melt-definition\/","og_site_name":"PUR hot melt adhesives","article_modified_time":"2021-01-20T22:15:36+00:00","twitter_card":"summary_large_image","twitter_misc":{"Tiempo de lectura":"2 minutos"},"schema":{"@context":"https:\/\/schema.org","@graph":[{"@type":"WebSite","@id":"https:\/\/www.purhotmelt.com\/#website","url":"https:\/\/www.purhotmelt.com\/","name":"Adhesivos termofusibles PUR","description":"Intercol: fabricante especialista","potentialAction":[{"@type":"SearchAction","target":{"@type":"EntryPoint","urlTemplate":"https:\/\/www.purhotmelt.com\/?s={search_term_string}"},"query-input":"required name=search_term_string"}],"inLanguage":"es"},{"@type":"WebPage","@id":"https:\/\/www.purhotmelt.com\/nb\/hot-melt-definition\/#webpage","url":"https:\/\/www.purhotmelt.com\/nb\/hot-melt-definition\/","name":"DEFINICI\u00d3N DE HOT MELT - Adhesivos de fusi\u00f3n en caliente PUR","isPartOf":{"@id":"https:\/\/www.purhotmelt.com\/#website"},"datePublished":"2021-01-20T22:15:35+00:00","dateModified":"2021-01-20T22:15:36+00:00","breadcrumb":{"@id":"https:\/\/www.purhotmelt.com\/nb\/hot-melt-definition\/#breadcrumb"},"inLanguage":"es","potentialAction":[{"@type":"ReadAction","target":["https:\/\/www.purhotmelt.com\/nb\/hot-melt-definition\/"]}]},{"@type":"BreadcrumbList","@id":"https:\/\/www.purhotmelt.com\/nb\/hot-melt-definition\/#breadcrumb","itemListElement":[{"@type":"ListItem","position":1,"name":"Home","item":"https:\/\/www.purhotmelt.com\/"},{"@type":"ListItem","position":2,"name":"HOT MELT DEFINITION"}]}]}},"_links":{"self":[{"href":"https:\/\/www.purhotmelt.com\/es\/wp-json\/wp\/v2\/pages\/233","targetHints":{"allow":["GET"]}}],"collection":[{"href":"https:\/\/www.purhotmelt.com\/es\/wp-json\/wp\/v2\/pages"}],"about":[{"href":"https:\/\/www.purhotmelt.com\/es\/wp-json\/wp\/v2\/types\/page"}],"author":[{"embeddable":true,"href":"https:\/\/www.purhotmelt.com\/es\/wp-json\/wp\/v2\/users\/1"}],"replies":[{"embeddable":true,"href":"https:\/\/www.purhotmelt.com\/es\/wp-json\/wp\/v2\/comments?post=233"}],"version-history":[{"count":1,"href":"https:\/\/www.purhotmelt.com\/es\/wp-json\/wp\/v2\/pages\/233\/revisions"}],"predecessor-version":[{"id":235,"href":"https:\/\/www.purhotmelt.com\/es\/wp-json\/wp\/v2\/pages\/233\/revisions\/235"}],"wp:attachment":[{"href":"https:\/\/www.purhotmelt.com\/es\/wp-json\/wp\/v2\/media?parent=233"}],"curies":[{"name":"wp","href":"https:\/\/api.w.org\/{rel}","templated":true}]}}