{"id":239,"date":"2021-01-20T22:18:06","date_gmt":"2021-01-20T22:18:06","guid":{"rendered":"https:\/\/www.purhotmelt.com\/?page_id=239"},"modified":"2021-01-20T22:18:07","modified_gmt":"2021-01-20T22:18:07","slug":"dispersion-adhesives","status":"publish","type":"page","link":"https:\/\/www.purhotmelt.com\/es\/dispersion-adhesives\/","title":{"rendered":"ADHESIVOS DE DISPERSI\u00d3N"},"content":{"rendered":"<h1 class=\"wp-block-heading\"><\/h1>\n\n\n\n<p>Los adhesivos de dispersi\u00f3n son a base de agua, realmente tienen que secarse y finalizar sus uniones mediante el endurecimiento f\u00edsico cuando el agua se evapora. El adhesivo de dispersi\u00f3n puede ser soluble en agua despu\u00e9s del secado, pero otros son resistentes al agua. El pol\u00edmero en la dispersi\u00f3n forma una pel\u00edcula, donde se requiere una temperatura m\u00ednima de formaci\u00f3n de pel\u00edcula, cuando el agua se evapora. Los adhesivos de dispersi\u00f3n a menudo se formulan con promotores de adhesi\u00f3n, antioxidantes, agentes no espumantes o un agente reticulante. Esto puede aumentar la resistencia de la uni\u00f3n al calor y la humedad.<br>Intercol produce y desarrolla adhesivos de dispersi\u00f3n espec\u00edficos para el cliente que se utilizan en el envasado de alimentos, cart\u00f3n ondulado, conversi\u00f3n, procesamiento de madera, gr\u00e1ficos, automotriz, textil, construcci\u00f3n, cart\u00f3n s\u00f3lido y ampliamente en todo tipo de aplicaciones en la industria del papel y el envasado.<\/p>\n\n\n\n<p>Los adhesivos de dispersi\u00f3n de Intercol est\u00e1n dise\u00f1ados para facilitar altas velocidades de procesamiento y bajos costos de producci\u00f3n.<\/p>\n\n\n\n<h2 class=\"wp-block-heading\">CARACTER\u00cdSTICAS ADHESIVAS A BASE DE AGUA<\/h2>\n\n\n\n<p>Los adhesivos de dispersi\u00f3n a base de agua ofrecen beneficios:<\/p>\n\n\n\n<ul class=\"wp-block-list\"><li>f\u00e1cil procesamiento (por vertido, rodillo, pulverizaci\u00f3n y chorro)<\/li><li>apto para alimentos, no se utilizan disolventes ni agentes agresivos<\/li><li>ecol\u00f3gico, debido a la base del agua<\/li><li>f\u00e1cil de manejar en producci\u00f3n y almacenamiento<\/li><li>Bajos costos por unidad, no se agrega volumen adicional a, por ejemplo, cajas de cart\u00f3n plegables<\/li><li>f\u00e1cil limpieza<\/li><li>sencillo<\/li><li>procesamiento a temperatura ambiente<\/li><\/ul>\n\n\n\n<p>Al pegar materiales con adhesivos en dispersi\u00f3n a base de agua, uno de los dos sustratos siempre debe poder absorber el agua o dejar que se evapore, para que el agua se evapore del pegamento y el pegamento se seque.<\/p>\n\n\n\n<p>Ofrecemos una amplia gama de adhesivos a base de agua para diversas aplicaciones. Puedes leer m\u00e1s sobre esto aqu\u00ed.<\/p>\n\n\n\n<p>\u00bfQuiere saber qu\u00e9 puede hacer Intercol por usted o tiene alguna pregunta?<\/p>","protected":false},"excerpt":{"rendered":"<p>Dispersion adhesives are\u00a0water based, they really have to dry and finalize their bonds through physical hardening [&hellip;]<\/p>","protected":false},"author":1,"featured_media":0,"parent":0,"menu_order":0,"comment_status":"closed","ping_status":"closed","template":"","meta":{"footnotes":""},"class_list":["post-239","page","type-page","status-publish","hentry"],"yoast_head":"<!-- This site is optimized with the Yoast SEO plugin v17.0 - https:\/\/yoast.com\/wordpress\/plugins\/seo\/ -->\n<title>DISPERSION ADHESIVES - PUR hot melt adhesives<\/title>\n<meta name=\"robots\" content=\"index, follow, max-snippet:-1, max-image-preview:large, max-video-preview:-1\" \/>\n<link rel=\"canonical\" href=\"https:\/\/www.purhotmelt.com\/es\/dispersion-adhesives\/\" \/>\n<meta property=\"og:locale\" content=\"es_ES\" \/>\n<meta property=\"og:type\" content=\"article\" \/>\n<meta property=\"og:title\" content=\"DISPERSION ADHESIVES - PUR hot melt adhesives\" \/>\n<meta property=\"og:description\" content=\"Dispersion adhesives are\u00a0water based, they really have to dry and finalize their bonds through physical hardening [&hellip;]\" \/>\n<meta property=\"og:url\" content=\"https:\/\/www.purhotmelt.com\/es\/dispersion-adhesives\/\" \/>\n<meta property=\"og:site_name\" content=\"PUR hot melt adhesives\" \/>\n<meta property=\"article:modified_time\" content=\"2021-01-20T22:18:07+00:00\" \/>\n<meta name=\"twitter:card\" content=\"summary_large_image\" \/>\n<meta name=\"twitter:label1\" content=\"Tiempo de lectura\" \/>\n\t<meta name=\"twitter:data1\" content=\"1 minuto\" \/>\n<script type=\"application\/ld+json\" class=\"yoast-schema-graph\">{\"@context\":\"https:\/\/schema.org\",\"@graph\":[{\"@type\":\"WebSite\",\"@id\":\"https:\/\/www.purhotmelt.com\/#website\",\"url\":\"https:\/\/www.purhotmelt.com\/\",\"name\":\"PUR hot melt adhesives\",\"description\":\"Intercol: Specialist manufacturer\",\"potentialAction\":[{\"@type\":\"SearchAction\",\"target\":{\"@type\":\"EntryPoint\",\"urlTemplate\":\"https:\/\/www.purhotmelt.com\/?s={search_term_string}\"},\"query-input\":\"required name=search_term_string\"}],\"inLanguage\":\"es\"},{\"@type\":\"WebPage\",\"@id\":\"https:\/\/www.purhotmelt.com\/nb\/dispersion-adhesives\/#webpage\",\"url\":\"https:\/\/www.purhotmelt.com\/nb\/dispersion-adhesives\/\",\"name\":\"DISPERSION ADHESIVES - PUR hot melt adhesives\",\"isPartOf\":{\"@id\":\"https:\/\/www.purhotmelt.com\/#website\"},\"datePublished\":\"2021-01-20T22:18:06+00:00\",\"dateModified\":\"2021-01-20T22:18:07+00:00\",\"breadcrumb\":{\"@id\":\"https:\/\/www.purhotmelt.com\/nb\/dispersion-adhesives\/#breadcrumb\"},\"inLanguage\":\"es\",\"potentialAction\":[{\"@type\":\"ReadAction\",\"target\":[\"https:\/\/www.purhotmelt.com\/nb\/dispersion-adhesives\/\"]}]},{\"@type\":\"BreadcrumbList\",\"@id\":\"https:\/\/www.purhotmelt.com\/nb\/dispersion-adhesives\/#breadcrumb\",\"itemListElement\":[{\"@type\":\"ListItem\",\"position\":1,\"name\":\"Home\",\"item\":\"https:\/\/www.purhotmelt.com\/\"},{\"@type\":\"ListItem\",\"position\":2,\"name\":\"DISPERSION ADHESIVES\"}]}]}<\/script>\n<!-- \/ Yoast SEO plugin. -->","yoast_head_json":{"title":"ADHESIVOS DE DISPERSI\u00d3N - Adhesivos termofusibles PUR","robots":{"index":"index","follow":"follow","max-snippet":"max-snippet:-1","max-image-preview":"max-image-preview:large","max-video-preview":"max-video-preview:-1"},"canonical":"https:\/\/www.purhotmelt.com\/es\/dispersion-adhesives\/","og_locale":"es_ES","og_type":"article","og_title":"DISPERSION ADHESIVES - PUR hot melt adhesives","og_description":"Dispersion adhesives are\u00a0water based, they really have to dry and finalize their bonds through physical hardening [&hellip;]","og_url":"https:\/\/www.purhotmelt.com\/es\/dispersion-adhesives\/","og_site_name":"PUR hot melt adhesives","article_modified_time":"2021-01-20T22:18:07+00:00","twitter_card":"summary_large_image","twitter_misc":{"Tiempo de lectura":"1 minuto"},"schema":{"@context":"https:\/\/schema.org","@graph":[{"@type":"WebSite","@id":"https:\/\/www.purhotmelt.com\/#website","url":"https:\/\/www.purhotmelt.com\/","name":"Adhesivos termofusibles PUR","description":"Intercol: fabricante especialista","potentialAction":[{"@type":"SearchAction","target":{"@type":"EntryPoint","urlTemplate":"https:\/\/www.purhotmelt.com\/?s={search_term_string}"},"query-input":"required name=search_term_string"}],"inLanguage":"es"},{"@type":"WebPage","@id":"https:\/\/www.purhotmelt.com\/nb\/dispersion-adhesives\/#webpage","url":"https:\/\/www.purhotmelt.com\/nb\/dispersion-adhesives\/","name":"ADHESIVOS DE DISPERSI\u00d3N - Adhesivos termofusibles PUR","isPartOf":{"@id":"https:\/\/www.purhotmelt.com\/#website"},"datePublished":"2021-01-20T22:18:06+00:00","dateModified":"2021-01-20T22:18:07+00:00","breadcrumb":{"@id":"https:\/\/www.purhotmelt.com\/nb\/dispersion-adhesives\/#breadcrumb"},"inLanguage":"es","potentialAction":[{"@type":"ReadAction","target":["https:\/\/www.purhotmelt.com\/nb\/dispersion-adhesives\/"]}]},{"@type":"BreadcrumbList","@id":"https:\/\/www.purhotmelt.com\/nb\/dispersion-adhesives\/#breadcrumb","itemListElement":[{"@type":"ListItem","position":1,"name":"Home","item":"https:\/\/www.purhotmelt.com\/"},{"@type":"ListItem","position":2,"name":"DISPERSION ADHESIVES"}]}]}},"_links":{"self":[{"href":"https:\/\/www.purhotmelt.com\/es\/wp-json\/wp\/v2\/pages\/239","targetHints":{"allow":["GET"]}}],"collection":[{"href":"https:\/\/www.purhotmelt.com\/es\/wp-json\/wp\/v2\/pages"}],"about":[{"href":"https:\/\/www.purhotmelt.com\/es\/wp-json\/wp\/v2\/types\/page"}],"author":[{"embeddable":true,"href":"https:\/\/www.purhotmelt.com\/es\/wp-json\/wp\/v2\/users\/1"}],"replies":[{"embeddable":true,"href":"https:\/\/www.purhotmelt.com\/es\/wp-json\/wp\/v2\/comments?post=239"}],"version-history":[{"count":1,"href":"https:\/\/www.purhotmelt.com\/es\/wp-json\/wp\/v2\/pages\/239\/revisions"}],"predecessor-version":[{"id":241,"href":"https:\/\/www.purhotmelt.com\/es\/wp-json\/wp\/v2\/pages\/239\/revisions\/241"}],"wp:attachment":[{"href":"https:\/\/www.purhotmelt.com\/es\/wp-json\/wp\/v2\/media?parent=239"}],"curies":[{"name":"wp","href":"https:\/\/api.w.org\/{rel}","templated":true}]}}