{"id":245,"date":"2021-01-20T22:21:35","date_gmt":"2021-01-20T22:21:35","guid":{"rendered":"https:\/\/www.purhotmelt.com\/?page_id=245"},"modified":"2021-01-20T22:21:36","modified_gmt":"2021-01-20T22:21:36","slug":"adhesive-range-for-holweg-weber-r26","status":"publish","type":"page","link":"https:\/\/www.purhotmelt.com\/es\/adhesive-range-for-holweg-weber-r26\/","title":{"rendered":"GAMA DE ADHESIVOS PARA HOLWEG WEBER R26"},"content":{"rendered":"<h1 class=\"wp-block-heading\"><\/h1>\n\n\n\n<p>Intercol es un fabricante de adhesivos para el procesamiento y encolado de diversos papeles y cartones.<\/p>\n\n\n\n<p>Nuestra gama de adhesivos incluye una gama de etiquetas y bolsas de papel h\u00edbridas a base de agua, sint\u00e9ticas y a base de almid\u00f3n, planas y carteras, ventanas pegadas, adhesivos de producci\u00f3n.<br>Este pegamento espec\u00edfico se utiliza como pegamento de costura larga para bolsas de parafina en una m\u00e1quina de producci\u00f3n de bolsas de papel Holweg.<br>Se trata de envasado de alimentos (BRC)<br>Equipo de aplicaci\u00f3n de adhesivo: sistema de pulverizaci\u00f3n<br>Sustratos: papel de parafina; no hay sustratos disponibles.<\/p>\n\n\n\n<p>Requisitos de INVESTIGACI\u00d3N.<\/p>\n\n\n\n<p>La prueba se realiza en papel de parafina, que es relativamente f\u00e1cil de pegar y adherir. Tambi\u00e9n se realizan pruebas en papel fuertemente parafinado.<\/p>\n\n\n\n<p>COMENTARIOS Y CONCLUSI\u00d3N<\/p>\n\n\n\n<p>Propuesta: 1) K3508<br>2) K1146 si se desea obtener la mejor adherencia,<\/p>\n\n\n\n<p>Nota: AA 612 es un adhesivo pegajoso fuerte; ser\u00e1 m\u00e1s dif\u00edcil de limpiar y procesar que K 3508<\/p>\n\n\n\n<p>Ambos son adecuados y est\u00e1n permitidos por las regulaciones europeas y estadounidenses para unir envases de alimentos.<\/p>\n\n\n\n<p>Tabla 1: Resumen de valores f\u00edsicos del competidor y nueva propuesta<\/p>\n\n\n\n<p>Adhesivo de la competencia<br>VA 557\/3<br>AA 612<\/p>","protected":false},"excerpt":{"rendered":"<p>Intercol is an adhesives manufacturer for the processing and gluing of various&nbsp; paper and Boards. Our [&hellip;]<\/p>","protected":false},"author":1,"featured_media":0,"parent":0,"menu_order":0,"comment_status":"closed","ping_status":"closed","template":"","meta":{"footnotes":""},"class_list":["post-245","page","type-page","status-publish","hentry"],"yoast_head":"<!-- This site is optimized with the Yoast SEO plugin v17.0 - https:\/\/yoast.com\/wordpress\/plugins\/seo\/ -->\n<title>ADHESIVE RANGE FOR HOLWEG WEBER R26 - PUR hot melt adhesives<\/title>\n<meta name=\"robots\" content=\"index, follow, max-snippet:-1, max-image-preview:large, max-video-preview:-1\" \/>\n<link rel=\"canonical\" href=\"https:\/\/www.purhotmelt.com\/es\/adhesive-range-for-holweg-weber-r26\/\" \/>\n<meta property=\"og:locale\" content=\"es_ES\" \/>\n<meta property=\"og:type\" content=\"article\" \/>\n<meta property=\"og:title\" content=\"ADHESIVE RANGE FOR HOLWEG WEBER R26 - PUR hot melt adhesives\" \/>\n<meta property=\"og:description\" content=\"Intercol is an adhesives manufacturer for the processing and gluing of various&nbsp; paper and Boards. Our [&hellip;]\" \/>\n<meta property=\"og:url\" content=\"https:\/\/www.purhotmelt.com\/es\/adhesive-range-for-holweg-weber-r26\/\" \/>\n<meta property=\"og:site_name\" content=\"PUR hot melt adhesives\" \/>\n<meta property=\"article:modified_time\" content=\"2021-01-20T22:21:36+00:00\" \/>\n<meta name=\"twitter:card\" content=\"summary_large_image\" \/>\n<meta name=\"twitter:label1\" content=\"Tiempo de lectura\" \/>\n\t<meta name=\"twitter:data1\" content=\"1 minuto\" \/>\n<script type=\"application\/ld+json\" class=\"yoast-schema-graph\">{\"@context\":\"https:\/\/schema.org\",\"@graph\":[{\"@type\":\"WebSite\",\"@id\":\"https:\/\/www.purhotmelt.com\/#website\",\"url\":\"https:\/\/www.purhotmelt.com\/\",\"name\":\"PUR hot melt adhesives\",\"description\":\"Intercol: Specialist manufacturer\",\"potentialAction\":[{\"@type\":\"SearchAction\",\"target\":{\"@type\":\"EntryPoint\",\"urlTemplate\":\"https:\/\/www.purhotmelt.com\/?s={search_term_string}\"},\"query-input\":\"required name=search_term_string\"}],\"inLanguage\":\"es\"},{\"@type\":\"WebPage\",\"@id\":\"https:\/\/www.purhotmelt.com\/fr\/adhesive-range-for-holweg-weber-r26\/#webpage\",\"url\":\"https:\/\/www.purhotmelt.com\/fr\/adhesive-range-for-holweg-weber-r26\/\",\"name\":\"ADHESIVE RANGE FOR HOLWEG WEBER R26 - PUR hot melt adhesives\",\"isPartOf\":{\"@id\":\"https:\/\/www.purhotmelt.com\/#website\"},\"datePublished\":\"2021-01-20T22:21:35+00:00\",\"dateModified\":\"2021-01-20T22:21:36+00:00\",\"breadcrumb\":{\"@id\":\"https:\/\/www.purhotmelt.com\/fr\/adhesive-range-for-holweg-weber-r26\/#breadcrumb\"},\"inLanguage\":\"es\",\"potentialAction\":[{\"@type\":\"ReadAction\",\"target\":[\"https:\/\/www.purhotmelt.com\/fr\/adhesive-range-for-holweg-weber-r26\/\"]}]},{\"@type\":\"BreadcrumbList\",\"@id\":\"https:\/\/www.purhotmelt.com\/fr\/adhesive-range-for-holweg-weber-r26\/#breadcrumb\",\"itemListElement\":[{\"@type\":\"ListItem\",\"position\":1,\"name\":\"Home\",\"item\":\"https:\/\/www.purhotmelt.com\/\"},{\"@type\":\"ListItem\",\"position\":2,\"name\":\"ADHESIVE RANGE FOR HOLWEG WEBER R26\"}]}]}<\/script>\n<!-- \/ Yoast SEO plugin. -->","yoast_head_json":{"title":"GAMA DE ADHESIVOS PARA HOLWEG WEBER R26 - Adhesivos termofusibles PUR","robots":{"index":"index","follow":"follow","max-snippet":"max-snippet:-1","max-image-preview":"max-image-preview:large","max-video-preview":"max-video-preview:-1"},"canonical":"https:\/\/www.purhotmelt.com\/es\/adhesive-range-for-holweg-weber-r26\/","og_locale":"es_ES","og_type":"article","og_title":"ADHESIVE RANGE FOR HOLWEG WEBER R26 - PUR hot melt adhesives","og_description":"Intercol is an adhesives manufacturer for the processing and gluing of various&nbsp; paper and Boards. Our [&hellip;]","og_url":"https:\/\/www.purhotmelt.com\/es\/adhesive-range-for-holweg-weber-r26\/","og_site_name":"PUR hot melt adhesives","article_modified_time":"2021-01-20T22:21:36+00:00","twitter_card":"summary_large_image","twitter_misc":{"Tiempo de lectura":"1 minuto"},"schema":{"@context":"https:\/\/schema.org","@graph":[{"@type":"WebSite","@id":"https:\/\/www.purhotmelt.com\/#website","url":"https:\/\/www.purhotmelt.com\/","name":"Adhesivos termofusibles PUR","description":"Intercol: fabricante especialista","potentialAction":[{"@type":"SearchAction","target":{"@type":"EntryPoint","urlTemplate":"https:\/\/www.purhotmelt.com\/?s={search_term_string}"},"query-input":"required name=search_term_string"}],"inLanguage":"es"},{"@type":"WebPage","@id":"https:\/\/www.purhotmelt.com\/fr\/adhesive-range-for-holweg-weber-r26\/#webpage","url":"https:\/\/www.purhotmelt.com\/fr\/adhesive-range-for-holweg-weber-r26\/","name":"GAMA DE ADHESIVOS PARA HOLWEG WEBER R26 - Adhesivos termofusibles PUR","isPartOf":{"@id":"https:\/\/www.purhotmelt.com\/#website"},"datePublished":"2021-01-20T22:21:35+00:00","dateModified":"2021-01-20T22:21:36+00:00","breadcrumb":{"@id":"https:\/\/www.purhotmelt.com\/fr\/adhesive-range-for-holweg-weber-r26\/#breadcrumb"},"inLanguage":"es","potentialAction":[{"@type":"ReadAction","target":["https:\/\/www.purhotmelt.com\/fr\/adhesive-range-for-holweg-weber-r26\/"]}]},{"@type":"BreadcrumbList","@id":"https:\/\/www.purhotmelt.com\/fr\/adhesive-range-for-holweg-weber-r26\/#breadcrumb","itemListElement":[{"@type":"ListItem","position":1,"name":"Home","item":"https:\/\/www.purhotmelt.com\/"},{"@type":"ListItem","position":2,"name":"ADHESIVE RANGE FOR HOLWEG WEBER R26"}]}]}},"_links":{"self":[{"href":"https:\/\/www.purhotmelt.com\/es\/wp-json\/wp\/v2\/pages\/245","targetHints":{"allow":["GET"]}}],"collection":[{"href":"https:\/\/www.purhotmelt.com\/es\/wp-json\/wp\/v2\/pages"}],"about":[{"href":"https:\/\/www.purhotmelt.com\/es\/wp-json\/wp\/v2\/types\/page"}],"author":[{"embeddable":true,"href":"https:\/\/www.purhotmelt.com\/es\/wp-json\/wp\/v2\/users\/1"}],"replies":[{"embeddable":true,"href":"https:\/\/www.purhotmelt.com\/es\/wp-json\/wp\/v2\/comments?post=245"}],"version-history":[{"count":1,"href":"https:\/\/www.purhotmelt.com\/es\/wp-json\/wp\/v2\/pages\/245\/revisions"}],"predecessor-version":[{"id":247,"href":"https:\/\/www.purhotmelt.com\/es\/wp-json\/wp\/v2\/pages\/245\/revisions\/247"}],"wp:attachment":[{"href":"https:\/\/www.purhotmelt.com\/es\/wp-json\/wp\/v2\/media?parent=245"}],"curies":[{"name":"wp","href":"https:\/\/api.w.org\/{rel}","templated":true}]}}