{"id":254,"date":"2021-01-20T22:24:59","date_gmt":"2021-01-20T22:24:59","guid":{"rendered":"https:\/\/www.purhotmelt.com\/?page_id=254"},"modified":"2021-01-20T22:25:00","modified_gmt":"2021-01-20T22:25:00","slug":"low-application-temperature-hot-melt-adhesives","status":"publish","type":"page","link":"https:\/\/www.purhotmelt.com\/es\/low-application-temperature-hot-melt-adhesives\/","title":{"rendered":"ADHESIVOS HOT MELT PARA BAJA TEMPERATURA DE APLICACI\u00d3N"},"content":{"rendered":"<h1 class=\"wp-block-heading\"><\/h1>\n\n\n\n<p>La temperatura de aplicaci\u00f3n de los adhesivos termofusibles se debe presentar en la hoja de datos t\u00e9cnicos del producto, algunos otros detalles, como un breve resumen de la aplicaci\u00f3n y la viscosidad, tambi\u00e9n son \u00fatiles, incluso como el punto de fusi\u00f3n. Los datos opcionales pueden ser la composici\u00f3n del adhesivo termofusible, su color y forma.<\/p>\n\n\n\n<h2 class=\"wp-block-heading\">ADHESIVOS HOT MELT PARA BAJA TEMPERATURA DE APLICACI\u00d3N<\/h2>\n\n\n\n<p>Existe una tendencia a los adhesivos termofusibles a baja temperatura de aplicaci\u00f3n, pero estos pueden tener algunas desventajas. La temperatura t\u00edpica de los adhesivos termofusibles est\u00e1ndar en la industria del envasado es de 160 \u00b0 C, mientras que el adhesivo termofusible t\u00edpico de baja temperatura de aplicaci\u00f3n es de 120 \u00b0 C. Las dos razones principales para promover adhesivos termofusibles de baja temperatura de aplicaci\u00f3n son:<\/p>\n\n\n\n<ul class=\"wp-block-list\"><li>Alto rendimiento en una amplia variedad de aplicaciones<ul><li>Los adhesivos termofusibles de baja temperatura de aplicaci\u00f3n requieren pol\u00edmeros de bajo punto de fusi\u00f3n. Estos pol\u00edmeros cubren aproximadamente solo el 25% de la disponibilidad de pol\u00edmeros. Con el enfoque en el adhesivo termofusible de temperatura de aplicaci\u00f3n est\u00e1ndar, la elecci\u00f3n de pol\u00edmeros base aumenta de 75% a 100%. Entonces, m\u00e1s opciones si se consideran la temperatura de aplicaci\u00f3n est\u00e1ndar Y baja.<\/li><\/ul><\/li><li>Sin humos<ul><li>Los adhesivos termofusibles de alta calidad no emiten humo a 160 \u00b0 C, ni siquiera a 180 \u00b0 C<\/li><\/ul><\/li><li>Menor consumo de energ\u00eda.<ul><li>Es posible que esto sea cierto, podr\u00eda ser un efecto secundario agradable, siempre que los hot melts de aplicaci\u00f3n a baja temperatura ahorren en consumo (la cantidad) y tambi\u00e9n en la eficiencia de la l\u00ednea (sin paradas de la m\u00e1quina o tiempo de procesamiento m\u00e1s lento de la m\u00e1quina de envasado). Puede considerarse como &quot;una gota en el balde&quot;.<\/li><\/ul><\/li><li>Seguridad mejorada<ul><li>Tambi\u00e9n es una \u201cgota en el cubo\u201d, las quemaduras a 120 \u00b0 C siguen siendo muy peligrosas y las medidas de seguridad son iguales a las quemaduras a 160 \u00b0 C. M\u00e1s bien, invierta en un bajo consumo de adhesivo, mantenimiento y formaci\u00f3n. Menos interrupciones de la m\u00e1quina proporcionar\u00edan un nivel de seguridad cada vez m\u00e1s probable.<\/li><\/ul><\/li><li>Reducci\u00f3n del consumo medio de 20 % frente a los adhesivos termofusibles tradicionales<ul><li>Cierto; contra EVA amarillento est\u00e1ndar. ya que la mayor\u00eda de los adhesivos termofusibles de baja temperatura se basan en poliolefinas. Los nuevos adhesivos termofusibles de poliolefina a 160 \u00b0 C permiten incluso un menor consumo de adhesivo hasta 60%. (\u00a1Los adhesivos termofusibles de baja temperatura son 50% menos eficientes!)<\/li><\/ul><\/li><li>Mantenimiento sin complicaciones<ul><li>Cierto; Una temperatura de aplicaci\u00f3n m\u00e1s baja producir\u00e1 un menor envejecimiento de la capa de carb\u00f3n y del termofusible por oxidaci\u00f3n. Pero, el EVA blanco de alta calidad y la poliolefina de alta calidad tambi\u00e9n ser\u00e1n estables a 160 \u00b0 C.<\/li><\/ul><\/li><\/ul>\n\n\n\n<h2 class=\"wp-block-heading\">RESISTENCIA A LA TEMPERATURA<\/h2>\n\n\n\n<p>Mucha gente asume que el punto de fusi\u00f3n de un adhesivo termofusible es igual a la resistencia al calor de un adhesivo termofusible en un envase. Como la mayor\u00eda de los adhesivos termofusibles son termopl\u00e1sticos, se volver\u00e1n m\u00e1s blandos incluso muy por debajo del punto de fusi\u00f3n. El punto de fusi\u00f3n es solo el punto f\u00edsico donde el estado s\u00f3lido se vuelve fluido. Otro par\u00e1metro importante de temperatura de un adhesivo termofusible es el&nbsp;<strong>A<\/strong>dhesi\u00f3n&nbsp;<strong>F<\/strong>afligir<strong>&nbsp;T<\/strong>temperatura, esto podr\u00eda ser un Shear-SAFT y un Peal-PAFT. Esto significa, la temperatura a la que un adhesivo no se adhiere bajo una carga.<\/p>\n\n\n\n<h2 class=\"wp-block-heading\">ALGUNAS TEMPERATURAS T\u00cdPICAS DE EMBALAJE DE ADHESIVOS HOT MELT.<\/h2>\n\n\n\n<figure class=\"wp-block-table\"><table><tbody><tr><td>Adhesivo<\/td><td>solicitud<br>temperatura<\/td><td>Derritiendo<br>punto<\/td><td>Adhesi\u00f3n<br>Fallar<br>Temperatura.<\/td><\/tr><tr><td>Termofusible a baja temperatura de aplicaci\u00f3n<\/td><td>120 \u00b0 C<\/td><td>85 \u00b0 C<\/td><td>38 \u00b0 C<\/td><\/tr><tr><td>Embalaje est\u00e1ndar termofusible<\/td><td>160 \u00b0 C<\/td><td>110 \u00b0 C<\/td><td>50 \u00b0 C<\/td><\/tr><tr><td>Fusible en caliente de alta resistencia al calor<\/td><td>170 \u00b0 C<\/td><td>110 \u00b0 C<\/td><td>65 \u00b0 C<\/td><\/tr><\/tbody><\/table><\/figure>\n\n\n\n<h2 class=\"wp-block-heading\">CONCLUSI\u00d3N<\/h2>\n\n\n\n<p>Los adhesivos termofusibles de baja temperatura de aplicaci\u00f3n pueden ser una opci\u00f3n, pero recomendamos centrarse en el proceso de envasado total para que funcione de manera m\u00e1s eficiente. Adem\u00e1s, existe el riesgo de que falle la adhesi\u00f3n en el transporte regular, especialmente en, hacia y sobre pa\u00edses alrededor del ecuador. Tambi\u00e9n tenga en cuenta que durante los veranos calurosos las temperaturas de transporte pueden llegar a superar cada vez m\u00e1s los 40 \u00b0 C incluso en pa\u00edses que no est\u00e1n cerca del ecuador.<\/p>","protected":false},"excerpt":{"rendered":"<p>The\u00a0application temperature of hot melt adhesives\u00a0should be presented on the Product Technical datasheet, som other details [&hellip;]<\/p>","protected":false},"author":1,"featured_media":0,"parent":0,"menu_order":0,"comment_status":"closed","ping_status":"closed","template":"","meta":{"footnotes":""},"class_list":["post-254","page","type-page","status-publish","hentry"],"yoast_head":"<!-- This site is optimized with the Yoast SEO plugin v17.0 - https:\/\/yoast.com\/wordpress\/plugins\/seo\/ -->\n<title>LOW APPLICATION TEMPERATURE HOT MELT ADHESIVES - PUR hot melt adhesives<\/title>\n<meta name=\"robots\" content=\"index, follow, max-snippet:-1, max-image-preview:large, max-video-preview:-1\" \/>\n<link rel=\"canonical\" href=\"https:\/\/www.purhotmelt.com\/es\/low-application-temperature-hot-melt-adhesives\/\" \/>\n<meta property=\"og:locale\" content=\"es_ES\" \/>\n<meta property=\"og:type\" content=\"article\" \/>\n<meta property=\"og:title\" content=\"LOW APPLICATION TEMPERATURE HOT MELT ADHESIVES - PUR hot melt adhesives\" \/>\n<meta property=\"og:description\" content=\"The\u00a0application temperature of hot melt adhesives\u00a0should be presented on the Product Technical datasheet, som other details [&hellip;]\" \/>\n<meta property=\"og:url\" content=\"https:\/\/www.purhotmelt.com\/es\/low-application-temperature-hot-melt-adhesives\/\" \/>\n<meta property=\"og:site_name\" content=\"PUR hot melt adhesives\" \/>\n<meta property=\"article:modified_time\" content=\"2021-01-20T22:25:00+00:00\" \/>\n<meta name=\"twitter:card\" content=\"summary_large_image\" \/>\n<meta name=\"twitter:label1\" content=\"Tiempo de lectura\" \/>\n\t<meta name=\"twitter:data1\" content=\"3 minutos\" \/>\n<script type=\"application\/ld+json\" class=\"yoast-schema-graph\">{\"@context\":\"https:\/\/schema.org\",\"@graph\":[{\"@type\":\"WebSite\",\"@id\":\"https:\/\/www.purhotmelt.com\/#website\",\"url\":\"https:\/\/www.purhotmelt.com\/\",\"name\":\"PUR hot melt adhesives\",\"description\":\"Intercol: Specialist manufacturer\",\"potentialAction\":[{\"@type\":\"SearchAction\",\"target\":{\"@type\":\"EntryPoint\",\"urlTemplate\":\"https:\/\/www.purhotmelt.com\/?s={search_term_string}\"},\"query-input\":\"required name=search_term_string\"}],\"inLanguage\":\"es\"},{\"@type\":\"WebPage\",\"@id\":\"https:\/\/www.purhotmelt.com\/low-application-temperature-hot-melt-adhesives\/#webpage\",\"url\":\"https:\/\/www.purhotmelt.com\/low-application-temperature-hot-melt-adhesives\/\",\"name\":\"LOW APPLICATION TEMPERATURE HOT MELT ADHESIVES - PUR hot melt adhesives\",\"isPartOf\":{\"@id\":\"https:\/\/www.purhotmelt.com\/#website\"},\"datePublished\":\"2021-01-20T22:24:59+00:00\",\"dateModified\":\"2021-01-20T22:25:00+00:00\",\"breadcrumb\":{\"@id\":\"https:\/\/www.purhotmelt.com\/low-application-temperature-hot-melt-adhesives\/#breadcrumb\"},\"inLanguage\":\"es\",\"potentialAction\":[{\"@type\":\"ReadAction\",\"target\":[\"https:\/\/www.purhotmelt.com\/low-application-temperature-hot-melt-adhesives\/\"]}]},{\"@type\":\"BreadcrumbList\",\"@id\":\"https:\/\/www.purhotmelt.com\/low-application-temperature-hot-melt-adhesives\/#breadcrumb\",\"itemListElement\":[{\"@type\":\"ListItem\",\"position\":1,\"name\":\"Home\",\"item\":\"https:\/\/www.purhotmelt.com\/\"},{\"@type\":\"ListItem\",\"position\":2,\"name\":\"LOW APPLICATION TEMPERATURE HOT MELT ADHESIVES\"}]}]}<\/script>\n<!-- \/ Yoast SEO plugin. -->","yoast_head_json":{"title":"ADHESIVOS HOT MELT PARA BAJA TEMPERATURA DE APLICACI\u00d3N - Adhesivos hot melt PUR","robots":{"index":"index","follow":"follow","max-snippet":"max-snippet:-1","max-image-preview":"max-image-preview:large","max-video-preview":"max-video-preview:-1"},"canonical":"https:\/\/www.purhotmelt.com\/es\/low-application-temperature-hot-melt-adhesives\/","og_locale":"es_ES","og_type":"article","og_title":"LOW APPLICATION TEMPERATURE HOT MELT ADHESIVES - PUR hot melt adhesives","og_description":"The\u00a0application temperature of hot melt adhesives\u00a0should be presented on the Product Technical datasheet, som other details [&hellip;]","og_url":"https:\/\/www.purhotmelt.com\/es\/low-application-temperature-hot-melt-adhesives\/","og_site_name":"PUR hot melt adhesives","article_modified_time":"2021-01-20T22:25:00+00:00","twitter_card":"summary_large_image","twitter_misc":{"Tiempo de lectura":"3 minutos"},"schema":{"@context":"https:\/\/schema.org","@graph":[{"@type":"WebSite","@id":"https:\/\/www.purhotmelt.com\/#website","url":"https:\/\/www.purhotmelt.com\/","name":"Adhesivos termofusibles PUR","description":"Intercol: fabricante especialista","potentialAction":[{"@type":"SearchAction","target":{"@type":"EntryPoint","urlTemplate":"https:\/\/www.purhotmelt.com\/?s={search_term_string}"},"query-input":"required name=search_term_string"}],"inLanguage":"es"},{"@type":"WebPage","@id":"https:\/\/www.purhotmelt.com\/low-application-temperature-hot-melt-adhesives\/#webpage","url":"https:\/\/www.purhotmelt.com\/low-application-temperature-hot-melt-adhesives\/","name":"ADHESIVOS HOT MELT PARA BAJA TEMPERATURA DE APLICACI\u00d3N - Adhesivos hot melt PUR","isPartOf":{"@id":"https:\/\/www.purhotmelt.com\/#website"},"datePublished":"2021-01-20T22:24:59+00:00","dateModified":"2021-01-20T22:25:00+00:00","breadcrumb":{"@id":"https:\/\/www.purhotmelt.com\/low-application-temperature-hot-melt-adhesives\/#breadcrumb"},"inLanguage":"es","potentialAction":[{"@type":"ReadAction","target":["https:\/\/www.purhotmelt.com\/low-application-temperature-hot-melt-adhesives\/"]}]},{"@type":"BreadcrumbList","@id":"https:\/\/www.purhotmelt.com\/low-application-temperature-hot-melt-adhesives\/#breadcrumb","itemListElement":[{"@type":"ListItem","position":1,"name":"Home","item":"https:\/\/www.purhotmelt.com\/"},{"@type":"ListItem","position":2,"name":"LOW APPLICATION TEMPERATURE HOT MELT ADHESIVES"}]}]}},"_links":{"self":[{"href":"https:\/\/www.purhotmelt.com\/es\/wp-json\/wp\/v2\/pages\/254","targetHints":{"allow":["GET"]}}],"collection":[{"href":"https:\/\/www.purhotmelt.com\/es\/wp-json\/wp\/v2\/pages"}],"about":[{"href":"https:\/\/www.purhotmelt.com\/es\/wp-json\/wp\/v2\/types\/page"}],"author":[{"embeddable":true,"href":"https:\/\/www.purhotmelt.com\/es\/wp-json\/wp\/v2\/users\/1"}],"replies":[{"embeddable":true,"href":"https:\/\/www.purhotmelt.com\/es\/wp-json\/wp\/v2\/comments?post=254"}],"version-history":[{"count":1,"href":"https:\/\/www.purhotmelt.com\/es\/wp-json\/wp\/v2\/pages\/254\/revisions"}],"predecessor-version":[{"id":256,"href":"https:\/\/www.purhotmelt.com\/es\/wp-json\/wp\/v2\/pages\/254\/revisions\/256"}],"wp:attachment":[{"href":"https:\/\/www.purhotmelt.com\/es\/wp-json\/wp\/v2\/media?parent=254"}],"curies":[{"name":"wp","href":"https:\/\/api.w.org\/{rel}","templated":true}]}}