{"id":257,"date":"2021-01-20T22:26:43","date_gmt":"2021-01-20T22:26:43","guid":{"rendered":"https:\/\/www.purhotmelt.com\/?page_id=257"},"modified":"2021-01-20T22:26:44","modified_gmt":"2021-01-20T22:26:44","slug":"ethylene-vinyl-acetate-copolymer","status":"publish","type":"page","link":"https:\/\/www.purhotmelt.com\/es\/ethylene-vinyl-acetate-copolymer\/","title":{"rendered":"COPOL\u00cdMERO DE ACETATO DE ETILENO VINILO"},"content":{"rendered":"<h1 class=\"wp-block-heading\"><\/h1>\n\n\n\n<p>Intercol puede fabricar y desarrollar mezclas con soluciones de copol\u00edmero de etileno acetato de vinilo.<\/p>\n\n\n\n<p>Si est\u00e1 buscando requisitos espec\u00edficos en adhesivos o recubrimientos, nuestro laboratorio puede encontrar la soluci\u00f3n de acuerdo con las necesidades espec\u00edficas del cliente.<\/p>\n\n\n\n<p>Los copol\u00edmeros de PVAc en Intercol son principalmente adhesivos que se utilizan en embalaje, procesamiento y fabricaci\u00f3n de textiles, encuadernaci\u00f3n, uni\u00f3n o revestimiento de pel\u00edculas pl\u00e1sticas, termosellados o para unir superficies met\u00e1licas o papel prerrevestido. EVA \/ PVAc est\u00e1n disponibles como polvos dispersables y en fluidos a base de agua, libres de solventes. Estos pol\u00edmeros tambi\u00e9n se utilizan en revoques y revoques de cemento. Las pel\u00edculas de EVA son en su mayor\u00eda flexibles, los homopol\u00edmeros no lo son, pero \u00bfse pueden hacer flexibles con plastificantes (aprobados para alimentos)?<\/p>\n\n\n\n<p>Intercol puede adaptar las propiedades del etileno-acetato de vinilo, principalmente en estado fluido, agregando, por ejemplo, promotores de adhesi\u00f3n, tensioactivos, antioxidantes, agentes humectantes o mezclas con otros pol\u00edmeros. Ofrecemos un amplio conocimiento y a\u00f1os de experiencia en una amplia variedad de industrias.<\/p>\n\n\n\n<p>Los acetatos de etileno vin\u00edlico son generalmente poco t\u00f3xicos y seguros de usar en aplicaciones est\u00e1ndar, como electrodom\u00e9sticos a base de agua para productos de envasado de alimentos. En esas aplicaciones, incluso el envasado de alimentos est\u00e1 aprobado por las leyes de la UE y los EE. UU. Siempre se deben consultar las precauciones de seguridad y la informaci\u00f3n proporcionada en la SDS (hoja de datos de seguridad) del producto espec\u00edfico.<\/p>\n\n\n\n<p>Intercol es uno de los principales fabricantes de adhesivos fluidos de etileno vinil acetato, para envasado (de alimentos), conversi\u00f3n de papel, encolado de madera y muchas aplicaciones especiales en industrias como el ensamblaje y la construcci\u00f3n de art\u00edculos blancos.<\/p>\n\n\n\n<p>Estamos vinculados con varios otros proveedores de copol\u00edmeros de acetato, de esa manera Intercol puede mezclar y combinar soluciones \u00fanicas y espec\u00edficas para el cliente.<\/p>\n\n\n\n<p>Tambi\u00e9n es posible espumar etileno acetato de vinilo, o al rev\u00e9s, desespumarlo en su proceso si lo desea. Dependiendo de sus requisitos, podemos agregar soluciones espec\u00edficas de espuma o incluso expansores de espuma espec\u00edficos. Tal vez rellenar con, por ejemplo, arcilla es una alternativa interesante.<\/p>\n\n\n\n<p>Para adhesivos termofusibles. el punto de fusi\u00f3n del etileno acetato de vinilo es una especificaci\u00f3n importante, ya que estos se suministran calientes (generalmente entre 120 y 200\u00baC). Los recubrimientos a base de agua pueden reaccionar con calor despu\u00e9s del secado.<\/p>","protected":false},"excerpt":{"rendered":"<p>Intercol is able to make and develop blends with Ethylene Vinyl Acetate Copolymer solutions. If you [&hellip;]<\/p>","protected":false},"author":1,"featured_media":0,"parent":0,"menu_order":0,"comment_status":"closed","ping_status":"closed","template":"","meta":{"footnotes":""},"class_list":["post-257","page","type-page","status-publish","hentry"],"yoast_head":"<!-- This site is optimized with the Yoast SEO plugin v17.0 - https:\/\/yoast.com\/wordpress\/plugins\/seo\/ -->\n<title>ETHYLENE VINYL ACETATE COPOLYMER - PUR hot melt adhesives<\/title>\n<meta name=\"robots\" content=\"index, follow, max-snippet:-1, max-image-preview:large, max-video-preview:-1\" \/>\n<link rel=\"canonical\" href=\"https:\/\/www.purhotmelt.com\/es\/ethylene-vinyl-acetate-copolymer\/\" \/>\n<meta property=\"og:locale\" content=\"es_ES\" \/>\n<meta property=\"og:type\" content=\"article\" \/>\n<meta property=\"og:title\" content=\"ETHYLENE VINYL ACETATE COPOLYMER - PUR hot melt adhesives\" \/>\n<meta property=\"og:description\" content=\"Intercol is able to make and develop blends with Ethylene Vinyl Acetate Copolymer solutions. If you [&hellip;]\" \/>\n<meta property=\"og:url\" content=\"https:\/\/www.purhotmelt.com\/es\/ethylene-vinyl-acetate-copolymer\/\" \/>\n<meta property=\"og:site_name\" content=\"PUR hot melt adhesives\" \/>\n<meta property=\"article:modified_time\" content=\"2021-01-20T22:26:44+00:00\" \/>\n<meta name=\"twitter:card\" content=\"summary_large_image\" \/>\n<meta name=\"twitter:label1\" content=\"Tiempo de lectura\" \/>\n\t<meta name=\"twitter:data1\" content=\"2 minutos\" \/>\n<script type=\"application\/ld+json\" class=\"yoast-schema-graph\">{\"@context\":\"https:\/\/schema.org\",\"@graph\":[{\"@type\":\"WebSite\",\"@id\":\"https:\/\/www.purhotmelt.com\/#website\",\"url\":\"https:\/\/www.purhotmelt.com\/\",\"name\":\"PUR hot melt adhesives\",\"description\":\"Intercol: Specialist manufacturer\",\"potentialAction\":[{\"@type\":\"SearchAction\",\"target\":{\"@type\":\"EntryPoint\",\"urlTemplate\":\"https:\/\/www.purhotmelt.com\/?s={search_term_string}\"},\"query-input\":\"required name=search_term_string\"}],\"inLanguage\":\"es\"},{\"@type\":\"WebPage\",\"@id\":\"https:\/\/www.purhotmelt.com\/nl\/ethylene-vinyl-acetate-copolymer\/#webpage\",\"url\":\"https:\/\/www.purhotmelt.com\/nl\/ethylene-vinyl-acetate-copolymer\/\",\"name\":\"ETHYLENE VINYL ACETATE COPOLYMER - PUR hot melt adhesives\",\"isPartOf\":{\"@id\":\"https:\/\/www.purhotmelt.com\/#website\"},\"datePublished\":\"2021-01-20T22:26:43+00:00\",\"dateModified\":\"2021-01-20T22:26:44+00:00\",\"breadcrumb\":{\"@id\":\"https:\/\/www.purhotmelt.com\/nl\/ethylene-vinyl-acetate-copolymer\/#breadcrumb\"},\"inLanguage\":\"es\",\"potentialAction\":[{\"@type\":\"ReadAction\",\"target\":[\"https:\/\/www.purhotmelt.com\/nl\/ethylene-vinyl-acetate-copolymer\/\"]}]},{\"@type\":\"BreadcrumbList\",\"@id\":\"https:\/\/www.purhotmelt.com\/nl\/ethylene-vinyl-acetate-copolymer\/#breadcrumb\",\"itemListElement\":[{\"@type\":\"ListItem\",\"position\":1,\"name\":\"Home\",\"item\":\"https:\/\/www.purhotmelt.com\/\"},{\"@type\":\"ListItem\",\"position\":2,\"name\":\"ETHYLENE VINYL ACETATE COPOLYMER\"}]}]}<\/script>\n<!-- \/ Yoast SEO plugin. -->","yoast_head_json":{"title":"COPOL\u00cdMERO DE ACETATO DE ETILENO VINILO - Adhesivos termofusibles PUR","robots":{"index":"index","follow":"follow","max-snippet":"max-snippet:-1","max-image-preview":"max-image-preview:large","max-video-preview":"max-video-preview:-1"},"canonical":"https:\/\/www.purhotmelt.com\/es\/ethylene-vinyl-acetate-copolymer\/","og_locale":"es_ES","og_type":"article","og_title":"ETHYLENE VINYL ACETATE COPOLYMER - PUR hot melt adhesives","og_description":"Intercol is able to make and develop blends with Ethylene Vinyl Acetate Copolymer solutions. If you [&hellip;]","og_url":"https:\/\/www.purhotmelt.com\/es\/ethylene-vinyl-acetate-copolymer\/","og_site_name":"PUR hot melt adhesives","article_modified_time":"2021-01-20T22:26:44+00:00","twitter_card":"summary_large_image","twitter_misc":{"Tiempo de lectura":"2 minutos"},"schema":{"@context":"https:\/\/schema.org","@graph":[{"@type":"WebSite","@id":"https:\/\/www.purhotmelt.com\/#website","url":"https:\/\/www.purhotmelt.com\/","name":"Adhesivos termofusibles PUR","description":"Intercol: fabricante especialista","potentialAction":[{"@type":"SearchAction","target":{"@type":"EntryPoint","urlTemplate":"https:\/\/www.purhotmelt.com\/?s={search_term_string}"},"query-input":"required name=search_term_string"}],"inLanguage":"es"},{"@type":"WebPage","@id":"https:\/\/www.purhotmelt.com\/nl\/ethylene-vinyl-acetate-copolymer\/#webpage","url":"https:\/\/www.purhotmelt.com\/nl\/ethylene-vinyl-acetate-copolymer\/","name":"COPOL\u00cdMERO DE ACETATO DE ETILENO VINILO - Adhesivos termofusibles PUR","isPartOf":{"@id":"https:\/\/www.purhotmelt.com\/#website"},"datePublished":"2021-01-20T22:26:43+00:00","dateModified":"2021-01-20T22:26:44+00:00","breadcrumb":{"@id":"https:\/\/www.purhotmelt.com\/nl\/ethylene-vinyl-acetate-copolymer\/#breadcrumb"},"inLanguage":"es","potentialAction":[{"@type":"ReadAction","target":["https:\/\/www.purhotmelt.com\/nl\/ethylene-vinyl-acetate-copolymer\/"]}]},{"@type":"BreadcrumbList","@id":"https:\/\/www.purhotmelt.com\/nl\/ethylene-vinyl-acetate-copolymer\/#breadcrumb","itemListElement":[{"@type":"ListItem","position":1,"name":"Home","item":"https:\/\/www.purhotmelt.com\/"},{"@type":"ListItem","position":2,"name":"ETHYLENE VINYL ACETATE COPOLYMER"}]}]}},"_links":{"self":[{"href":"https:\/\/www.purhotmelt.com\/es\/wp-json\/wp\/v2\/pages\/257","targetHints":{"allow":["GET"]}}],"collection":[{"href":"https:\/\/www.purhotmelt.com\/es\/wp-json\/wp\/v2\/pages"}],"about":[{"href":"https:\/\/www.purhotmelt.com\/es\/wp-json\/wp\/v2\/types\/page"}],"author":[{"embeddable":true,"href":"https:\/\/www.purhotmelt.com\/es\/wp-json\/wp\/v2\/users\/1"}],"replies":[{"embeddable":true,"href":"https:\/\/www.purhotmelt.com\/es\/wp-json\/wp\/v2\/comments?post=257"}],"version-history":[{"count":1,"href":"https:\/\/www.purhotmelt.com\/es\/wp-json\/wp\/v2\/pages\/257\/revisions"}],"predecessor-version":[{"id":259,"href":"https:\/\/www.purhotmelt.com\/es\/wp-json\/wp\/v2\/pages\/257\/revisions\/259"}],"wp:attachment":[{"href":"https:\/\/www.purhotmelt.com\/es\/wp-json\/wp\/v2\/media?parent=257"}],"curies":[{"name":"wp","href":"https:\/\/api.w.org\/{rel}","templated":true}]}}