{"id":266,"date":"2021-01-20T22:30:27","date_gmt":"2021-01-20T22:30:27","guid":{"rendered":"https:\/\/www.purhotmelt.com\/?page_id=266"},"modified":"2021-01-20T22:30:29","modified_gmt":"2021-01-20T22:30:29","slug":"how-to-make-polyurethane-pur-hot-melt","status":"publish","type":"page","link":"https:\/\/www.purhotmelt.com\/es\/how-to-make-polyurethane-pur-hot-melt\/","title":{"rendered":"\u00bfC\u00f3mo hacer POLIURETANO PUR HOT MELT?"},"content":{"rendered":"<h1 class=\"wp-block-heading\"><\/h1>\n\n\n\n<p>La fusi\u00f3n en caliente de poliuretano reactivo (PUR) es una combinaci\u00f3n entre un adhesivo de PU y un adhesivo de fusi\u00f3n en caliente. La combinaci\u00f3n de un fraguado muy r\u00e1pido debido al r\u00e1pido enfriamiento y el curado posterior de los pol\u00edmeros de poliuretano proporciona una uni\u00f3n constructiva fuerte y duradera. Como termofusible t\u00edpico, este adhesivo es s\u00f3lido antes de la aplicaci\u00f3n y se distribuye con un sistema termofusible PUR espec\u00edfico. El termofusible PUR se cura por contacto con la humedad del aire y forma una uni\u00f3n constructiva que no puede volver a fundirse. Normalmente, los adhesivos termopl\u00e1sticos termofusibles, como EVA y PO, se volver\u00e1n a fundir cada vez que se calientan. Los adhesivos termofusibles PUR est\u00e1n disponibles en temperaturas de aplicaci\u00f3n de alta y baja temperatura, con fraguado muy r\u00e1pido o tiempo abierto prolongado, seg\u00fan los requisitos de la aplicaci\u00f3n.<\/p>\n\n\n\n<p>Los adhesivos de poliuretano son fuertes y duraderos, por lo que son ideales para una amplia variedad de aplicaciones. Hotmelt PUR se utiliza en carpinter\u00eda, producci\u00f3n de muebles, ensamblaje de materiales de construcci\u00f3n y muchas otras aplicaciones que requerir\u00edan una uni\u00f3n constructiva con un tiempo de fraguado r\u00e1pido, lo que reduce el tiempo de producci\u00f3n necesario en las f\u00e1bricas. La mayor\u00eda de los adhesivos termofusibles PUR se endurecen en cinco segundos y deben curar de 24 a 72 horas despu\u00e9s.<\/p>\n\n\n\n<p>Acabado Carpinter\u00eda, molduras de moldura \/ corona, materiales de construcci\u00f3n, marcos de madera, piedra, arcilla, ensamblaje de cajones, reparaci\u00f3n de calzado, envoltura de perfiles, tiras de alfombras, encimeras laminadas, marcos de ventanas, adornos de cer\u00e1mica para el c\u00e9sped, papel tapiz despegado, paneles.<\/p>\n\n\n\n<h3 class=\"wp-block-heading\">PREGUNTAS FRECUENTES ACERCA DE LOS HOT MELTS REACTIVOS DE POLIURETANO<\/h3>\n\n\n\n<p><strong>Pregunta: \u00bfSon los adhesivos termofusibles PUR m\u00e1s duraderos que los termofusibles termopl\u00e1sticos tradicionales?<\/strong><\/p>\n\n\n\n<p>Los termofusibles de poliuretano pueden proporcionar una uni\u00f3n m\u00e1s fuerte que los adhesivos termofusibles tradicionales. El termofusible PUR cura despu\u00e9s de hacer una fuerte uni\u00f3n inicial. Este proceso de curado tambi\u00e9n se conoce como reticulaci\u00f3n. El proceso de reticulaci\u00f3n crea enlaces internamente (cohesi\u00f3n) y fuertes enlaces al sustrato (adhesi\u00f3n).<\/p>\n\n\n\n<p><strong>Pregunta: \u00bfDe d\u00f3nde obtiene la humedad PUR hotmelt para el curado?<\/strong><\/p>\n\n\n\n<p>Hay humedad en el aire y el objeto que se est\u00e1 pegando. Normalmente, hay mucha humedad en el aire para continuar curando el termofusible PUR, sin embargo, las influencias estacionales pueden acelerar o ralentizar el proceso de curado.<\/p>\n\n\n\n<p><strong>Pregunta: \u00bfEs posible prolongar la vida \u00fatil del adhesivo termofusible PUR?<\/strong><\/p>\n\n\n\n<p>Los adhesivos termofusibles PUR se envasan en una bolsa de aluminio, este envase debe almacenarse en un lugar fresco y seco. No exponga el termofusible PUR a la lluvia, no lo almacene al aire libre y evite el contacto con la humedad. Cuando se apaga durante el d\u00eda, puede que sea necesario enjuagar el sistema o sellar el exterior de la boquilla o extrusora. PRECAUCI\u00d3N: No toque la boquilla, extrusora, revestidora o aplicador cuando est\u00e9 a temperatura m\u00e1xima. Utilice siempre guantes protectores contra el calor.<\/p>","protected":false},"excerpt":{"rendered":"<p>Polyurethane Reactive (PUR) hot melt is a combination between a PU adhesive and a hot melt [&hellip;]<\/p>","protected":false},"author":1,"featured_media":0,"parent":0,"menu_order":0,"comment_status":"closed","ping_status":"closed","template":"","meta":{"footnotes":""},"class_list":["post-266","page","type-page","status-publish","hentry"],"yoast_head":"<!-- This site is optimized with the Yoast SEO plugin v17.0 - https:\/\/yoast.com\/wordpress\/plugins\/seo\/ -->\n<title>How to make POLYURETHANE PUR HOT MELT? - PUR hot melt adhesives<\/title>\n<meta name=\"robots\" content=\"index, follow, max-snippet:-1, max-image-preview:large, max-video-preview:-1\" \/>\n<link rel=\"canonical\" href=\"https:\/\/www.purhotmelt.com\/es\/how-to-make-polyurethane-pur-hot-melt\/\" \/>\n<meta property=\"og:locale\" content=\"es_ES\" \/>\n<meta property=\"og:type\" content=\"article\" \/>\n<meta property=\"og:title\" content=\"How to make POLYURETHANE PUR HOT MELT? - PUR hot melt adhesives\" \/>\n<meta property=\"og:description\" content=\"Polyurethane Reactive (PUR) hot melt is a combination between a PU adhesive and a hot melt [&hellip;]\" \/>\n<meta property=\"og:url\" content=\"https:\/\/www.purhotmelt.com\/es\/how-to-make-polyurethane-pur-hot-melt\/\" \/>\n<meta property=\"og:site_name\" content=\"PUR hot melt adhesives\" \/>\n<meta property=\"article:modified_time\" content=\"2021-01-20T22:30:29+00:00\" \/>\n<meta name=\"twitter:card\" content=\"summary_large_image\" \/>\n<meta name=\"twitter:label1\" content=\"Tiempo de lectura\" \/>\n\t<meta name=\"twitter:data1\" content=\"2 minutos\" \/>\n<script type=\"application\/ld+json\" class=\"yoast-schema-graph\">{\"@context\":\"https:\/\/schema.org\",\"@graph\":[{\"@type\":\"WebSite\",\"@id\":\"https:\/\/www.purhotmelt.com\/#website\",\"url\":\"https:\/\/www.purhotmelt.com\/\",\"name\":\"PUR hot melt adhesives\",\"description\":\"Intercol: Specialist manufacturer\",\"potentialAction\":[{\"@type\":\"SearchAction\",\"target\":{\"@type\":\"EntryPoint\",\"urlTemplate\":\"https:\/\/www.purhotmelt.com\/?s={search_term_string}\"},\"query-input\":\"required name=search_term_string\"}],\"inLanguage\":\"es\"},{\"@type\":\"WebPage\",\"@id\":\"https:\/\/www.purhotmelt.com\/how-to-make-polyurethane-pur-hot-melt\/#webpage\",\"url\":\"https:\/\/www.purhotmelt.com\/how-to-make-polyurethane-pur-hot-melt\/\",\"name\":\"How to make POLYURETHANE PUR HOT MELT? - PUR hot melt adhesives\",\"isPartOf\":{\"@id\":\"https:\/\/www.purhotmelt.com\/#website\"},\"datePublished\":\"2021-01-20T22:30:27+00:00\",\"dateModified\":\"2021-01-20T22:30:29+00:00\",\"breadcrumb\":{\"@id\":\"https:\/\/www.purhotmelt.com\/how-to-make-polyurethane-pur-hot-melt\/#breadcrumb\"},\"inLanguage\":\"es\",\"potentialAction\":[{\"@type\":\"ReadAction\",\"target\":[\"https:\/\/www.purhotmelt.com\/how-to-make-polyurethane-pur-hot-melt\/\"]}]},{\"@type\":\"BreadcrumbList\",\"@id\":\"https:\/\/www.purhotmelt.com\/how-to-make-polyurethane-pur-hot-melt\/#breadcrumb\",\"itemListElement\":[{\"@type\":\"ListItem\",\"position\":1,\"name\":\"Home\",\"item\":\"https:\/\/www.purhotmelt.com\/\"},{\"@type\":\"ListItem\",\"position\":2,\"name\":\"How to make POLYURETHANE PUR HOT MELT?\"}]}]}<\/script>\n<!-- \/ Yoast SEO plugin. -->","yoast_head_json":{"title":"\u00bfC\u00f3mo hacer POLIURETANO PUR HOT MELT? - Adhesivos termofusibles PUR","robots":{"index":"index","follow":"follow","max-snippet":"max-snippet:-1","max-image-preview":"max-image-preview:large","max-video-preview":"max-video-preview:-1"},"canonical":"https:\/\/www.purhotmelt.com\/es\/how-to-make-polyurethane-pur-hot-melt\/","og_locale":"es_ES","og_type":"article","og_title":"How to make POLYURETHANE PUR HOT MELT? - PUR hot melt adhesives","og_description":"Polyurethane Reactive (PUR) hot melt is a combination between a PU adhesive and a hot melt [&hellip;]","og_url":"https:\/\/www.purhotmelt.com\/es\/how-to-make-polyurethane-pur-hot-melt\/","og_site_name":"PUR hot melt adhesives","article_modified_time":"2021-01-20T22:30:29+00:00","twitter_card":"summary_large_image","twitter_misc":{"Tiempo de lectura":"2 minutos"},"schema":{"@context":"https:\/\/schema.org","@graph":[{"@type":"WebSite","@id":"https:\/\/www.purhotmelt.com\/#website","url":"https:\/\/www.purhotmelt.com\/","name":"Adhesivos termofusibles PUR","description":"Intercol: fabricante especialista","potentialAction":[{"@type":"SearchAction","target":{"@type":"EntryPoint","urlTemplate":"https:\/\/www.purhotmelt.com\/?s={search_term_string}"},"query-input":"required name=search_term_string"}],"inLanguage":"es"},{"@type":"WebPage","@id":"https:\/\/www.purhotmelt.com\/how-to-make-polyurethane-pur-hot-melt\/#webpage","url":"https:\/\/www.purhotmelt.com\/how-to-make-polyurethane-pur-hot-melt\/","name":"\u00bfC\u00f3mo hacer POLIURETANO PUR HOT MELT? - Adhesivos termofusibles PUR","isPartOf":{"@id":"https:\/\/www.purhotmelt.com\/#website"},"datePublished":"2021-01-20T22:30:27+00:00","dateModified":"2021-01-20T22:30:29+00:00","breadcrumb":{"@id":"https:\/\/www.purhotmelt.com\/how-to-make-polyurethane-pur-hot-melt\/#breadcrumb"},"inLanguage":"es","potentialAction":[{"@type":"ReadAction","target":["https:\/\/www.purhotmelt.com\/how-to-make-polyurethane-pur-hot-melt\/"]}]},{"@type":"BreadcrumbList","@id":"https:\/\/www.purhotmelt.com\/how-to-make-polyurethane-pur-hot-melt\/#breadcrumb","itemListElement":[{"@type":"ListItem","position":1,"name":"Home","item":"https:\/\/www.purhotmelt.com\/"},{"@type":"ListItem","position":2,"name":"How to make POLYURETHANE PUR HOT MELT?"}]}]}},"_links":{"self":[{"href":"https:\/\/www.purhotmelt.com\/es\/wp-json\/wp\/v2\/pages\/266","targetHints":{"allow":["GET"]}}],"collection":[{"href":"https:\/\/www.purhotmelt.com\/es\/wp-json\/wp\/v2\/pages"}],"about":[{"href":"https:\/\/www.purhotmelt.com\/es\/wp-json\/wp\/v2\/types\/page"}],"author":[{"embeddable":true,"href":"https:\/\/www.purhotmelt.com\/es\/wp-json\/wp\/v2\/users\/1"}],"replies":[{"embeddable":true,"href":"https:\/\/www.purhotmelt.com\/es\/wp-json\/wp\/v2\/comments?post=266"}],"version-history":[{"count":1,"href":"https:\/\/www.purhotmelt.com\/es\/wp-json\/wp\/v2\/pages\/266\/revisions"}],"predecessor-version":[{"id":268,"href":"https:\/\/www.purhotmelt.com\/es\/wp-json\/wp\/v2\/pages\/266\/revisions\/268"}],"wp:attachment":[{"href":"https:\/\/www.purhotmelt.com\/es\/wp-json\/wp\/v2\/media?parent=266"}],"curies":[{"name":"wp","href":"https:\/\/api.w.org\/{rel}","templated":true}]}}