{"id":272,"date":"2021-01-20T22:32:19","date_gmt":"2021-01-20T22:32:19","guid":{"rendered":"https:\/\/www.purhotmelt.com\/?page_id=272"},"modified":"2021-01-20T22:32:20","modified_gmt":"2021-01-20T22:32:20","slug":"what-is-pva-poly-vinyl-alcohol-glue","status":"publish","type":"page","link":"https:\/\/www.purhotmelt.com\/es\/what-is-pva-poly-vinyl-alcohol-glue\/","title":{"rendered":"\u00bfQU\u00c9 ES EL PEGAMENTO PVA (POLI VINIL-ALCOHOL)?"},"content":{"rendered":"<h1 class=\"wp-block-heading\"><\/h1>\n\n\n\n<p>PVA, o colas de alcohol polivinial, son adhesivos a base de agua. Aparte del PVAC (acetato de polivinilo), es una soluci\u00f3n para unir sustratos porosos como textiles y fibras de papel. El secado de las colas de PVA lleva generalmente m\u00e1s tiempo que el de las colas de PVAC. Para fines de bricolaje, en la mayor\u00eda de los casos&nbsp;<a href=\"https:\/\/www.purhotmelt.com\/what-is-pvac-glue\/index-2.html\">El pegamento PVAC es<\/a>&nbsp;a favor de usar. El PVA se conoce principalmente en la industria como pegamento PVOH.<\/p>","protected":false},"excerpt":{"rendered":"<p>PVA, or poly vinyal alcohol glues, are waterbased adhesives. Other than PVAC (poly vinyl Acetate) it [&hellip;]<\/p>","protected":false},"author":1,"featured_media":0,"parent":0,"menu_order":0,"comment_status":"closed","ping_status":"closed","template":"","meta":{"footnotes":""},"class_list":["post-272","page","type-page","status-publish","hentry"],"yoast_head":"<!-- This site is optimized with the Yoast SEO plugin v17.0 - https:\/\/yoast.com\/wordpress\/plugins\/seo\/ -->\n<title>WHAT IS PVA (POLY VINYL-ALCOHOL) GLUE? - PUR hot melt adhesives<\/title>\n<meta name=\"robots\" content=\"index, follow, max-snippet:-1, max-image-preview:large, max-video-preview:-1\" \/>\n<link rel=\"canonical\" href=\"https:\/\/www.purhotmelt.com\/es\/what-is-pva-poly-vinyl-alcohol-glue\/\" \/>\n<meta property=\"og:locale\" content=\"es_ES\" \/>\n<meta property=\"og:type\" content=\"article\" \/>\n<meta property=\"og:title\" content=\"WHAT IS PVA (POLY VINYL-ALCOHOL) GLUE? - PUR hot melt adhesives\" \/>\n<meta property=\"og:description\" content=\"PVA, or poly vinyal alcohol glues, are waterbased adhesives. Other than PVAC (poly vinyl Acetate) it [&hellip;]\" \/>\n<meta property=\"og:url\" content=\"https:\/\/www.purhotmelt.com\/es\/what-is-pva-poly-vinyl-alcohol-glue\/\" \/>\n<meta property=\"og:site_name\" content=\"PUR hot melt adhesives\" \/>\n<meta property=\"article:modified_time\" content=\"2021-01-20T22:32:20+00:00\" \/>\n<meta name=\"twitter:card\" content=\"summary_large_image\" \/>\n<script type=\"application\/ld+json\" class=\"yoast-schema-graph\">{\"@context\":\"https:\/\/schema.org\",\"@graph\":[{\"@type\":\"WebSite\",\"@id\":\"https:\/\/www.purhotmelt.com\/#website\",\"url\":\"https:\/\/www.purhotmelt.com\/\",\"name\":\"PUR hot melt adhesives\",\"description\":\"Intercol: Specialist manufacturer\",\"potentialAction\":[{\"@type\":\"SearchAction\",\"target\":{\"@type\":\"EntryPoint\",\"urlTemplate\":\"https:\/\/www.purhotmelt.com\/?s={search_term_string}\"},\"query-input\":\"required name=search_term_string\"}],\"inLanguage\":\"es\"},{\"@type\":\"WebPage\",\"@id\":\"https:\/\/www.purhotmelt.com\/nb\/what-is-pva-poly-vinyl-alcohol-glue\/#webpage\",\"url\":\"https:\/\/www.purhotmelt.com\/nb\/what-is-pva-poly-vinyl-alcohol-glue\/\",\"name\":\"WHAT IS PVA (POLY VINYL-ALCOHOL) GLUE? - PUR hot melt adhesives\",\"isPartOf\":{\"@id\":\"https:\/\/www.purhotmelt.com\/#website\"},\"datePublished\":\"2021-01-20T22:32:19+00:00\",\"dateModified\":\"2021-01-20T22:32:20+00:00\",\"breadcrumb\":{\"@id\":\"https:\/\/www.purhotmelt.com\/nb\/what-is-pva-poly-vinyl-alcohol-glue\/#breadcrumb\"},\"inLanguage\":\"es\",\"potentialAction\":[{\"@type\":\"ReadAction\",\"target\":[\"https:\/\/www.purhotmelt.com\/nb\/what-is-pva-poly-vinyl-alcohol-glue\/\"]}]},{\"@type\":\"BreadcrumbList\",\"@id\":\"https:\/\/www.purhotmelt.com\/nb\/what-is-pva-poly-vinyl-alcohol-glue\/#breadcrumb\",\"itemListElement\":[{\"@type\":\"ListItem\",\"position\":1,\"name\":\"Home\",\"item\":\"https:\/\/www.purhotmelt.com\/\"},{\"@type\":\"ListItem\",\"position\":2,\"name\":\"WHAT IS PVA (POLY VINYL-ALCOHOL) GLUE?\"}]}]}<\/script>\n<!-- \/ Yoast SEO plugin. -->","yoast_head_json":{"title":"\u00bfQU\u00c9 ES EL PEGAMENTO PVA (POLI VINIL-ALCOHOL)? - Adhesivos termofusibles PUR","robots":{"index":"index","follow":"follow","max-snippet":"max-snippet:-1","max-image-preview":"max-image-preview:large","max-video-preview":"max-video-preview:-1"},"canonical":"https:\/\/www.purhotmelt.com\/es\/what-is-pva-poly-vinyl-alcohol-glue\/","og_locale":"es_ES","og_type":"article","og_title":"WHAT IS PVA (POLY VINYL-ALCOHOL) GLUE? - PUR hot melt adhesives","og_description":"PVA, or poly vinyal alcohol glues, are waterbased adhesives. Other than PVAC (poly vinyl Acetate) it [&hellip;]","og_url":"https:\/\/www.purhotmelt.com\/es\/what-is-pva-poly-vinyl-alcohol-glue\/","og_site_name":"PUR hot melt adhesives","article_modified_time":"2021-01-20T22:32:20+00:00","twitter_card":"summary_large_image","schema":{"@context":"https:\/\/schema.org","@graph":[{"@type":"WebSite","@id":"https:\/\/www.purhotmelt.com\/#website","url":"https:\/\/www.purhotmelt.com\/","name":"Adhesivos termofusibles PUR","description":"Intercol: fabricante especialista","potentialAction":[{"@type":"SearchAction","target":{"@type":"EntryPoint","urlTemplate":"https:\/\/www.purhotmelt.com\/?s={search_term_string}"},"query-input":"required name=search_term_string"}],"inLanguage":"es"},{"@type":"WebPage","@id":"https:\/\/www.purhotmelt.com\/nb\/what-is-pva-poly-vinyl-alcohol-glue\/#webpage","url":"https:\/\/www.purhotmelt.com\/nb\/what-is-pva-poly-vinyl-alcohol-glue\/","name":"\u00bfQU\u00c9 ES EL PEGAMENTO PVA (POLI VINIL-ALCOHOL)? - Adhesivos termofusibles PUR","isPartOf":{"@id":"https:\/\/www.purhotmelt.com\/#website"},"datePublished":"2021-01-20T22:32:19+00:00","dateModified":"2021-01-20T22:32:20+00:00","breadcrumb":{"@id":"https:\/\/www.purhotmelt.com\/nb\/what-is-pva-poly-vinyl-alcohol-glue\/#breadcrumb"},"inLanguage":"es","potentialAction":[{"@type":"ReadAction","target":["https:\/\/www.purhotmelt.com\/nb\/what-is-pva-poly-vinyl-alcohol-glue\/"]}]},{"@type":"BreadcrumbList","@id":"https:\/\/www.purhotmelt.com\/nb\/what-is-pva-poly-vinyl-alcohol-glue\/#breadcrumb","itemListElement":[{"@type":"ListItem","position":1,"name":"Home","item":"https:\/\/www.purhotmelt.com\/"},{"@type":"ListItem","position":2,"name":"WHAT IS PVA (POLY VINYL-ALCOHOL) GLUE?"}]}]}},"_links":{"self":[{"href":"https:\/\/www.purhotmelt.com\/es\/wp-json\/wp\/v2\/pages\/272","targetHints":{"allow":["GET"]}}],"collection":[{"href":"https:\/\/www.purhotmelt.com\/es\/wp-json\/wp\/v2\/pages"}],"about":[{"href":"https:\/\/www.purhotmelt.com\/es\/wp-json\/wp\/v2\/types\/page"}],"author":[{"embeddable":true,"href":"https:\/\/www.purhotmelt.com\/es\/wp-json\/wp\/v2\/users\/1"}],"replies":[{"embeddable":true,"href":"https:\/\/www.purhotmelt.com\/es\/wp-json\/wp\/v2\/comments?post=272"}],"version-history":[{"count":1,"href":"https:\/\/www.purhotmelt.com\/es\/wp-json\/wp\/v2\/pages\/272\/revisions"}],"predecessor-version":[{"id":274,"href":"https:\/\/www.purhotmelt.com\/es\/wp-json\/wp\/v2\/pages\/272\/revisions\/274"}],"wp:attachment":[{"href":"https:\/\/www.purhotmelt.com\/es\/wp-json\/wp\/v2\/media?parent=272"}],"curies":[{"name":"wp","href":"https:\/\/api.w.org\/{rel}","templated":true}]}}